{"id":9876,"date":"2025-03-25T14:43:07","date_gmt":"2025-03-25T14:43:07","guid":{"rendered":"https:\/\/www.creafil.lu\/?post_type=product&#038;p=9876"},"modified":"2025-07-10T09:48:02","modified_gmt":"2025-07-10T09:48:02","slug":"h200","status":"publish","type":"product","link":"https:\/\/www.creafil.lu\/de\/product\/h200\/","title":{"rendered":"Vlieseline H200"},"content":{"rendered":"<div class=\"headerContent\">\n<div id=\"headerContent\">\n<div class=\"product__teaser\">\n<div class=\"cols cols__2\">\n<div class=\"product__teaser__wrapper col col--2\">\n<h1 class=\"product__teaser__headline\">B\u00fcgeleinlage H 200<\/h1>\n<p class=\"product__teaser__description\">Leichte Einlage mit etwas Stabilit\u00e4t f\u00fcr Kleinteile an Blusen und Kleidern.<\/p>\n<\/div>\n<\/div>\n<\/div>\n<\/div>\n<\/div>\n<div id=\"breadCrumbs\">\n<div class=\"container--content\">\n<div class=\"select\">Anwendungsgebiete<\/div>\n<div><\/div>\n<\/div>\n<\/div>\n<div class=\"productDetails__subsection--content\">\n<div class=\"productDetails__section productDetails__section__properties\">\n<div class=\"productDetails__subsection\">\n<div class=\"productDetails__subsection--content\"><span dir=\"ltr\">Kleinteile, wie Kr\u00e4gen und Manschetten, an Blusen und Hemden.\u00a0<\/span><span dir=\"ltr\">Leichte Stoffe.<\/span><\/div>\n<div>\n<div class=\"productDetails__section productDetails__section__advantage\">\n<h4>Vorteile<\/h4>\n<p>\u2022 ausgezeichnete Haftung auf schwierigen, modischen Stoffen wie z.B. Viskose, Acetat und Cupro<\/p>\n<p>\u2022 einfaches Aufb\u00fcgeln<\/p>\n<p>\u2022 weicher, angenehmer Griff<\/p>\n<\/div>\n<div class=\"productDetails__section productDetails__section__properties section-margin-offset\">\n<div class=\"productDetails__section\">\n<div class=\"cols cols__2--6633\">\n<div class=\"col col--2 productDetails__section\">\n<div class=\"productDetails__subsection\">\n<div class=\"productDetails__subsection--image\">\n<p>100% PES<\/p>\n<\/div>\n<\/div>\n<\/div>\n<\/div>\n<\/div>\n<div class=\"productDetails__section section-margin-offset\">\n<div class=\"cols cols__2 productDetails--color\">\n<div class=\"col col--1 productDetails__subsection\">\n<div class=\"productDetails__section\">\n<h4>Eigenschaften<\/h4>\n<p>Leichte, fixierbare Vlieseinlage aus Synthesefasern.<\/p>\n<\/div>\n<div class=\"productDetails__section\">\n<div class=\"cols cols__2--6633\">\n<div class=\"col col--1\">\n<div class=\"productDetails__subsection--sliderscale\">\n<div class=\"icon--wrapper\"><\/div>\n<\/div>\n<\/div>\n<\/div>\n<\/div>\n<\/div>\n<\/div>\n<\/div>\n<\/div>\n<\/div>\n<\/div>\n<\/div>\n<\/div>\n<div>\n<div class=\"productDetails__section\">\n<div class=\"cols cols__2--6633\">\n<div class=\"col col--1\"><\/div>\n<\/div>\n<\/div>\n<\/div>\n<ul>\n<li>Breite : 90cm<\/li>\n<li>Gewicht: 45 g\/m\u00b2\n<div class=\"productDetails__subsection\"><\/div>\n<div class=\"productDetails__subsection\"><\/div>\n<div class=\"productDetails__subsection\"><\/div>\n<\/li>\n<\/ul>\n<p>&nbsp;<\/p>\n","protected":false},"excerpt":{"rendered":"<p>H200<\/p>\n<p><span style=\"color: #ff0000;\"><strong>Preis pro 50cm<\/strong><\/span><\/p>\n","protected":false},"featured_media":9834,"template":"","meta":{"_acf_changed":false,"inline_featured_image":false},"product_brand":[],"product_cat":[600],"product_tag":[],"class_list":{"0":"post-9876","1":"product","2":"type-product","3":"status-publish","4":"has-post-thumbnail","6":"product_cat-vlieseline","8":"first","9":"instock","10":"taxable","11":"shipping-taxable","12":"purchasable","13":"product-type-simple"},"acf":[],"yoast_head":"<!-- This site is optimized with the Yoast SEO plugin v24.4 - https:\/\/yoast.com\/wordpress\/plugins\/seo\/ -->\n<title>Vlieseline H200 - CREA Fil<\/title>\n<meta name=\"description\" content=\"B\u00fcgeleinlage H 200Leichte Einlage mit etwas Stabilit\u00e4t f\u00fcr Kleinteile an Blusen und Kleidern.AnwendungsgebieteKleinteile, wie Kr\u00e4gen und Manschetten, an Blusen und Hemden.\u00a0Leichte Stoffe.\" \/>\n<meta name=\"robots\" content=\"index, follow, max-snippet:-1, max-image-preview:large, max-video-preview:-1\" \/>\n<link rel=\"canonical\" href=\"https:\/\/www.creafil.lu\/de\/product\/h200\/\" \/>\n<meta property=\"og:locale\" content=\"de_DE\" \/>\n<meta property=\"og:type\" content=\"article\" \/>\n<meta property=\"og:title\" content=\"Vlieseline H200 - CREA Fil\" \/>\n<meta property=\"og:description\" content=\"B\u00fcgeleinlage H 200Leichte Einlage mit etwas Stabilit\u00e4t f\u00fcr Kleinteile an Blusen und Kleidern.AnwendungsgebieteKleinteile, wie Kr\u00e4gen und Manschetten, an Blusen und Hemden.\u00a0Leichte Stoffe.\" \/>\n<meta property=\"og:url\" content=\"https:\/\/www.creafil.lu\/de\/product\/h200\/\" \/>\n<meta property=\"og:site_name\" content=\"CREA Fil\" \/>\n<meta property=\"article:modified_time\" content=\"2025-07-10T09:48:02+00:00\" \/>\n<meta property=\"og:image\" content=\"https:\/\/www.creafil.lu\/wp-content\/uploads\/2025\/03\/H200.png\" \/>\n\t<meta property=\"og:image:width\" content=\"459\" \/>\n\t<meta property=\"og:image:height\" content=\"306\" \/>\n\t<meta property=\"og:image:type\" content=\"image\/png\" \/>\n<meta name=\"twitter:card\" content=\"summary_large_image\" \/>\n<meta name=\"twitter:label1\" content=\"Gesch\u00e4tzte Lesezeit\" \/>\n\t<meta name=\"twitter:data1\" content=\"1\u00a0Minute\" \/>\n<script type=\"application\/ld+json\" class=\"yoast-schema-graph\">{\"@context\":\"https:\/\/schema.org\",\"@graph\":[{\"@type\":\"WebPage\",\"@id\":\"https:\/\/www.creafil.lu\/de\/product\/h200\/\",\"url\":\"https:\/\/www.creafil.lu\/de\/product\/h200\/\",\"name\":\"Vlieseline H200 - CREA Fil\",\"isPartOf\":{\"@id\":\"https:\/\/www.creafil.lu\/de\/#website\"},\"primaryImageOfPage\":{\"@id\":\"https:\/\/www.creafil.lu\/de\/product\/h200\/#primaryimage\"},\"image\":{\"@id\":\"https:\/\/www.creafil.lu\/de\/product\/h200\/#primaryimage\"},\"thumbnailUrl\":\"https:\/\/www.creafil.lu\/wp-content\/uploads\/2025\/03\/H200.png\",\"datePublished\":\"2025-03-25T14:43:07+00:00\",\"dateModified\":\"2025-07-10T09:48:02+00:00\",\"description\":\"B\u00fcgeleinlage H 200Leichte Einlage mit etwas Stabilit\u00e4t f\u00fcr Kleinteile an Blusen und Kleidern.AnwendungsgebieteKleinteile, wie Kr\u00e4gen und Manschetten, an Blusen und Hemden.\u00a0Leichte Stoffe.\",\"breadcrumb\":{\"@id\":\"https:\/\/www.creafil.lu\/de\/product\/h200\/#breadcrumb\"},\"inLanguage\":\"de\",\"potentialAction\":[{\"@type\":\"ReadAction\",\"target\":[\"https:\/\/www.creafil.lu\/de\/product\/h200\/\"]}]},{\"@type\":\"ImageObject\",\"inLanguage\":\"de\",\"@id\":\"https:\/\/www.creafil.lu\/de\/product\/h200\/#primaryimage\",\"url\":\"https:\/\/www.creafil.lu\/wp-content\/uploads\/2025\/03\/H200.png\",\"contentUrl\":\"https:\/\/www.creafil.lu\/wp-content\/uploads\/2025\/03\/H200.png\",\"width\":459,\"height\":306,\"caption\":\"Vlieseline H200\"},{\"@type\":\"BreadcrumbList\",\"@id\":\"https:\/\/www.creafil.lu\/de\/product\/h200\/#breadcrumb\",\"itemListElement\":[{\"@type\":\"ListItem\",\"position\":1,\"name\":\"Home\",\"item\":\"https:\/\/www.creafil.lu\/de\/\"},{\"@type\":\"ListItem\",\"position\":2,\"name\":\"Shop\",\"item\":\"https:\/\/www.creafil.lu\/de\/shop\/\"},{\"@type\":\"ListItem\",\"position\":3,\"name\":\"Vlieseline H200\"}]},{\"@type\":\"WebSite\",\"@id\":\"https:\/\/www.creafil.lu\/de\/#website\",\"url\":\"https:\/\/www.creafil.lu\/de\/\",\"name\":\"CREA Fil\",\"description\":\"Magasin\",\"potentialAction\":[{\"@type\":\"SearchAction\",\"target\":{\"@type\":\"EntryPoint\",\"urlTemplate\":\"https:\/\/www.creafil.lu\/de\/?s={search_term_string}\"},\"query-input\":{\"@type\":\"PropertyValueSpecification\",\"valueRequired\":true,\"valueName\":\"search_term_string\"}}],\"inLanguage\":\"de\"}]}<\/script>\n<!-- \/ Yoast SEO plugin. -->","yoast_head_json":{"title":"Vlieseline H200 - CREA Fil","description":"B\u00fcgeleinlage H 200Leichte Einlage mit etwas Stabilit\u00e4t f\u00fcr Kleinteile an Blusen und Kleidern.AnwendungsgebieteKleinteile, wie Kr\u00e4gen und Manschetten, an Blusen und Hemden.\u00a0Leichte Stoffe.","robots":{"index":"index","follow":"follow","max-snippet":"max-snippet:-1","max-image-preview":"max-image-preview:large","max-video-preview":"max-video-preview:-1"},"canonical":"https:\/\/www.creafil.lu\/de\/product\/h200\/","og_locale":"de_DE","og_type":"article","og_title":"Vlieseline H200 - CREA Fil","og_description":"B\u00fcgeleinlage H 200Leichte Einlage mit etwas Stabilit\u00e4t f\u00fcr Kleinteile an Blusen und Kleidern.AnwendungsgebieteKleinteile, wie Kr\u00e4gen und Manschetten, an Blusen und Hemden.\u00a0Leichte Stoffe.","og_url":"https:\/\/www.creafil.lu\/de\/product\/h200\/","og_site_name":"CREA Fil","article_modified_time":"2025-07-10T09:48:02+00:00","og_image":[{"width":459,"height":306,"url":"https:\/\/www.creafil.lu\/wp-content\/uploads\/2025\/03\/H200.png","type":"image\/png"}],"twitter_card":"summary_large_image","twitter_misc":{"Gesch\u00e4tzte Lesezeit":"1\u00a0Minute"},"schema":{"@context":"https:\/\/schema.org","@graph":[{"@type":"WebPage","@id":"https:\/\/www.creafil.lu\/de\/product\/h200\/","url":"https:\/\/www.creafil.lu\/de\/product\/h200\/","name":"Vlieseline H200 - CREA Fil","isPartOf":{"@id":"https:\/\/www.creafil.lu\/de\/#website"},"primaryImageOfPage":{"@id":"https:\/\/www.creafil.lu\/de\/product\/h200\/#primaryimage"},"image":{"@id":"https:\/\/www.creafil.lu\/de\/product\/h200\/#primaryimage"},"thumbnailUrl":"https:\/\/www.creafil.lu\/wp-content\/uploads\/2025\/03\/H200.png","datePublished":"2025-03-25T14:43:07+00:00","dateModified":"2025-07-10T09:48:02+00:00","description":"B\u00fcgeleinlage H 200Leichte Einlage mit etwas Stabilit\u00e4t f\u00fcr Kleinteile an Blusen und Kleidern.AnwendungsgebieteKleinteile, wie Kr\u00e4gen und Manschetten, an Blusen und Hemden.\u00a0Leichte Stoffe.","breadcrumb":{"@id":"https:\/\/www.creafil.lu\/de\/product\/h200\/#breadcrumb"},"inLanguage":"de","potentialAction":[{"@type":"ReadAction","target":["https:\/\/www.creafil.lu\/de\/product\/h200\/"]}]},{"@type":"ImageObject","inLanguage":"de","@id":"https:\/\/www.creafil.lu\/de\/product\/h200\/#primaryimage","url":"https:\/\/www.creafil.lu\/wp-content\/uploads\/2025\/03\/H200.png","contentUrl":"https:\/\/www.creafil.lu\/wp-content\/uploads\/2025\/03\/H200.png","width":459,"height":306,"caption":"Vlieseline H200"},{"@type":"BreadcrumbList","@id":"https:\/\/www.creafil.lu\/de\/product\/h200\/#breadcrumb","itemListElement":[{"@type":"ListItem","position":1,"name":"Home","item":"https:\/\/www.creafil.lu\/de\/"},{"@type":"ListItem","position":2,"name":"Shop","item":"https:\/\/www.creafil.lu\/de\/shop\/"},{"@type":"ListItem","position":3,"name":"Vlieseline H200"}]},{"@type":"WebSite","@id":"https:\/\/www.creafil.lu\/de\/#website","url":"https:\/\/www.creafil.lu\/de\/","name":"CREA Fil","description":"Magasin","potentialAction":[{"@type":"SearchAction","target":{"@type":"EntryPoint","urlTemplate":"https:\/\/www.creafil.lu\/de\/?s={search_term_string}"},"query-input":{"@type":"PropertyValueSpecification","valueRequired":true,"valueName":"search_term_string"}}],"inLanguage":"de"}]}},"_links":{"self":[{"href":"https:\/\/www.creafil.lu\/de\/wp-json\/wp\/v2\/product\/9876","targetHints":{"allow":["GET"]}}],"collection":[{"href":"https:\/\/www.creafil.lu\/de\/wp-json\/wp\/v2\/product"}],"about":[{"href":"https:\/\/www.creafil.lu\/de\/wp-json\/wp\/v2\/types\/product"}],"wp:featuredmedia":[{"embeddable":true,"href":"https:\/\/www.creafil.lu\/de\/wp-json\/wp\/v2\/media\/9834"}],"wp:attachment":[{"href":"https:\/\/www.creafil.lu\/de\/wp-json\/wp\/v2\/media?parent=9876"}],"wp:term":[{"taxonomy":"product_brand","embeddable":true,"href":"https:\/\/www.creafil.lu\/de\/wp-json\/wp\/v2\/product_brand?post=9876"},{"taxonomy":"product_cat","embeddable":true,"href":"https:\/\/www.creafil.lu\/de\/wp-json\/wp\/v2\/product_cat?post=9876"},{"taxonomy":"product_tag","embeddable":true,"href":"https:\/\/www.creafil.lu\/de\/wp-json\/wp\/v2\/product_tag?post=9876"}],"curies":[{"name":"wp","href":"https:\/\/api.w.org\/{rel}","templated":true}]}}