{"id":9800,"date":"2025-03-25T12:58:52","date_gmt":"2025-03-25T12:58:52","guid":{"rendered":"https:\/\/www.creafil.lu\/?post_type=product&#038;p=9800"},"modified":"2025-07-10T09:53:28","modified_gmt":"2025-07-10T09:53:28","slug":"h180","status":"publish","type":"product","link":"https:\/\/www.creafil.lu\/de\/product\/h180\/","title":{"rendered":"Vlieseline H180"},"content":{"rendered":"<div class=\"headerContent\">\n<div id=\"headerContent\">\n<div class=\"product__teaser\">\n<div class=\"cols cols__2\">\n<div class=\"product__teaser__wrapper col col--2\">\n<h1 class=\"product__teaser__headline\">B\u00fcgeleinlage H 180<\/h1>\n<h3 class=\"product__teaser__topline\">Jacken, Kragen, Manschetten<\/h3>\n<p class=\"product__teaser__description\">Besonders weiche und leichte Vlieseinlage f\u00fcr Kleinteile wie Kragen, Manschetten, sowie f\u00fcr Vorderteile von Jacken etc. aus sehr leichten bis mittelschweren Stoffen.<\/p>\n<\/div>\n<\/div>\n<\/div>\n<\/div>\n<\/div>\n<div id=\"breadCrumbs\">\n<div class=\"container--content\">\n<div><\/div>\n<div class=\"select\">Anwendungsgebiete<\/div>\n<div><\/div>\n<\/div>\n<\/div>\n<div class=\"productDetails__subsection--content\">Kleinteile an Blusen und Hemden sowie f\u00fcr Frontfixierungen. Leichte Stoffe, wie Seide, Viskose, Acetat und Cupro.<\/div>\n<div>85% PA, 15% R-PES<\/div>\n<div>\n<div class=\"productDetails__section\"><\/div>\n<div>\n<div class=\"productDetails__section productDetails__section__advantage\">\n<h4>Vorteile<\/h4>\n<p>\u2022 ausgezeichnete Haftung auf schwierigen, modischen Stoffen wie z.B. Viskose, Acetat und Cupro<\/p>\n<p>\u2022 einfaches Aufb\u00fcgeln<\/p>\n<p>\u2022 weicher, angenehmer Griff<\/p>\n<\/div>\n<\/div>\n<div class=\"productDetails__section productDetails__section__properties section-margin-offset\">\n<div class=\"productDetails__section\">\n<h4>Eigenschaften<\/h4>\n<p><span dir=\"ltr\">Leichte, weiche und feine, fixierbare Vlieseinlage aus Synthesefasern.<\/span><\/p>\n<\/div>\n<div class=\"productDetails__section\">\n<div class=\"cols cols__2--6633\">\n<div class=\"col col--1\">\n<div class=\"productDetails__subsection--sliderscale\">\n<div class=\"icon--wrapper\"><\/div>\n<\/div>\n<\/div>\n<\/div>\n<\/div>\n<\/div>\n<div class=\"productDetails__section\">\n<div class=\"cols cols__2--6633\">\n<div class=\"col col--1\"><\/div>\n<\/div>\n<\/div>\n<\/div>\n<ul>\n<li>Breite : 90cm<\/li>\n<li>Gewicht: 37 g\/m\u00b2<\/li>\n<\/ul>\n<p>&nbsp;<\/p>\n","protected":false},"excerpt":{"rendered":"<p>H180<\/p>\n<p><span style=\"color: #ff0000;\"><strong>Preis pro 50cm<\/strong><\/span><\/p>\n","protected":false},"featured_media":9831,"template":"","meta":{"_acf_changed":false,"inline_featured_image":false},"product_brand":[],"product_cat":[600],"product_tag":[],"class_list":{"0":"post-9800","1":"product","2":"type-product","3":"status-publish","4":"has-post-thumbnail","6":"product_cat-vlieseline","8":"first","9":"instock","10":"taxable","11":"shipping-taxable","12":"purchasable","13":"product-type-simple"},"acf":[],"yoast_head":"<!-- This site is optimized with the Yoast SEO plugin v24.4 - https:\/\/yoast.com\/wordpress\/plugins\/seo\/ -->\n<title>Vlieseline H180 - CREA Fil<\/title>\n<meta name=\"description\" content=\"B\u00fcgeleinlage H 180Jacken, Kragen, ManschettenBesonders weiche und leichte Vlieseinlage f\u00fcr Kleinteile wie Kragen, Manschetten, sowie f\u00fcr Vorderteile von Jacken etc. aus sehr leichten bis mittelschweren Stoffen.AnwendungsgebieteKleinteile an Blusen und Hemden sowie f\u00fcr Frontfixierungen. Leichte Stoffe, wie Seide, Viskose, Acetat und Cupro.85% PA, 15% R-PES\" \/>\n<meta name=\"robots\" content=\"index, follow, max-snippet:-1, max-image-preview:large, max-video-preview:-1\" \/>\n<link rel=\"canonical\" href=\"https:\/\/www.creafil.lu\/de\/product\/h180\/\" \/>\n<meta property=\"og:locale\" content=\"de_DE\" \/>\n<meta property=\"og:type\" content=\"article\" \/>\n<meta property=\"og:title\" content=\"Vlieseline H180 - CREA Fil\" \/>\n<meta property=\"og:description\" content=\"B\u00fcgeleinlage H 180Jacken, Kragen, ManschettenBesonders weiche und leichte Vlieseinlage f\u00fcr Kleinteile wie Kragen, Manschetten, sowie f\u00fcr Vorderteile von Jacken etc. aus sehr leichten bis mittelschweren Stoffen.AnwendungsgebieteKleinteile an Blusen und Hemden sowie f\u00fcr Frontfixierungen. Leichte Stoffe, wie Seide, Viskose, Acetat und Cupro.85% PA, 15% R-PES\" \/>\n<meta property=\"og:url\" content=\"https:\/\/www.creafil.lu\/de\/product\/h180\/\" \/>\n<meta property=\"og:site_name\" content=\"CREA Fil\" \/>\n<meta property=\"article:modified_time\" content=\"2025-07-10T09:53:28+00:00\" \/>\n<meta property=\"og:image\" content=\"https:\/\/www.creafil.lu\/wp-content\/uploads\/2025\/03\/H180.png\" \/>\n\t<meta property=\"og:image:width\" content=\"459\" \/>\n\t<meta property=\"og:image:height\" content=\"306\" \/>\n\t<meta property=\"og:image:type\" content=\"image\/png\" \/>\n<meta name=\"twitter:card\" content=\"summary_large_image\" \/>\n<meta name=\"twitter:label1\" content=\"Gesch\u00e4tzte Lesezeit\" \/>\n\t<meta name=\"twitter:data1\" content=\"1\u00a0Minute\" \/>\n<script type=\"application\/ld+json\" class=\"yoast-schema-graph\">{\"@context\":\"https:\/\/schema.org\",\"@graph\":[{\"@type\":\"WebPage\",\"@id\":\"https:\/\/www.creafil.lu\/de\/product\/h180\/\",\"url\":\"https:\/\/www.creafil.lu\/de\/product\/h180\/\",\"name\":\"Vlieseline H180 - CREA Fil\",\"isPartOf\":{\"@id\":\"https:\/\/www.creafil.lu\/de\/#website\"},\"primaryImageOfPage\":{\"@id\":\"https:\/\/www.creafil.lu\/de\/product\/h180\/#primaryimage\"},\"image\":{\"@id\":\"https:\/\/www.creafil.lu\/de\/product\/h180\/#primaryimage\"},\"thumbnailUrl\":\"https:\/\/www.creafil.lu\/wp-content\/uploads\/2025\/03\/H180.png\",\"datePublished\":\"2025-03-25T12:58:52+00:00\",\"dateModified\":\"2025-07-10T09:53:28+00:00\",\"description\":\"B\u00fcgeleinlage H 180Jacken, Kragen, ManschettenBesonders weiche und leichte Vlieseinlage f\u00fcr Kleinteile wie Kragen, Manschetten, sowie f\u00fcr Vorderteile von Jacken etc. aus sehr leichten bis mittelschweren Stoffen.AnwendungsgebieteKleinteile an Blusen und Hemden sowie f\u00fcr Frontfixierungen. Leichte Stoffe, wie Seide, Viskose, Acetat und Cupro.85% PA, 15% R-PES\",\"breadcrumb\":{\"@id\":\"https:\/\/www.creafil.lu\/de\/product\/h180\/#breadcrumb\"},\"inLanguage\":\"de\",\"potentialAction\":[{\"@type\":\"ReadAction\",\"target\":[\"https:\/\/www.creafil.lu\/de\/product\/h180\/\"]}]},{\"@type\":\"ImageObject\",\"inLanguage\":\"de\",\"@id\":\"https:\/\/www.creafil.lu\/de\/product\/h180\/#primaryimage\",\"url\":\"https:\/\/www.creafil.lu\/wp-content\/uploads\/2025\/03\/H180.png\",\"contentUrl\":\"https:\/\/www.creafil.lu\/wp-content\/uploads\/2025\/03\/H180.png\",\"width\":459,\"height\":306,\"caption\":\"Vlieseline H180\"},{\"@type\":\"BreadcrumbList\",\"@id\":\"https:\/\/www.creafil.lu\/de\/product\/h180\/#breadcrumb\",\"itemListElement\":[{\"@type\":\"ListItem\",\"position\":1,\"name\":\"Home\",\"item\":\"https:\/\/www.creafil.lu\/de\/\"},{\"@type\":\"ListItem\",\"position\":2,\"name\":\"Shop\",\"item\":\"https:\/\/www.creafil.lu\/de\/shop\/\"},{\"@type\":\"ListItem\",\"position\":3,\"name\":\"Vlieseline H180\"}]},{\"@type\":\"WebSite\",\"@id\":\"https:\/\/www.creafil.lu\/de\/#website\",\"url\":\"https:\/\/www.creafil.lu\/de\/\",\"name\":\"CREA Fil\",\"description\":\"Magasin\",\"potentialAction\":[{\"@type\":\"SearchAction\",\"target\":{\"@type\":\"EntryPoint\",\"urlTemplate\":\"https:\/\/www.creafil.lu\/de\/?s={search_term_string}\"},\"query-input\":{\"@type\":\"PropertyValueSpecification\",\"valueRequired\":true,\"valueName\":\"search_term_string\"}}],\"inLanguage\":\"de\"}]}<\/script>\n<!-- \/ Yoast SEO plugin. -->","yoast_head_json":{"title":"Vlieseline H180 - CREA Fil","description":"B\u00fcgeleinlage H 180Jacken, Kragen, ManschettenBesonders weiche und leichte Vlieseinlage f\u00fcr Kleinteile wie Kragen, Manschetten, sowie f\u00fcr Vorderteile von Jacken etc. aus sehr leichten bis mittelschweren Stoffen.AnwendungsgebieteKleinteile an Blusen und Hemden sowie f\u00fcr Frontfixierungen. Leichte Stoffe, wie Seide, Viskose, Acetat und Cupro.85% PA, 15% R-PES","robots":{"index":"index","follow":"follow","max-snippet":"max-snippet:-1","max-image-preview":"max-image-preview:large","max-video-preview":"max-video-preview:-1"},"canonical":"https:\/\/www.creafil.lu\/de\/product\/h180\/","og_locale":"de_DE","og_type":"article","og_title":"Vlieseline H180 - CREA Fil","og_description":"B\u00fcgeleinlage H 180Jacken, Kragen, ManschettenBesonders weiche und leichte Vlieseinlage f\u00fcr Kleinteile wie Kragen, Manschetten, sowie f\u00fcr Vorderteile von Jacken etc. aus sehr leichten bis mittelschweren Stoffen.AnwendungsgebieteKleinteile an Blusen und Hemden sowie f\u00fcr Frontfixierungen. Leichte Stoffe, wie Seide, Viskose, Acetat und Cupro.85% PA, 15% R-PES","og_url":"https:\/\/www.creafil.lu\/de\/product\/h180\/","og_site_name":"CREA Fil","article_modified_time":"2025-07-10T09:53:28+00:00","og_image":[{"width":459,"height":306,"url":"https:\/\/www.creafil.lu\/wp-content\/uploads\/2025\/03\/H180.png","type":"image\/png"}],"twitter_card":"summary_large_image","twitter_misc":{"Gesch\u00e4tzte Lesezeit":"1\u00a0Minute"},"schema":{"@context":"https:\/\/schema.org","@graph":[{"@type":"WebPage","@id":"https:\/\/www.creafil.lu\/de\/product\/h180\/","url":"https:\/\/www.creafil.lu\/de\/product\/h180\/","name":"Vlieseline H180 - CREA Fil","isPartOf":{"@id":"https:\/\/www.creafil.lu\/de\/#website"},"primaryImageOfPage":{"@id":"https:\/\/www.creafil.lu\/de\/product\/h180\/#primaryimage"},"image":{"@id":"https:\/\/www.creafil.lu\/de\/product\/h180\/#primaryimage"},"thumbnailUrl":"https:\/\/www.creafil.lu\/wp-content\/uploads\/2025\/03\/H180.png","datePublished":"2025-03-25T12:58:52+00:00","dateModified":"2025-07-10T09:53:28+00:00","description":"B\u00fcgeleinlage H 180Jacken, Kragen, ManschettenBesonders weiche und leichte Vlieseinlage f\u00fcr Kleinteile wie Kragen, Manschetten, sowie f\u00fcr Vorderteile von Jacken etc. aus sehr leichten bis mittelschweren Stoffen.AnwendungsgebieteKleinteile an Blusen und Hemden sowie f\u00fcr Frontfixierungen. Leichte Stoffe, wie Seide, Viskose, Acetat und Cupro.85% PA, 15% R-PES","breadcrumb":{"@id":"https:\/\/www.creafil.lu\/de\/product\/h180\/#breadcrumb"},"inLanguage":"de","potentialAction":[{"@type":"ReadAction","target":["https:\/\/www.creafil.lu\/de\/product\/h180\/"]}]},{"@type":"ImageObject","inLanguage":"de","@id":"https:\/\/www.creafil.lu\/de\/product\/h180\/#primaryimage","url":"https:\/\/www.creafil.lu\/wp-content\/uploads\/2025\/03\/H180.png","contentUrl":"https:\/\/www.creafil.lu\/wp-content\/uploads\/2025\/03\/H180.png","width":459,"height":306,"caption":"Vlieseline H180"},{"@type":"BreadcrumbList","@id":"https:\/\/www.creafil.lu\/de\/product\/h180\/#breadcrumb","itemListElement":[{"@type":"ListItem","position":1,"name":"Home","item":"https:\/\/www.creafil.lu\/de\/"},{"@type":"ListItem","position":2,"name":"Shop","item":"https:\/\/www.creafil.lu\/de\/shop\/"},{"@type":"ListItem","position":3,"name":"Vlieseline H180"}]},{"@type":"WebSite","@id":"https:\/\/www.creafil.lu\/de\/#website","url":"https:\/\/www.creafil.lu\/de\/","name":"CREA Fil","description":"Magasin","potentialAction":[{"@type":"SearchAction","target":{"@type":"EntryPoint","urlTemplate":"https:\/\/www.creafil.lu\/de\/?s={search_term_string}"},"query-input":{"@type":"PropertyValueSpecification","valueRequired":true,"valueName":"search_term_string"}}],"inLanguage":"de"}]}},"_links":{"self":[{"href":"https:\/\/www.creafil.lu\/de\/wp-json\/wp\/v2\/product\/9800","targetHints":{"allow":["GET"]}}],"collection":[{"href":"https:\/\/www.creafil.lu\/de\/wp-json\/wp\/v2\/product"}],"about":[{"href":"https:\/\/www.creafil.lu\/de\/wp-json\/wp\/v2\/types\/product"}],"wp:featuredmedia":[{"embeddable":true,"href":"https:\/\/www.creafil.lu\/de\/wp-json\/wp\/v2\/media\/9831"}],"wp:attachment":[{"href":"https:\/\/www.creafil.lu\/de\/wp-json\/wp\/v2\/media?parent=9800"}],"wp:term":[{"taxonomy":"product_brand","embeddable":true,"href":"https:\/\/www.creafil.lu\/de\/wp-json\/wp\/v2\/product_brand?post=9800"},{"taxonomy":"product_cat","embeddable":true,"href":"https:\/\/www.creafil.lu\/de\/wp-json\/wp\/v2\/product_cat?post=9800"},{"taxonomy":"product_tag","embeddable":true,"href":"https:\/\/www.creafil.lu\/de\/wp-json\/wp\/v2\/product_tag?post=9800"}],"curies":[{"name":"wp","href":"https:\/\/api.w.org\/{rel}","templated":true}]}}