{"id":9085,"date":"2024-11-15T09:48:21","date_gmt":"2024-11-15T09:48:21","guid":{"rendered":"https:\/\/www.creafil.lu\/?post_type=product&#038;p=9085"},"modified":"2025-08-11T14:41:38","modified_gmt":"2025-08-11T14:41:38","slug":"bernette-b68-airlock","status":"publish","type":"product","link":"https:\/\/www.creafil.lu\/de\/product\/bernette-b68-airlock\/","title":{"rendered":"BERNETTE b68 AIRLOCK"},"content":{"rendered":"<ul>\n<li>Automatischer Lufteinf\u00e4dler f\u00fcr Greiferf\u00e4den<\/li>\n<li>Farblich markierte Einf\u00e4delwege f\u00fcr einfaches Einf\u00e4deln<\/li>\n<li>2-, 3-, 4- und 5-Faden Stichmuster<\/li>\n<li>Grosser Arbeitsbereich (130 mm \/ 5&#8243;)<\/li>\n<li>Grosser Anschiebetisch inklusive<\/li>\n<li>Helles N\u00e4hlicht<\/li>\n<li>Hohe Stichqualit\u00e4t mit einer Geschwindigkeit von bis zu 1300 Stichen pro Minute<\/li>\n<li>mtc-Fadenkontrolle (micro thread control)<\/li>\n<li>Freihandsystem (FHS) inkl. Kniehebel<\/li>\n<li>Grosser Stoffauffangbeh\u00e4lter inklusive<\/li>\n<\/ul>\n<h2 class=\"sub\">Automatischer Lufteinf\u00e4dler<\/h2>\n<p>Das Einf\u00e4deln der Greifer war noch nie einfacher und schneller dank des Lufteinf\u00e4dlers. Per einfachem Knopfdruck l\u00e4sst sich jeder Greifer einzeln oder mehrere zusammen einf\u00e4deln.<\/p>\n","protected":false},"excerpt":{"rendered":"<h2>Die Overlock\/Coverstich-Combo-Maschine mit automatischem Lufteinf\u00e4dler<\/h2>\n<p>Die bernette 68 ist eine Kombimaschine, mit der du Overlock-, Cover-, Ketten- und Combostiche n\u00e4hen kannst. Zu ihren zahlreichen St\u00e4rken geh\u00f6ren ein Lufteinf\u00e4dler f\u00fcr einfaches Einf\u00e4deln der Greiferf\u00e4den, 130 mm Platz rechts der Nadel f\u00fcr komfortables N\u00e4hen grosser Projekte \u2013 besonders bei Coverstich-Anwendungen \u2013, ein integrierter Freiarm zum N\u00e4hen von B\u00fcndchen, die helle Ausleuchtung des N\u00e4hbereichs mit 5 LEDs und der Kniehebel zum Senken und tempor\u00e4ren Anheben des N\u00e4hfusses. 31 verschiedene Overlock-, Cover-, Ketten und Combostiche lassen keine W\u00fcnsche offen.<\/p>\n","protected":false},"featured_media":9030,"template":"","meta":{"_acf_changed":false,"inline_featured_image":false},"product_brand":[],"product_cat":[72],"product_tag":[],"class_list":{"0":"post-9085","1":"product","2":"type-product","3":"status-publish","4":"has-post-thumbnail","6":"product_cat-naehmaschine","8":"first","9":"outofstock","10":"taxable","11":"shipping-taxable","12":"purchasable","13":"product-type-simple"},"acf":[],"yoast_head":"<!-- This site is optimized with the Yoast SEO plugin v24.4 - https:\/\/yoast.com\/wordpress\/plugins\/seo\/ -->\n<title>BERNETTE b68 AIRLOCK - CREA Fil<\/title>\n<meta name=\"description\" content=\"BERNETTE b68 AIRLOCK\" \/>\n<meta name=\"robots\" content=\"index, follow, max-snippet:-1, max-image-preview:large, max-video-preview:-1\" \/>\n<link rel=\"canonical\" href=\"https:\/\/www.creafil.lu\/de\/product\/bernette-b68-airlock\/\" \/>\n<meta property=\"og:locale\" content=\"de_DE\" \/>\n<meta property=\"og:type\" content=\"article\" \/>\n<meta property=\"og:title\" content=\"BERNETTE b68 AIRLOCK - CREA Fil\" \/>\n<meta property=\"og:description\" content=\"BERNETTE b68 AIRLOCK\" \/>\n<meta property=\"og:url\" content=\"https:\/\/www.creafil.lu\/de\/product\/bernette-b68-airlock\/\" \/>\n<meta property=\"og:site_name\" content=\"CREA Fil\" \/>\n<meta property=\"article:modified_time\" content=\"2025-08-11T14:41:38+00:00\" \/>\n<meta property=\"og:image\" content=\"https:\/\/www.creafil.lu\/wp-content\/uploads\/2024\/11\/b68_Front_Overlocker_Anschiebetisch.jpg\" \/>\n\t<meta property=\"og:image:width\" content=\"8176\" \/>\n\t<meta property=\"og:image:height\" content=\"6132\" \/>\n\t<meta property=\"og:image:type\" content=\"image\/jpeg\" \/>\n<meta name=\"twitter:card\" content=\"summary_large_image\" \/>\n<meta name=\"twitter:label1\" content=\"Gesch\u00e4tzte Lesezeit\" \/>\n\t<meta name=\"twitter:data1\" content=\"1\u00a0Minute\" \/>\n<script type=\"application\/ld+json\" class=\"yoast-schema-graph\">{\"@context\":\"https:\/\/schema.org\",\"@graph\":[{\"@type\":\"WebPage\",\"@id\":\"https:\/\/www.creafil.lu\/de\/product\/bernette-b68-airlock\/\",\"url\":\"https:\/\/www.creafil.lu\/de\/product\/bernette-b68-airlock\/\",\"name\":\"BERNETTE b68 AIRLOCK - CREA Fil\",\"isPartOf\":{\"@id\":\"https:\/\/www.creafil.lu\/de\/#website\"},\"primaryImageOfPage\":{\"@id\":\"https:\/\/www.creafil.lu\/de\/product\/bernette-b68-airlock\/#primaryimage\"},\"image\":{\"@id\":\"https:\/\/www.creafil.lu\/de\/product\/bernette-b68-airlock\/#primaryimage\"},\"thumbnailUrl\":\"https:\/\/www.creafil.lu\/wp-content\/uploads\/2024\/11\/b68_Front_Overlocker_Anschiebetisch-scaled.jpg\",\"datePublished\":\"2024-11-15T09:48:21+00:00\",\"dateModified\":\"2025-08-11T14:41:38+00:00\",\"description\":\"BERNETTE b68 AIRLOCK\",\"breadcrumb\":{\"@id\":\"https:\/\/www.creafil.lu\/de\/product\/bernette-b68-airlock\/#breadcrumb\"},\"inLanguage\":\"de\",\"potentialAction\":[{\"@type\":\"ReadAction\",\"target\":[\"https:\/\/www.creafil.lu\/de\/product\/bernette-b68-airlock\/\"]}]},{\"@type\":\"ImageObject\",\"inLanguage\":\"de\",\"@id\":\"https:\/\/www.creafil.lu\/de\/product\/bernette-b68-airlock\/#primaryimage\",\"url\":\"https:\/\/www.creafil.lu\/wp-content\/uploads\/2024\/11\/b68_Front_Overlocker_Anschiebetisch-scaled.jpg\",\"contentUrl\":\"https:\/\/www.creafil.lu\/wp-content\/uploads\/2024\/11\/b68_Front_Overlocker_Anschiebetisch-scaled.jpg\",\"width\":8176,\"height\":6132,\"caption\":\"BERNETTE b68 AIRLOCK\"},{\"@type\":\"BreadcrumbList\",\"@id\":\"https:\/\/www.creafil.lu\/de\/product\/bernette-b68-airlock\/#breadcrumb\",\"itemListElement\":[{\"@type\":\"ListItem\",\"position\":1,\"name\":\"Home\",\"item\":\"https:\/\/www.creafil.lu\/de\/\"},{\"@type\":\"ListItem\",\"position\":2,\"name\":\"Shop\",\"item\":\"https:\/\/www.creafil.lu\/de\/shop\/\"},{\"@type\":\"ListItem\",\"position\":3,\"name\":\"BERNETTE b68 AIRLOCK\"}]},{\"@type\":\"WebSite\",\"@id\":\"https:\/\/www.creafil.lu\/de\/#website\",\"url\":\"https:\/\/www.creafil.lu\/de\/\",\"name\":\"CREA Fil\",\"description\":\"Magasin\",\"potentialAction\":[{\"@type\":\"SearchAction\",\"target\":{\"@type\":\"EntryPoint\",\"urlTemplate\":\"https:\/\/www.creafil.lu\/de\/?s={search_term_string}\"},\"query-input\":{\"@type\":\"PropertyValueSpecification\",\"valueRequired\":true,\"valueName\":\"search_term_string\"}}],\"inLanguage\":\"de\"}]}<\/script>\n<!-- \/ Yoast SEO plugin. -->","yoast_head_json":{"title":"BERNETTE b68 AIRLOCK - CREA Fil","description":"BERNETTE b68 AIRLOCK","robots":{"index":"index","follow":"follow","max-snippet":"max-snippet:-1","max-image-preview":"max-image-preview:large","max-video-preview":"max-video-preview:-1"},"canonical":"https:\/\/www.creafil.lu\/de\/product\/bernette-b68-airlock\/","og_locale":"de_DE","og_type":"article","og_title":"BERNETTE b68 AIRLOCK - CREA Fil","og_description":"BERNETTE b68 AIRLOCK","og_url":"https:\/\/www.creafil.lu\/de\/product\/bernette-b68-airlock\/","og_site_name":"CREA Fil","article_modified_time":"2025-08-11T14:41:38+00:00","og_image":[{"width":8176,"height":6132,"url":"https:\/\/www.creafil.lu\/wp-content\/uploads\/2024\/11\/b68_Front_Overlocker_Anschiebetisch.jpg","type":"image\/jpeg"}],"twitter_card":"summary_large_image","twitter_misc":{"Gesch\u00e4tzte Lesezeit":"1\u00a0Minute"},"schema":{"@context":"https:\/\/schema.org","@graph":[{"@type":"WebPage","@id":"https:\/\/www.creafil.lu\/de\/product\/bernette-b68-airlock\/","url":"https:\/\/www.creafil.lu\/de\/product\/bernette-b68-airlock\/","name":"BERNETTE b68 AIRLOCK - CREA Fil","isPartOf":{"@id":"https:\/\/www.creafil.lu\/de\/#website"},"primaryImageOfPage":{"@id":"https:\/\/www.creafil.lu\/de\/product\/bernette-b68-airlock\/#primaryimage"},"image":{"@id":"https:\/\/www.creafil.lu\/de\/product\/bernette-b68-airlock\/#primaryimage"},"thumbnailUrl":"https:\/\/www.creafil.lu\/wp-content\/uploads\/2024\/11\/b68_Front_Overlocker_Anschiebetisch-scaled.jpg","datePublished":"2024-11-15T09:48:21+00:00","dateModified":"2025-08-11T14:41:38+00:00","description":"BERNETTE b68 AIRLOCK","breadcrumb":{"@id":"https:\/\/www.creafil.lu\/de\/product\/bernette-b68-airlock\/#breadcrumb"},"inLanguage":"de","potentialAction":[{"@type":"ReadAction","target":["https:\/\/www.creafil.lu\/de\/product\/bernette-b68-airlock\/"]}]},{"@type":"ImageObject","inLanguage":"de","@id":"https:\/\/www.creafil.lu\/de\/product\/bernette-b68-airlock\/#primaryimage","url":"https:\/\/www.creafil.lu\/wp-content\/uploads\/2024\/11\/b68_Front_Overlocker_Anschiebetisch-scaled.jpg","contentUrl":"https:\/\/www.creafil.lu\/wp-content\/uploads\/2024\/11\/b68_Front_Overlocker_Anschiebetisch-scaled.jpg","width":8176,"height":6132,"caption":"BERNETTE b68 AIRLOCK"},{"@type":"BreadcrumbList","@id":"https:\/\/www.creafil.lu\/de\/product\/bernette-b68-airlock\/#breadcrumb","itemListElement":[{"@type":"ListItem","position":1,"name":"Home","item":"https:\/\/www.creafil.lu\/de\/"},{"@type":"ListItem","position":2,"name":"Shop","item":"https:\/\/www.creafil.lu\/de\/shop\/"},{"@type":"ListItem","position":3,"name":"BERNETTE b68 AIRLOCK"}]},{"@type":"WebSite","@id":"https:\/\/www.creafil.lu\/de\/#website","url":"https:\/\/www.creafil.lu\/de\/","name":"CREA Fil","description":"Magasin","potentialAction":[{"@type":"SearchAction","target":{"@type":"EntryPoint","urlTemplate":"https:\/\/www.creafil.lu\/de\/?s={search_term_string}"},"query-input":{"@type":"PropertyValueSpecification","valueRequired":true,"valueName":"search_term_string"}}],"inLanguage":"de"}]}},"_links":{"self":[{"href":"https:\/\/www.creafil.lu\/de\/wp-json\/wp\/v2\/product\/9085","targetHints":{"allow":["GET"]}}],"collection":[{"href":"https:\/\/www.creafil.lu\/de\/wp-json\/wp\/v2\/product"}],"about":[{"href":"https:\/\/www.creafil.lu\/de\/wp-json\/wp\/v2\/types\/product"}],"wp:featuredmedia":[{"embeddable":true,"href":"https:\/\/www.creafil.lu\/de\/wp-json\/wp\/v2\/media\/9030"}],"wp:attachment":[{"href":"https:\/\/www.creafil.lu\/de\/wp-json\/wp\/v2\/media?parent=9085"}],"wp:term":[{"taxonomy":"product_brand","embeddable":true,"href":"https:\/\/www.creafil.lu\/de\/wp-json\/wp\/v2\/product_brand?post=9085"},{"taxonomy":"product_cat","embeddable":true,"href":"https:\/\/www.creafil.lu\/de\/wp-json\/wp\/v2\/product_cat?post=9085"},{"taxonomy":"product_tag","embeddable":true,"href":"https:\/\/www.creafil.lu\/de\/wp-json\/wp\/v2\/product_tag?post=9085"}],"curies":[{"name":"wp","href":"https:\/\/api.w.org\/{rel}","templated":true}]}}