{"id":9084,"date":"2024-11-15T09:44:05","date_gmt":"2024-11-15T09:44:05","guid":{"rendered":"https:\/\/www.creafil.lu\/?post_type=product&#038;p=9084"},"modified":"2025-07-15T15:16:09","modified_gmt":"2025-07-15T15:16:09","slug":"bernette-b64-airlock","status":"publish","type":"product","link":"https:\/\/www.creafil.lu\/de\/product\/bernette-b64-airlock\/","title":{"rendered":"BERNETTE b64 AIRLOCK"},"content":{"rendered":"<ul>\n<li>Automatischer Lufteinf\u00e4dler f\u00fcr Greiferf\u00e4den<\/li>\n<li>Freiarm<\/li>\n<li>Farbig markierte Fadenwege<\/li>\n<li>Spannungsausl\u00f6sung bei angehobenem N\u00e4hfuss<\/li>\n<li>Stichl\u00e4nge, einstellbar w\u00e4hrend des N\u00e4hens<\/li>\n<li>Zubeh\u00f6r hinter dem Greiferdeckel<\/li>\n<li>N\u00e4hlicht<\/li>\n<li>Sicherheitsschalter bei ge\u00f6ffnetem Deckel aktiviert<\/li>\n<li>mtc-Fadenkontrolle<\/li>\n<li>Freihandsystem (FHS) inkl. Kniehebel<\/li>\n<\/ul>\n<h2 class=\"sub\">Automatischer Lufteinf\u00e4dler f\u00fcr Greiferf\u00e4den<\/h2>\n<p>Das Einf\u00e4deln des Greifers war noch nie einfacher und schneller dank des Lufteinf\u00e4dlers. Per einfachem Knopfdruck l\u00e4sst sich jeder Greifer einzeln oder zusammen einf\u00e4deln.<\/p>\n","protected":false},"excerpt":{"rendered":"<h2>Die Overlock-Maschine mit automatischem Lufteinf\u00e4dler<\/h2>\n<p>Endlich ist sie da \u2013 die Overlocker mit Lufteinf\u00e4dler von bernette. Per Lufteinf\u00e4dler sind die Greiferf\u00e4den ruckzuck eingef\u00e4delt. Es war noch nie einfacher. Die b64 AIRLOCK hat mehr zu bieten: dank Freiarm lassen sich geschlossene \u00c4rmel und B\u00fcndchen einfach verarbeiten. Eine grossz\u00fcgige Arbeitsfl\u00e4che bietet Platz rechts neben der Nadel, sowie der mitgelieferte Anschiebetisch. 5 LEDs leuchten den Arbeitsbereich hell aus. Mit dem Kniehebel l\u00e4sst sich der N\u00e4hfuss senken und tempor\u00e4r anheben, so dass beide H\u00e4nde zum F\u00fchren des Stoffes frei bleiben. Zur Auswahl stehen 16 verschiedene Stiche und eine N\u00e4hgeschwindigkeit von bis zu 1300 Stichen pro Minute. So wirst du im Handumdrehen mit deinem Projekt fertig!<\/p>\n","protected":false},"featured_media":9048,"template":"","meta":{"_acf_changed":false,"inline_featured_image":false},"product_brand":[],"product_cat":[72],"product_tag":[],"class_list":{"0":"post-9084","1":"product","2":"type-product","3":"status-publish","4":"has-post-thumbnail","6":"product_cat-naehmaschine","8":"first","9":"instock","10":"taxable","11":"shipping-taxable","12":"purchasable","13":"product-type-simple"},"acf":[],"yoast_head":"<!-- This site is optimized with the Yoast SEO plugin v24.4 - https:\/\/yoast.com\/wordpress\/plugins\/seo\/ -->\n<title>BERNETTE b64 AIRLOCK - CREA Fil<\/title>\n<meta name=\"description\" content=\"BERNETTE b64 AIRLOCK\" \/>\n<meta name=\"robots\" content=\"index, follow, max-snippet:-1, max-image-preview:large, max-video-preview:-1\" \/>\n<link rel=\"canonical\" href=\"https:\/\/www.creafil.lu\/de\/product\/bernette-b64-airlock\/\" \/>\n<meta property=\"og:locale\" content=\"de_DE\" \/>\n<meta property=\"og:type\" content=\"article\" \/>\n<meta property=\"og:title\" content=\"BERNETTE b64 AIRLOCK - CREA Fil\" \/>\n<meta property=\"og:description\" content=\"BERNETTE b64 AIRLOCK\" \/>\n<meta property=\"og:url\" content=\"https:\/\/www.creafil.lu\/de\/product\/bernette-b64-airlock\/\" \/>\n<meta property=\"og:site_name\" content=\"CREA Fil\" \/>\n<meta property=\"article:modified_time\" content=\"2025-07-15T15:16:09+00:00\" \/>\n<meta property=\"og:image\" content=\"https:\/\/www.creafil.lu\/wp-content\/uploads\/2024\/11\/b64_Frontal_Anschiebetisch-scaled.jpg\" \/>\n\t<meta property=\"og:image:width\" content=\"2560\" \/>\n\t<meta property=\"og:image:height\" content=\"1920\" \/>\n\t<meta property=\"og:image:type\" content=\"image\/jpeg\" \/>\n<meta name=\"twitter:card\" content=\"summary_large_image\" \/>\n<meta name=\"twitter:label1\" content=\"Gesch\u00e4tzte Lesezeit\" \/>\n\t<meta name=\"twitter:data1\" content=\"1\u00a0Minute\" \/>\n<script type=\"application\/ld+json\" class=\"yoast-schema-graph\">{\"@context\":\"https:\/\/schema.org\",\"@graph\":[{\"@type\":\"WebPage\",\"@id\":\"https:\/\/www.creafil.lu\/de\/product\/bernette-b64-airlock\/\",\"url\":\"https:\/\/www.creafil.lu\/de\/product\/bernette-b64-airlock\/\",\"name\":\"BERNETTE b64 AIRLOCK - CREA Fil\",\"isPartOf\":{\"@id\":\"https:\/\/www.creafil.lu\/de\/#website\"},\"primaryImageOfPage\":{\"@id\":\"https:\/\/www.creafil.lu\/de\/product\/bernette-b64-airlock\/#primaryimage\"},\"image\":{\"@id\":\"https:\/\/www.creafil.lu\/de\/product\/bernette-b64-airlock\/#primaryimage\"},\"thumbnailUrl\":\"https:\/\/www.creafil.lu\/wp-content\/uploads\/2024\/11\/b64_Frontal_Anschiebetisch-scaled.jpg\",\"datePublished\":\"2024-11-15T09:44:05+00:00\",\"dateModified\":\"2025-07-15T15:16:09+00:00\",\"description\":\"BERNETTE b64 AIRLOCK\",\"breadcrumb\":{\"@id\":\"https:\/\/www.creafil.lu\/de\/product\/bernette-b64-airlock\/#breadcrumb\"},\"inLanguage\":\"de\",\"potentialAction\":[{\"@type\":\"ReadAction\",\"target\":[\"https:\/\/www.creafil.lu\/de\/product\/bernette-b64-airlock\/\"]}]},{\"@type\":\"ImageObject\",\"inLanguage\":\"de\",\"@id\":\"https:\/\/www.creafil.lu\/de\/product\/bernette-b64-airlock\/#primaryimage\",\"url\":\"https:\/\/www.creafil.lu\/wp-content\/uploads\/2024\/11\/b64_Frontal_Anschiebetisch-scaled.jpg\",\"contentUrl\":\"https:\/\/www.creafil.lu\/wp-content\/uploads\/2024\/11\/b64_Frontal_Anschiebetisch-scaled.jpg\",\"width\":2560,\"height\":1920,\"caption\":\"BERNETTE b64 AIRLOCK\"},{\"@type\":\"BreadcrumbList\",\"@id\":\"https:\/\/www.creafil.lu\/de\/product\/bernette-b64-airlock\/#breadcrumb\",\"itemListElement\":[{\"@type\":\"ListItem\",\"position\":1,\"name\":\"Home\",\"item\":\"https:\/\/www.creafil.lu\/de\/\"},{\"@type\":\"ListItem\",\"position\":2,\"name\":\"Shop\",\"item\":\"https:\/\/www.creafil.lu\/de\/shop\/\"},{\"@type\":\"ListItem\",\"position\":3,\"name\":\"BERNETTE b64 AIRLOCK\"}]},{\"@type\":\"WebSite\",\"@id\":\"https:\/\/www.creafil.lu\/de\/#website\",\"url\":\"https:\/\/www.creafil.lu\/de\/\",\"name\":\"CREA Fil\",\"description\":\"Magasin\",\"potentialAction\":[{\"@type\":\"SearchAction\",\"target\":{\"@type\":\"EntryPoint\",\"urlTemplate\":\"https:\/\/www.creafil.lu\/de\/?s={search_term_string}\"},\"query-input\":{\"@type\":\"PropertyValueSpecification\",\"valueRequired\":true,\"valueName\":\"search_term_string\"}}],\"inLanguage\":\"de\"}]}<\/script>\n<!-- \/ Yoast SEO plugin. -->","yoast_head_json":{"title":"BERNETTE b64 AIRLOCK - CREA Fil","description":"BERNETTE b64 AIRLOCK","robots":{"index":"index","follow":"follow","max-snippet":"max-snippet:-1","max-image-preview":"max-image-preview:large","max-video-preview":"max-video-preview:-1"},"canonical":"https:\/\/www.creafil.lu\/de\/product\/bernette-b64-airlock\/","og_locale":"de_DE","og_type":"article","og_title":"BERNETTE b64 AIRLOCK - CREA Fil","og_description":"BERNETTE b64 AIRLOCK","og_url":"https:\/\/www.creafil.lu\/de\/product\/bernette-b64-airlock\/","og_site_name":"CREA Fil","article_modified_time":"2025-07-15T15:16:09+00:00","og_image":[{"width":2560,"height":1920,"url":"https:\/\/www.creafil.lu\/wp-content\/uploads\/2024\/11\/b64_Frontal_Anschiebetisch-scaled.jpg","type":"image\/jpeg"}],"twitter_card":"summary_large_image","twitter_misc":{"Gesch\u00e4tzte Lesezeit":"1\u00a0Minute"},"schema":{"@context":"https:\/\/schema.org","@graph":[{"@type":"WebPage","@id":"https:\/\/www.creafil.lu\/de\/product\/bernette-b64-airlock\/","url":"https:\/\/www.creafil.lu\/de\/product\/bernette-b64-airlock\/","name":"BERNETTE b64 AIRLOCK - CREA Fil","isPartOf":{"@id":"https:\/\/www.creafil.lu\/de\/#website"},"primaryImageOfPage":{"@id":"https:\/\/www.creafil.lu\/de\/product\/bernette-b64-airlock\/#primaryimage"},"image":{"@id":"https:\/\/www.creafil.lu\/de\/product\/bernette-b64-airlock\/#primaryimage"},"thumbnailUrl":"https:\/\/www.creafil.lu\/wp-content\/uploads\/2024\/11\/b64_Frontal_Anschiebetisch-scaled.jpg","datePublished":"2024-11-15T09:44:05+00:00","dateModified":"2025-07-15T15:16:09+00:00","description":"BERNETTE b64 AIRLOCK","breadcrumb":{"@id":"https:\/\/www.creafil.lu\/de\/product\/bernette-b64-airlock\/#breadcrumb"},"inLanguage":"de","potentialAction":[{"@type":"ReadAction","target":["https:\/\/www.creafil.lu\/de\/product\/bernette-b64-airlock\/"]}]},{"@type":"ImageObject","inLanguage":"de","@id":"https:\/\/www.creafil.lu\/de\/product\/bernette-b64-airlock\/#primaryimage","url":"https:\/\/www.creafil.lu\/wp-content\/uploads\/2024\/11\/b64_Frontal_Anschiebetisch-scaled.jpg","contentUrl":"https:\/\/www.creafil.lu\/wp-content\/uploads\/2024\/11\/b64_Frontal_Anschiebetisch-scaled.jpg","width":2560,"height":1920,"caption":"BERNETTE b64 AIRLOCK"},{"@type":"BreadcrumbList","@id":"https:\/\/www.creafil.lu\/de\/product\/bernette-b64-airlock\/#breadcrumb","itemListElement":[{"@type":"ListItem","position":1,"name":"Home","item":"https:\/\/www.creafil.lu\/de\/"},{"@type":"ListItem","position":2,"name":"Shop","item":"https:\/\/www.creafil.lu\/de\/shop\/"},{"@type":"ListItem","position":3,"name":"BERNETTE b64 AIRLOCK"}]},{"@type":"WebSite","@id":"https:\/\/www.creafil.lu\/de\/#website","url":"https:\/\/www.creafil.lu\/de\/","name":"CREA Fil","description":"Magasin","potentialAction":[{"@type":"SearchAction","target":{"@type":"EntryPoint","urlTemplate":"https:\/\/www.creafil.lu\/de\/?s={search_term_string}"},"query-input":{"@type":"PropertyValueSpecification","valueRequired":true,"valueName":"search_term_string"}}],"inLanguage":"de"}]}},"_links":{"self":[{"href":"https:\/\/www.creafil.lu\/de\/wp-json\/wp\/v2\/product\/9084","targetHints":{"allow":["GET"]}}],"collection":[{"href":"https:\/\/www.creafil.lu\/de\/wp-json\/wp\/v2\/product"}],"about":[{"href":"https:\/\/www.creafil.lu\/de\/wp-json\/wp\/v2\/types\/product"}],"wp:featuredmedia":[{"embeddable":true,"href":"https:\/\/www.creafil.lu\/de\/wp-json\/wp\/v2\/media\/9048"}],"wp:attachment":[{"href":"https:\/\/www.creafil.lu\/de\/wp-json\/wp\/v2\/media?parent=9084"}],"wp:term":[{"taxonomy":"product_brand","embeddable":true,"href":"https:\/\/www.creafil.lu\/de\/wp-json\/wp\/v2\/product_brand?post=9084"},{"taxonomy":"product_cat","embeddable":true,"href":"https:\/\/www.creafil.lu\/de\/wp-json\/wp\/v2\/product_cat?post=9084"},{"taxonomy":"product_tag","embeddable":true,"href":"https:\/\/www.creafil.lu\/de\/wp-json\/wp\/v2\/product_tag?post=9084"}],"curies":[{"name":"wp","href":"https:\/\/api.w.org\/{rel}","templated":true}]}}