{"id":9026,"date":"2024-11-15T09:29:01","date_gmt":"2024-11-15T09:29:01","guid":{"rendered":"https:\/\/www.creafil.lu\/?post_type=product&#038;p=9026"},"modified":"2025-08-11T14:43:23","modified_gmt":"2025-08-11T14:43:23","slug":"bernette-b62-airlock","status":"publish","type":"product","link":"https:\/\/www.creafil.lu\/de\/product\/bernette-b62-airlock\/","title":{"rendered":"BERNETTE b62 AIRLOCK"},"content":{"rendered":"<ul>\n<li>Automatischer Lufteinf\u00e4dler f\u00fcr den Greiferfaden<\/li>\n<li>Freiarm inkl. Freiarmabdeckung<\/li>\n<li>Farbig markierte Fadenwege<\/li>\n<li>Spannungsausl\u00f6sung bei angehobenem N\u00e4hfuss<\/li>\n<li>Stichl\u00e4nge, einstellbar w\u00e4hrend des N\u00e4hens<\/li>\n<li>Zubeh\u00f6r hinter dem Greiferdeckel<\/li>\n<li>Helles N\u00e4hlicht<\/li>\n<li>Sicherheitsschalter bei ge\u00f6ffnetem Deckel aktiviert<\/li>\n<li>Freihandsystem (FHS) inkl. Kniehebel<\/li>\n<\/ul>\n<h2 class=\"sub\">Automatischer Lufteinf\u00e4dler f\u00fcr den Greiferfaden<\/h2>\n<p>Das Einf\u00e4deln des Greifers war noch nie einfacher und schneller dank des Lufteinf\u00e4dlers. Per einfachem Knopfdruck l\u00e4sst sich jeder Greifer einzeln oder zusammen einf\u00e4deln.<\/p>\n","protected":false},"excerpt":{"rendered":"<h2>Die Coverstich-Maschine mit Lufteinf\u00e4dler<\/h2>\n<p>Die bernette 62 AIRLOCK ist die Coverstich-Maschine der bernette 60er Serie. Mit dem automatischen Lufteinf\u00e4dler wird das Einf\u00e4deln des Greiferfadens zum Kinderspiel. Die Maschine verf\u00fcgt mit 4 Coverstichen und 3 Kettenstichen \u00fcber unz\u00e4hlige Anwendungsm\u00f6glichkeiten, mit welchen insbesondere dehnbare Stoffe perfekt verarbeitet werden. Der N\u00e4hfuss l\u00e4sst sich mit dem Kniehebel senken und tempor\u00e4r anheben, so dass beide H\u00e4nde zum F\u00fchren des Stoffes frei bleiben. Der Anschiebetisch und der dazu passende Coverstich-Einsatz vergr\u00f6ssern die N\u00e4hfl\u00e4che und bieten ausreichend Platz f\u00fcr grosse Projekte. Dank der 5 LEDs wird der grosse Arbeitsbereich optimal ausgeleuchtet.<\/p>\n","protected":false},"featured_media":9069,"template":"","meta":{"_acf_changed":false,"inline_featured_image":false},"product_brand":[],"product_cat":[72],"product_tag":[],"class_list":{"0":"post-9026","1":"product","2":"type-product","3":"status-publish","4":"has-post-thumbnail","6":"product_cat-naehmaschine","8":"first","9":"outofstock","10":"taxable","11":"shipping-taxable","12":"purchasable","13":"product-type-simple"},"acf":[],"yoast_head":"<!-- This site is optimized with the Yoast SEO plugin v24.4 - https:\/\/yoast.com\/wordpress\/plugins\/seo\/ -->\n<title>BERNETTE b62 AIRLOCK - CREA Fil<\/title>\n<meta name=\"description\" content=\"BERNETTE b62 AIRLOCK\" \/>\n<meta name=\"robots\" content=\"index, follow, max-snippet:-1, max-image-preview:large, max-video-preview:-1\" \/>\n<link rel=\"canonical\" href=\"https:\/\/www.creafil.lu\/de\/product\/bernette-b62-airlock\/\" \/>\n<meta property=\"og:locale\" content=\"de_DE\" \/>\n<meta property=\"og:type\" content=\"article\" \/>\n<meta property=\"og:title\" content=\"BERNETTE b62 AIRLOCK - CREA Fil\" \/>\n<meta property=\"og:description\" content=\"BERNETTE b62 AIRLOCK\" \/>\n<meta property=\"og:url\" content=\"https:\/\/www.creafil.lu\/de\/product\/bernette-b62-airlock\/\" \/>\n<meta property=\"og:site_name\" content=\"CREA Fil\" \/>\n<meta property=\"article:modified_time\" content=\"2025-08-11T14:43:23+00:00\" \/>\n<meta property=\"og:image\" content=\"https:\/\/www.creafil.lu\/wp-content\/uploads\/2024\/11\/b62_Frontal_Anschiebetisch.jpg\" \/>\n\t<meta property=\"og:image:width\" content=\"8176\" \/>\n\t<meta property=\"og:image:height\" content=\"6132\" \/>\n\t<meta property=\"og:image:type\" content=\"image\/jpeg\" \/>\n<meta name=\"twitter:card\" content=\"summary_large_image\" \/>\n<meta name=\"twitter:label1\" content=\"Gesch\u00e4tzte Lesezeit\" \/>\n\t<meta name=\"twitter:data1\" content=\"1\u00a0Minute\" \/>\n<script type=\"application\/ld+json\" class=\"yoast-schema-graph\">{\"@context\":\"https:\/\/schema.org\",\"@graph\":[{\"@type\":\"WebPage\",\"@id\":\"https:\/\/www.creafil.lu\/de\/product\/bernette-b62-airlock\/\",\"url\":\"https:\/\/www.creafil.lu\/de\/product\/bernette-b62-airlock\/\",\"name\":\"BERNETTE b62 AIRLOCK - CREA Fil\",\"isPartOf\":{\"@id\":\"https:\/\/www.creafil.lu\/de\/#website\"},\"primaryImageOfPage\":{\"@id\":\"https:\/\/www.creafil.lu\/de\/product\/bernette-b62-airlock\/#primaryimage\"},\"image\":{\"@id\":\"https:\/\/www.creafil.lu\/de\/product\/bernette-b62-airlock\/#primaryimage\"},\"thumbnailUrl\":\"https:\/\/www.creafil.lu\/wp-content\/uploads\/2024\/11\/b62_Frontal_Anschiebetisch-scaled.jpg\",\"datePublished\":\"2024-11-15T09:29:01+00:00\",\"dateModified\":\"2025-08-11T14:43:23+00:00\",\"description\":\"BERNETTE b62 AIRLOCK\",\"breadcrumb\":{\"@id\":\"https:\/\/www.creafil.lu\/de\/product\/bernette-b62-airlock\/#breadcrumb\"},\"inLanguage\":\"de\",\"potentialAction\":[{\"@type\":\"ReadAction\",\"target\":[\"https:\/\/www.creafil.lu\/de\/product\/bernette-b62-airlock\/\"]}]},{\"@type\":\"ImageObject\",\"inLanguage\":\"de\",\"@id\":\"https:\/\/www.creafil.lu\/de\/product\/bernette-b62-airlock\/#primaryimage\",\"url\":\"https:\/\/www.creafil.lu\/wp-content\/uploads\/2024\/11\/b62_Frontal_Anschiebetisch-scaled.jpg\",\"contentUrl\":\"https:\/\/www.creafil.lu\/wp-content\/uploads\/2024\/11\/b62_Frontal_Anschiebetisch-scaled.jpg\",\"width\":8176,\"height\":6132,\"caption\":\"BERNETTE b62 AIRLOCK\"},{\"@type\":\"BreadcrumbList\",\"@id\":\"https:\/\/www.creafil.lu\/de\/product\/bernette-b62-airlock\/#breadcrumb\",\"itemListElement\":[{\"@type\":\"ListItem\",\"position\":1,\"name\":\"Home\",\"item\":\"https:\/\/www.creafil.lu\/de\/\"},{\"@type\":\"ListItem\",\"position\":2,\"name\":\"Shop\",\"item\":\"https:\/\/www.creafil.lu\/de\/shop\/\"},{\"@type\":\"ListItem\",\"position\":3,\"name\":\"BERNETTE b62 AIRLOCK\"}]},{\"@type\":\"WebSite\",\"@id\":\"https:\/\/www.creafil.lu\/de\/#website\",\"url\":\"https:\/\/www.creafil.lu\/de\/\",\"name\":\"CREA Fil\",\"description\":\"Magasin\",\"potentialAction\":[{\"@type\":\"SearchAction\",\"target\":{\"@type\":\"EntryPoint\",\"urlTemplate\":\"https:\/\/www.creafil.lu\/de\/?s={search_term_string}\"},\"query-input\":{\"@type\":\"PropertyValueSpecification\",\"valueRequired\":true,\"valueName\":\"search_term_string\"}}],\"inLanguage\":\"de\"}]}<\/script>\n<!-- \/ Yoast SEO plugin. -->","yoast_head_json":{"title":"BERNETTE b62 AIRLOCK - CREA Fil","description":"BERNETTE b62 AIRLOCK","robots":{"index":"index","follow":"follow","max-snippet":"max-snippet:-1","max-image-preview":"max-image-preview:large","max-video-preview":"max-video-preview:-1"},"canonical":"https:\/\/www.creafil.lu\/de\/product\/bernette-b62-airlock\/","og_locale":"de_DE","og_type":"article","og_title":"BERNETTE b62 AIRLOCK - CREA Fil","og_description":"BERNETTE b62 AIRLOCK","og_url":"https:\/\/www.creafil.lu\/de\/product\/bernette-b62-airlock\/","og_site_name":"CREA Fil","article_modified_time":"2025-08-11T14:43:23+00:00","og_image":[{"width":8176,"height":6132,"url":"https:\/\/www.creafil.lu\/wp-content\/uploads\/2024\/11\/b62_Frontal_Anschiebetisch.jpg","type":"image\/jpeg"}],"twitter_card":"summary_large_image","twitter_misc":{"Gesch\u00e4tzte Lesezeit":"1\u00a0Minute"},"schema":{"@context":"https:\/\/schema.org","@graph":[{"@type":"WebPage","@id":"https:\/\/www.creafil.lu\/de\/product\/bernette-b62-airlock\/","url":"https:\/\/www.creafil.lu\/de\/product\/bernette-b62-airlock\/","name":"BERNETTE b62 AIRLOCK - CREA Fil","isPartOf":{"@id":"https:\/\/www.creafil.lu\/de\/#website"},"primaryImageOfPage":{"@id":"https:\/\/www.creafil.lu\/de\/product\/bernette-b62-airlock\/#primaryimage"},"image":{"@id":"https:\/\/www.creafil.lu\/de\/product\/bernette-b62-airlock\/#primaryimage"},"thumbnailUrl":"https:\/\/www.creafil.lu\/wp-content\/uploads\/2024\/11\/b62_Frontal_Anschiebetisch-scaled.jpg","datePublished":"2024-11-15T09:29:01+00:00","dateModified":"2025-08-11T14:43:23+00:00","description":"BERNETTE b62 AIRLOCK","breadcrumb":{"@id":"https:\/\/www.creafil.lu\/de\/product\/bernette-b62-airlock\/#breadcrumb"},"inLanguage":"de","potentialAction":[{"@type":"ReadAction","target":["https:\/\/www.creafil.lu\/de\/product\/bernette-b62-airlock\/"]}]},{"@type":"ImageObject","inLanguage":"de","@id":"https:\/\/www.creafil.lu\/de\/product\/bernette-b62-airlock\/#primaryimage","url":"https:\/\/www.creafil.lu\/wp-content\/uploads\/2024\/11\/b62_Frontal_Anschiebetisch-scaled.jpg","contentUrl":"https:\/\/www.creafil.lu\/wp-content\/uploads\/2024\/11\/b62_Frontal_Anschiebetisch-scaled.jpg","width":8176,"height":6132,"caption":"BERNETTE b62 AIRLOCK"},{"@type":"BreadcrumbList","@id":"https:\/\/www.creafil.lu\/de\/product\/bernette-b62-airlock\/#breadcrumb","itemListElement":[{"@type":"ListItem","position":1,"name":"Home","item":"https:\/\/www.creafil.lu\/de\/"},{"@type":"ListItem","position":2,"name":"Shop","item":"https:\/\/www.creafil.lu\/de\/shop\/"},{"@type":"ListItem","position":3,"name":"BERNETTE b62 AIRLOCK"}]},{"@type":"WebSite","@id":"https:\/\/www.creafil.lu\/de\/#website","url":"https:\/\/www.creafil.lu\/de\/","name":"CREA Fil","description":"Magasin","potentialAction":[{"@type":"SearchAction","target":{"@type":"EntryPoint","urlTemplate":"https:\/\/www.creafil.lu\/de\/?s={search_term_string}"},"query-input":{"@type":"PropertyValueSpecification","valueRequired":true,"valueName":"search_term_string"}}],"inLanguage":"de"}]}},"_links":{"self":[{"href":"https:\/\/www.creafil.lu\/de\/wp-json\/wp\/v2\/product\/9026","targetHints":{"allow":["GET"]}}],"collection":[{"href":"https:\/\/www.creafil.lu\/de\/wp-json\/wp\/v2\/product"}],"about":[{"href":"https:\/\/www.creafil.lu\/de\/wp-json\/wp\/v2\/types\/product"}],"wp:featuredmedia":[{"embeddable":true,"href":"https:\/\/www.creafil.lu\/de\/wp-json\/wp\/v2\/media\/9069"}],"wp:attachment":[{"href":"https:\/\/www.creafil.lu\/de\/wp-json\/wp\/v2\/media?parent=9026"}],"wp:term":[{"taxonomy":"product_brand","embeddable":true,"href":"https:\/\/www.creafil.lu\/de\/wp-json\/wp\/v2\/product_brand?post=9026"},{"taxonomy":"product_cat","embeddable":true,"href":"https:\/\/www.creafil.lu\/de\/wp-json\/wp\/v2\/product_cat?post=9026"},{"taxonomy":"product_tag","embeddable":true,"href":"https:\/\/www.creafil.lu\/de\/wp-json\/wp\/v2\/product_tag?post=9026"}],"curies":[{"name":"wp","href":"https:\/\/api.w.org\/{rel}","templated":true}]}}