{"id":9013,"date":"2024-11-15T09:11:26","date_gmt":"2024-11-15T09:11:26","guid":{"rendered":"https:\/\/www.creafil.lu\/?post_type=product&#038;p=9013"},"modified":"2025-07-15T15:19:46","modified_gmt":"2025-07-15T15:19:46","slug":"bernette-08-straight-stitch","status":"publish","type":"product","link":"https:\/\/www.creafil.lu\/de\/product\/bernette-08-straight-stitch\/","title":{"rendered":"BERNETTE 08 Straight Stitch"},"content":{"rendered":"<ul>\n<li>1600 Stiche pro Minute<\/li>\n<li>Kraftvoller Motor<\/li>\n<li>Extra grosse Spule<\/li>\n<li>Unabh\u00e4ngiger Spulenmotor<\/li>\n<li>Automatischer Fadenabschneider<\/li>\n<li>Anschiebetisch<\/li>\n<\/ul>\n<h1>Strebe nach Geschwindigkeit<\/h1>\n<h2>Eine der schnellsten Haushaltsn\u00e4hmaschinen<\/h2>\n<p>Strebe nach Geschwindigkeit mit einer beeindruckenden N\u00e4hgeschwindigkeit von 1600 Stichen pro Minute. Diese Maschine verk\u00fcrzt die Zeit, die du zum Fertigstellen deiner N\u00e4hprojekte ben\u00f6tigst.<\/p>\n<p>Mit dem Geschwindigkeitsregler an der Maschine kannst du dein N\u00e4htempo ganz einfach anpassen. Dies kann beim N\u00e4hen von empfindlichen Stoffen sehr hilfreich sein. Mit dem extragrossen Fu\u00dfanlasser kannst du sogar Stich f\u00fcr Stich n\u00e4hen, was besonders beim N\u00e4hen von empfindlichen Stoffen hilfreich ist.<\/p>\n<h1>Kraftvolles N\u00e4hen<\/h1>\n<h2>Gleite durch das Gewebe wie Butter<\/h2>\n<p>Die b08 Straight Stitch konzentriert sich auf das Wesentliche &#8211; eine sch\u00f6ne gerade Naht. Der leistungsstarke Gleichstrommotor ist ein wesentlicher Aspekt f\u00fcr deine N\u00e4harbeit und bietet hohe Geschwindigkeit und Effizienz. Du kannst eine breite Palette von Stoffen n\u00e4hen, von zarter Seide bis zu strapazierf\u00e4higen Jeans und Leder. Die einstellbare Fadenspannung sorgt daf\u00fcr, dass die Stiche auch beim N\u00e4hen mehrerer Stofflagen stabil bleiben.<\/p>\n<h1>N\u00e4he l\u00e4nger ohne Unterbrechung<\/h1>\n<h2>M\u00f6ge deine Spule immer voll sein!<\/h2>\n<p>Diese Maschine ist mit einer extra grossen Spule ausgestattet, die bis zu 40 % mehr Faden fasst als herk\u00f6mmliche Spulen, sodass du auch Umfangreiche Projekte ohne Aufspulen n\u00e4hen kannst. Dies ist besonders bei grossen Projekten wie Quilts oder beim N\u00e4hen von Kleidungsst\u00fccken von Vorteil.<\/p>\n<p>Das Beste daran ist, dass das N\u00e4hprojekt dank des seitlichen Zugriffs auf die Spule nicht entfernt werden muss. Dar\u00fcber hinaus sorgt die ganz aus Metall bestehende Spulenkapsel f\u00fcr mehr Stabilit\u00e4t. In Kombination mit dem drehbaren Greifer erh\u00e4ltst du makellose Ergebnisse.<\/p>\n<h2>Wickle die Spule auf, w\u00e4hrend du n\u00e4hst<\/h2>\n<p>Mit dem unabh\u00e4ngigen Spulenmotor kannst du aufspulen, ohne den N\u00e4hvorgang zu unterbrechen. Dies erm\u00f6glicht ein reibungsloseres und effizienteres N\u00e4hen.<\/p>\n<h2>Schneide F\u00e4den automatisch ab<\/h2>\n<p>Beende deine Projekte nahtlos mit dem automatischen Fadenschneider. Alternativ musst du deine H\u00e4nde nicht mal vom Projekt nehmen und kannst den Faden mit dem automatischen Fadenabschneider-Fu\u00dfanlasser (optionales Zubeh\u00f6r) abschneiden.<\/p>\n<h2>Viel Platz mit dem Anschiebetisch<\/h2>\n<p>Der mitgelieferte, sehr ger\u00e4umige Anschiebetisch (60 x 40 cm) bietet den n\u00f6tigen Platz, um sich auszubreiten. St\u00fcrze dich mit Leichtigkeit in deine Quilts und grossen Projekte.<\/p>\n","protected":false},"excerpt":{"rendered":"<h2>Strebe nach Geschwindigkeit<\/h2>\n<p>Die b08 Straight Stitch ist ein Kraftpaket mit einer Geschwindigkeit von 1600 Stichen pro Minute, was sie zu einer der schnellsten Haushaltsn\u00e4hmaschinen auf dem Markt macht. Ausgestattet mit einem leistungsstarken Gleichstrommotor, garantiert diese Maschine eine effiziente Leistung bei all deinen N\u00e4hprojekten.<\/p>\n<p>Der automatische Fadenabschneider sorgt f\u00fcr zus\u00e4tzlichen Komfort, w\u00e4hrend die extragrosse Spule und der unabh\u00e4ngige Spulenmotor l\u00e4ngere N\u00e4hsessions ohne Unterbrechungen erm\u00f6glichen. Das robuste Metallgeh\u00e4use der b08 verhindert Vibrationen und sorgt so f\u00fcr einwandfreies N\u00e4hen &#8211; die perfekte Wahl.<\/p>\n","protected":false},"featured_media":9023,"template":"","meta":{"_acf_changed":false,"inline_featured_image":false},"product_brand":[],"product_cat":[72],"product_tag":[],"class_list":{"0":"post-9013","1":"product","2":"type-product","3":"status-publish","4":"has-post-thumbnail","6":"product_cat-naehmaschine","8":"first","9":"instock","10":"taxable","11":"shipping-taxable","12":"purchasable","13":"product-type-simple"},"acf":[],"yoast_head":"<!-- This site is optimized with the Yoast SEO plugin v24.4 - https:\/\/yoast.com\/wordpress\/plugins\/seo\/ -->\n<title>BERNETTE 08 Straight Stitch - CREA Fil<\/title>\n<meta name=\"description\" content=\"BERNETTE 08 Straight Stitch\" \/>\n<meta name=\"robots\" content=\"index, follow, max-snippet:-1, max-image-preview:large, max-video-preview:-1\" \/>\n<link rel=\"canonical\" href=\"https:\/\/www.creafil.lu\/de\/product\/bernette-08-straight-stitch\/\" \/>\n<meta property=\"og:locale\" content=\"de_DE\" \/>\n<meta property=\"og:type\" content=\"article\" \/>\n<meta property=\"og:title\" content=\"BERNETTE 08 Straight Stitch - CREA Fil\" \/>\n<meta property=\"og:description\" content=\"BERNETTE 08 Straight Stitch\" \/>\n<meta property=\"og:url\" content=\"https:\/\/www.creafil.lu\/de\/product\/bernette-08-straight-stitch\/\" \/>\n<meta property=\"og:site_name\" content=\"CREA Fil\" \/>\n<meta property=\"article:modified_time\" content=\"2025-07-15T15:19:46+00:00\" \/>\n<meta property=\"og:image\" content=\"https:\/\/www.creafil.lu\/wp-content\/uploads\/2024\/11\/bernette_08_frontal_tisch.jpg\" \/>\n\t<meta property=\"og:image:width\" content=\"8256\" \/>\n\t<meta property=\"og:image:height\" content=\"5494\" \/>\n\t<meta property=\"og:image:type\" content=\"image\/jpeg\" \/>\n<meta name=\"twitter:card\" content=\"summary_large_image\" \/>\n<meta name=\"twitter:label1\" content=\"Gesch\u00e4tzte Lesezeit\" \/>\n\t<meta name=\"twitter:data1\" content=\"2\u00a0Minuten\" \/>\n<script type=\"application\/ld+json\" class=\"yoast-schema-graph\">{\"@context\":\"https:\/\/schema.org\",\"@graph\":[{\"@type\":\"WebPage\",\"@id\":\"https:\/\/www.creafil.lu\/de\/product\/bernette-08-straight-stitch\/\",\"url\":\"https:\/\/www.creafil.lu\/de\/product\/bernette-08-straight-stitch\/\",\"name\":\"BERNETTE 08 Straight Stitch - CREA Fil\",\"isPartOf\":{\"@id\":\"https:\/\/www.creafil.lu\/de\/#website\"},\"primaryImageOfPage\":{\"@id\":\"https:\/\/www.creafil.lu\/de\/product\/bernette-08-straight-stitch\/#primaryimage\"},\"image\":{\"@id\":\"https:\/\/www.creafil.lu\/de\/product\/bernette-08-straight-stitch\/#primaryimage\"},\"thumbnailUrl\":\"https:\/\/www.creafil.lu\/wp-content\/uploads\/2024\/11\/bernette_08_frontal_tisch.jpg\",\"datePublished\":\"2024-11-15T09:11:26+00:00\",\"dateModified\":\"2025-07-15T15:19:46+00:00\",\"description\":\"BERNETTE 08 Straight Stitch\",\"breadcrumb\":{\"@id\":\"https:\/\/www.creafil.lu\/de\/product\/bernette-08-straight-stitch\/#breadcrumb\"},\"inLanguage\":\"de\",\"potentialAction\":[{\"@type\":\"ReadAction\",\"target\":[\"https:\/\/www.creafil.lu\/de\/product\/bernette-08-straight-stitch\/\"]}]},{\"@type\":\"ImageObject\",\"inLanguage\":\"de\",\"@id\":\"https:\/\/www.creafil.lu\/de\/product\/bernette-08-straight-stitch\/#primaryimage\",\"url\":\"https:\/\/www.creafil.lu\/wp-content\/uploads\/2024\/11\/bernette_08_frontal_tisch.jpg\",\"contentUrl\":\"https:\/\/www.creafil.lu\/wp-content\/uploads\/2024\/11\/bernette_08_frontal_tisch.jpg\",\"width\":8256,\"height\":5494,\"caption\":\"BERNETTE 08 Straight Stitch\"},{\"@type\":\"BreadcrumbList\",\"@id\":\"https:\/\/www.creafil.lu\/de\/product\/bernette-08-straight-stitch\/#breadcrumb\",\"itemListElement\":[{\"@type\":\"ListItem\",\"position\":1,\"name\":\"Home\",\"item\":\"https:\/\/www.creafil.lu\/de\/\"},{\"@type\":\"ListItem\",\"position\":2,\"name\":\"Shop\",\"item\":\"https:\/\/www.creafil.lu\/de\/shop\/\"},{\"@type\":\"ListItem\",\"position\":3,\"name\":\"BERNETTE 08 Straight Stitch\"}]},{\"@type\":\"WebSite\",\"@id\":\"https:\/\/www.creafil.lu\/de\/#website\",\"url\":\"https:\/\/www.creafil.lu\/de\/\",\"name\":\"CREA Fil\",\"description\":\"Magasin\",\"potentialAction\":[{\"@type\":\"SearchAction\",\"target\":{\"@type\":\"EntryPoint\",\"urlTemplate\":\"https:\/\/www.creafil.lu\/de\/?s={search_term_string}\"},\"query-input\":{\"@type\":\"PropertyValueSpecification\",\"valueRequired\":true,\"valueName\":\"search_term_string\"}}],\"inLanguage\":\"de\"}]}<\/script>\n<!-- \/ Yoast SEO plugin. -->","yoast_head_json":{"title":"BERNETTE 08 Straight Stitch - CREA Fil","description":"BERNETTE 08 Straight Stitch","robots":{"index":"index","follow":"follow","max-snippet":"max-snippet:-1","max-image-preview":"max-image-preview:large","max-video-preview":"max-video-preview:-1"},"canonical":"https:\/\/www.creafil.lu\/de\/product\/bernette-08-straight-stitch\/","og_locale":"de_DE","og_type":"article","og_title":"BERNETTE 08 Straight Stitch - CREA Fil","og_description":"BERNETTE 08 Straight Stitch","og_url":"https:\/\/www.creafil.lu\/de\/product\/bernette-08-straight-stitch\/","og_site_name":"CREA Fil","article_modified_time":"2025-07-15T15:19:46+00:00","og_image":[{"width":8256,"height":5494,"url":"https:\/\/www.creafil.lu\/wp-content\/uploads\/2024\/11\/bernette_08_frontal_tisch.jpg","type":"image\/jpeg"}],"twitter_card":"summary_large_image","twitter_misc":{"Gesch\u00e4tzte Lesezeit":"2\u00a0Minuten"},"schema":{"@context":"https:\/\/schema.org","@graph":[{"@type":"WebPage","@id":"https:\/\/www.creafil.lu\/de\/product\/bernette-08-straight-stitch\/","url":"https:\/\/www.creafil.lu\/de\/product\/bernette-08-straight-stitch\/","name":"BERNETTE 08 Straight Stitch - CREA Fil","isPartOf":{"@id":"https:\/\/www.creafil.lu\/de\/#website"},"primaryImageOfPage":{"@id":"https:\/\/www.creafil.lu\/de\/product\/bernette-08-straight-stitch\/#primaryimage"},"image":{"@id":"https:\/\/www.creafil.lu\/de\/product\/bernette-08-straight-stitch\/#primaryimage"},"thumbnailUrl":"https:\/\/www.creafil.lu\/wp-content\/uploads\/2024\/11\/bernette_08_frontal_tisch.jpg","datePublished":"2024-11-15T09:11:26+00:00","dateModified":"2025-07-15T15:19:46+00:00","description":"BERNETTE 08 Straight Stitch","breadcrumb":{"@id":"https:\/\/www.creafil.lu\/de\/product\/bernette-08-straight-stitch\/#breadcrumb"},"inLanguage":"de","potentialAction":[{"@type":"ReadAction","target":["https:\/\/www.creafil.lu\/de\/product\/bernette-08-straight-stitch\/"]}]},{"@type":"ImageObject","inLanguage":"de","@id":"https:\/\/www.creafil.lu\/de\/product\/bernette-08-straight-stitch\/#primaryimage","url":"https:\/\/www.creafil.lu\/wp-content\/uploads\/2024\/11\/bernette_08_frontal_tisch.jpg","contentUrl":"https:\/\/www.creafil.lu\/wp-content\/uploads\/2024\/11\/bernette_08_frontal_tisch.jpg","width":8256,"height":5494,"caption":"BERNETTE 08 Straight Stitch"},{"@type":"BreadcrumbList","@id":"https:\/\/www.creafil.lu\/de\/product\/bernette-08-straight-stitch\/#breadcrumb","itemListElement":[{"@type":"ListItem","position":1,"name":"Home","item":"https:\/\/www.creafil.lu\/de\/"},{"@type":"ListItem","position":2,"name":"Shop","item":"https:\/\/www.creafil.lu\/de\/shop\/"},{"@type":"ListItem","position":3,"name":"BERNETTE 08 Straight Stitch"}]},{"@type":"WebSite","@id":"https:\/\/www.creafil.lu\/de\/#website","url":"https:\/\/www.creafil.lu\/de\/","name":"CREA Fil","description":"Magasin","potentialAction":[{"@type":"SearchAction","target":{"@type":"EntryPoint","urlTemplate":"https:\/\/www.creafil.lu\/de\/?s={search_term_string}"},"query-input":{"@type":"PropertyValueSpecification","valueRequired":true,"valueName":"search_term_string"}}],"inLanguage":"de"}]}},"_links":{"self":[{"href":"https:\/\/www.creafil.lu\/de\/wp-json\/wp\/v2\/product\/9013","targetHints":{"allow":["GET"]}}],"collection":[{"href":"https:\/\/www.creafil.lu\/de\/wp-json\/wp\/v2\/product"}],"about":[{"href":"https:\/\/www.creafil.lu\/de\/wp-json\/wp\/v2\/types\/product"}],"wp:featuredmedia":[{"embeddable":true,"href":"https:\/\/www.creafil.lu\/de\/wp-json\/wp\/v2\/media\/9023"}],"wp:attachment":[{"href":"https:\/\/www.creafil.lu\/de\/wp-json\/wp\/v2\/media?parent=9013"}],"wp:term":[{"taxonomy":"product_brand","embeddable":true,"href":"https:\/\/www.creafil.lu\/de\/wp-json\/wp\/v2\/product_brand?post=9013"},{"taxonomy":"product_cat","embeddable":true,"href":"https:\/\/www.creafil.lu\/de\/wp-json\/wp\/v2\/product_cat?post=9013"},{"taxonomy":"product_tag","embeddable":true,"href":"https:\/\/www.creafil.lu\/de\/wp-json\/wp\/v2\/product_tag?post=9013"}],"curies":[{"name":"wp","href":"https:\/\/api.w.org\/{rel}","templated":true}]}}