{"id":8954,"date":"2024-11-14T16:46:38","date_gmt":"2024-11-14T16:46:38","guid":{"rendered":"https:\/\/www.creafil.lu\/?post_type=product&#038;p=8954"},"modified":"2024-11-15T10:29:22","modified_gmt":"2024-11-15T10:29:22","slug":"bernette-b37","status":"publish","type":"product","link":"https:\/\/www.creafil.lu\/de\/product\/bernette-b37\/","title":{"rendered":"BERNETTE b37"},"content":{"rendered":"<ul>\n<li>LCD-Display<\/li>\n<li>Stich\u00fcbersicht und Quick Start Guide<\/li>\n<li>F\u00fcnf verschiedene Knopfl\u00f6cher<\/li>\n<li>50 Stiche, inkl. Zier- und Quiltstiche<\/li>\n<li>7 mm Stichbreite<\/li>\n<li>Start\/Stopp-Knopf<\/li>\n<li>Geschwindigkeitsregler<\/li>\n<\/ul>\n<h2 class=\"sub\">Grosse Anzahl an Stichmustern f\u00fcr mehr Flexibilit\u00e4t bei Deinen N\u00e4hprojekten<\/h2>\n<p>Die bernette 37 verf\u00fcgt \u00fcber 50 verschiedene Stiche, bestehend aus 17 Nutz- und Stretchstichen, 2 Stopfstichen sowie 19 Zierstichen, 5 Knopfl\u00f6cher und 7 Quiltstichen. Damit bist Du f\u00fcr jedes N\u00e4hprojekt ger\u00fcstet. Mit den Stretchstichen kannst Du elastische Jersey-Stoffe n\u00e4hen.<\/p>\n","protected":false},"excerpt":{"rendered":"<h2>Eine g\u00fcnstige N\u00e4hmaschine mit grossem Leistungsumfang und \u00fcberzeugender Stichqualit\u00e4t<\/h2>\n<p>Die bernette 37 ist ein kompaktes Computer Modell welches durch einfache Bedienung und eine robuste Bauweise \u00fcberzeugt. Sie verf\u00fcgt \u00fcber Funktionen, wie die praktische Start-\/ Stoppfunktion, mit der Du beim N\u00e4hen auch ohne Fusspedal arbeiten kannst. Ausserdem kannst Du mit der Funktion Nadelstopp oben\/unten selbst bestimmen, ob die Nadel bei einem Stopp im Stoff oder oben stoppt. Das ist besonders von Vorteil, wenn Du Ecken n\u00e4hen willst und den Stoff um die Nadel drehen m\u00f6chtest. Bei der bernette 37 l\u00e4sst sich ausserdem die N\u00e4hgeschwindigkeit individuell Deinen Bed\u00fcrfnissen und der Stoffart anpassen. Mit dem hellen LED-Licht ist die Arbeitsfl\u00e4che immer bestens ausgeleuchtet. Die bernette 37 wird mit 5 N\u00e4hf\u00fcssen (Sohlen) geliefert.<\/p>\n","protected":false},"featured_media":8958,"template":"","meta":{"_acf_changed":false,"inline_featured_image":false},"product_brand":[],"product_cat":[72],"product_tag":[],"class_list":{"0":"post-8954","1":"product","2":"type-product","3":"status-publish","4":"has-post-thumbnail","6":"product_cat-naehmaschine","8":"first","9":"instock","10":"taxable","11":"shipping-taxable","12":"purchasable","13":"product-type-simple"},"acf":[],"yoast_head":"<!-- This site is optimized with the Yoast SEO plugin v24.4 - https:\/\/yoast.com\/wordpress\/plugins\/seo\/ -->\n<title>BERNETTE b37 - CREA Fil<\/title>\n<meta name=\"robots\" content=\"index, follow, max-snippet:-1, max-image-preview:large, max-video-preview:-1\" \/>\n<link rel=\"canonical\" href=\"https:\/\/www.creafil.lu\/de\/product\/bernette-b37\/\" \/>\n<meta property=\"og:locale\" content=\"de_DE\" \/>\n<meta property=\"og:type\" content=\"article\" \/>\n<meta property=\"og:title\" content=\"BERNETTE b37 - CREA Fil\" \/>\n<meta property=\"og:description\" content=\"Eine g\u00fcnstige N\u00e4hmaschine mit grossem Leistungsumfang und \u00fcberzeugender Stichqualit\u00e4t Die bernette 37 ist ein kompaktes Computer Modell welches durch einfache Bedienung und eine robuste Bauweise \u00fcberzeugt. Sie verf\u00fcgt \u00fcber Funktionen, wie die praktische Start-\/ Stoppfunktion, mit der Du beim N\u00e4hen auch ohne Fusspedal arbeiten kannst. Ausserdem kannst Du mit der Funktion Nadelstopp oben\/unten selbst bestimmen, ob die Nadel bei einem Stopp im Stoff oder oben stoppt. Das ist besonders von Vorteil, wenn Du Ecken n\u00e4hen willst und den Stoff um die Nadel drehen m\u00f6chtest. Bei der bernette 37 l\u00e4sst sich ausserdem die N\u00e4hgeschwindigkeit individuell Deinen Bed\u00fcrfnissen und der Stoffart anpassen. Mit dem hellen LED-Licht ist die Arbeitsfl\u00e4che immer bestens ausgeleuchtet. Die bernette 37 wird mit 5 N\u00e4hf\u00fcssen (Sohlen) geliefert.\" \/>\n<meta property=\"og:url\" content=\"https:\/\/www.creafil.lu\/de\/product\/bernette-b37\/\" \/>\n<meta property=\"og:site_name\" content=\"CREA Fil\" \/>\n<meta property=\"article:modified_time\" content=\"2024-11-15T10:29:22+00:00\" \/>\n<meta property=\"og:image\" content=\"https:\/\/www.creafil.lu\/wp-content\/uploads\/2024\/11\/bernette-37_Frontal.jpg\" \/>\n\t<meta property=\"og:image:width\" content=\"640\" \/>\n\t<meta property=\"og:image:height\" content=\"480\" \/>\n\t<meta property=\"og:image:type\" content=\"image\/jpeg\" \/>\n<meta name=\"twitter:card\" content=\"summary_large_image\" \/>\n<meta name=\"twitter:label1\" content=\"Gesch\u00e4tzte Lesezeit\" \/>\n\t<meta name=\"twitter:data1\" content=\"1\u00a0Minute\" \/>\n<script type=\"application\/ld+json\" class=\"yoast-schema-graph\">{\"@context\":\"https:\/\/schema.org\",\"@graph\":[{\"@type\":\"WebPage\",\"@id\":\"https:\/\/www.creafil.lu\/de\/product\/bernette-b37\/\",\"url\":\"https:\/\/www.creafil.lu\/de\/product\/bernette-b37\/\",\"name\":\"BERNETTE b37 - CREA Fil\",\"isPartOf\":{\"@id\":\"https:\/\/www.creafil.lu\/de\/#website\"},\"primaryImageOfPage\":{\"@id\":\"https:\/\/www.creafil.lu\/de\/product\/bernette-b37\/#primaryimage\"},\"image\":{\"@id\":\"https:\/\/www.creafil.lu\/de\/product\/bernette-b37\/#primaryimage\"},\"thumbnailUrl\":\"https:\/\/www.creafil.lu\/wp-content\/uploads\/2024\/11\/bernette-37_Frontal-scaled.jpg\",\"datePublished\":\"2024-11-14T16:46:38+00:00\",\"dateModified\":\"2024-11-15T10:29:22+00:00\",\"breadcrumb\":{\"@id\":\"https:\/\/www.creafil.lu\/de\/product\/bernette-b37\/#breadcrumb\"},\"inLanguage\":\"de\",\"potentialAction\":[{\"@type\":\"ReadAction\",\"target\":[\"https:\/\/www.creafil.lu\/de\/product\/bernette-b37\/\"]}]},{\"@type\":\"ImageObject\",\"inLanguage\":\"de\",\"@id\":\"https:\/\/www.creafil.lu\/de\/product\/bernette-b37\/#primaryimage\",\"url\":\"https:\/\/www.creafil.lu\/wp-content\/uploads\/2024\/11\/bernette-37_Frontal-scaled.jpg\",\"contentUrl\":\"https:\/\/www.creafil.lu\/wp-content\/uploads\/2024\/11\/bernette-37_Frontal-scaled.jpg\",\"width\":8176,\"height\":6132},{\"@type\":\"BreadcrumbList\",\"@id\":\"https:\/\/www.creafil.lu\/de\/product\/bernette-b37\/#breadcrumb\",\"itemListElement\":[{\"@type\":\"ListItem\",\"position\":1,\"name\":\"Home\",\"item\":\"https:\/\/www.creafil.lu\/de\/\"},{\"@type\":\"ListItem\",\"position\":2,\"name\":\"Shop\",\"item\":\"https:\/\/www.creafil.lu\/de\/shop\/\"},{\"@type\":\"ListItem\",\"position\":3,\"name\":\"BERNETTE b37\"}]},{\"@type\":\"WebSite\",\"@id\":\"https:\/\/www.creafil.lu\/de\/#website\",\"url\":\"https:\/\/www.creafil.lu\/de\/\",\"name\":\"CREA Fil\",\"description\":\"Magasin\",\"potentialAction\":[{\"@type\":\"SearchAction\",\"target\":{\"@type\":\"EntryPoint\",\"urlTemplate\":\"https:\/\/www.creafil.lu\/de\/?s={search_term_string}\"},\"query-input\":{\"@type\":\"PropertyValueSpecification\",\"valueRequired\":true,\"valueName\":\"search_term_string\"}}],\"inLanguage\":\"de\"}]}<\/script>\n<!-- \/ Yoast SEO plugin. -->","yoast_head_json":{"title":"BERNETTE b37 - CREA Fil","robots":{"index":"index","follow":"follow","max-snippet":"max-snippet:-1","max-image-preview":"max-image-preview:large","max-video-preview":"max-video-preview:-1"},"canonical":"https:\/\/www.creafil.lu\/de\/product\/bernette-b37\/","og_locale":"de_DE","og_type":"article","og_title":"BERNETTE b37 - CREA Fil","og_description":"Eine g\u00fcnstige N\u00e4hmaschine mit grossem Leistungsumfang und \u00fcberzeugender Stichqualit\u00e4t Die bernette 37 ist ein kompaktes Computer Modell welches durch einfache Bedienung und eine robuste Bauweise \u00fcberzeugt. Sie verf\u00fcgt \u00fcber Funktionen, wie die praktische Start-\/ Stoppfunktion, mit der Du beim N\u00e4hen auch ohne Fusspedal arbeiten kannst. Ausserdem kannst Du mit der Funktion Nadelstopp oben\/unten selbst bestimmen, ob die Nadel bei einem Stopp im Stoff oder oben stoppt. Das ist besonders von Vorteil, wenn Du Ecken n\u00e4hen willst und den Stoff um die Nadel drehen m\u00f6chtest. Bei der bernette 37 l\u00e4sst sich ausserdem die N\u00e4hgeschwindigkeit individuell Deinen Bed\u00fcrfnissen und der Stoffart anpassen. Mit dem hellen LED-Licht ist die Arbeitsfl\u00e4che immer bestens ausgeleuchtet. Die bernette 37 wird mit 5 N\u00e4hf\u00fcssen (Sohlen) geliefert.","og_url":"https:\/\/www.creafil.lu\/de\/product\/bernette-b37\/","og_site_name":"CREA Fil","article_modified_time":"2024-11-15T10:29:22+00:00","og_image":[{"url":"https:\/\/www.creafil.lu\/wp-content\/uploads\/2024\/11\/bernette-37_Frontal.jpg","width":640,"height":480,"type":"image\/jpeg"}],"twitter_card":"summary_large_image","twitter_misc":{"Gesch\u00e4tzte Lesezeit":"1\u00a0Minute"},"schema":{"@context":"https:\/\/schema.org","@graph":[{"@type":"WebPage","@id":"https:\/\/www.creafil.lu\/de\/product\/bernette-b37\/","url":"https:\/\/www.creafil.lu\/de\/product\/bernette-b37\/","name":"BERNETTE b37 - CREA Fil","isPartOf":{"@id":"https:\/\/www.creafil.lu\/de\/#website"},"primaryImageOfPage":{"@id":"https:\/\/www.creafil.lu\/de\/product\/bernette-b37\/#primaryimage"},"image":{"@id":"https:\/\/www.creafil.lu\/de\/product\/bernette-b37\/#primaryimage"},"thumbnailUrl":"https:\/\/www.creafil.lu\/wp-content\/uploads\/2024\/11\/bernette-37_Frontal-scaled.jpg","datePublished":"2024-11-14T16:46:38+00:00","dateModified":"2024-11-15T10:29:22+00:00","breadcrumb":{"@id":"https:\/\/www.creafil.lu\/de\/product\/bernette-b37\/#breadcrumb"},"inLanguage":"de","potentialAction":[{"@type":"ReadAction","target":["https:\/\/www.creafil.lu\/de\/product\/bernette-b37\/"]}]},{"@type":"ImageObject","inLanguage":"de","@id":"https:\/\/www.creafil.lu\/de\/product\/bernette-b37\/#primaryimage","url":"https:\/\/www.creafil.lu\/wp-content\/uploads\/2024\/11\/bernette-37_Frontal-scaled.jpg","contentUrl":"https:\/\/www.creafil.lu\/wp-content\/uploads\/2024\/11\/bernette-37_Frontal-scaled.jpg","width":8176,"height":6132},{"@type":"BreadcrumbList","@id":"https:\/\/www.creafil.lu\/de\/product\/bernette-b37\/#breadcrumb","itemListElement":[{"@type":"ListItem","position":1,"name":"Home","item":"https:\/\/www.creafil.lu\/de\/"},{"@type":"ListItem","position":2,"name":"Shop","item":"https:\/\/www.creafil.lu\/de\/shop\/"},{"@type":"ListItem","position":3,"name":"BERNETTE b37"}]},{"@type":"WebSite","@id":"https:\/\/www.creafil.lu\/de\/#website","url":"https:\/\/www.creafil.lu\/de\/","name":"CREA Fil","description":"Magasin","potentialAction":[{"@type":"SearchAction","target":{"@type":"EntryPoint","urlTemplate":"https:\/\/www.creafil.lu\/de\/?s={search_term_string}"},"query-input":{"@type":"PropertyValueSpecification","valueRequired":true,"valueName":"search_term_string"}}],"inLanguage":"de"}]}},"_links":{"self":[{"href":"https:\/\/www.creafil.lu\/de\/wp-json\/wp\/v2\/product\/8954","targetHints":{"allow":["GET"]}}],"collection":[{"href":"https:\/\/www.creafil.lu\/de\/wp-json\/wp\/v2\/product"}],"about":[{"href":"https:\/\/www.creafil.lu\/de\/wp-json\/wp\/v2\/types\/product"}],"wp:featuredmedia":[{"embeddable":true,"href":"https:\/\/www.creafil.lu\/de\/wp-json\/wp\/v2\/media\/8958"}],"wp:attachment":[{"href":"https:\/\/www.creafil.lu\/de\/wp-json\/wp\/v2\/media?parent=8954"}],"wp:term":[{"taxonomy":"product_brand","embeddable":true,"href":"https:\/\/www.creafil.lu\/de\/wp-json\/wp\/v2\/product_brand?post=8954"},{"taxonomy":"product_cat","embeddable":true,"href":"https:\/\/www.creafil.lu\/de\/wp-json\/wp\/v2\/product_cat?post=8954"},{"taxonomy":"product_tag","embeddable":true,"href":"https:\/\/www.creafil.lu\/de\/wp-json\/wp\/v2\/product_tag?post=8954"}],"curies":[{"name":"wp","href":"https:\/\/api.w.org\/{rel}","templated":true}]}}