{"id":8921,"date":"2024-11-14T16:05:51","date_gmt":"2024-11-14T16:05:51","guid":{"rendered":"https:\/\/www.creafil.lu\/?post_type=product&#038;p=8921"},"modified":"2025-07-16T06:51:02","modified_gmt":"2025-07-16T06:51:02","slug":"bernette-b05-academy","status":"publish","type":"product","link":"https:\/\/www.creafil.lu\/de\/product\/bernette-b05-academy\/","title":{"rendered":"BERNETTE b05 ACADEMY"},"content":{"rendered":"<ul>\n<li>Geschwindigkeit bis zu 1100 Stiche pro Minute<\/li>\n<li>Auswahl an 30 exklusiven Stichen<\/li>\n<li>Inklusive Lycra- und Pariserstich<\/li>\n<li>Fingerschutz<\/li>\n<li>2 helle LEDs leuchten den N\u00e4hbereich optimal aus<\/li>\n<li>Hauptschalter mit Geschwindigkeitsbegrenzung<\/li>\n<li>12 N\u00e4hf\u00fcsse inbegriffen<\/li>\n<li>Hochwertiger Anschiebetisch<\/li>\n<li>Verstellbarer N\u00e4hfussdruck<\/li>\n<\/ul>\n<h2 class=\"sub\">Exklusive Stichauswahl f\u00fcr all deine Bed\u00fcrfnisse<\/h2>\n<p>Die Stichauswahl der b05 bietet nicht nur 30 unverzichtbare Stiche einschliesslich des 1-Stufen-Knopflochs, sondern auch die beiden am h\u00e4ufigsten gew\u00fcnschten Stiche: Lycra-Stich f\u00fcr superelastische Materialien und Pariser-Stich.<\/p>\n<p>&nbsp;<\/p>\n","protected":false},"excerpt":{"rendered":"<h2>Dein schneller und robuster Allesk\u00f6nner<\/h2>\n<p>Ausgestattet mit zahlreichen Funktionen, 30 exklusiven Stichen und einem schnellen Motor kannst du mit der b05 ACADEMY deine verr\u00fccktesten Ideen ratzfatz umsetzen. Soll es bei kniffligen Projekten mal langsamer zugehen, l\u00e4sst sich die maximal m\u00f6gliche N\u00e4hgeschwindigkeit verringern. Mit den 12 enthaltenen N\u00e4hf\u00fcssen und einem leicht anzubringenden Fingerschutz wird jede Naht zum Kinderspiel. Noch mehr N\u00e4hfl\u00e4che bekommst du mit dem grossen, komfortablen Anschiebetisch. Wer weiss, welche Einf\u00e4lle du morgen hast? Die b05 ACADEMY ist immer f\u00fcr dich da.<\/p>\n","protected":false},"featured_media":8922,"template":"","meta":{"_acf_changed":false,"inline_featured_image":false},"product_brand":[],"product_cat":[72],"product_tag":[],"class_list":{"0":"post-8921","1":"product","2":"type-product","3":"status-publish","4":"has-post-thumbnail","6":"product_cat-naehmaschine","8":"first","9":"instock","10":"taxable","11":"shipping-taxable","12":"purchasable","13":"product-type-simple"},"acf":[],"yoast_head":"<!-- This site is optimized with the Yoast SEO plugin v24.4 - https:\/\/yoast.com\/wordpress\/plugins\/seo\/ -->\n<title>BERNETTE b05 ACADEMY - CREA Fil<\/title>\n<meta name=\"description\" content=\"BERNETTE b05 ACADEMY\" \/>\n<meta name=\"robots\" content=\"index, follow, max-snippet:-1, max-image-preview:large, max-video-preview:-1\" \/>\n<link rel=\"canonical\" href=\"https:\/\/www.creafil.lu\/de\/product\/bernette-b05-academy\/\" \/>\n<meta property=\"og:locale\" content=\"de_DE\" \/>\n<meta property=\"og:type\" content=\"article\" \/>\n<meta property=\"og:title\" content=\"BERNETTE b05 ACADEMY - CREA Fil\" \/>\n<meta property=\"og:description\" content=\"BERNETTE b05 ACADEMY\" \/>\n<meta property=\"og:url\" content=\"https:\/\/www.creafil.lu\/de\/product\/bernette-b05-academy\/\" \/>\n<meta property=\"og:site_name\" content=\"CREA Fil\" \/>\n<meta property=\"article:modified_time\" content=\"2025-07-16T06:51:02+00:00\" \/>\n<meta property=\"og:image\" content=\"https:\/\/www.creafil.lu\/wp-content\/uploads\/2024\/11\/b05_Academy_Frontal_Freiarm.jpg\" \/>\n\t<meta property=\"og:image:width\" content=\"640\" \/>\n\t<meta property=\"og:image:height\" content=\"480\" \/>\n\t<meta property=\"og:image:type\" content=\"image\/jpeg\" \/>\n<meta name=\"twitter:card\" content=\"summary_large_image\" \/>\n<meta name=\"twitter:label1\" content=\"Gesch\u00e4tzte Lesezeit\" \/>\n\t<meta name=\"twitter:data1\" content=\"1\u00a0Minute\" \/>\n<script type=\"application\/ld+json\" class=\"yoast-schema-graph\">{\"@context\":\"https:\/\/schema.org\",\"@graph\":[{\"@type\":\"WebPage\",\"@id\":\"https:\/\/www.creafil.lu\/de\/product\/bernette-b05-academy\/\",\"url\":\"https:\/\/www.creafil.lu\/de\/product\/bernette-b05-academy\/\",\"name\":\"BERNETTE b05 ACADEMY - CREA Fil\",\"isPartOf\":{\"@id\":\"https:\/\/www.creafil.lu\/de\/#website\"},\"primaryImageOfPage\":{\"@id\":\"https:\/\/www.creafil.lu\/de\/product\/bernette-b05-academy\/#primaryimage\"},\"image\":{\"@id\":\"https:\/\/www.creafil.lu\/de\/product\/bernette-b05-academy\/#primaryimage\"},\"thumbnailUrl\":\"https:\/\/www.creafil.lu\/wp-content\/uploads\/2024\/11\/b05_Academy_Frontal_Freiarm-scaled.jpg\",\"datePublished\":\"2024-11-14T16:05:51+00:00\",\"dateModified\":\"2025-07-16T06:51:02+00:00\",\"description\":\"BERNETTE b05 ACADEMY\",\"breadcrumb\":{\"@id\":\"https:\/\/www.creafil.lu\/de\/product\/bernette-b05-academy\/#breadcrumb\"},\"inLanguage\":\"de\",\"potentialAction\":[{\"@type\":\"ReadAction\",\"target\":[\"https:\/\/www.creafil.lu\/de\/product\/bernette-b05-academy\/\"]}]},{\"@type\":\"ImageObject\",\"inLanguage\":\"de\",\"@id\":\"https:\/\/www.creafil.lu\/de\/product\/bernette-b05-academy\/#primaryimage\",\"url\":\"https:\/\/www.creafil.lu\/wp-content\/uploads\/2024\/11\/b05_Academy_Frontal_Freiarm-scaled.jpg\",\"contentUrl\":\"https:\/\/www.creafil.lu\/wp-content\/uploads\/2024\/11\/b05_Academy_Frontal_Freiarm-scaled.jpg\",\"width\":8176,\"height\":6132,\"caption\":\"BERNETTE b05 ACADEMY\"},{\"@type\":\"BreadcrumbList\",\"@id\":\"https:\/\/www.creafil.lu\/de\/product\/bernette-b05-academy\/#breadcrumb\",\"itemListElement\":[{\"@type\":\"ListItem\",\"position\":1,\"name\":\"Home\",\"item\":\"https:\/\/www.creafil.lu\/de\/\"},{\"@type\":\"ListItem\",\"position\":2,\"name\":\"Shop\",\"item\":\"https:\/\/www.creafil.lu\/de\/shop\/\"},{\"@type\":\"ListItem\",\"position\":3,\"name\":\"BERNETTE b05 ACADEMY\"}]},{\"@type\":\"WebSite\",\"@id\":\"https:\/\/www.creafil.lu\/de\/#website\",\"url\":\"https:\/\/www.creafil.lu\/de\/\",\"name\":\"CREA Fil\",\"description\":\"Magasin\",\"potentialAction\":[{\"@type\":\"SearchAction\",\"target\":{\"@type\":\"EntryPoint\",\"urlTemplate\":\"https:\/\/www.creafil.lu\/de\/?s={search_term_string}\"},\"query-input\":{\"@type\":\"PropertyValueSpecification\",\"valueRequired\":true,\"valueName\":\"search_term_string\"}}],\"inLanguage\":\"de\"}]}<\/script>\n<!-- \/ Yoast SEO plugin. -->","yoast_head_json":{"title":"BERNETTE b05 ACADEMY - CREA Fil","description":"BERNETTE b05 ACADEMY","robots":{"index":"index","follow":"follow","max-snippet":"max-snippet:-1","max-image-preview":"max-image-preview:large","max-video-preview":"max-video-preview:-1"},"canonical":"https:\/\/www.creafil.lu\/de\/product\/bernette-b05-academy\/","og_locale":"de_DE","og_type":"article","og_title":"BERNETTE b05 ACADEMY - CREA Fil","og_description":"BERNETTE b05 ACADEMY","og_url":"https:\/\/www.creafil.lu\/de\/product\/bernette-b05-academy\/","og_site_name":"CREA Fil","article_modified_time":"2025-07-16T06:51:02+00:00","og_image":[{"url":"https:\/\/www.creafil.lu\/wp-content\/uploads\/2024\/11\/b05_Academy_Frontal_Freiarm.jpg","width":640,"height":480,"type":"image\/jpeg"}],"twitter_card":"summary_large_image","twitter_misc":{"Gesch\u00e4tzte Lesezeit":"1\u00a0Minute"},"schema":{"@context":"https:\/\/schema.org","@graph":[{"@type":"WebPage","@id":"https:\/\/www.creafil.lu\/de\/product\/bernette-b05-academy\/","url":"https:\/\/www.creafil.lu\/de\/product\/bernette-b05-academy\/","name":"BERNETTE b05 ACADEMY - CREA Fil","isPartOf":{"@id":"https:\/\/www.creafil.lu\/de\/#website"},"primaryImageOfPage":{"@id":"https:\/\/www.creafil.lu\/de\/product\/bernette-b05-academy\/#primaryimage"},"image":{"@id":"https:\/\/www.creafil.lu\/de\/product\/bernette-b05-academy\/#primaryimage"},"thumbnailUrl":"https:\/\/www.creafil.lu\/wp-content\/uploads\/2024\/11\/b05_Academy_Frontal_Freiarm-scaled.jpg","datePublished":"2024-11-14T16:05:51+00:00","dateModified":"2025-07-16T06:51:02+00:00","description":"BERNETTE b05 ACADEMY","breadcrumb":{"@id":"https:\/\/www.creafil.lu\/de\/product\/bernette-b05-academy\/#breadcrumb"},"inLanguage":"de","potentialAction":[{"@type":"ReadAction","target":["https:\/\/www.creafil.lu\/de\/product\/bernette-b05-academy\/"]}]},{"@type":"ImageObject","inLanguage":"de","@id":"https:\/\/www.creafil.lu\/de\/product\/bernette-b05-academy\/#primaryimage","url":"https:\/\/www.creafil.lu\/wp-content\/uploads\/2024\/11\/b05_Academy_Frontal_Freiarm-scaled.jpg","contentUrl":"https:\/\/www.creafil.lu\/wp-content\/uploads\/2024\/11\/b05_Academy_Frontal_Freiarm-scaled.jpg","width":8176,"height":6132,"caption":"BERNETTE b05 ACADEMY"},{"@type":"BreadcrumbList","@id":"https:\/\/www.creafil.lu\/de\/product\/bernette-b05-academy\/#breadcrumb","itemListElement":[{"@type":"ListItem","position":1,"name":"Home","item":"https:\/\/www.creafil.lu\/de\/"},{"@type":"ListItem","position":2,"name":"Shop","item":"https:\/\/www.creafil.lu\/de\/shop\/"},{"@type":"ListItem","position":3,"name":"BERNETTE b05 ACADEMY"}]},{"@type":"WebSite","@id":"https:\/\/www.creafil.lu\/de\/#website","url":"https:\/\/www.creafil.lu\/de\/","name":"CREA Fil","description":"Magasin","potentialAction":[{"@type":"SearchAction","target":{"@type":"EntryPoint","urlTemplate":"https:\/\/www.creafil.lu\/de\/?s={search_term_string}"},"query-input":{"@type":"PropertyValueSpecification","valueRequired":true,"valueName":"search_term_string"}}],"inLanguage":"de"}]}},"_links":{"self":[{"href":"https:\/\/www.creafil.lu\/de\/wp-json\/wp\/v2\/product\/8921","targetHints":{"allow":["GET"]}}],"collection":[{"href":"https:\/\/www.creafil.lu\/de\/wp-json\/wp\/v2\/product"}],"about":[{"href":"https:\/\/www.creafil.lu\/de\/wp-json\/wp\/v2\/types\/product"}],"wp:featuredmedia":[{"embeddable":true,"href":"https:\/\/www.creafil.lu\/de\/wp-json\/wp\/v2\/media\/8922"}],"wp:attachment":[{"href":"https:\/\/www.creafil.lu\/de\/wp-json\/wp\/v2\/media?parent=8921"}],"wp:term":[{"taxonomy":"product_brand","embeddable":true,"href":"https:\/\/www.creafil.lu\/de\/wp-json\/wp\/v2\/product_brand?post=8921"},{"taxonomy":"product_cat","embeddable":true,"href":"https:\/\/www.creafil.lu\/de\/wp-json\/wp\/v2\/product_cat?post=8921"},{"taxonomy":"product_tag","embeddable":true,"href":"https:\/\/www.creafil.lu\/de\/wp-json\/wp\/v2\/product_tag?post=8921"}],"curies":[{"name":"wp","href":"https:\/\/api.w.org\/{rel}","templated":true}]}}