{"id":8920,"date":"2024-11-13T13:32:25","date_gmt":"2024-11-13T13:32:25","guid":{"rendered":"https:\/\/www.creafil.lu\/?post_type=product&#038;p=8920"},"modified":"2026-01-26T09:42:39","modified_gmt":"2026-01-26T09:42:39","slug":"bernina-l890","status":"publish","type":"product","link":"https:\/\/www.creafil.lu\/de\/product\/bernina-l890\/","title":{"rendered":"BERNINA L890 Overlock-\/Coverlockmaschine"},"content":{"rendered":"<h2>One-Step BERNINA Lufteinf\u00e4dler<\/h2>\n<div class=\"r-text-block\">\n<ul>\n<li>Per Luft die Maschine einf\u00e4deln<\/li>\n<li>Automatisch richtige Position der Greifer<\/li>\n<li>Einf\u00e4deln, das Spass macht<\/li>\n<\/ul>\n<\/div>\n<p>Die F\u00e4den werden mit einem Tritt auf das Fusspedal ruckzuck per Luft durch die Maschine gef\u00fchrt. Beide H\u00e4nde bleiben somit zum F\u00fchren der F\u00e4den frei. Die L 890 bringt die Greifer automatisch in die richtige Position f\u00fcr den Lufteinf\u00e4dler \u2013 einfach den Fussanlasser dr\u00fccken und los gehts!<\/p>\n<h2>Intuitive Bedienung per Touchscreen<\/h2>\n<div class=\"r-text-block\">\n<ul>\n<li>Zentral platzierter farbiger Touchscreen<\/li>\n<li>N\u00e4hberater und Stichoptimierer<\/li>\n<li>Expertenmodus oder gef\u00fchrter Modus<\/li>\n<\/ul>\n<\/div>\n<p>Ob Stichauswahl, individuelle Sticheinstellungen oder pers\u00f6nlicher Speicher \u2013 der Touchscreen h\u00e4lt alle Informationen jederzeit bereit und l\u00e4sst \u00c4nderungen w\u00e4hrend des N\u00e4hens zu. Die L\u00a0890 bietet einen gef\u00fchrten Modus und Expertenmodus. Sowohl im Experten- als auch im gef\u00fchrten Modus wird automatisch die Fadenspannung, die Stichl\u00e4nge und der Differenzialtransport eingestellt.<\/p>\n<h2>Perfekte N\u00e4hte dank totaler Stichkontrolle<\/h2>\n<div class=\"r-text-block\">\n<ul>\n<li>Speicher f\u00fcr 100 pers\u00f6nliche Stiche<\/li>\n<li>N\u00e4hen &amp; trotzdem Einstellungen \u00e4ndern<\/li>\n<li>Nadelstopp je nach Anwendung permanent oben oder unten einstellbar<\/li>\n<\/ul>\n<\/div>\n<p>Stichl\u00e4nge, Differenzialtransport, Fadenspannung, Schnittbreite oder jeder andere Stichparameter kann auch w\u00e4hrend des N\u00e4hens eingestellt werden. Per einfachem Dreh am mtc-Knopf k\u00f6nnen Sie die Menge des Schlingfadens, der die Stoffkante umschliesst, feineinstellen.<\/p>\n<h2>Funktionen, die Sie lieben werden<\/h2>\n<div class=\"r-text-block\">\n<ul>\n<li>Halbe Stiche n\u00e4hen<\/li>\n<li>BERNINA Freihandystem (FHS) um den N\u00e4hfuss zu heben und zu senken<\/li>\n<li>Leichter Zugang zu den Nadeln dank ausschwenkbarem N\u00e4hfuss<\/li>\n<\/ul>\n<\/div>\n<p>Wenn Sie mit der Ferse auf den Fussanlasser dr\u00fccken, k\u00f6nnen Sie leicht einen halben Stich n\u00e4hen. Mit dem BERNINA Freihandsystem (FHS) heben oder senken Sie den N\u00e4hfuss mit dem Knie, so dass Sie beide H\u00e4nde frei haben, um den Stoff zu f\u00fchren.<\/p>\n<div class=\"content-width\">\n<div class=\"box aos-init aos-animate\" data-aos=\"fade-up\">\n<h2>Grossz\u00fcgiger N\u00e4hbereich<\/h2>\n<div class=\"r-text-block\">\n<ul>\n<li>143 mm Platz rechts der Nadel<\/li>\n<li>Anschiebetisch inklusive<\/li>\n<li>Praktischer Freiarm<\/li>\n<\/ul>\n<\/div>\n<p>Der Platz, den die L\u00a0890 bietet, ist im wahrsten Sinne des Wortes grossartig. Sie erhalten mehr Platz rechts der Nadeln und mehr Durchlassh\u00f6he als jemals zuvor bei einer BERNINA Overlock\/Coverstich-Combomaschine. Der praktische Freiarm ist beim N\u00e4hen von geschlossenen Textilien von Vorteil, denn \u00c4rmel oder B\u00fcndchen k\u00f6nnen einfach dar\u00fcbergest\u00fclpt werden.<\/p>\n<\/div>\n<div data-aos=\"fade-up\">\n<h3>Extrem schnell, pr\u00e4zise &amp; leise<\/h3>\n<div class=\"r-text-block\">\n<ul>\n<li>Bis zu 1350 Stiche pro Minute n\u00e4hen<\/li>\n<li>Starke, konstante Leistung &amp; Pr\u00e4zision<\/li>\n<li>Einzigartig hohe Laufruhe<\/li>\n<\/ul>\n<\/div>\n<p>Nicht nur schnelles N\u00e4hen, sondern auch langsames Stich-f\u00fcr-Stich-N\u00e4hen ist m\u00f6glich, was die einwandfreie Umsetzung von pr\u00e4zisen Linien und Kurven deutlich erleichtert. Zudem werden Sie die extrem hohe Laufruhe der L 890 geniessen. Das Beste: die maximale und minimale Geschwindigkeit k\u00f6nnen Sie jederzeit und einfach auf dem Touchscreen anpassen.<\/p>\n<h3>F\u00fcr jede Idee die passende Naht<\/h3>\n<div class=\"r-text-block\">\n<ul>\n<li>F\u00fcr eine Vielzahl an Stoffen &amp; F\u00e4den<\/li>\n<li>N\u00e4hen Sie entweder mit 2, 3, 4 oder 5 F\u00e4den<\/li>\n<li>F\u00fcr Overlock-, Ketten- &amp; Combostiche<\/li>\n<\/ul>\n<\/div>\n<p>Die L 890 n\u00e4ht mit 2, 3, 4 oder 5 F\u00e4den und bietet damit f\u00fcr jede Anwendung und jeden Stoff die passende Naht, besonders bei hochelastischen und gestrickten Stoffen. Als Combomaschine bietet sie gleich drei verschiedene Funktionen: Overlockstiche, Coverstiche sowie 4- und 5-Faden-Combostiche.<\/p>\n<h3>Ruckzuck einf\u00e4deln<\/h3>\n<div class=\"r-text-block\">\n<ul>\n<li>Farblich markierte Einf\u00e4delwege<\/li>\n<li>Leichter Wechsel zwischen den verschiedenen Stichen<\/li>\n<li>Automatischer Nadelstopp oben oder unten<\/li>\n<\/ul>\n<\/div>\n<p>Farbig markierte, einheitliche Einf\u00e4delwege erm\u00f6glichen den Wechsel von Overlock- zu Cover- oder Combostich in k\u00fcrzester Zeit. Hilfreiche Animationen auf dem farbigen Touchscreen erleichtern Ihnen die Bedienung und das Einrichten der Maschine.<\/p>\n<\/div>\n<\/div>\n","protected":false},"excerpt":{"rendered":"<h3>Die revolution\u00e4re Overlock\/Coverstich-Combo<\/h3>\n<div class=\"product-desc\">\n<ul>\n<li class=\"berninaicon-arrow-rt\">One-Step BERNINA Lufteinf\u00e4dler<\/li>\n<li class=\"berninaicon-arrow-rt\">Intuitive Bedienung per Touchscreen<\/li>\n<li class=\"berninaicon-arrow-rt\">Schnell, pr\u00e4zise &amp; leise<\/li>\n<li class=\"berninaicon-arrow-rt\">Einfach komfortabel<\/li>\n<li class=\"berninaicon-arrow-rt\">Totale Stichkontrolle<\/li>\n<\/ul>\n<\/div>\n","protected":false},"featured_media":8889,"template":"","meta":{"_acf_changed":false,"inline_featured_image":false},"product_brand":[],"product_cat":[72],"product_tag":[],"class_list":{"0":"post-8920","1":"product","2":"type-product","3":"status-publish","4":"has-post-thumbnail","6":"product_cat-naehmaschine","8":"first","9":"instock","10":"sale","11":"featured","12":"taxable","13":"shipping-taxable","14":"purchasable","15":"product-type-simple"},"acf":[],"yoast_head":"<!-- This site is optimized with the Yoast SEO plugin v24.4 - https:\/\/yoast.com\/wordpress\/plugins\/seo\/ -->\n<title>BERNINA L890 Overlock-\/Coverlockmaschine - CREA Fil<\/title>\n<meta name=\"description\" content=\"BERNINA L890 Die revolution\u00e4re Overlock\/Coverstich-ComboOne-Step BERNINA Lufteinf\u00e4dlerIntuitive Bedienung per TouchscreenSchnell, pr\u00e4zise &amp; leiseEinfach komfortabelTotale Stichkontrolle\" \/>\n<meta name=\"robots\" content=\"index, follow, max-snippet:-1, max-image-preview:large, max-video-preview:-1\" \/>\n<link rel=\"canonical\" href=\"https:\/\/www.creafil.lu\/de\/product\/bernina-l890\/\" \/>\n<meta property=\"og:locale\" content=\"de_DE\" \/>\n<meta property=\"og:type\" content=\"article\" \/>\n<meta property=\"og:title\" content=\"BERNINA L890 Overlock-\/Coverlockmaschine - CREA Fil\" \/>\n<meta property=\"og:description\" content=\"BERNINA L890 Die revolution\u00e4re Overlock\/Coverstich-ComboOne-Step BERNINA Lufteinf\u00e4dlerIntuitive Bedienung per TouchscreenSchnell, pr\u00e4zise &amp; leiseEinfach komfortabelTotale Stichkontrolle\" \/>\n<meta property=\"og:url\" content=\"https:\/\/www.creafil.lu\/de\/product\/bernina-l890\/\" \/>\n<meta property=\"og:site_name\" content=\"CREA Fil\" \/>\n<meta property=\"article:modified_time\" content=\"2026-01-26T09:42:39+00:00\" \/>\n<meta property=\"og:image\" content=\"https:\/\/www.creafil.lu\/wp-content\/uploads\/2024\/11\/L-890_Frontal_Combo_Freiarm_mit-Behaelter.jpg\" \/>\n\t<meta property=\"og:image:width\" content=\"8176\" \/>\n\t<meta property=\"og:image:height\" content=\"6132\" \/>\n\t<meta property=\"og:image:type\" content=\"image\/jpeg\" \/>\n<meta name=\"twitter:card\" content=\"summary_large_image\" \/>\n<meta name=\"twitter:label1\" content=\"Gesch\u00e4tzte Lesezeit\" \/>\n\t<meta name=\"twitter:data1\" content=\"3\u00a0Minuten\" \/>\n<script type=\"application\/ld+json\" class=\"yoast-schema-graph\">{\"@context\":\"https:\/\/schema.org\",\"@graph\":[{\"@type\":\"WebPage\",\"@id\":\"https:\/\/www.creafil.lu\/de\/product\/bernina-l890\/\",\"url\":\"https:\/\/www.creafil.lu\/de\/product\/bernina-l890\/\",\"name\":\"BERNINA L890 Overlock-\/Coverlockmaschine - CREA Fil\",\"isPartOf\":{\"@id\":\"https:\/\/www.creafil.lu\/de\/#website\"},\"primaryImageOfPage\":{\"@id\":\"https:\/\/www.creafil.lu\/de\/product\/bernina-l890\/#primaryimage\"},\"image\":{\"@id\":\"https:\/\/www.creafil.lu\/de\/product\/bernina-l890\/#primaryimage\"},\"thumbnailUrl\":\"https:\/\/www.creafil.lu\/wp-content\/uploads\/2024\/11\/L-890_Frontal_Combo_Freiarm_mit-Behaelter-scaled.jpg\",\"datePublished\":\"2024-11-13T13:32:25+00:00\",\"dateModified\":\"2026-01-26T09:42:39+00:00\",\"description\":\"BERNINA L890 Die revolution\u00e4re Overlock\/Coverstich-ComboOne-Step BERNINA Lufteinf\u00e4dlerIntuitive Bedienung per TouchscreenSchnell, pr\u00e4zise & leiseEinfach komfortabelTotale Stichkontrolle\",\"breadcrumb\":{\"@id\":\"https:\/\/www.creafil.lu\/de\/product\/bernina-l890\/#breadcrumb\"},\"inLanguage\":\"de\",\"potentialAction\":[{\"@type\":\"ReadAction\",\"target\":[\"https:\/\/www.creafil.lu\/de\/product\/bernina-l890\/\"]}]},{\"@type\":\"ImageObject\",\"inLanguage\":\"de\",\"@id\":\"https:\/\/www.creafil.lu\/de\/product\/bernina-l890\/#primaryimage\",\"url\":\"https:\/\/www.creafil.lu\/wp-content\/uploads\/2024\/11\/L-890_Frontal_Combo_Freiarm_mit-Behaelter-scaled.jpg\",\"contentUrl\":\"https:\/\/www.creafil.lu\/wp-content\/uploads\/2024\/11\/L-890_Frontal_Combo_Freiarm_mit-Behaelter-scaled.jpg\",\"width\":8176,\"height\":6132,\"caption\":\"Bernina L890 Overlock\/Coverlock\"},{\"@type\":\"BreadcrumbList\",\"@id\":\"https:\/\/www.creafil.lu\/de\/product\/bernina-l890\/#breadcrumb\",\"itemListElement\":[{\"@type\":\"ListItem\",\"position\":1,\"name\":\"Home\",\"item\":\"https:\/\/www.creafil.lu\/de\/\"},{\"@type\":\"ListItem\",\"position\":2,\"name\":\"Shop\",\"item\":\"https:\/\/www.creafil.lu\/de\/shop\/\"},{\"@type\":\"ListItem\",\"position\":3,\"name\":\"BERNINA L890 Overlock-\/Coverlockmaschine\"}]},{\"@type\":\"WebSite\",\"@id\":\"https:\/\/www.creafil.lu\/de\/#website\",\"url\":\"https:\/\/www.creafil.lu\/de\/\",\"name\":\"CREA Fil\",\"description\":\"Magasin\",\"potentialAction\":[{\"@type\":\"SearchAction\",\"target\":{\"@type\":\"EntryPoint\",\"urlTemplate\":\"https:\/\/www.creafil.lu\/de\/?s={search_term_string}\"},\"query-input\":{\"@type\":\"PropertyValueSpecification\",\"valueRequired\":true,\"valueName\":\"search_term_string\"}}],\"inLanguage\":\"de\"}]}<\/script>\n<!-- \/ Yoast SEO plugin. -->","yoast_head_json":{"title":"BERNINA L890 Overlock-\/Coverlockmaschine - CREA Fil","description":"BERNINA L890 Die revolution\u00e4re Overlock\/Coverstich-ComboOne-Step BERNINA Lufteinf\u00e4dlerIntuitive Bedienung per TouchscreenSchnell, pr\u00e4zise & leiseEinfach komfortabelTotale Stichkontrolle","robots":{"index":"index","follow":"follow","max-snippet":"max-snippet:-1","max-image-preview":"max-image-preview:large","max-video-preview":"max-video-preview:-1"},"canonical":"https:\/\/www.creafil.lu\/de\/product\/bernina-l890\/","og_locale":"de_DE","og_type":"article","og_title":"BERNINA L890 Overlock-\/Coverlockmaschine - CREA Fil","og_description":"BERNINA L890 Die revolution\u00e4re Overlock\/Coverstich-ComboOne-Step BERNINA Lufteinf\u00e4dlerIntuitive Bedienung per TouchscreenSchnell, pr\u00e4zise & leiseEinfach komfortabelTotale Stichkontrolle","og_url":"https:\/\/www.creafil.lu\/de\/product\/bernina-l890\/","og_site_name":"CREA Fil","article_modified_time":"2026-01-26T09:42:39+00:00","og_image":[{"width":8176,"height":6132,"url":"https:\/\/www.creafil.lu\/wp-content\/uploads\/2024\/11\/L-890_Frontal_Combo_Freiarm_mit-Behaelter.jpg","type":"image\/jpeg"}],"twitter_card":"summary_large_image","twitter_misc":{"Gesch\u00e4tzte Lesezeit":"3\u00a0Minuten"},"schema":{"@context":"https:\/\/schema.org","@graph":[{"@type":"WebPage","@id":"https:\/\/www.creafil.lu\/de\/product\/bernina-l890\/","url":"https:\/\/www.creafil.lu\/de\/product\/bernina-l890\/","name":"BERNINA L890 Overlock-\/Coverlockmaschine - CREA Fil","isPartOf":{"@id":"https:\/\/www.creafil.lu\/de\/#website"},"primaryImageOfPage":{"@id":"https:\/\/www.creafil.lu\/de\/product\/bernina-l890\/#primaryimage"},"image":{"@id":"https:\/\/www.creafil.lu\/de\/product\/bernina-l890\/#primaryimage"},"thumbnailUrl":"https:\/\/www.creafil.lu\/wp-content\/uploads\/2024\/11\/L-890_Frontal_Combo_Freiarm_mit-Behaelter-scaled.jpg","datePublished":"2024-11-13T13:32:25+00:00","dateModified":"2026-01-26T09:42:39+00:00","description":"BERNINA L890 Die revolution\u00e4re Overlock\/Coverstich-ComboOne-Step BERNINA Lufteinf\u00e4dlerIntuitive Bedienung per TouchscreenSchnell, pr\u00e4zise & leiseEinfach komfortabelTotale Stichkontrolle","breadcrumb":{"@id":"https:\/\/www.creafil.lu\/de\/product\/bernina-l890\/#breadcrumb"},"inLanguage":"de","potentialAction":[{"@type":"ReadAction","target":["https:\/\/www.creafil.lu\/de\/product\/bernina-l890\/"]}]},{"@type":"ImageObject","inLanguage":"de","@id":"https:\/\/www.creafil.lu\/de\/product\/bernina-l890\/#primaryimage","url":"https:\/\/www.creafil.lu\/wp-content\/uploads\/2024\/11\/L-890_Frontal_Combo_Freiarm_mit-Behaelter-scaled.jpg","contentUrl":"https:\/\/www.creafil.lu\/wp-content\/uploads\/2024\/11\/L-890_Frontal_Combo_Freiarm_mit-Behaelter-scaled.jpg","width":8176,"height":6132,"caption":"Bernina L890 Overlock\/Coverlock"},{"@type":"BreadcrumbList","@id":"https:\/\/www.creafil.lu\/de\/product\/bernina-l890\/#breadcrumb","itemListElement":[{"@type":"ListItem","position":1,"name":"Home","item":"https:\/\/www.creafil.lu\/de\/"},{"@type":"ListItem","position":2,"name":"Shop","item":"https:\/\/www.creafil.lu\/de\/shop\/"},{"@type":"ListItem","position":3,"name":"BERNINA L890 Overlock-\/Coverlockmaschine"}]},{"@type":"WebSite","@id":"https:\/\/www.creafil.lu\/de\/#website","url":"https:\/\/www.creafil.lu\/de\/","name":"CREA Fil","description":"Magasin","potentialAction":[{"@type":"SearchAction","target":{"@type":"EntryPoint","urlTemplate":"https:\/\/www.creafil.lu\/de\/?s={search_term_string}"},"query-input":{"@type":"PropertyValueSpecification","valueRequired":true,"valueName":"search_term_string"}}],"inLanguage":"de"}]}},"_links":{"self":[{"href":"https:\/\/www.creafil.lu\/de\/wp-json\/wp\/v2\/product\/8920","targetHints":{"allow":["GET"]}}],"collection":[{"href":"https:\/\/www.creafil.lu\/de\/wp-json\/wp\/v2\/product"}],"about":[{"href":"https:\/\/www.creafil.lu\/de\/wp-json\/wp\/v2\/types\/product"}],"wp:featuredmedia":[{"embeddable":true,"href":"https:\/\/www.creafil.lu\/de\/wp-json\/wp\/v2\/media\/8889"}],"wp:attachment":[{"href":"https:\/\/www.creafil.lu\/de\/wp-json\/wp\/v2\/media?parent=8920"}],"wp:term":[{"taxonomy":"product_brand","embeddable":true,"href":"https:\/\/www.creafil.lu\/de\/wp-json\/wp\/v2\/product_brand?post=8920"},{"taxonomy":"product_cat","embeddable":true,"href":"https:\/\/www.creafil.lu\/de\/wp-json\/wp\/v2\/product_cat?post=8920"},{"taxonomy":"product_tag","embeddable":true,"href":"https:\/\/www.creafil.lu\/de\/wp-json\/wp\/v2\/product_tag?post=8920"}],"curies":[{"name":"wp","href":"https:\/\/api.w.org\/{rel}","templated":true}]}}