{"id":8919,"date":"2024-11-13T13:28:36","date_gmt":"2024-11-13T13:28:36","guid":{"rendered":"https:\/\/www.creafil.lu\/?post_type=product&#038;p=8919"},"modified":"2026-05-07T08:50:57","modified_gmt":"2026-05-07T08:50:57","slug":"bernina-l860-overlock","status":"publish","type":"product","link":"https:\/\/www.creafil.lu\/de\/product\/bernina-l860-overlock\/","title":{"rendered":"BERNINA L860 Overlock"},"content":{"rendered":"<h2>Der One-Step BERNINA Lufteinf\u00e4dler<\/h2>\n<div class=\"r-text-block\">\n<ul>\n<li>Faden per Luft durch die Maschine f\u00fchren<\/li>\n<li>Automatisch richtige Position der Greifer<\/li>\n<li>Einf\u00e4deln mit Spass<\/li>\n<\/ul>\n<\/div>\n<p>Beim Einf\u00e4deln der beiden Greiferf\u00e4den bleiben beide H\u00e4nde zum F\u00fchren der F\u00e4den frei, da die F\u00e4den mit einem Step auf das Fusspedal ruckzuck per Luft durch die Maschine gef\u00fchrt werden.<\/p>\n<div class=\"row clearfix scrollmagic aos-init aos-animate\" data-aos=\"fade-up\">\n<div class=\"text\">\n<h2>Extrem schnell, pr\u00e4zise &amp; leise<\/h2>\n<div class=\"r-text-block\">\n<ul>\n<li>Bis zu 1500 Stiche pro Minute n\u00e4hen<\/li>\n<li>Starke, konstante Leistung &amp; Pr\u00e4zision<\/li>\n<li>Geschwindigkeit per Touchscreen anpassen<\/li>\n<\/ul>\n<\/div>\n<p>Nicht nur schnelles N\u00e4hen, sondern auch langsames Stich-f\u00fcr-Stich-N\u00e4hen ist mit der L 860 m\u00f6glich, was die einwandfreie Umsetzung von pr\u00e4zisen Linien und Kurven deutlich erleichtert. Zudem werden Sie die extrem hohe Laufruhe der L 860 geniessen. Das Beste: die maximale und minimale Geschwindigkeit k\u00f6nnen Sie jederzeit ganz einfach auf dem Touchscreen anpassen.<\/p>\n<\/div>\n<\/div>\n<div data-aos=\"fade-up\">\n<h2>Komfortabel N\u00e4hen<\/h2>\n<div class=\"r-text-block\">\n<ul>\n<li>N\u00e4hfuss per Kniehebel heben &amp; senken<\/li>\n<li>Freie H\u00e4nde zum F\u00fchren des Stoffes<\/li>\n<li>Leichter Zugang zu den Nadeln dank ausschwenkbarem N\u00e4hfuss<\/li>\n<\/ul>\n<\/div>\n<p>Mit dem BERNINA Freihandsystem (FHS) heben und senken Sie den N\u00e4hfuss ganz einfach per Kniehebel. Weiterhin kann der N\u00e4hfuss seitlich ausgeschwenkt werden f\u00fcr einen komfortablen Zugang zu den Nadeln.<\/p>\n<h2>Intuitive Bedienung per Touchscreen<\/h2>\n<div class=\"r-text-block\">\n<ul>\n<li>Zentral platzierter farbiger Touchscreen<\/li>\n<li>N\u00e4hberater und Stichoptimierer<\/li>\n<li>Expertenmodus oder gef\u00fchrter Modus<\/li>\n<\/ul>\n<\/div>\n<p>Ob Stichauswahl, individuelle Sticheinstellungen oder pers\u00f6nlicher Speicher \u2013 der Touchscreen h\u00e4lt alle Informationen jederzeit bereit und l\u00e4sst \u00c4nderungen w\u00e4hrend des N\u00e4hens zu. Die L\u00a0860 bietet einen gef\u00fchrten Modus und Expertenmodus. In beiden Modi werden mit der Stichauswahl automatisch die Fadenspannung, die Stichl\u00e4nge und der Differenzialtransport eingestellt.<\/p>\n<h3>Grossz\u00fcgiger N\u00e4hbereich<\/h3>\n<div class=\"r-text-block\">\n<ul>\n<li>14,3 cm Platz rechts der Nadeln<\/li>\n<li>Anschiebetisch inklusive<\/li>\n<li>Praktischer Freiarm<\/li>\n<\/ul>\n<\/div>\n<p>Mit der L 860 erhalten Sie, im wahrsten Sinne des Wortes, viel Raum f\u00fcr Kreativit\u00e4t. Die L 860 hat so viel Platz rechts der Nadeln und Durchlassh\u00f6he, wie Sie es von einer BERNINA Overlocker erwarten. Dazu der praktische Freiarm, bei dem \u00c4rmel oder B\u00fcndchen einfach dar\u00fcbergest\u00fclpt werden k\u00f6nnen.<\/p>\n<h3>Perfekte Kontrolle \u00fcber alle Stiche<\/h3>\n<div class=\"r-text-block\">\n<ul>\n<li>Speicher f\u00fcr 100 pers\u00f6nliche Stiche<\/li>\n<li>N\u00e4hen &amp; trotzdem Einstellungen \u00e4ndern<\/li>\n<li>Nadelstopp je nach Anwendung permanent oben oder unten einstellbar<\/li>\n<\/ul>\n<p>Stichl\u00e4nge, Differenzialtransport, Fadenspannung, Schnittbreite oder jeder andere Stichparameter kann auch w\u00e4hrend des N\u00e4hens eingestellt werden. Per einfachem Dreh am mtc-Knopf k\u00f6nnen Sie die Menge des Schlingfadens, der die Stoffkante umschliesst, feineinstellen.<\/p>\n<h3>Ruckzuck einf\u00e4deln<\/h3>\n<div class=\"r-text-block\">\n<ul>\n<li>Dank integriertem Nadeleinf\u00e4dler<\/li>\n<li>Automatischer Nadelstopp<\/li>\n<li>Farblich markierte Einf\u00e4delwege<\/li>\n<\/ul>\n<\/div>\n<p>Mit dem integrierten Nadeleinf\u00e4dler und dem automatischen Nadelstopp oben f\u00e4deln Sie ruckzuck Ihre F\u00e4den ein. Auch der Wechsel von einer Overlocknaht zu einem Rollsaum oder einer Flachnaht ist kinderleicht bei gleichem Einf\u00e4delweg.<\/p>\n<\/div>\n<p>&nbsp;<\/p>\n<\/div>\n","protected":false},"excerpt":{"rendered":"<h3>Overlocker mit Touchscreen<\/h3>\n<div class=\"product-desc\">\n<ul>\n<li class=\"berninaicon-arrow-rt\">One-Step BERNINA Lufteinf\u00e4dler<\/li>\n<li class=\"berninaicon-arrow-rt\">Einfache Stichwahl per Touchscreen<\/li>\n<li class=\"berninaicon-arrow-rt\">Praktischer Freiarm<\/li>\n<li class=\"berninaicon-arrow-rt\">Totale Stichkontrolle f\u00fcr perfekte N\u00e4hte<\/li>\n<li class=\"berninaicon-arrow-rt\">Grossz\u00fcgiger N\u00e4hbereich<\/li>\n<\/ul>\n<\/div>\n","protected":false},"featured_media":8895,"template":"","meta":{"_acf_changed":false,"inline_featured_image":false},"product_brand":[625],"product_cat":[72],"product_tag":[],"class_list":{"0":"post-8919","1":"product","2":"type-product","3":"status-publish","4":"has-post-thumbnail","6":"product_brand-bernina","7":"product_cat-naehmaschine","9":"first","10":"instock","11":"sale","12":"featured","13":"taxable","14":"shipping-taxable","15":"purchasable","16":"product-type-simple"},"acf":[],"yoast_head":"<!-- This site is optimized with the Yoast SEO plugin v24.4 - https:\/\/yoast.com\/wordpress\/plugins\/seo\/ -->\n<title>BERNINA L860 Overlock - CREA Fil<\/title>\n<meta name=\"description\" content=\"BERNINA L860 Overlocker mit Touchscreen. One-Step BERNINA Lufteinf\u00e4dler. Einfache Stichwahl per Touchscreen. Praktischer Freiarm. Totale Stichkontrolle f\u00fcr perfekte N\u00e4hte. Grossz\u00fcgiger N\u00e4hbereich\" \/>\n<meta name=\"robots\" content=\"index, follow, max-snippet:-1, max-image-preview:large, max-video-preview:-1\" \/>\n<link rel=\"canonical\" href=\"https:\/\/www.creafil.lu\/de\/product\/bernina-l860-overlock\/\" \/>\n<meta property=\"og:locale\" content=\"de_DE\" \/>\n<meta property=\"og:type\" content=\"article\" \/>\n<meta property=\"og:title\" content=\"BERNINA L860 Overlock - CREA Fil\" \/>\n<meta property=\"og:description\" content=\"BERNINA L860 Overlocker mit Touchscreen. One-Step BERNINA Lufteinf\u00e4dler. Einfache Stichwahl per Touchscreen. Praktischer Freiarm. Totale Stichkontrolle f\u00fcr perfekte N\u00e4hte. Grossz\u00fcgiger N\u00e4hbereich\" \/>\n<meta property=\"og:url\" content=\"https:\/\/www.creafil.lu\/de\/product\/bernina-l860-overlock\/\" \/>\n<meta property=\"og:site_name\" content=\"CREA Fil\" \/>\n<meta property=\"article:modified_time\" content=\"2026-05-07T08:50:57+00:00\" \/>\n<meta property=\"og:image\" content=\"https:\/\/www.creafil.lu\/wp-content\/uploads\/2024\/11\/Bernina_L860_Frontal_Freiarm_mit-Behaelter-scaled.jpg\" \/>\n\t<meta property=\"og:image:width\" content=\"640\" \/>\n\t<meta property=\"og:image:height\" content=\"480\" \/>\n\t<meta property=\"og:image:type\" content=\"image\/jpeg\" \/>\n<meta name=\"twitter:card\" content=\"summary_large_image\" \/>\n<meta name=\"twitter:label1\" content=\"Gesch\u00e4tzte Lesezeit\" \/>\n\t<meta name=\"twitter:data1\" content=\"3\u00a0Minuten\" \/>\n<script type=\"application\/ld+json\" class=\"yoast-schema-graph\">{\"@context\":\"https:\/\/schema.org\",\"@graph\":[{\"@type\":\"WebPage\",\"@id\":\"https:\/\/www.creafil.lu\/de\/product\/bernina-l860-overlock\/\",\"url\":\"https:\/\/www.creafil.lu\/de\/product\/bernina-l860-overlock\/\",\"name\":\"BERNINA L860 Overlock - CREA Fil\",\"isPartOf\":{\"@id\":\"https:\/\/www.creafil.lu\/de\/#website\"},\"primaryImageOfPage\":{\"@id\":\"https:\/\/www.creafil.lu\/de\/product\/bernina-l860-overlock\/#primaryimage\"},\"image\":{\"@id\":\"https:\/\/www.creafil.lu\/de\/product\/bernina-l860-overlock\/#primaryimage\"},\"thumbnailUrl\":\"https:\/\/www.creafil.lu\/wp-content\/uploads\/2024\/11\/Bernina_L860_Frontal_Freiarm_mit-Behaelter-scaled.jpg\",\"datePublished\":\"2024-11-13T13:28:36+00:00\",\"dateModified\":\"2026-05-07T08:50:57+00:00\",\"description\":\"BERNINA L860 Overlocker mit Touchscreen. One-Step BERNINA Lufteinf\u00e4dler. Einfache Stichwahl per Touchscreen. Praktischer Freiarm. Totale Stichkontrolle f\u00fcr perfekte N\u00e4hte. Grossz\u00fcgiger N\u00e4hbereich\",\"breadcrumb\":{\"@id\":\"https:\/\/www.creafil.lu\/de\/product\/bernina-l860-overlock\/#breadcrumb\"},\"inLanguage\":\"de\",\"potentialAction\":[{\"@type\":\"ReadAction\",\"target\":[\"https:\/\/www.creafil.lu\/de\/product\/bernina-l860-overlock\/\"]}]},{\"@type\":\"ImageObject\",\"inLanguage\":\"de\",\"@id\":\"https:\/\/www.creafil.lu\/de\/product\/bernina-l860-overlock\/#primaryimage\",\"url\":\"https:\/\/www.creafil.lu\/wp-content\/uploads\/2024\/11\/Bernina_L860_Frontal_Freiarm_mit-Behaelter-scaled.jpg\",\"contentUrl\":\"https:\/\/www.creafil.lu\/wp-content\/uploads\/2024\/11\/Bernina_L860_Frontal_Freiarm_mit-Behaelter-scaled.jpg\",\"width\":8176,\"height\":6132,\"caption\":\"Bernina L890\"},{\"@type\":\"BreadcrumbList\",\"@id\":\"https:\/\/www.creafil.lu\/de\/product\/bernina-l860-overlock\/#breadcrumb\",\"itemListElement\":[{\"@type\":\"ListItem\",\"position\":1,\"name\":\"Home\",\"item\":\"https:\/\/www.creafil.lu\/de\/\"},{\"@type\":\"ListItem\",\"position\":2,\"name\":\"Shop\",\"item\":\"https:\/\/www.creafil.lu\/de\/shop\/\"},{\"@type\":\"ListItem\",\"position\":3,\"name\":\"BERNINA L860 Overlock\"}]},{\"@type\":\"WebSite\",\"@id\":\"https:\/\/www.creafil.lu\/de\/#website\",\"url\":\"https:\/\/www.creafil.lu\/de\/\",\"name\":\"CREA Fil\",\"description\":\"Magasin\",\"potentialAction\":[{\"@type\":\"SearchAction\",\"target\":{\"@type\":\"EntryPoint\",\"urlTemplate\":\"https:\/\/www.creafil.lu\/de\/?s={search_term_string}\"},\"query-input\":{\"@type\":\"PropertyValueSpecification\",\"valueRequired\":true,\"valueName\":\"search_term_string\"}}],\"inLanguage\":\"de\"}]}<\/script>\n<!-- \/ Yoast SEO plugin. -->","yoast_head_json":{"title":"BERNINA L860 Overlock - CREA Fil","description":"BERNINA L860 Overlocker mit Touchscreen. One-Step BERNINA Lufteinf\u00e4dler. Einfache Stichwahl per Touchscreen. Praktischer Freiarm. Totale Stichkontrolle f\u00fcr perfekte N\u00e4hte. Grossz\u00fcgiger N\u00e4hbereich","robots":{"index":"index","follow":"follow","max-snippet":"max-snippet:-1","max-image-preview":"max-image-preview:large","max-video-preview":"max-video-preview:-1"},"canonical":"https:\/\/www.creafil.lu\/de\/product\/bernina-l860-overlock\/","og_locale":"de_DE","og_type":"article","og_title":"BERNINA L860 Overlock - CREA Fil","og_description":"BERNINA L860 Overlocker mit Touchscreen. One-Step BERNINA Lufteinf\u00e4dler. Einfache Stichwahl per Touchscreen. Praktischer Freiarm. Totale Stichkontrolle f\u00fcr perfekte N\u00e4hte. Grossz\u00fcgiger N\u00e4hbereich","og_url":"https:\/\/www.creafil.lu\/de\/product\/bernina-l860-overlock\/","og_site_name":"CREA Fil","article_modified_time":"2026-05-07T08:50:57+00:00","og_image":[{"url":"https:\/\/www.creafil.lu\/wp-content\/uploads\/2024\/11\/Bernina_L860_Frontal_Freiarm_mit-Behaelter-scaled.jpg","width":640,"height":480,"type":"image\/jpeg"}],"twitter_card":"summary_large_image","twitter_misc":{"Gesch\u00e4tzte Lesezeit":"3\u00a0Minuten"},"schema":{"@context":"https:\/\/schema.org","@graph":[{"@type":"WebPage","@id":"https:\/\/www.creafil.lu\/de\/product\/bernina-l860-overlock\/","url":"https:\/\/www.creafil.lu\/de\/product\/bernina-l860-overlock\/","name":"BERNINA L860 Overlock - CREA Fil","isPartOf":{"@id":"https:\/\/www.creafil.lu\/de\/#website"},"primaryImageOfPage":{"@id":"https:\/\/www.creafil.lu\/de\/product\/bernina-l860-overlock\/#primaryimage"},"image":{"@id":"https:\/\/www.creafil.lu\/de\/product\/bernina-l860-overlock\/#primaryimage"},"thumbnailUrl":"https:\/\/www.creafil.lu\/wp-content\/uploads\/2024\/11\/Bernina_L860_Frontal_Freiarm_mit-Behaelter-scaled.jpg","datePublished":"2024-11-13T13:28:36+00:00","dateModified":"2026-05-07T08:50:57+00:00","description":"BERNINA L860 Overlocker mit Touchscreen. One-Step BERNINA Lufteinf\u00e4dler. Einfache Stichwahl per Touchscreen. Praktischer Freiarm. Totale Stichkontrolle f\u00fcr perfekte N\u00e4hte. Grossz\u00fcgiger N\u00e4hbereich","breadcrumb":{"@id":"https:\/\/www.creafil.lu\/de\/product\/bernina-l860-overlock\/#breadcrumb"},"inLanguage":"de","potentialAction":[{"@type":"ReadAction","target":["https:\/\/www.creafil.lu\/de\/product\/bernina-l860-overlock\/"]}]},{"@type":"ImageObject","inLanguage":"de","@id":"https:\/\/www.creafil.lu\/de\/product\/bernina-l860-overlock\/#primaryimage","url":"https:\/\/www.creafil.lu\/wp-content\/uploads\/2024\/11\/Bernina_L860_Frontal_Freiarm_mit-Behaelter-scaled.jpg","contentUrl":"https:\/\/www.creafil.lu\/wp-content\/uploads\/2024\/11\/Bernina_L860_Frontal_Freiarm_mit-Behaelter-scaled.jpg","width":8176,"height":6132,"caption":"Bernina L890"},{"@type":"BreadcrumbList","@id":"https:\/\/www.creafil.lu\/de\/product\/bernina-l860-overlock\/#breadcrumb","itemListElement":[{"@type":"ListItem","position":1,"name":"Home","item":"https:\/\/www.creafil.lu\/de\/"},{"@type":"ListItem","position":2,"name":"Shop","item":"https:\/\/www.creafil.lu\/de\/shop\/"},{"@type":"ListItem","position":3,"name":"BERNINA L860 Overlock"}]},{"@type":"WebSite","@id":"https:\/\/www.creafil.lu\/de\/#website","url":"https:\/\/www.creafil.lu\/de\/","name":"CREA Fil","description":"Magasin","potentialAction":[{"@type":"SearchAction","target":{"@type":"EntryPoint","urlTemplate":"https:\/\/www.creafil.lu\/de\/?s={search_term_string}"},"query-input":{"@type":"PropertyValueSpecification","valueRequired":true,"valueName":"search_term_string"}}],"inLanguage":"de"}]}},"_links":{"self":[{"href":"https:\/\/www.creafil.lu\/de\/wp-json\/wp\/v2\/product\/8919","targetHints":{"allow":["GET"]}}],"collection":[{"href":"https:\/\/www.creafil.lu\/de\/wp-json\/wp\/v2\/product"}],"about":[{"href":"https:\/\/www.creafil.lu\/de\/wp-json\/wp\/v2\/types\/product"}],"wp:featuredmedia":[{"embeddable":true,"href":"https:\/\/www.creafil.lu\/de\/wp-json\/wp\/v2\/media\/8895"}],"wp:attachment":[{"href":"https:\/\/www.creafil.lu\/de\/wp-json\/wp\/v2\/media?parent=8919"}],"wp:term":[{"taxonomy":"product_brand","embeddable":true,"href":"https:\/\/www.creafil.lu\/de\/wp-json\/wp\/v2\/product_brand?post=8919"},{"taxonomy":"product_cat","embeddable":true,"href":"https:\/\/www.creafil.lu\/de\/wp-json\/wp\/v2\/product_cat?post=8919"},{"taxonomy":"product_tag","embeddable":true,"href":"https:\/\/www.creafil.lu\/de\/wp-json\/wp\/v2\/product_tag?post=8919"}],"curies":[{"name":"wp","href":"https:\/\/api.w.org\/{rel}","templated":true}]}}