{"id":8882,"date":"2024-11-13T13:20:23","date_gmt":"2024-11-13T13:20:23","guid":{"rendered":"https:\/\/www.creafil.lu\/?post_type=product&#038;p=8882"},"modified":"2025-07-16T06:56:48","modified_gmt":"2025-07-16T06:56:48","slug":"bernina-l850","status":"publish","type":"product","link":"https:\/\/www.creafil.lu\/de\/product\/bernina-l850\/","title":{"rendered":"BERNINA L850"},"content":{"rendered":"<h2>Der One-Step BERNINA Lufteinf\u00e4dler<\/h2>\n<div class=\"r-text-block\">\n<ul>\n<li>Faden per Luft durch die Maschine f\u00fchren<\/li>\n<li>Automatisch richtige Position der Greifer<\/li>\n<li>Einf\u00e4deln, das Spass macht<\/li>\n<\/ul>\n<\/div>\n<p>Beim Einf\u00e4deln der beiden Greiferf\u00e4den bleiben beide H\u00e4nde zum F\u00fchren der F\u00e4den frei, da die F\u00e4den mit einem Step auf das Fusspedal ruckzuck per Luft durch die Maschine gef\u00fchrt werden.<\/p>\n<h2>Komfortabel N\u00e4hen<\/h2>\n<div class=\"r-text-block\">\n<ul>\n<li>N\u00e4hfuss einfach per Kniehebel heben &amp; senken<\/li>\n<li>Freie H\u00e4nde zum F\u00fchren des Stoffes<\/li>\n<li>Leichter Zugang zu den Nadeln dank ausschwenkbarem N\u00e4hfuss<\/li>\n<\/ul>\n<\/div>\n<p>Mit dem BERNINA Freihandsystem (FHS) heben und senken Sie den N\u00e4hfuss ganz einfach per Kniehebel. Weiterhin kann der N\u00e4hfuss seitlich ausgeschwenkt werden f\u00fcr einen komfortablen Zugang zu den Nadeln.<\/p>\n<div class=\"content-width\">\n<div class=\"box aos-init aos-animate\" data-aos=\"fade-up\">\n<h2>Totale Stichkontrolle f\u00fcr perfekte N\u00e4hte<\/h2>\n<div class=\"r-text-block\">\n<ul>\n<li>Unterschiedliche Stoffe &amp; F\u00e4den in jeder Kombination verarbeiten<\/li>\n<li>Individuelle Einstellungen f\u00fcr totale Stichkontrolle<\/li>\n<li>Stufenlos verstellbarer Differenzialtransport<\/li>\n<\/ul>\n<\/div>\n<p>Die L 850 bietet verschiedene Einstellungen f\u00fcr totale Stichkontrolle &#8211; alle individuell einstellbar. Das Beste daran: diese k\u00f6nnen Sie w\u00e4hrend des N\u00e4hens vornehmen, einschliesslich der Einstellung von Fadenspannung, Stichl\u00e4nge, Schnittbreite und mtc-Fadenkontrolle.<\/p>\n<\/div>\n<div data-aos=\"fade-up\">\n<h3>Extrem schnell, pr\u00e4zise &amp; leise<\/h3>\n<div class=\"r-text-block\">\n<ul>\n<li>Bis zu 1500 Stiche pro Minute n\u00e4hen<\/li>\n<li>Starke, konstante Leistung &amp; Pr\u00e4zision<\/li>\n<li>Extrem hohe Laufruhe<\/li>\n<\/ul>\n<\/div>\n<p>Mit der L 850 n\u00e4hen Sie nicht nur \u00e4usserst schnell, sondern ebenfalls Stich-f\u00fcr-Stich. Somit setzen Sie pr\u00e4zise Linien und Kurven noch deutlich einfacher um. Dies alles bei hoher Laufruhe, f\u00fcr die BERNINA schon seit jeher bekannt ist.<\/p>\n<\/div>\n<div data-aos=\"fade-up\">\n<h3>Ruckzuck einf\u00e4deln<\/h3>\n<div class=\"r-text-block\">\n<ul>\n<li>Dank integriertem Nadeleinf\u00e4dler<\/li>\n<li>Automatischer Nadelstopp<\/li>\n<li>Farblich markierte Einf\u00e4delwege<\/li>\n<\/ul>\n<\/div>\n<p>Mit dem integrierten Nadeleinf\u00e4dler und dem automatischen Nadelstopp oben f\u00e4deln Sie ruckzuck Ihre F\u00e4den ein. Auch der Wechsel von einer Overlocknaht zu einem Rollsaum oder einer Flachnaht ist kinderleicht und ohne ver\u00e4nderten Einf\u00e4delweg.<\/p>\n<h3>Grossz\u00fcgiger N\u00e4hbereich<\/h3>\n<div class=\"r-text-block\">\n<ul>\n<li>14,3 cm Platz rechts der Nadeln<\/li>\n<li>Anschiebetisch inklusive<\/li>\n<li>Praktischer Freiarm<\/li>\n<\/ul>\n<\/div>\n<p>Mit der L 850 erhalten Sie, im wahrsten Sinne des Wortes, viel Raum f\u00fcr Kreativit\u00e4t. Die L 850 hat so viel Platz rechts der Nadeln und eine Durchlassh\u00f6he, wie Sie es von einer BERNINA Overlocker erwarten. Dazu der praktische Freiarm, bei dem \u00c4rmel oder B\u00fcndchen einfach dar\u00fcbergest\u00fclpt werden k\u00f6nnen.<\/p>\n<\/div>\n<\/div>\n","protected":false},"excerpt":{"rendered":"<h3>Die ultimative Overlocker<\/h3>\n<div class=\"product-desc\">\n<ul>\n<li class=\"berninaicon-arrow-rt\">One-Step BERNINA Lufteinf\u00e4dler<\/li>\n<li class=\"berninaicon-arrow-rt\">Extrem schnell, pr\u00e4zise &amp; leise<\/li>\n<li class=\"berninaicon-arrow-rt\">Praktischer Freiarm<\/li>\n<li class=\"berninaicon-arrow-rt\">Totale Stichkontrolle f\u00fcr perfekte N\u00e4hte<\/li>\n<li class=\"berninaicon-arrow-rt\">Grossz\u00fcgiger N\u00e4hbereich<\/li>\n<\/ul>\n<\/div>\n","protected":false},"featured_media":8910,"template":"","meta":{"_acf_changed":false,"inline_featured_image":false},"product_brand":[],"product_cat":[72],"product_tag":[],"class_list":{"0":"post-8882","1":"product","2":"type-product","3":"status-publish","4":"has-post-thumbnail","6":"product_cat-naehmaschine","8":"first","9":"instock","10":"sale","11":"featured","12":"taxable","13":"shipping-taxable","14":"purchasable","15":"product-type-simple"},"acf":[],"yoast_head":"<!-- This site is optimized with the Yoast SEO plugin v24.4 - https:\/\/yoast.com\/wordpress\/plugins\/seo\/ -->\n<title>BERNINA L850 - CREA Fil<\/title>\n<meta name=\"description\" content=\"BERNINA L850 Die ultimative OverlockerOne-Step BERNINA Lufteinf\u00e4dler Extrem schnell, pr\u00e4zise &amp; leisePraktischer FreiarmTotale Stichkontrolle f\u00fcr perfekte N\u00e4hte Grossz\u00fcgiger N\u00e4hbereich\" \/>\n<meta name=\"robots\" content=\"index, follow, max-snippet:-1, max-image-preview:large, max-video-preview:-1\" \/>\n<link rel=\"canonical\" href=\"https:\/\/www.creafil.lu\/de\/product\/bernina-l850\/\" \/>\n<meta property=\"og:locale\" content=\"de_DE\" \/>\n<meta property=\"og:type\" content=\"article\" \/>\n<meta property=\"og:title\" content=\"BERNINA L850 - CREA Fil\" \/>\n<meta property=\"og:description\" content=\"BERNINA L850 Die ultimative OverlockerOne-Step BERNINA Lufteinf\u00e4dler Extrem schnell, pr\u00e4zise &amp; leisePraktischer FreiarmTotale Stichkontrolle f\u00fcr perfekte N\u00e4hte Grossz\u00fcgiger N\u00e4hbereich\" \/>\n<meta property=\"og:url\" content=\"https:\/\/www.creafil.lu\/de\/product\/bernina-l850\/\" \/>\n<meta property=\"og:site_name\" content=\"CREA Fil\" \/>\n<meta property=\"article:modified_time\" content=\"2025-07-16T06:56:48+00:00\" \/>\n<meta property=\"og:image\" content=\"https:\/\/www.creafil.lu\/wp-content\/uploads\/2024\/11\/Bernina_L850_frontal-bin_0056.jpg\" \/>\n\t<meta property=\"og:image:width\" content=\"8176\" \/>\n\t<meta property=\"og:image:height\" content=\"6132\" \/>\n\t<meta property=\"og:image:type\" content=\"image\/jpeg\" \/>\n<meta name=\"twitter:card\" content=\"summary_large_image\" \/>\n<meta name=\"twitter:label1\" content=\"Gesch\u00e4tzte Lesezeit\" \/>\n\t<meta name=\"twitter:data1\" content=\"2\u00a0Minuten\" \/>\n<script type=\"application\/ld+json\" class=\"yoast-schema-graph\">{\"@context\":\"https:\/\/schema.org\",\"@graph\":[{\"@type\":\"WebPage\",\"@id\":\"https:\/\/www.creafil.lu\/de\/product\/bernina-l850\/\",\"url\":\"https:\/\/www.creafil.lu\/de\/product\/bernina-l850\/\",\"name\":\"BERNINA L850 - CREA Fil\",\"isPartOf\":{\"@id\":\"https:\/\/www.creafil.lu\/de\/#website\"},\"primaryImageOfPage\":{\"@id\":\"https:\/\/www.creafil.lu\/de\/product\/bernina-l850\/#primaryimage\"},\"image\":{\"@id\":\"https:\/\/www.creafil.lu\/de\/product\/bernina-l850\/#primaryimage\"},\"thumbnailUrl\":\"https:\/\/www.creafil.lu\/wp-content\/uploads\/2024\/11\/Bernina_L850_frontal-bin_0056-scaled.jpg\",\"datePublished\":\"2024-11-13T13:20:23+00:00\",\"dateModified\":\"2025-07-16T06:56:48+00:00\",\"description\":\"BERNINA L850 Die ultimative OverlockerOne-Step BERNINA Lufteinf\u00e4dler Extrem schnell, pr\u00e4zise & leisePraktischer FreiarmTotale Stichkontrolle f\u00fcr perfekte N\u00e4hte Grossz\u00fcgiger N\u00e4hbereich\",\"breadcrumb\":{\"@id\":\"https:\/\/www.creafil.lu\/de\/product\/bernina-l850\/#breadcrumb\"},\"inLanguage\":\"de\",\"potentialAction\":[{\"@type\":\"ReadAction\",\"target\":[\"https:\/\/www.creafil.lu\/de\/product\/bernina-l850\/\"]}]},{\"@type\":\"ImageObject\",\"inLanguage\":\"de\",\"@id\":\"https:\/\/www.creafil.lu\/de\/product\/bernina-l850\/#primaryimage\",\"url\":\"https:\/\/www.creafil.lu\/wp-content\/uploads\/2024\/11\/Bernina_L850_frontal-bin_0056-scaled.jpg\",\"contentUrl\":\"https:\/\/www.creafil.lu\/wp-content\/uploads\/2024\/11\/Bernina_L850_frontal-bin_0056-scaled.jpg\",\"width\":8176,\"height\":6132,\"caption\":\"Bernina L850\"},{\"@type\":\"BreadcrumbList\",\"@id\":\"https:\/\/www.creafil.lu\/de\/product\/bernina-l850\/#breadcrumb\",\"itemListElement\":[{\"@type\":\"ListItem\",\"position\":1,\"name\":\"Home\",\"item\":\"https:\/\/www.creafil.lu\/de\/\"},{\"@type\":\"ListItem\",\"position\":2,\"name\":\"Shop\",\"item\":\"https:\/\/www.creafil.lu\/de\/shop\/\"},{\"@type\":\"ListItem\",\"position\":3,\"name\":\"BERNINA L850\"}]},{\"@type\":\"WebSite\",\"@id\":\"https:\/\/www.creafil.lu\/de\/#website\",\"url\":\"https:\/\/www.creafil.lu\/de\/\",\"name\":\"CREA Fil\",\"description\":\"Magasin\",\"potentialAction\":[{\"@type\":\"SearchAction\",\"target\":{\"@type\":\"EntryPoint\",\"urlTemplate\":\"https:\/\/www.creafil.lu\/de\/?s={search_term_string}\"},\"query-input\":{\"@type\":\"PropertyValueSpecification\",\"valueRequired\":true,\"valueName\":\"search_term_string\"}}],\"inLanguage\":\"de\"}]}<\/script>\n<!-- \/ Yoast SEO plugin. -->","yoast_head_json":{"title":"BERNINA L850 - CREA Fil","description":"BERNINA L850 Die ultimative OverlockerOne-Step BERNINA Lufteinf\u00e4dler Extrem schnell, pr\u00e4zise & leisePraktischer FreiarmTotale Stichkontrolle f\u00fcr perfekte N\u00e4hte Grossz\u00fcgiger N\u00e4hbereich","robots":{"index":"index","follow":"follow","max-snippet":"max-snippet:-1","max-image-preview":"max-image-preview:large","max-video-preview":"max-video-preview:-1"},"canonical":"https:\/\/www.creafil.lu\/de\/product\/bernina-l850\/","og_locale":"de_DE","og_type":"article","og_title":"BERNINA L850 - CREA Fil","og_description":"BERNINA L850 Die ultimative OverlockerOne-Step BERNINA Lufteinf\u00e4dler Extrem schnell, pr\u00e4zise & leisePraktischer FreiarmTotale Stichkontrolle f\u00fcr perfekte N\u00e4hte Grossz\u00fcgiger N\u00e4hbereich","og_url":"https:\/\/www.creafil.lu\/de\/product\/bernina-l850\/","og_site_name":"CREA Fil","article_modified_time":"2025-07-16T06:56:48+00:00","og_image":[{"width":8176,"height":6132,"url":"https:\/\/www.creafil.lu\/wp-content\/uploads\/2024\/11\/Bernina_L850_frontal-bin_0056.jpg","type":"image\/jpeg"}],"twitter_card":"summary_large_image","twitter_misc":{"Gesch\u00e4tzte Lesezeit":"2\u00a0Minuten"},"schema":{"@context":"https:\/\/schema.org","@graph":[{"@type":"WebPage","@id":"https:\/\/www.creafil.lu\/de\/product\/bernina-l850\/","url":"https:\/\/www.creafil.lu\/de\/product\/bernina-l850\/","name":"BERNINA L850 - CREA Fil","isPartOf":{"@id":"https:\/\/www.creafil.lu\/de\/#website"},"primaryImageOfPage":{"@id":"https:\/\/www.creafil.lu\/de\/product\/bernina-l850\/#primaryimage"},"image":{"@id":"https:\/\/www.creafil.lu\/de\/product\/bernina-l850\/#primaryimage"},"thumbnailUrl":"https:\/\/www.creafil.lu\/wp-content\/uploads\/2024\/11\/Bernina_L850_frontal-bin_0056-scaled.jpg","datePublished":"2024-11-13T13:20:23+00:00","dateModified":"2025-07-16T06:56:48+00:00","description":"BERNINA L850 Die ultimative OverlockerOne-Step BERNINA Lufteinf\u00e4dler Extrem schnell, pr\u00e4zise & leisePraktischer FreiarmTotale Stichkontrolle f\u00fcr perfekte N\u00e4hte Grossz\u00fcgiger N\u00e4hbereich","breadcrumb":{"@id":"https:\/\/www.creafil.lu\/de\/product\/bernina-l850\/#breadcrumb"},"inLanguage":"de","potentialAction":[{"@type":"ReadAction","target":["https:\/\/www.creafil.lu\/de\/product\/bernina-l850\/"]}]},{"@type":"ImageObject","inLanguage":"de","@id":"https:\/\/www.creafil.lu\/de\/product\/bernina-l850\/#primaryimage","url":"https:\/\/www.creafil.lu\/wp-content\/uploads\/2024\/11\/Bernina_L850_frontal-bin_0056-scaled.jpg","contentUrl":"https:\/\/www.creafil.lu\/wp-content\/uploads\/2024\/11\/Bernina_L850_frontal-bin_0056-scaled.jpg","width":8176,"height":6132,"caption":"Bernina L850"},{"@type":"BreadcrumbList","@id":"https:\/\/www.creafil.lu\/de\/product\/bernina-l850\/#breadcrumb","itemListElement":[{"@type":"ListItem","position":1,"name":"Home","item":"https:\/\/www.creafil.lu\/de\/"},{"@type":"ListItem","position":2,"name":"Shop","item":"https:\/\/www.creafil.lu\/de\/shop\/"},{"@type":"ListItem","position":3,"name":"BERNINA L850"}]},{"@type":"WebSite","@id":"https:\/\/www.creafil.lu\/de\/#website","url":"https:\/\/www.creafil.lu\/de\/","name":"CREA Fil","description":"Magasin","potentialAction":[{"@type":"SearchAction","target":{"@type":"EntryPoint","urlTemplate":"https:\/\/www.creafil.lu\/de\/?s={search_term_string}"},"query-input":{"@type":"PropertyValueSpecification","valueRequired":true,"valueName":"search_term_string"}}],"inLanguage":"de"}]}},"_links":{"self":[{"href":"https:\/\/www.creafil.lu\/de\/wp-json\/wp\/v2\/product\/8882","targetHints":{"allow":["GET"]}}],"collection":[{"href":"https:\/\/www.creafil.lu\/de\/wp-json\/wp\/v2\/product"}],"about":[{"href":"https:\/\/www.creafil.lu\/de\/wp-json\/wp\/v2\/types\/product"}],"wp:featuredmedia":[{"embeddable":true,"href":"https:\/\/www.creafil.lu\/de\/wp-json\/wp\/v2\/media\/8910"}],"wp:attachment":[{"href":"https:\/\/www.creafil.lu\/de\/wp-json\/wp\/v2\/media?parent=8882"}],"wp:term":[{"taxonomy":"product_brand","embeddable":true,"href":"https:\/\/www.creafil.lu\/de\/wp-json\/wp\/v2\/product_brand?post=8882"},{"taxonomy":"product_cat","embeddable":true,"href":"https:\/\/www.creafil.lu\/de\/wp-json\/wp\/v2\/product_cat?post=8882"},{"taxonomy":"product_tag","embeddable":true,"href":"https:\/\/www.creafil.lu\/de\/wp-json\/wp\/v2\/product_tag?post=8882"}],"curies":[{"name":"wp","href":"https:\/\/api.w.org\/{rel}","templated":true}]}}