{"id":8881,"date":"2024-11-13T13:16:05","date_gmt":"2024-11-13T13:16:05","guid":{"rendered":"https:\/\/www.creafil.lu\/?post_type=product&#038;p=8881"},"modified":"2026-05-07T08:49:03","modified_gmt":"2026-05-07T08:49:03","slug":"bernina-l460-overlock","status":"publish","type":"product","link":"https:\/\/www.creafil.lu\/de\/product\/bernina-l460-overlock\/","title":{"rendered":"BERNINA L460 Overlock"},"content":{"rendered":"<h2>BERNINA Freihandsystem (FHS)<\/h2>\n<div class=\"r-text-block\">\n<ul>\n<li>Feine oder schwere Stoffe leicht verarbeiten<\/li>\n<li>Bequeme Bedienung mit dem Knie<\/li>\n<li>H\u00e4nde bleiben frei zum Arbeiten<\/li>\n<\/ul>\n<p>Das Kniehebel\/Freihandsystem (FHS) erleichtert den Umgang mit schwierigen, feinen Stoffen. Der N\u00e4hfusslifter wird dabei ganz bequem mit dem Knie bedient, so dass die H\u00e4nde zum F\u00fchren des Stoffs frei bleiben.<\/p>\n<\/div>\n<div>\n<h2>Schnelle &amp; flexible Art zu n\u00e4hen<\/h2>\n<div class=\"r-text-block\">\n<ul>\n<li>Stich f\u00fcr Stich n\u00e4hen<\/li>\n<li>Bis zu 1&#8217;500 Stiche pro Minute<\/li>\n<li>Automatischer Nadelstopp oben<\/li>\n<\/ul>\n<\/div>\n<p>Mit dem BERNINA Fussanlasser und dem DC-Motor kontrollieren Sie perfekt die Geschwindigkeit, wobei Sie Stich f\u00fcr Stich oder mit bis zu 1&#8217;500 Stichen pro Minute n\u00e4hen k\u00f6nnen.<\/p>\n<\/div>\n<div>\n<h2>Anschiebetisch f\u00fcr mehr Platz<\/h2>\n<div class=\"r-text-block\">\n<ul>\n<li>Optimierte Sicht auf das N\u00e4hprojekt<\/li>\n<li>Mehr Platz f\u00fcr Kreativit\u00e4t<\/li>\n<li>Einfach zu befestigen und entfernen<\/li>\n<\/ul>\n<\/div>\n<p>Der Anschiebetisch dient der Vergr\u00f6sserung der N\u00e4hfl\u00e4che links des N\u00e4hbereichs. Er erm\u00f6glicht einfacheres F\u00fchren von grossen Stoffen und eine bessere Sicht auf das N\u00e4hprojekt.<\/p>\n<\/div>\n<div>\n<h2>Fadenkontrolle (mtc)<\/h2>\n<div class=\"r-text-block\">\n<ul>\n<li>F\u00fcr eine Schnittbreite bis zu 9 mm<\/li>\n<li>F\u00fcr professionelle S\u00e4ume<\/li>\n<li>Feinjustierung der Greiferfadenmenge<\/li>\n<\/ul>\n<\/div>\n<p>Dank der patentierten Fadenkontrolle mtc sparen Sie eine Menge Zeit und M\u00fche, denn die Fadenspannung muss nur einmal eingestellt werden \u2013 auch bei einer anschliessenden \u00c4nderung von Schnittbreite und Materialst\u00e4rke!<\/p>\n<\/div>\n<div>\n<div class=\"content-width\">\n<div class=\"box aos-init aos-animate\" data-aos=\"fade-up\">\n<h2>Gr\u00fcnde f\u00fcr eine L\u00a0460<\/h2>\n<ul>\n<li>N\u00e4hen, schneiden und vers\u00e4ubern in einem Arbeitsgang<\/li>\n<li>Schnelle, professionelle und strapazierf\u00e4hige N\u00e4hte und Vers\u00e4uberungen<\/li>\n<li>Ideal f\u00fcr Stretch- und Webstoffe<\/li>\n<li>Perfekte Rolls\u00e4ume<\/li>\n<li>Professionelle, flache Verbindungsn\u00e4hte<\/li>\n<li>Differentialtransport f\u00fcr flache, wellenfreie N\u00e4hte und S\u00e4ume<\/li>\n<li>Gezieltes Kr\u00e4useln und Raffen mit dem Differentialtransport<\/li>\n<li>Zahlreiche Gestaltungsm\u00f6glichkeiten mit Dekogarnen<\/li>\n<li>Pr\u00e4zises N\u00e4hen von Patchworkteilen f\u00fcr Quilts<\/li>\n<\/ul>\n<h3>Einfaches Einf\u00e4deln<\/h3>\n<div class=\"r-text-block\">\n<ul>\n<li>Mit manuellem Nadeleinf\u00e4dler<\/li>\n<li>Farblich markierter Einf\u00e4delweg<\/li>\n<li>Untergreifer-Einf\u00e4delhilfe<\/li>\n<\/ul>\n<\/div>\n<p>Der manuelle Nadeleinf\u00e4dler erleichtert das Einf\u00e4deln des Nadel\u00f6hrs. Der farbig markierte, offene Fadenweg und die Handrad-Positionsanzeige unterst\u00fctzen dabei.<\/p>\n<h3>Heller &amp; grosser Arbeitsbereich<\/h3>\n<div class=\"r-text-block\">\n<ul>\n<li>Zwei LED-Leuchten<\/li>\n<li>F\u00fcr pr\u00e4zises N\u00e4hen<\/li>\n<li>Erleichtert das Einf\u00e4deln &amp; N\u00e4hen<\/li>\n<\/ul>\n<\/div>\n<p>Der gut ausgeleuchtete, grosse Arbeitsbereich der L 460 erleichtert das N\u00e4hen und Einf\u00e4deln von Greifern und Nadeln. Das LED N\u00e4hlicht unterst\u00fctzt dabei das pr\u00e4zise N\u00e4hen, auch von dunklen Stoffen.<\/p>\n<h3>Viel Platz f\u00fcr Zubeh\u00f6r<\/h3>\n<div class=\"r-text-block\">\n<ul>\n<li>Alles ordentlich verstaut &amp; griffbereit<\/li>\n<li>Zubeh\u00f6rbox inklusive<\/li>\n<li>Platz f\u00fcr optionales Zubeh\u00f6r<\/li>\n<\/ul>\n<\/div>\n<p>Die am h\u00e4ufigsten gebrauchten Zubeh\u00f6rteile befinden sich im Greiferdeckel, ordentlich aufbewahrt und einsatzbereit. Die separate Zubeh\u00f6rbox nimmt das Nahtf\u00fchrungslineal, Fadenablaufscheiben und Werkzeug auf. F\u00fcr kreatives Overlocken sind verschiedene optionale N\u00e4hf\u00fcsse erh\u00e4ltlich.<\/p>\n<\/div>\n<\/div>\n<\/div>\n","protected":false},"excerpt":{"rendered":"<h3>Eine Overlocker f\u00fcr jedes Projekt!<\/h3>\n<div class=\"product-desc\">\n<ul>\n<li class=\"berninaicon-arrow-rt\">Freihandsystem (FHS) &#8211; Anheben des N\u00e4hfusses per Kniehebel<\/li>\n<li class=\"berninaicon-arrow-rt\">\u00dcberragende Geschwindigkeitskontrolle mit dem BERNINA Fussanlasser<\/li>\n<li class=\"berninaicon-arrow-rt\">Grosser Anschiebetisch f\u00fcr einen gr\u00f6sseren Arbeitsbereich<\/li>\n<li class=\"berninaicon-arrow-rt\">Automatischer Nadelstopp oben, unten durch Fussanlasser mit Back-kick Funktion<\/li>\n<li class=\"berninaicon-arrow-rt\">Gut ausgeleuchteter Nadel- und Greiferbereich<\/li>\n<\/ul>\n<\/div>\n","protected":false},"featured_media":8866,"template":"","meta":{"_acf_changed":false,"inline_featured_image":false},"product_brand":[625],"product_cat":[72],"product_tag":[],"class_list":{"0":"post-8881","1":"product","2":"type-product","3":"status-publish","4":"has-post-thumbnail","6":"product_brand-bernina","7":"product_cat-naehmaschine","9":"first","10":"instock","11":"sale","12":"featured","13":"taxable","14":"shipping-taxable","15":"purchasable","16":"product-type-simple"},"acf":[],"yoast_head":"<!-- This site is optimized with the Yoast SEO plugin v24.4 - https:\/\/yoast.com\/wordpress\/plugins\/seo\/ -->\n<title>BERNINA L460 Overlock - CREA Fil<\/title>\n<meta name=\"description\" content=\"BERNINA L460 Eine Overlocker f\u00fcr jedes Projekt!Freihandsystem (FHS) - Anheben des N\u00e4hfusses per Kniehebel. \u00dcberragende Geschwindigkeitskontrolle mit dem BERNINA Fussanlasser. Grosser Anschiebetisch f\u00fcr einen gr\u00f6sseren Arbeitsbereich. Automatischer Nadelstopp oben, unten durch Fussanlasser mit Back-kick Funktion. Gut ausgeleuchteter Nadel- und Greiferbereich\" \/>\n<meta name=\"robots\" content=\"index, follow, max-snippet:-1, max-image-preview:large, max-video-preview:-1\" \/>\n<link rel=\"canonical\" href=\"https:\/\/www.creafil.lu\/de\/product\/bernina-l460-overlock\/\" \/>\n<meta property=\"og:locale\" content=\"de_DE\" \/>\n<meta property=\"og:type\" content=\"article\" \/>\n<meta property=\"og:title\" content=\"BERNINA L460 Overlock - CREA Fil\" \/>\n<meta property=\"og:description\" content=\"BERNINA L460 Eine Overlocker f\u00fcr jedes Projekt!Freihandsystem (FHS) - Anheben des N\u00e4hfusses per Kniehebel. \u00dcberragende Geschwindigkeitskontrolle mit dem BERNINA Fussanlasser. Grosser Anschiebetisch f\u00fcr einen gr\u00f6sseren Arbeitsbereich. Automatischer Nadelstopp oben, unten durch Fussanlasser mit Back-kick Funktion. Gut ausgeleuchteter Nadel- und Greiferbereich\" \/>\n<meta property=\"og:url\" content=\"https:\/\/www.creafil.lu\/de\/product\/bernina-l460-overlock\/\" \/>\n<meta property=\"og:site_name\" content=\"CREA Fil\" \/>\n<meta property=\"article:modified_time\" content=\"2026-05-07T08:49:03+00:00\" \/>\n<meta property=\"og:image\" content=\"https:\/\/www.creafil.lu\/wp-content\/uploads\/2024\/11\/BERNINA-L-460-Atelier-scaled.jpg\" \/>\n\t<meta property=\"og:image:width\" content=\"640\" \/>\n\t<meta property=\"og:image:height\" content=\"480\" \/>\n\t<meta property=\"og:image:type\" content=\"image\/jpeg\" \/>\n<meta name=\"twitter:card\" content=\"summary_large_image\" \/>\n<meta name=\"twitter:label1\" content=\"Gesch\u00e4tzte Lesezeit\" \/>\n\t<meta name=\"twitter:data1\" content=\"2\u00a0Minuten\" \/>\n<script type=\"application\/ld+json\" class=\"yoast-schema-graph\">{\"@context\":\"https:\/\/schema.org\",\"@graph\":[{\"@type\":\"WebPage\",\"@id\":\"https:\/\/www.creafil.lu\/de\/product\/bernina-l460-overlock\/\",\"url\":\"https:\/\/www.creafil.lu\/de\/product\/bernina-l460-overlock\/\",\"name\":\"BERNINA L460 Overlock - CREA Fil\",\"isPartOf\":{\"@id\":\"https:\/\/www.creafil.lu\/de\/#website\"},\"primaryImageOfPage\":{\"@id\":\"https:\/\/www.creafil.lu\/de\/product\/bernina-l460-overlock\/#primaryimage\"},\"image\":{\"@id\":\"https:\/\/www.creafil.lu\/de\/product\/bernina-l460-overlock\/#primaryimage\"},\"thumbnailUrl\":\"https:\/\/www.creafil.lu\/wp-content\/uploads\/2024\/11\/BERNINA-L-460-Atelier-scaled.jpg\",\"datePublished\":\"2024-11-13T13:16:05+00:00\",\"dateModified\":\"2026-05-07T08:49:03+00:00\",\"description\":\"BERNINA L460 Eine Overlocker f\u00fcr jedes Projekt!Freihandsystem (FHS) - Anheben des N\u00e4hfusses per Kniehebel. \u00dcberragende Geschwindigkeitskontrolle mit dem BERNINA Fussanlasser. Grosser Anschiebetisch f\u00fcr einen gr\u00f6sseren Arbeitsbereich. Automatischer Nadelstopp oben, unten durch Fussanlasser mit Back-kick Funktion. Gut ausgeleuchteter Nadel- und Greiferbereich\",\"breadcrumb\":{\"@id\":\"https:\/\/www.creafil.lu\/de\/product\/bernina-l460-overlock\/#breadcrumb\"},\"inLanguage\":\"de\",\"potentialAction\":[{\"@type\":\"ReadAction\",\"target\":[\"https:\/\/www.creafil.lu\/de\/product\/bernina-l460-overlock\/\"]}]},{\"@type\":\"ImageObject\",\"inLanguage\":\"de\",\"@id\":\"https:\/\/www.creafil.lu\/de\/product\/bernina-l460-overlock\/#primaryimage\",\"url\":\"https:\/\/www.creafil.lu\/wp-content\/uploads\/2024\/11\/BERNINA-L-460-Atelier-scaled.jpg\",\"contentUrl\":\"https:\/\/www.creafil.lu\/wp-content\/uploads\/2024\/11\/BERNINA-L-460-Atelier-scaled.jpg\",\"width\":8176,\"height\":6132,\"caption\":\"Bernina L460\"},{\"@type\":\"BreadcrumbList\",\"@id\":\"https:\/\/www.creafil.lu\/de\/product\/bernina-l460-overlock\/#breadcrumb\",\"itemListElement\":[{\"@type\":\"ListItem\",\"position\":1,\"name\":\"Home\",\"item\":\"https:\/\/www.creafil.lu\/de\/\"},{\"@type\":\"ListItem\",\"position\":2,\"name\":\"Shop\",\"item\":\"https:\/\/www.creafil.lu\/de\/shop\/\"},{\"@type\":\"ListItem\",\"position\":3,\"name\":\"BERNINA L460 Overlock\"}]},{\"@type\":\"WebSite\",\"@id\":\"https:\/\/www.creafil.lu\/de\/#website\",\"url\":\"https:\/\/www.creafil.lu\/de\/\",\"name\":\"CREA Fil\",\"description\":\"Magasin\",\"potentialAction\":[{\"@type\":\"SearchAction\",\"target\":{\"@type\":\"EntryPoint\",\"urlTemplate\":\"https:\/\/www.creafil.lu\/de\/?s={search_term_string}\"},\"query-input\":{\"@type\":\"PropertyValueSpecification\",\"valueRequired\":true,\"valueName\":\"search_term_string\"}}],\"inLanguage\":\"de\"}]}<\/script>\n<!-- \/ Yoast SEO plugin. -->","yoast_head_json":{"title":"BERNINA L460 Overlock - CREA Fil","description":"BERNINA L460 Eine Overlocker f\u00fcr jedes Projekt!Freihandsystem (FHS) - Anheben des N\u00e4hfusses per Kniehebel. \u00dcberragende Geschwindigkeitskontrolle mit dem BERNINA Fussanlasser. Grosser Anschiebetisch f\u00fcr einen gr\u00f6sseren Arbeitsbereich. Automatischer Nadelstopp oben, unten durch Fussanlasser mit Back-kick Funktion. Gut ausgeleuchteter Nadel- und Greiferbereich","robots":{"index":"index","follow":"follow","max-snippet":"max-snippet:-1","max-image-preview":"max-image-preview:large","max-video-preview":"max-video-preview:-1"},"canonical":"https:\/\/www.creafil.lu\/de\/product\/bernina-l460-overlock\/","og_locale":"de_DE","og_type":"article","og_title":"BERNINA L460 Overlock - CREA Fil","og_description":"BERNINA L460 Eine Overlocker f\u00fcr jedes Projekt!Freihandsystem (FHS) - Anheben des N\u00e4hfusses per Kniehebel. \u00dcberragende Geschwindigkeitskontrolle mit dem BERNINA Fussanlasser. Grosser Anschiebetisch f\u00fcr einen gr\u00f6sseren Arbeitsbereich. Automatischer Nadelstopp oben, unten durch Fussanlasser mit Back-kick Funktion. Gut ausgeleuchteter Nadel- und Greiferbereich","og_url":"https:\/\/www.creafil.lu\/de\/product\/bernina-l460-overlock\/","og_site_name":"CREA Fil","article_modified_time":"2026-05-07T08:49:03+00:00","og_image":[{"url":"https:\/\/www.creafil.lu\/wp-content\/uploads\/2024\/11\/BERNINA-L-460-Atelier-scaled.jpg","width":640,"height":480,"type":"image\/jpeg"}],"twitter_card":"summary_large_image","twitter_misc":{"Gesch\u00e4tzte Lesezeit":"2\u00a0Minuten"},"schema":{"@context":"https:\/\/schema.org","@graph":[{"@type":"WebPage","@id":"https:\/\/www.creafil.lu\/de\/product\/bernina-l460-overlock\/","url":"https:\/\/www.creafil.lu\/de\/product\/bernina-l460-overlock\/","name":"BERNINA L460 Overlock - CREA Fil","isPartOf":{"@id":"https:\/\/www.creafil.lu\/de\/#website"},"primaryImageOfPage":{"@id":"https:\/\/www.creafil.lu\/de\/product\/bernina-l460-overlock\/#primaryimage"},"image":{"@id":"https:\/\/www.creafil.lu\/de\/product\/bernina-l460-overlock\/#primaryimage"},"thumbnailUrl":"https:\/\/www.creafil.lu\/wp-content\/uploads\/2024\/11\/BERNINA-L-460-Atelier-scaled.jpg","datePublished":"2024-11-13T13:16:05+00:00","dateModified":"2026-05-07T08:49:03+00:00","description":"BERNINA L460 Eine Overlocker f\u00fcr jedes Projekt!Freihandsystem (FHS) - Anheben des N\u00e4hfusses per Kniehebel. \u00dcberragende Geschwindigkeitskontrolle mit dem BERNINA Fussanlasser. Grosser Anschiebetisch f\u00fcr einen gr\u00f6sseren Arbeitsbereich. Automatischer Nadelstopp oben, unten durch Fussanlasser mit Back-kick Funktion. Gut ausgeleuchteter Nadel- und Greiferbereich","breadcrumb":{"@id":"https:\/\/www.creafil.lu\/de\/product\/bernina-l460-overlock\/#breadcrumb"},"inLanguage":"de","potentialAction":[{"@type":"ReadAction","target":["https:\/\/www.creafil.lu\/de\/product\/bernina-l460-overlock\/"]}]},{"@type":"ImageObject","inLanguage":"de","@id":"https:\/\/www.creafil.lu\/de\/product\/bernina-l460-overlock\/#primaryimage","url":"https:\/\/www.creafil.lu\/wp-content\/uploads\/2024\/11\/BERNINA-L-460-Atelier-scaled.jpg","contentUrl":"https:\/\/www.creafil.lu\/wp-content\/uploads\/2024\/11\/BERNINA-L-460-Atelier-scaled.jpg","width":8176,"height":6132,"caption":"Bernina L460"},{"@type":"BreadcrumbList","@id":"https:\/\/www.creafil.lu\/de\/product\/bernina-l460-overlock\/#breadcrumb","itemListElement":[{"@type":"ListItem","position":1,"name":"Home","item":"https:\/\/www.creafil.lu\/de\/"},{"@type":"ListItem","position":2,"name":"Shop","item":"https:\/\/www.creafil.lu\/de\/shop\/"},{"@type":"ListItem","position":3,"name":"BERNINA L460 Overlock"}]},{"@type":"WebSite","@id":"https:\/\/www.creafil.lu\/de\/#website","url":"https:\/\/www.creafil.lu\/de\/","name":"CREA Fil","description":"Magasin","potentialAction":[{"@type":"SearchAction","target":{"@type":"EntryPoint","urlTemplate":"https:\/\/www.creafil.lu\/de\/?s={search_term_string}"},"query-input":{"@type":"PropertyValueSpecification","valueRequired":true,"valueName":"search_term_string"}}],"inLanguage":"de"}]}},"_links":{"self":[{"href":"https:\/\/www.creafil.lu\/de\/wp-json\/wp\/v2\/product\/8881","targetHints":{"allow":["GET"]}}],"collection":[{"href":"https:\/\/www.creafil.lu\/de\/wp-json\/wp\/v2\/product"}],"about":[{"href":"https:\/\/www.creafil.lu\/de\/wp-json\/wp\/v2\/types\/product"}],"wp:featuredmedia":[{"embeddable":true,"href":"https:\/\/www.creafil.lu\/de\/wp-json\/wp\/v2\/media\/8866"}],"wp:attachment":[{"href":"https:\/\/www.creafil.lu\/de\/wp-json\/wp\/v2\/media?parent=8881"}],"wp:term":[{"taxonomy":"product_brand","embeddable":true,"href":"https:\/\/www.creafil.lu\/de\/wp-json\/wp\/v2\/product_brand?post=8881"},{"taxonomy":"product_cat","embeddable":true,"href":"https:\/\/www.creafil.lu\/de\/wp-json\/wp\/v2\/product_cat?post=8881"},{"taxonomy":"product_tag","embeddable":true,"href":"https:\/\/www.creafil.lu\/de\/wp-json\/wp\/v2\/product_tag?post=8881"}],"curies":[{"name":"wp","href":"https:\/\/api.w.org\/{rel}","templated":true}]}}