{"id":8859,"date":"2024-11-13T13:07:04","date_gmt":"2024-11-13T13:07:04","guid":{"rendered":"https:\/\/www.creafil.lu\/?post_type=product&#038;p=8859"},"modified":"2026-05-07T08:47:53","modified_gmt":"2026-05-07T08:47:53","slug":"bernina-l450-overlock","status":"publish","type":"product","link":"https:\/\/www.creafil.lu\/de\/product\/bernina-l450-overlock\/","title":{"rendered":"BERNINA L450 Overlock"},"content":{"rendered":"<h2>Fadenkontrolle (mtc)<\/h2>\n<div class=\"r-text-block\">\n<ul>\n<li>F\u00fcr eine Schnittbreite bis zu 9 mm<\/li>\n<li>F\u00fcr Professionelle S\u00e4ume<\/li>\n<li>Feinjustierung der Greiferfadenmenge<\/li>\n<\/ul>\n<\/div>\n<p>Dank der patentierten Fadenkontrolle mtc sparen Sie eine Menge Zeit und M\u00fche, denn die Fadenspannung muss nur einmal eingestellt werden \u2013 auch bei einer anschliessenden \u00c4nderung von Schnittbreite und Materialst\u00e4rke!<\/p>\n<h2>Ultimativer Komfort<\/h2>\n<div class=\"r-text-block\">\n<ul>\n<li>Zwei LED-Leuchten<\/li>\n<li>Zubeh\u00f6r jederzeit griffbereit im Greiferdeckel<\/li>\n<li>Stoffauffangbeh\u00e4lter inklusive<\/li>\n<\/ul>\n<\/div>\n<p>Die BERNINA Overlocker L 450 bietet grossen Komfort. Die am h\u00e4ufigsten gebrauchten Zubeh\u00f6rteile befinden sich im Greiferdeckel, ordentlich aufbewahrt und einsatzbereit. Der Stoffauffangbeh\u00e4lter f\u00e4ngt nicht nur Stoffreste und F\u00e4den, sondern Sie k\u00f6nnen bei Nichtbetrieb bequem den Fussanlasser darin verstauen.<\/p>\n<div class=\"content-width\">\n<div class=\"box aos-init aos-animate\" data-aos=\"fade-up\">\n<h2>Warum sollte ich eine L 450 kaufen?<\/h2>\n<ul>\n<li>N\u00e4ht, schneidet und vers\u00e4ubert in einem\u00a0Arbeitsgang &#8211; f\u00fcr mehr Effizienz<\/li>\n<li>Auch f\u00fcr Anf\u00e4nger einfach und komfortabel zu bedienen: die 16 verschiedenen Stiche mit 2, 3, oder 4 F\u00e4den\u00a0sorgen f\u00fcr die gr\u00f6sste Flexibilit\u00e4t bei der Stichauswahl<\/li>\n<li>Jederzeit eine professionelle Stichqualit\u00e4t<\/li>\n<li>Exzellente Rolls\u00e4ume<\/li>\n<li>Perfekt geeignet f\u00fcr Stretchstoffe\u00a0und Strickstoffe<\/li>\n<li>Mit dem Differentialtransport kann auch schnell\u00a0und\u00a0regelm\u00e4ssig\u00a0gekr\u00e4uselt werden<\/li>\n<li>\n<h2>Pr\u00e4zise und flexibel<\/h2>\n<div class=\"r-text-block\">\n<ul>\n<li>Schnell &amp; ruhig bei jeder Geschwindigkeit<\/li>\n<li>Dicke Stoffe leicht n\u00e4hen &amp; schneiden<\/li>\n<li>Wellen- &amp; kr\u00e4uselfreie N\u00e4hte<\/li>\n<\/ul>\n<\/div>\n<p>Die L 450 n\u00e4ht schnell und ruhig bei jeder Geschwindigkeit. Sie schneidet und n\u00e4ht dicke Stoffe mit Leichtigkeit und Pr\u00e4zision. Dank dem Differentialtransport freuen Sie sich stets auf wellenfreie N\u00e4hte bei Maschenware und kr\u00e4uselfreie N\u00e4hte bei feinen Stoffen.<\/li>\n<li>\n<h2>Einfaches Einf\u00e4deln<\/h2>\n<div class=\"r-text-block\">\n<ul>\n<li>Mit dem manuellen Nadeleinf\u00e4dler<\/li>\n<li>Farblich markierter Einf\u00e4delweg<\/li>\n<li>Handrad-Positionsanzeige<\/li>\n<\/ul>\n<\/div>\n<p>Mit der Untergreifereinf\u00e4delautomatik l\u00e4sst sich der Faden einfach und schnell einf\u00e4deln. Der manuelle Nadeleinf\u00e4dler erleichtert das Einf\u00e4deln des Nadel\u00f6hrs. Der farbig markierte, offene Fadenweg und die Handrad-Positionsanzeige unterst\u00fctzen dabei. F\u00fcr zus\u00e4tzlichen Komfort sorgt ausserdem der Fadenabschneider direkt an der Abdeckung.<\/li>\n<li><\/li>\n<\/ul>\n<\/div>\n<\/div>\n","protected":false},"excerpt":{"rendered":"<h2>N\u00e4hen, Schneiden und Vers\u00e4ubern<\/h2>\n<div class=\"product-desc\">\n<ul>\n<li class=\"berninaicon-arrow-rt\">Professionelle Stiche<\/li>\n<li class=\"berninaicon-arrow-rt\">Kein Nahtkr\u00e4useln<\/li>\n<li class=\"berninaicon-arrow-rt\">Schnell &amp; ruhig bei jeder Geschwindigkeit<\/li>\n<li class=\"berninaicon-arrow-rt\">Farbiger Einf\u00e4delweg f\u00fcr leichtes Einf\u00e4deln<\/li>\n<li class=\"berninaicon-arrow-rt\">Grosser, beleuchteter N\u00e4h- und Greiferbereich<\/li>\n<\/ul>\n<\/div>\n","protected":false},"featured_media":8875,"template":"","meta":{"_acf_changed":false,"inline_featured_image":false},"product_brand":[625],"product_cat":[72],"product_tag":[],"class_list":{"0":"post-8859","1":"product","2":"type-product","3":"status-publish","4":"has-post-thumbnail","6":"product_brand-bernina","7":"product_cat-naehmaschine","9":"first","10":"instock","11":"sale","12":"featured","13":"taxable","14":"shipping-taxable","15":"purchasable","16":"product-type-simple"},"acf":[],"yoast_head":"<!-- This site is optimized with the Yoast SEO plugin v24.4 - https:\/\/yoast.com\/wordpress\/plugins\/seo\/ -->\n<title>BERNINA L450 Overlock - CREA Fil<\/title>\n<meta name=\"description\" content=\"BERNINA L450 N\u00e4hen, Schneiden und Vers\u00e4ubern Professionelle Stiche Kein Nahtkr\u00e4useln Schnell &amp; ruhig bei jeder Geschwindigkeit Farbiger Einf\u00e4delweg f\u00fcr leichtes Einf\u00e4deln Grosser, beleuchteter N\u00e4h- und Greiferbereich\" \/>\n<meta name=\"robots\" content=\"index, follow, max-snippet:-1, max-image-preview:large, max-video-preview:-1\" \/>\n<link rel=\"canonical\" href=\"https:\/\/www.creafil.lu\/de\/product\/bernina-l450-overlock\/\" \/>\n<meta property=\"og:locale\" content=\"de_DE\" \/>\n<meta property=\"og:type\" content=\"article\" \/>\n<meta property=\"og:title\" content=\"BERNINA L450 Overlock - CREA Fil\" \/>\n<meta property=\"og:description\" content=\"BERNINA L450 N\u00e4hen, Schneiden und Vers\u00e4ubern Professionelle Stiche Kein Nahtkr\u00e4useln Schnell &amp; ruhig bei jeder Geschwindigkeit Farbiger Einf\u00e4delweg f\u00fcr leichtes Einf\u00e4deln Grosser, beleuchteter N\u00e4h- und Greiferbereich\" \/>\n<meta property=\"og:url\" content=\"https:\/\/www.creafil.lu\/de\/product\/bernina-l450-overlock\/\" \/>\n<meta property=\"og:site_name\" content=\"CREA Fil\" \/>\n<meta property=\"article:modified_time\" content=\"2026-05-07T08:47:53+00:00\" \/>\n<meta property=\"og:image\" content=\"https:\/\/www.creafil.lu\/wp-content\/uploads\/2024\/11\/BERNINA-L-450-Atelier-scaled.jpg\" \/>\n\t<meta property=\"og:image:width\" content=\"640\" \/>\n\t<meta property=\"og:image:height\" content=\"480\" \/>\n\t<meta property=\"og:image:type\" content=\"image\/jpeg\" \/>\n<meta name=\"twitter:card\" content=\"summary_large_image\" \/>\n<meta name=\"twitter:label1\" content=\"Gesch\u00e4tzte Lesezeit\" \/>\n\t<meta name=\"twitter:data1\" content=\"2\u00a0Minuten\" \/>\n<script type=\"application\/ld+json\" class=\"yoast-schema-graph\">{\"@context\":\"https:\/\/schema.org\",\"@graph\":[{\"@type\":\"WebPage\",\"@id\":\"https:\/\/www.creafil.lu\/de\/product\/bernina-l450-overlock\/\",\"url\":\"https:\/\/www.creafil.lu\/de\/product\/bernina-l450-overlock\/\",\"name\":\"BERNINA L450 Overlock - CREA Fil\",\"isPartOf\":{\"@id\":\"https:\/\/www.creafil.lu\/de\/#website\"},\"primaryImageOfPage\":{\"@id\":\"https:\/\/www.creafil.lu\/de\/product\/bernina-l450-overlock\/#primaryimage\"},\"image\":{\"@id\":\"https:\/\/www.creafil.lu\/de\/product\/bernina-l450-overlock\/#primaryimage\"},\"thumbnailUrl\":\"https:\/\/www.creafil.lu\/wp-content\/uploads\/2024\/11\/BERNINA-L-450-Atelier-scaled.jpg\",\"datePublished\":\"2024-11-13T13:07:04+00:00\",\"dateModified\":\"2026-05-07T08:47:53+00:00\",\"description\":\"BERNINA L450 N\u00e4hen, Schneiden und Vers\u00e4ubern Professionelle Stiche Kein Nahtkr\u00e4useln Schnell & ruhig bei jeder Geschwindigkeit Farbiger Einf\u00e4delweg f\u00fcr leichtes Einf\u00e4deln Grosser, beleuchteter N\u00e4h- und Greiferbereich\",\"breadcrumb\":{\"@id\":\"https:\/\/www.creafil.lu\/de\/product\/bernina-l450-overlock\/#breadcrumb\"},\"inLanguage\":\"de\",\"potentialAction\":[{\"@type\":\"ReadAction\",\"target\":[\"https:\/\/www.creafil.lu\/de\/product\/bernina-l450-overlock\/\"]}]},{\"@type\":\"ImageObject\",\"inLanguage\":\"de\",\"@id\":\"https:\/\/www.creafil.lu\/de\/product\/bernina-l450-overlock\/#primaryimage\",\"url\":\"https:\/\/www.creafil.lu\/wp-content\/uploads\/2024\/11\/BERNINA-L-450-Atelier-scaled.jpg\",\"contentUrl\":\"https:\/\/www.creafil.lu\/wp-content\/uploads\/2024\/11\/BERNINA-L-450-Atelier-scaled.jpg\",\"width\":8176,\"height\":6132,\"caption\":\"Bernina L450\"},{\"@type\":\"BreadcrumbList\",\"@id\":\"https:\/\/www.creafil.lu\/de\/product\/bernina-l450-overlock\/#breadcrumb\",\"itemListElement\":[{\"@type\":\"ListItem\",\"position\":1,\"name\":\"Home\",\"item\":\"https:\/\/www.creafil.lu\/de\/\"},{\"@type\":\"ListItem\",\"position\":2,\"name\":\"Shop\",\"item\":\"https:\/\/www.creafil.lu\/de\/shop\/\"},{\"@type\":\"ListItem\",\"position\":3,\"name\":\"BERNINA L450 Overlock\"}]},{\"@type\":\"WebSite\",\"@id\":\"https:\/\/www.creafil.lu\/de\/#website\",\"url\":\"https:\/\/www.creafil.lu\/de\/\",\"name\":\"CREA Fil\",\"description\":\"Magasin\",\"potentialAction\":[{\"@type\":\"SearchAction\",\"target\":{\"@type\":\"EntryPoint\",\"urlTemplate\":\"https:\/\/www.creafil.lu\/de\/?s={search_term_string}\"},\"query-input\":{\"@type\":\"PropertyValueSpecification\",\"valueRequired\":true,\"valueName\":\"search_term_string\"}}],\"inLanguage\":\"de\"}]}<\/script>\n<!-- \/ Yoast SEO plugin. -->","yoast_head_json":{"title":"BERNINA L450 Overlock - CREA Fil","description":"BERNINA L450 N\u00e4hen, Schneiden und Vers\u00e4ubern Professionelle Stiche Kein Nahtkr\u00e4useln Schnell & ruhig bei jeder Geschwindigkeit Farbiger Einf\u00e4delweg f\u00fcr leichtes Einf\u00e4deln Grosser, beleuchteter N\u00e4h- und Greiferbereich","robots":{"index":"index","follow":"follow","max-snippet":"max-snippet:-1","max-image-preview":"max-image-preview:large","max-video-preview":"max-video-preview:-1"},"canonical":"https:\/\/www.creafil.lu\/de\/product\/bernina-l450-overlock\/","og_locale":"de_DE","og_type":"article","og_title":"BERNINA L450 Overlock - CREA Fil","og_description":"BERNINA L450 N\u00e4hen, Schneiden und Vers\u00e4ubern Professionelle Stiche Kein Nahtkr\u00e4useln Schnell & ruhig bei jeder Geschwindigkeit Farbiger Einf\u00e4delweg f\u00fcr leichtes Einf\u00e4deln Grosser, beleuchteter N\u00e4h- und Greiferbereich","og_url":"https:\/\/www.creafil.lu\/de\/product\/bernina-l450-overlock\/","og_site_name":"CREA Fil","article_modified_time":"2026-05-07T08:47:53+00:00","og_image":[{"url":"https:\/\/www.creafil.lu\/wp-content\/uploads\/2024\/11\/BERNINA-L-450-Atelier-scaled.jpg","width":640,"height":480,"type":"image\/jpeg"}],"twitter_card":"summary_large_image","twitter_misc":{"Gesch\u00e4tzte Lesezeit":"2\u00a0Minuten"},"schema":{"@context":"https:\/\/schema.org","@graph":[{"@type":"WebPage","@id":"https:\/\/www.creafil.lu\/de\/product\/bernina-l450-overlock\/","url":"https:\/\/www.creafil.lu\/de\/product\/bernina-l450-overlock\/","name":"BERNINA L450 Overlock - CREA Fil","isPartOf":{"@id":"https:\/\/www.creafil.lu\/de\/#website"},"primaryImageOfPage":{"@id":"https:\/\/www.creafil.lu\/de\/product\/bernina-l450-overlock\/#primaryimage"},"image":{"@id":"https:\/\/www.creafil.lu\/de\/product\/bernina-l450-overlock\/#primaryimage"},"thumbnailUrl":"https:\/\/www.creafil.lu\/wp-content\/uploads\/2024\/11\/BERNINA-L-450-Atelier-scaled.jpg","datePublished":"2024-11-13T13:07:04+00:00","dateModified":"2026-05-07T08:47:53+00:00","description":"BERNINA L450 N\u00e4hen, Schneiden und Vers\u00e4ubern Professionelle Stiche Kein Nahtkr\u00e4useln Schnell & ruhig bei jeder Geschwindigkeit Farbiger Einf\u00e4delweg f\u00fcr leichtes Einf\u00e4deln Grosser, beleuchteter N\u00e4h- und Greiferbereich","breadcrumb":{"@id":"https:\/\/www.creafil.lu\/de\/product\/bernina-l450-overlock\/#breadcrumb"},"inLanguage":"de","potentialAction":[{"@type":"ReadAction","target":["https:\/\/www.creafil.lu\/de\/product\/bernina-l450-overlock\/"]}]},{"@type":"ImageObject","inLanguage":"de","@id":"https:\/\/www.creafil.lu\/de\/product\/bernina-l450-overlock\/#primaryimage","url":"https:\/\/www.creafil.lu\/wp-content\/uploads\/2024\/11\/BERNINA-L-450-Atelier-scaled.jpg","contentUrl":"https:\/\/www.creafil.lu\/wp-content\/uploads\/2024\/11\/BERNINA-L-450-Atelier-scaled.jpg","width":8176,"height":6132,"caption":"Bernina L450"},{"@type":"BreadcrumbList","@id":"https:\/\/www.creafil.lu\/de\/product\/bernina-l450-overlock\/#breadcrumb","itemListElement":[{"@type":"ListItem","position":1,"name":"Home","item":"https:\/\/www.creafil.lu\/de\/"},{"@type":"ListItem","position":2,"name":"Shop","item":"https:\/\/www.creafil.lu\/de\/shop\/"},{"@type":"ListItem","position":3,"name":"BERNINA L450 Overlock"}]},{"@type":"WebSite","@id":"https:\/\/www.creafil.lu\/de\/#website","url":"https:\/\/www.creafil.lu\/de\/","name":"CREA Fil","description":"Magasin","potentialAction":[{"@type":"SearchAction","target":{"@type":"EntryPoint","urlTemplate":"https:\/\/www.creafil.lu\/de\/?s={search_term_string}"},"query-input":{"@type":"PropertyValueSpecification","valueRequired":true,"valueName":"search_term_string"}}],"inLanguage":"de"}]}},"_links":{"self":[{"href":"https:\/\/www.creafil.lu\/de\/wp-json\/wp\/v2\/product\/8859","targetHints":{"allow":["GET"]}}],"collection":[{"href":"https:\/\/www.creafil.lu\/de\/wp-json\/wp\/v2\/product"}],"about":[{"href":"https:\/\/www.creafil.lu\/de\/wp-json\/wp\/v2\/types\/product"}],"wp:featuredmedia":[{"embeddable":true,"href":"https:\/\/www.creafil.lu\/de\/wp-json\/wp\/v2\/media\/8875"}],"wp:attachment":[{"href":"https:\/\/www.creafil.lu\/de\/wp-json\/wp\/v2\/media?parent=8859"}],"wp:term":[{"taxonomy":"product_brand","embeddable":true,"href":"https:\/\/www.creafil.lu\/de\/wp-json\/wp\/v2\/product_brand?post=8859"},{"taxonomy":"product_cat","embeddable":true,"href":"https:\/\/www.creafil.lu\/de\/wp-json\/wp\/v2\/product_cat?post=8859"},{"taxonomy":"product_tag","embeddable":true,"href":"https:\/\/www.creafil.lu\/de\/wp-json\/wp\/v2\/product_tag?post=8859"}],"curies":[{"name":"wp","href":"https:\/\/api.w.org\/{rel}","templated":true}]}}