{"id":8846,"date":"2024-11-13T11:29:37","date_gmt":"2024-11-13T11:29:37","guid":{"rendered":"https:\/\/www.creafil.lu\/?post_type=product&#038;p=8846"},"modified":"2025-07-02T11:02:29","modified_gmt":"2025-07-02T11:02:29","slug":"bernina-b990-pro","status":"publish","type":"product","link":"https:\/\/www.creafil.lu\/de\/product\/bernina-b990-pro\/","title":{"rendered":"BERNINA B990 PRO"},"content":{"rendered":"<h2>Mehr Platz als je zuvor<\/h2>\n<ul>\n<li>356 mm Platz rechts der Nadel<\/li>\n<li>Grosser 10-Zoll-Touchscreen<\/li>\n<li>Gigantische Stickerei mit dem Giant-Stickrahmen<\/li>\n<\/ul>\n<p>Die B 990 verf\u00fcgt \u00fcber einen solide konstruierten verl\u00e4ngerten Freiarm mit 356\u00a0mm Platz rechts der Nadel. Der Giant-Stickrahmen\u00a0(410 x 305 mm) bietet Ihnen reichlich Platz f\u00fcr grosse N\u00e4h-, Quilt- und Stickprojekte.<\/p>\n<h2>Vorschau von Stichen &amp; Stickmustern<\/h2>\n<ul>\n<li class=\"r-text-block\">BERNINA Platzierungs-Scanner &amp; Kamera<\/li>\n<li class=\"r-text-block\">Vorschau beim Platzieren von Mustern<\/li>\n<li class=\"r-text-block\">Nadelbereich live auf dem Bildschirm<\/li>\n<\/ul>\n<div class=\"r-text-block\">Mit dem neuen BERNINA Platzierungs-Scanner und der Kamera k\u00f6nnen Sie den Stickrahmen scannen und den Nadelbereich beim N\u00e4hen und Sticken auf dem Bildschirm betrachten. Scannen Sie das eingespannte Projekt, um in einer Vorschau zu sehen, wie Ihre\u00a0Motive mit der gew\u00e4hlten Garnfarbe und Motivgr\u00f6sse aussehen. Sie k\u00f6nnen den gescannten Hintergrund in die optionale\u00a0<a href=\"https:\/\/www.bernina.com\/getdoc\/1c02eac6-28dc-406e-ac83-64bf3c6864a3\/BERNINA-Embroidery-Software-9-DesignerPlus-3\">BERNINA Sticksoftware 9<\/a>\u00a0\u00fcbertragen.<\/div>\n<div>\n<h2>Nadel automatisch einf\u00e4deln<\/h2>\n<ul>\n<li>Ruckzuck bereit zum N\u00e4hen<\/li>\n<li>Einf\u00e4deln per Knopfdruck<\/li>\n<li>Einfach komfortabel<\/li>\n<\/ul>\n<p>Der automatische Nadeleinf\u00e4dler erleichtert den Einstieg und garantiert einen einfachen Wechsel des N\u00e4hgarns.\u00a0N\u00e4h- und Sticknadeln ab einer St\u00e4rke von 70 k\u00f6nnen automatisch eingef\u00e4delt werden.<\/p>\n<\/div>\n<div>\n<h2>Laserscharfe Positionierung<\/h2>\n<ul>\n<li>Laser in jeder Nadelposition<\/li>\n<li>Zeigt exakten Nadeleinstichspunkt an<\/li>\n<li>Pr\u00e4zision von A bis Z<\/li>\n<\/ul>\n<p>Geniessen Sie Pr\u00e4zision durch exakte Nadelplatzierung f\u00fcr perfekte Projekte. Der Punktgenaue BERNINA Laser zeigt Ihnen beim N\u00e4hen und Sticken stets den genauen Einstichspunkt in jeder Nadelposition an.<\/p>\n<\/div>\n<div>\n<h2>Integrierte Stichregulierung<\/h2>\n<ul>\n<li>Integrierter BERNINA Stichregulator<\/li>\n<li>Geeignet f\u00fcr Ruler Work<\/li>\n<li>Funktioniert f\u00fcr alle Quilt-N\u00e4hf\u00fcsse &amp; Zubeh\u00f6rteile<\/li>\n<\/ul>\n<p>Befestigen Sie einfach die mitgelieferte\u00a0<a href=\"https:\/\/www.bernina.com\/getdoc\/d7ec04b2-db82-4c98-b658-1b850345111f\/5-5mm-BISR-Stitchplate-with-sensor\">BERNINA 5,5-mm-BISR-Stichplatte mit Sensor<\/a>\u00a0und den Quiltfuss Ihrer Wahl, um perfekte Quiltstiche mit exakt gleicher L\u00e4nge bei variablen N\u00e4hgeschwindigkeiten zu erzielen. Dank des innovativen Integrierten BERNINA Stichregulators (BISR) ist nun eine automatische Stichregulierung bei allen Quiltanwendungen einschliesslich Ruler Work m\u00f6glich.<\/p>\n<\/div>\n<div>\n<h2>Stichplatten werden automatisch erkannt<\/h2>\n<ul>\n<li>Stichplatte einlegen und losn\u00e4hen<\/li>\n<li>Zus\u00e4tzliche Sicherheitsfunktion<\/li>\n<li>Drei mitgelieferte Stichplatten<\/li>\n<\/ul>\n<p>Die B 990 erkennt die Stichplatte automatisch, sobald diese an der Maschine angebracht ist. Wenn die Stichplatte nicht mit dem gew\u00e4hlten Stichmuster, der Nadel oder dem N\u00e4hfuss kompatibel ist, n\u00e4ht die Maschine als zus\u00e4tzliche Sicherheitsmassnahme nicht.<\/p>\n<\/div>\n<div>\n<h2>Passenden Stich w\u00e4hlen oder kreieren<\/h2>\n<ul>\n<li>Insgesamt 2927 Stichmuster<\/li>\n<li>Gr\u00f6sse ver\u00e4ndern von 25 bis 500 %<\/li>\n<li>Individuelle Stiche gestalten<\/li>\n<\/ul>\n<p>Mit einem Klick verwandelt die B 990 Ihr Motiv in ein Stichmuster oder ver\u00e4ndert vorhandene Stiche nach Ihren W\u00fcnschen. \u00c4ndern Sie die Gr\u00f6sse jedes Stichs von 25\u00a0% bis 500\u00a0% mit dem neuen Jumbo-Stich. Machen Sie N\u00e4hschritte r\u00fcckg\u00e4ngig und wiederholen Sie sie. Kreieren Sie mit dem Stich-Designer Ihre eigenen Stiche, indem Sie Ihre Ideen direkt auf dem Touchscreen zeichnen.<\/p>\n<\/div>\n<div>\n<div class=\"content-width\">\n<div class=\"box aos-init aos-animate\" data-aos=\"fade-up\">\n<h2>Ihr Ratgeber auf dem Bildschirm<\/h2>\n<ul>\n<li>Gebrauchsanweisung, Tutorials usw.<\/li>\n<li>Im Hilfe-Center suchen<\/li>\n<li>Per Tablet oder Smartphone verbinden<\/li>\n<\/ul>\n<p>Im Hilfe-Center\u00a0finden Sie h\u00e4ufig gesuchte Anleitungen und Informationen, das Benutzerhandbuch und den N\u00e4hberater\u00a0f\u00fcr verschiedene Techniken. Sie k\u00f6nnen das Hilfe-Center sogar mit Ihrem pers\u00f6nlichen Ger\u00e4t (Tablet oder Smartphone) mit WiFi-Kompatibilit\u00e4t verbinden, indem Sie einfach den QR-Code auf dem Bildschirm scannen.<\/p>\n<h2>Gigantische Stickerei<\/h2>\n<ul>\n<li>Grosse Stickfl\u00e4che von 410 x 305 mm<\/li>\n<li>Stickrahmen mit ergonomischem Drehverschluss<\/li>\n<li>Perfekt f\u00fcr grosse Quilts<\/li>\n<\/ul>\n<p>Mit dem neuen Giant-Stickrahmen und dem extragrossen Stickfeld von 410 x 305\u00a0mm k\u00f6nnen Sie ein ganzes 12-Zoll-Quadrat besticken. Dank des ergonomischen Drehverschlusses ist das Einspannen und Wiedereinspannen ganz einfach. Die inneren Markierungen des Stickrahmens und der Schablone erm\u00f6glichen es Ihnen, einen 12-Zoll-Block einfach auszurichten.<\/p>\n<h2>Stiche &amp; Stickmuster organisieren<\/h2>\n<ul>\n<li>Ordner erstellen und benennen<\/li>\n<li>Neue oder ge\u00e4nderte Stiche speichern<\/li>\n<li>Verschieben, kopieren und einf\u00fcgen von Mustern per USB<\/li>\n<\/ul>\n<p>Speichern Sie angepasste oder neue Stichmuster und Kombinationen. Mit dem neuen Dateimanager k\u00f6nnen Sie Stichmuster benennen und im pers\u00f6nlichen Ordner speichern. Erstellen Sie Ordner, verschieben, kopieren und f\u00fcgen Sie Dateien ein, um Ihre Stiche und Stickmuster zu organisieren.<\/p>\n<div class=\"row clearfix scrollmagic aos-init aos-animate\" data-aos=\"fade-up\">\n<div class=\"text\">\n<h2>Platzieren Sie Ihre Designs passend zu Ihrem Projekt<\/h2>\n<ul>\n<li>2-Punkt- und 4-Punkt-Platzierung<\/li>\n<li>Designs platzieren, wie es Ihnen gef\u00e4llt<\/li>\n<li>Jederzeit vollst\u00e4ndige Kontrolle<\/li>\n<\/ul>\n<p>Die Punktgenaue 2-Punkt und 4-Punkt-Platzierung erm\u00f6glicht es Ihnen,\u00a0Designs mit \u00e4usserster Pr\u00e4zision zu platzieren. Definieren Sie einfach vier Punkte auf dem Stoff mit der neuen 4-Punkt-Plazierung und passen Sie das Design durch Morphing oder Proportionalit\u00e4t an die Fl\u00e4che an. Verwenden Sie die virtuelle Positionierung, um die exakten Stichpunkte f\u00fcr h\u00f6chste Pr\u00e4zision zu \u00fcberpr\u00fcfen.<\/p>\n<\/div>\n<\/div>\n<\/div>\n<div class=\"row clearfix scrollmagic aos-init\" data-aos=\"fade-up\">\n<h2>Passen Sie Ihre Quilt-Designs an<\/h2>\n<ul>\n<li>\u00c4ndern Sie Stiche pro Zoll<\/li>\n<li>Unbegrenzte Skalierungsm\u00f6glichkeiten<\/li>\n<li>Kompatibel mit den Formaten BQM, HQF, PAT, PLI, QLI und TAP<\/li>\n<\/ul>\n<p>Die neuen individualisierbaren Quiltmuster bringen die Funktionalit\u00e4t des professionellen Longarm-Quiltens auf Ihre Stickmaschine. Unbegrenzte Skalierungsm\u00f6glichkeiten, die M\u00f6glichkeit, die Stiche pro Zoll (SPI) zu \u00e4ndern, und erweiterte Quiltsicherungsfunktionen erm\u00f6glichen Ihnen perfektes computergesteuertes Quilten auf Ihrer Stickmaschine.<\/p>\n<\/div>\n<div data-aos=\"fade-up\">\n<h2>Stickprozess per Smartphone mitverfolgen<\/h2>\n<ul>\n<li>Mit der BERNINA Stitchout App<\/li>\n<li>Status-Updates in Echtzeit<\/li>\n<li>Designs \u00fcbertragen von oder zur Sticksoftware 9 DesignerPlus<\/li>\n<\/ul>\n<p>Da die BERNINA 990 WiFi-f\u00e4hig ist, k\u00f6nnen Sie Motive aus Ihrer\u00a0<a href=\"https:\/\/www.bernina.com\/getdoc\/1c02eac6-28dc-406e-ac83-64bf3c6864a3\/BERNINA-Embroidery-Software-9-DesignerPlus-3\">BERNINA Sticksoftware 9 DesignerPlus<\/a>\u00a0(optional) direkt auf die Maschine \u00fcbertragen und umgekehrt. Und dank der\u00a0BERNINA Stitchout App\u00a0kann der Stickvorgang auf Ihrem Smartphone aus der Ferne \u00fcberwacht werden. Die In-App-Benachrichtigungen und Echtzeit-Status-Updates machen das Sticken bequem.<\/p>\n<h3>BERNINA stitch<b>precision<sup>2\u00a0<\/sup><\/b>-Technologie<\/h3>\n<ul>\n<li>Stickpr\u00e4zision der n\u00e4chsten Generation<\/li>\n<li>Noch schnelleres Sticken<\/li>\n<li>Erstklassige Stichqualit\u00e4t<\/li>\n<\/ul>\n<p>Die B 990 beinhaltet die neue BERNINA stitch<b>precision<sup>2<\/sup><\/b>-Technologie, die Ihre\u00a0N\u00e4h-, Quilt- und Stick-Erlebnisse noch leiser, pr\u00e4ziser und sch\u00f6ner macht. Schweizer Innovationen erm\u00f6glichen eine hervorragende Stichqualit\u00e4t.<\/p>\n<h3>Neues BERNINA Spitzen-Stickmodul XL<\/h3>\n<ul>\n<li>Hervorragende Stickqualit\u00e4t<\/li>\n<li>Kompatibel mit allen BERNINA Stickrahmen<\/li>\n<li>Mit Smart Drive Technology\u00a0(SDT)<\/li>\n<\/ul>\n<p>Das neue\u00a0<a href=\"https:\/\/www.bernina.com\/getdoc\/ec3bd205-bb8c-4778-b51e-b3362cb93467\/BERNINA-Stickmodul-XL\">Stickmodul XL\u00a0mit BERNINA Smart Drive Technology (SDT)<\/a>\u00a0steigert Ihr Stickerlebnis durch verbesserte Stichqualit\u00e4t, sanftere und leisere Bewegung. Sie k\u00f6nnen damit eine\u00a0Fl\u00e4che von 410 x 305 mm besticken.<\/p>\n<h3>L\u00e4nger ohne Unterbrechung sticken und n\u00e4hen<\/h3>\n<ul>\n<li>Extragrosse Unterfadenspule<\/li>\n<li>Perfekt f\u00fcr dekorative Stiche<\/li>\n<li>Mehr Zeit f\u00fcr kreatives Brainstorming<\/li>\n<\/ul>\n<p>Der BERNINA Greifer mit 9 mm Stichbreite n\u00e4ht mit einer Geschwindigkeit von bis zu 1200 Stichen pro Minute. Die extragrosse Unterfadenspule nimmt bis zu 70% mehr Faden auf als eine normale Spule.<\/p>\n<\/div>\n<\/div>\n<\/div>\n","protected":false},"excerpt":{"rendered":"<h3>Einfach magisch<\/h3>\n<div class=\"product-desc\">\n<ul>\n<li class=\"berninaicon-arrow-rt\"><b>NEU<\/b>\u00a0356 mm Platz rechts der Nadel<\/li>\n<li class=\"berninaicon-arrow-rt\"><b>NEU<\/b>\u00a010&#8243;-Zoll-Touchscreen mit Hilfe-Center<\/li>\n<li class=\"berninaicon-arrow-rt\"><b>NEU<\/b>\u00a0BERNINA Platzierungs-Scanner &amp; Kamera<\/li>\n<li class=\"berninaicon-arrow-rt\"><b>NEU<\/b>\u00a0Giant-Stickrahmen (410 x 305 mm)<\/li>\n<li class=\"berninaicon-arrow-rt\"><b>NEU<\/b>\u00a0Integrierter BERNINA Stichregulator<\/li>\n<\/ul>\n<\/div>\n","protected":false},"featured_media":8847,"template":"","meta":{"_acf_changed":false,"inline_featured_image":false},"product_brand":[],"product_cat":[72],"product_tag":[],"class_list":{"0":"post-8846","1":"product","2":"type-product","3":"status-publish","4":"has-post-thumbnail","6":"product_cat-naehmaschine","8":"first","9":"instock","10":"taxable","11":"shipping-taxable","12":"purchasable","13":"product-type-simple"},"acf":[],"yoast_head":"<!-- This site is optimized with the Yoast SEO plugin v24.4 - https:\/\/yoast.com\/wordpress\/plugins\/seo\/ -->\n<title>BERNINA B990 PRO - CREA Fil<\/title>\n<meta name=\"description\" content=\"Einfach magisch NEU 356 mm Platz rechts der Nadel NEU 10&quot;-Zoll-Touchscreen mit Hilfe-Center NEU BERNINA Platzierungs-Scanner &amp; Kamera NEU Giant-Stickrahmen (410 x 305 mm) NEU Integrierter BERNINA StichregulatorH\u00e4ndler finden\" \/>\n<meta name=\"robots\" content=\"index, follow, max-snippet:-1, max-image-preview:large, max-video-preview:-1\" \/>\n<link rel=\"canonical\" href=\"https:\/\/www.creafil.lu\/de\/product\/bernina-b990-pro\/\" \/>\n<meta property=\"og:locale\" content=\"de_DE\" \/>\n<meta property=\"og:type\" content=\"article\" \/>\n<meta property=\"og:title\" content=\"BERNINA B990 PRO - CREA Fil\" \/>\n<meta property=\"og:description\" content=\"Einfach magisch NEU 356 mm Platz rechts der Nadel NEU 10&quot;-Zoll-Touchscreen mit Hilfe-Center NEU BERNINA Platzierungs-Scanner &amp; Kamera NEU Giant-Stickrahmen (410 x 305 mm) NEU Integrierter BERNINA StichregulatorH\u00e4ndler finden\" \/>\n<meta property=\"og:url\" content=\"https:\/\/www.creafil.lu\/de\/product\/bernina-b990-pro\/\" \/>\n<meta property=\"og:site_name\" content=\"CREA Fil\" \/>\n<meta property=\"article:modified_time\" content=\"2025-07-02T11:02:29+00:00\" \/>\n<meta property=\"og:image\" content=\"https:\/\/www.creafil.lu\/wp-content\/uploads\/2024\/11\/BERNINA_990_Frontal.jpg\" \/>\n\t<meta property=\"og:image:width\" content=\"8256\" \/>\n\t<meta property=\"og:image:height\" content=\"5504\" \/>\n\t<meta property=\"og:image:type\" content=\"image\/jpeg\" \/>\n<meta name=\"twitter:card\" content=\"summary_large_image\" \/>\n<meta name=\"twitter:label1\" content=\"Gesch\u00e4tzte Lesezeit\" \/>\n\t<meta name=\"twitter:data1\" content=\"5\u00a0Minuten\" \/>\n<script type=\"application\/ld+json\" class=\"yoast-schema-graph\">{\"@context\":\"https:\/\/schema.org\",\"@graph\":[{\"@type\":\"WebPage\",\"@id\":\"https:\/\/www.creafil.lu\/de\/product\/bernina-b990-pro\/\",\"url\":\"https:\/\/www.creafil.lu\/de\/product\/bernina-b990-pro\/\",\"name\":\"BERNINA B990 PRO - CREA Fil\",\"isPartOf\":{\"@id\":\"https:\/\/www.creafil.lu\/de\/#website\"},\"primaryImageOfPage\":{\"@id\":\"https:\/\/www.creafil.lu\/de\/product\/bernina-b990-pro\/#primaryimage\"},\"image\":{\"@id\":\"https:\/\/www.creafil.lu\/de\/product\/bernina-b990-pro\/#primaryimage\"},\"thumbnailUrl\":\"https:\/\/www.creafil.lu\/wp-content\/uploads\/2024\/11\/BERNINA_990_Frontal.jpg\",\"datePublished\":\"2024-11-13T11:29:37+00:00\",\"dateModified\":\"2025-07-02T11:02:29+00:00\",\"description\":\"Einfach magisch NEU 356 mm Platz rechts der Nadel NEU 10\\\"-Zoll-Touchscreen mit Hilfe-Center NEU BERNINA Platzierungs-Scanner & Kamera NEU Giant-Stickrahmen (410 x 305 mm) NEU Integrierter BERNINA StichregulatorH\u00e4ndler finden\",\"breadcrumb\":{\"@id\":\"https:\/\/www.creafil.lu\/de\/product\/bernina-b990-pro\/#breadcrumb\"},\"inLanguage\":\"de\",\"potentialAction\":[{\"@type\":\"ReadAction\",\"target\":[\"https:\/\/www.creafil.lu\/de\/product\/bernina-b990-pro\/\"]}]},{\"@type\":\"ImageObject\",\"inLanguage\":\"de\",\"@id\":\"https:\/\/www.creafil.lu\/de\/product\/bernina-b990-pro\/#primaryimage\",\"url\":\"https:\/\/www.creafil.lu\/wp-content\/uploads\/2024\/11\/BERNINA_990_Frontal.jpg\",\"contentUrl\":\"https:\/\/www.creafil.lu\/wp-content\/uploads\/2024\/11\/BERNINA_990_Frontal.jpg\",\"width\":8256,\"height\":5504,\"caption\":\"B990\"},{\"@type\":\"BreadcrumbList\",\"@id\":\"https:\/\/www.creafil.lu\/de\/product\/bernina-b990-pro\/#breadcrumb\",\"itemListElement\":[{\"@type\":\"ListItem\",\"position\":1,\"name\":\"Home\",\"item\":\"https:\/\/www.creafil.lu\/de\/\"},{\"@type\":\"ListItem\",\"position\":2,\"name\":\"Shop\",\"item\":\"https:\/\/www.creafil.lu\/de\/shop\/\"},{\"@type\":\"ListItem\",\"position\":3,\"name\":\"BERNINA B990 PRO\"}]},{\"@type\":\"WebSite\",\"@id\":\"https:\/\/www.creafil.lu\/de\/#website\",\"url\":\"https:\/\/www.creafil.lu\/de\/\",\"name\":\"CREA Fil\",\"description\":\"Magasin\",\"potentialAction\":[{\"@type\":\"SearchAction\",\"target\":{\"@type\":\"EntryPoint\",\"urlTemplate\":\"https:\/\/www.creafil.lu\/de\/?s={search_term_string}\"},\"query-input\":{\"@type\":\"PropertyValueSpecification\",\"valueRequired\":true,\"valueName\":\"search_term_string\"}}],\"inLanguage\":\"de\"}]}<\/script>\n<!-- \/ Yoast SEO plugin. -->","yoast_head_json":{"title":"BERNINA B990 PRO - CREA Fil","description":"Einfach magisch NEU 356 mm Platz rechts der Nadel NEU 10\"-Zoll-Touchscreen mit Hilfe-Center NEU BERNINA Platzierungs-Scanner & Kamera NEU Giant-Stickrahmen (410 x 305 mm) NEU Integrierter BERNINA StichregulatorH\u00e4ndler finden","robots":{"index":"index","follow":"follow","max-snippet":"max-snippet:-1","max-image-preview":"max-image-preview:large","max-video-preview":"max-video-preview:-1"},"canonical":"https:\/\/www.creafil.lu\/de\/product\/bernina-b990-pro\/","og_locale":"de_DE","og_type":"article","og_title":"BERNINA B990 PRO - CREA Fil","og_description":"Einfach magisch NEU 356 mm Platz rechts der Nadel NEU 10\"-Zoll-Touchscreen mit Hilfe-Center NEU BERNINA Platzierungs-Scanner & Kamera NEU Giant-Stickrahmen (410 x 305 mm) NEU Integrierter BERNINA StichregulatorH\u00e4ndler finden","og_url":"https:\/\/www.creafil.lu\/de\/product\/bernina-b990-pro\/","og_site_name":"CREA Fil","article_modified_time":"2025-07-02T11:02:29+00:00","og_image":[{"width":8256,"height":5504,"url":"https:\/\/www.creafil.lu\/wp-content\/uploads\/2024\/11\/BERNINA_990_Frontal.jpg","type":"image\/jpeg"}],"twitter_card":"summary_large_image","twitter_misc":{"Gesch\u00e4tzte Lesezeit":"5\u00a0Minuten"},"schema":{"@context":"https:\/\/schema.org","@graph":[{"@type":"WebPage","@id":"https:\/\/www.creafil.lu\/de\/product\/bernina-b990-pro\/","url":"https:\/\/www.creafil.lu\/de\/product\/bernina-b990-pro\/","name":"BERNINA B990 PRO - CREA Fil","isPartOf":{"@id":"https:\/\/www.creafil.lu\/de\/#website"},"primaryImageOfPage":{"@id":"https:\/\/www.creafil.lu\/de\/product\/bernina-b990-pro\/#primaryimage"},"image":{"@id":"https:\/\/www.creafil.lu\/de\/product\/bernina-b990-pro\/#primaryimage"},"thumbnailUrl":"https:\/\/www.creafil.lu\/wp-content\/uploads\/2024\/11\/BERNINA_990_Frontal.jpg","datePublished":"2024-11-13T11:29:37+00:00","dateModified":"2025-07-02T11:02:29+00:00","description":"Einfach magisch NEU 356 mm Platz rechts der Nadel NEU 10\"-Zoll-Touchscreen mit Hilfe-Center NEU BERNINA Platzierungs-Scanner & Kamera NEU Giant-Stickrahmen (410 x 305 mm) NEU Integrierter BERNINA StichregulatorH\u00e4ndler finden","breadcrumb":{"@id":"https:\/\/www.creafil.lu\/de\/product\/bernina-b990-pro\/#breadcrumb"},"inLanguage":"de","potentialAction":[{"@type":"ReadAction","target":["https:\/\/www.creafil.lu\/de\/product\/bernina-b990-pro\/"]}]},{"@type":"ImageObject","inLanguage":"de","@id":"https:\/\/www.creafil.lu\/de\/product\/bernina-b990-pro\/#primaryimage","url":"https:\/\/www.creafil.lu\/wp-content\/uploads\/2024\/11\/BERNINA_990_Frontal.jpg","contentUrl":"https:\/\/www.creafil.lu\/wp-content\/uploads\/2024\/11\/BERNINA_990_Frontal.jpg","width":8256,"height":5504,"caption":"B990"},{"@type":"BreadcrumbList","@id":"https:\/\/www.creafil.lu\/de\/product\/bernina-b990-pro\/#breadcrumb","itemListElement":[{"@type":"ListItem","position":1,"name":"Home","item":"https:\/\/www.creafil.lu\/de\/"},{"@type":"ListItem","position":2,"name":"Shop","item":"https:\/\/www.creafil.lu\/de\/shop\/"},{"@type":"ListItem","position":3,"name":"BERNINA B990 PRO"}]},{"@type":"WebSite","@id":"https:\/\/www.creafil.lu\/de\/#website","url":"https:\/\/www.creafil.lu\/de\/","name":"CREA Fil","description":"Magasin","potentialAction":[{"@type":"SearchAction","target":{"@type":"EntryPoint","urlTemplate":"https:\/\/www.creafil.lu\/de\/?s={search_term_string}"},"query-input":{"@type":"PropertyValueSpecification","valueRequired":true,"valueName":"search_term_string"}}],"inLanguage":"de"}]}},"_links":{"self":[{"href":"https:\/\/www.creafil.lu\/de\/wp-json\/wp\/v2\/product\/8846","targetHints":{"allow":["GET"]}}],"collection":[{"href":"https:\/\/www.creafil.lu\/de\/wp-json\/wp\/v2\/product"}],"about":[{"href":"https:\/\/www.creafil.lu\/de\/wp-json\/wp\/v2\/types\/product"}],"wp:featuredmedia":[{"embeddable":true,"href":"https:\/\/www.creafil.lu\/de\/wp-json\/wp\/v2\/media\/8847"}],"wp:attachment":[{"href":"https:\/\/www.creafil.lu\/de\/wp-json\/wp\/v2\/media?parent=8846"}],"wp:term":[{"taxonomy":"product_brand","embeddable":true,"href":"https:\/\/www.creafil.lu\/de\/wp-json\/wp\/v2\/product_brand?post=8846"},{"taxonomy":"product_cat","embeddable":true,"href":"https:\/\/www.creafil.lu\/de\/wp-json\/wp\/v2\/product_cat?post=8846"},{"taxonomy":"product_tag","embeddable":true,"href":"https:\/\/www.creafil.lu\/de\/wp-json\/wp\/v2\/product_tag?post=8846"}],"curies":[{"name":"wp","href":"https:\/\/api.w.org\/{rel}","templated":true}]}}