{"id":8833,"date":"2024-11-13T11:22:21","date_gmt":"2024-11-13T11:22:21","guid":{"rendered":"https:\/\/www.creafil.lu\/?post_type=product&#038;p=8833"},"modified":"2025-07-02T11:44:00","modified_gmt":"2025-07-02T11:44:00","slug":"bernina-b790-pro","status":"publish","type":"product","link":"https:\/\/www.creafil.lu\/de\/product\/bernina-b790-pro\/","title":{"rendered":"BERNINA B790 Pro"},"content":{"rendered":"<h2>Pr\u00e4zise wie ein PRO!<\/h2>\n<ul>\n<li>Stickpr\u00e4zision der n\u00e4chsten Generation<\/li>\n<li>Noch schnelleres Sticken<\/li>\n<li>Erstklassige Stichqualit\u00e4t<\/li>\n<\/ul>\n<p>Die B 790 PRO beinhaltet die neue BERNINA stitch<b>precision<sup>2<\/sup><\/b>-Technologie, die Ihre\u00a0N\u00e4h-, Quilt- und Stick-Erlebnisse noch leiser, pr\u00e4ziser und sch\u00f6ner macht. Schweizer Innovationen erm\u00f6glichen eine hervorragende Stichqualit\u00e4t und eine bis zu 33% h\u00f6here Geschwindigkeit mit dem SDT-Stickmodul.<\/p>\n<div class=\"content-width\">\n<div class=\"box aos-init aos-animate\" data-aos=\"fade-up\">\n<h2>Laserscharfe Positionierung<\/h2>\n<ul>\n<li>Laser in jeder Nadelposition<\/li>\n<li>Zeigt den exakten Nadeleinstichpunkt an<\/li>\n<li>Pr\u00e4zision von A bis Z<\/li>\n<\/ul>\n<p>Geniessen Sie Pr\u00e4zision durch exakte Nadelplatzierung f\u00fcr noch perfektere Projekte. Der Punktgenaue BERNINA Laser zeigt Ihnen beim N\u00e4hen und Sticken stets den genauen Einstichspunkt in jeder Nadelposition an.<\/p>\n<h2>Nadel automatisch einf\u00e4deln<\/h2>\n<ul>\n<li>Ruckzuck bereit zum N\u00e4hen<\/li>\n<li>Einf\u00e4deln per Knopfdruck<\/li>\n<li>Einfach komfortabel<\/li>\n<\/ul>\n<p>Der automatische Nadeleinf\u00e4dler erleichtern den Einstieg von Beginn an und garantiert einen einfachen Wechsel des N\u00e4hgarns. Ab Nadelst\u00e4rke 70 kann der Oberfaden durch Knopfdruck in Standard-N\u00e4h- und Sticknadeln eingef\u00e4delt werden \u2013 bequem und schnell, jedes Mal!<\/p>\n<h2>Platzierung passend zum Projekt<\/h2>\n<ul>\n<li>Einfache 4-Punkt-Platzierung<\/li>\n<li>Proportionale Positionierung<\/li>\n<li>Verformung passend zum Projekt<\/li>\n<\/ul>\n<p>Mit der neuen 4-Punkt-Platzierung ist die Positionierung Ihres Stick- oder Quiltmusters extrem einfach und pr\u00e4zise. Legen Sie einfach vier Punkte auf dem Stoff im Stickrahmen fest, und das Design kann proportional platziert oder so geformt werden, dass es in die erstellte Umrandung passt.<\/p>\n<h2>Stickprozess per Smartphone mitverfolgen<\/h2>\n<ul>\n<li>Mit der BERNINA Stitchout App<\/li>\n<li>Status-Updates in Echtzeit<\/li>\n<li>Designs \u00fcbertragen von oder zur Sticksoftware 9<\/li>\n<\/ul>\n<p>Da die BERNINA 790 PRO WiFi-f\u00e4hig ist, k\u00f6nnen Sie Motive aus Ihrer\u00a0<a href=\"https:\/\/www.bernina.com\/getdoc\/c5262b6c-0373-4a76-9a74-1d0979d2317a\/BERNINA-Embroidery-Software-9\">BERNINA Sticksoftware 9<\/a>\u00a0(optional) direkt auf die Maschine \u00fcbertragen und umgekehrt. Und dank der\u00a0<a href=\"https:\/\/www.bernina.com\/getdoc\/0c41cf04-46fc-4e34-9d03-b445758a9a19\/Stitch-Out-App\">BERNINA Stitchout App<\/a>\u00a0kann der Stickvorgang auf Ihrem Smartphone aus der Ferne \u00fcberwacht werden. Die In-App-Benachrichtigungen und Echtzeit-Status-Updates machen das Sticken noch bequemer.<\/p>\n<h2>Quiltmuster individualisieren<\/h2>\n<ul>\n<li>Quilten wie ein PRO!<\/li>\n<li>\u00c4ndern der Stiche pro Zoll<\/li>\n<li>Unbegrenzte Skalierung<\/li>\n<\/ul>\n<p>Die neuen individualisierbaren Quiltmuster (BQM-Dateien) bringen Funktionen des professionellen Langarm-Quiltens auf Ihre Stickmaschine. Die unbegrenzte Skalierung Ihrer Designs, die \u00c4nderung der Anzahl Stiche pro Zoll (SPI) und weitere Einstellungen erm\u00f6glichen perfektes, computergesteuertes Quilten auf Ihrer Stickmaschine.<\/p>\n<h2>Individuelle Stiche erstellen<\/h2>\n<ul>\n<li>Eigene Stiche im Stichdesigner erstellen<\/li>\n<li>Vorhandene Stichmuster bearbeiten<\/li>\n<li>Stichkreationen speichern<\/li>\n<\/ul>\n<p>Kreieren Sie eigene Stiche, indem Sie Ihre Ideen direkt auf den Touchscreen zeichnen. Mit einem Klick wandelt die B 790 PRO Ihr Design in ein Stichmuster um oder \u00e4ndert vorhandene Stiche nach Ihren Vorstellungen. Speichern Sie Ihre Stichkreationen, um Ihre Stichbibliothek laufend zu erweitern.<\/p>\n<h2>Extragrosser Touchscreen<\/h2>\n<ul>\n<li class=\"r-text-block\">Grandioser 7-Zoll-Touchscreen<\/li>\n<li class=\"r-text-block\">Leichte Bedienung &amp; grosse\u00a0Symbole<\/li>\n<li class=\"r-text-block\">Optimal zentral platziert<\/li>\n<\/ul>\n<div class=\"r-text-block\">Der extragrosse Touchscreen\u00a0erm\u00f6glicht Ihnen eine angenehme Bedienung der Maschine.\u00a0Erhalten Sie direkte Tipps und Tricks oder lassen Sie sich in kurzen Anleitungsanimationen wichtige Arbeitsschritte zeigen.<\/div>\n<div>\n<h2>Muster ausrichten nach Wunsch<\/h2>\n<ul>\n<li>Sowohl horizontal als auch vertikal<\/li>\n<li>Zentriert, links, rechts, oben, unten<\/li>\n<li>Mehrzeilige Texte\u00a0ausrichten<\/li>\n<\/ul>\n<p>Richten Sie Stickmotive m\u00fchelos horizontal und vertikal aus. Verwenden Sie die Funktion f\u00fcr mehrzeilige Schriftz\u00fcge und die Textausrichtung, um Ihre Textplatzierung zu personalisieren. Mit dem Zeilenumbruch ist die Beschriftung von bis zu 10 Zeilen m\u00f6glich.<\/p>\n<\/div>\n<div>\n<h2>Von der Idee<br \/>\nzur Form<\/h2>\n<ul>\n<li>Formen kombinieren<\/li>\n<li>Stickmuster anordnen<\/li>\n<li>Jede Form\u00a0ist m\u00f6glich<\/li>\n<\/ul>\n<p>Multiplizieren Sie Stickmuster mit einem Klick und ordnen Sie sie in einer gew\u00fcnschten Formation an. Ob im Kreis, Quadrat oder Herz, mit dem integrierten Shape-Designer entstehen neue und einzigartige Muster.<\/p>\n<\/div>\n<div>\n<h2>Noch mehr M\u00f6glichkeiten zur Bearbeitung<\/h2>\n<ul>\n<li>Bord\u00fcrensticken<\/li>\n<li>Gruppieren und Aufheben der Gruppierung von Motiven<\/li>\n<li>Motive neu anordnen<\/li>\n<\/ul>\n<p>Gruppieren Sie Objekte, um alle gleichzeitig zu bearbeiten, oder heben Sie die Gruppierung auf, um Objekte individuell zu bearbeiten.\u00a0Mit der Funktion &#8222;Bord\u00fcrensticken&#8220; k\u00f6nnen Sie Stickmuster einfach wiederholen und ausrichten, um durchgehende Bord\u00fcren zu erstellen.<\/p>\n<h2>Smarte Sticktechnologie noch smarter<\/h2>\n<ul>\n<li>Aus perfekt wird meisterhaft<\/li>\n<li>Nochmalige Steigerung der Stickgeschwindigkeit<\/li>\n<li>Noch bessere Stichqualit\u00e4t<\/li>\n<\/ul>\n<p>Dank der BERNINA stitch<b>precision<sup>2\u00a0<\/sup><\/b>-Technologie\u00a0ist das ohnehin schon verbesserte BERNINA Stickmodul mit Smart Drive Technology (SDT) noch schneller und die Stichqualit\u00e4t noch besser.<\/p>\n<h3>BERNINA Innovationen nur f\u00fcr Sie!<\/h3>\n<ul>\n<li>Feinste N\u00e4h- und Stickergebnisse<\/li>\n<li>Perfektes &amp; pr\u00e4zises Stichbild<\/li>\n<li>Praktische Hilfe beim Freihandn\u00e4hen<\/li>\n<\/ul>\n<p>Dank der Adaptiven BERNINA Fadenspannungskontrolle wird die Fadenspannung permanent \u00fcberpr\u00fcft und automatisch angepasst. Der mitgelieferte BERNINA Stichregulator sorgt bei variabler N\u00e4hgeschwindigkeit f\u00fcr immer exakt gleich lange Stiche.<\/p>\n<h3>Jedes Material n\u00e4hen wie ein PRO<\/h3>\n<ul>\n<li>Hervorragender Stofftransport<\/li>\n<li>Optimale Sicht beim N\u00e4hen<\/li>\n<li>Leichtes Aktivieren des Dual Transports<\/li>\n<\/ul>\n<p>Der innovative BERNINA Dual Transport transportiert glatte und feine Materialien gleichm\u00e4ssig und sorgf\u00e4ltig. Einfach zu aktivieren, wenn er gebraucht wird.<\/p>\n<h3>Extragrosse Unterfadenspule<\/h3>\n<ul>\n<li>Perfekt f\u00fcr dekorative Stiche<\/li>\n<li>L\u00e4nger ohne Unterbr\u00fcche sticken &amp; n\u00e4hen<\/li>\n<li>Mehr Zeit f\u00fcr kreatives Brainstorming<\/li>\n<\/ul>\n<p>Der BERNINA Greifer mit 9 mm Stichbreite n\u00e4ht mit einer Geschwindigkeit von bis zu 1000 Stichen pro Minute. Die extragrosse Unterfadenspule nimmt bis zu 70% mehr Faden auf als eine normale Spule.<\/p>\n<\/div>\n<\/div>\n<\/div>\n","protected":false},"excerpt":{"rendered":"<h3>JOY OF PRO<\/h3>\n<div class=\"product-desc\">\n<ul>\n<li class=\"berninaicon-arrow-rt\">BERNINA stitch<b>precision\u00b2<\/b>-Technologie<\/li>\n<li class=\"berninaicon-arrow-rt\">Punktgenauer BERNINA Laser<\/li>\n<li class=\"berninaicon-arrow-rt\">4-Punkt-Platzierung mit Morphing<\/li>\n<li class=\"berninaicon-arrow-rt\">BERNINA Stitchout App<\/li>\n<li class=\"berninaicon-arrow-rt\">Individualisierbare Quiltmuster<\/li>\n<\/ul>\n<\/div>\n","protected":false},"featured_media":8843,"template":"","meta":{"_acf_changed":false,"inline_featured_image":false},"product_brand":[],"product_cat":[72],"product_tag":[],"class_list":{"0":"post-8833","1":"product","2":"type-product","3":"status-publish","4":"has-post-thumbnail","6":"product_cat-naehmaschine","8":"first","9":"instock","10":"sale","11":"featured","12":"taxable","13":"shipping-taxable","14":"purchasable","15":"product-type-simple"},"acf":[],"yoast_head":"<!-- This site is optimized with the Yoast SEO plugin v24.4 - https:\/\/yoast.com\/wordpress\/plugins\/seo\/ -->\n<title>BERNINA B790 Pro - CREA Fil<\/title>\n<meta name=\"description\" content=\"N\u00e4hen &amp; Sticken in h\u00f6chster Vollendung Viel Platz zum N\u00e4hen und Sticken Stiche selbst kreieren Extragrosse Unterfadenspule BERNINA Greifer f\u00fcr perfekte Stiche Mit Stickmodul\" \/>\n<meta name=\"robots\" content=\"index, follow, max-snippet:-1, max-image-preview:large, max-video-preview:-1\" \/>\n<link rel=\"canonical\" href=\"https:\/\/www.creafil.lu\/de\/product\/bernina-b790-pro\/\" \/>\n<meta property=\"og:locale\" content=\"de_DE\" \/>\n<meta property=\"og:type\" content=\"article\" \/>\n<meta property=\"og:title\" content=\"BERNINA B790 Pro - CREA Fil\" \/>\n<meta property=\"og:description\" content=\"N\u00e4hen &amp; Sticken in h\u00f6chster Vollendung Viel Platz zum N\u00e4hen und Sticken Stiche selbst kreieren Extragrosse Unterfadenspule BERNINA Greifer f\u00fcr perfekte Stiche Mit Stickmodul\" \/>\n<meta property=\"og:url\" content=\"https:\/\/www.creafil.lu\/de\/product\/bernina-b790-pro\/\" \/>\n<meta property=\"og:site_name\" content=\"CREA Fil\" \/>\n<meta property=\"article:modified_time\" content=\"2025-07-02T11:44:00+00:00\" \/>\n<meta property=\"og:image\" content=\"https:\/\/www.creafil.lu\/wp-content\/uploads\/2024\/11\/Bernina_790_pro_frontal--1024x683.jpg\" \/>\n\t<meta property=\"og:image:width\" content=\"1024\" \/>\n\t<meta property=\"og:image:height\" content=\"683\" \/>\n\t<meta property=\"og:image:type\" content=\"image\/jpeg\" \/>\n<meta name=\"twitter:card\" content=\"summary_large_image\" \/>\n<meta name=\"twitter:label1\" content=\"Gesch\u00e4tzte Lesezeit\" \/>\n\t<meta name=\"twitter:data1\" content=\"4\u00a0Minuten\" \/>\n<script type=\"application\/ld+json\" class=\"yoast-schema-graph\">{\"@context\":\"https:\/\/schema.org\",\"@graph\":[{\"@type\":\"WebPage\",\"@id\":\"https:\/\/www.creafil.lu\/de\/product\/bernina-b790-pro\/\",\"url\":\"https:\/\/www.creafil.lu\/de\/product\/bernina-b790-pro\/\",\"name\":\"BERNINA B790 Pro - CREA Fil\",\"isPartOf\":{\"@id\":\"https:\/\/www.creafil.lu\/de\/#website\"},\"primaryImageOfPage\":{\"@id\":\"https:\/\/www.creafil.lu\/de\/product\/bernina-b790-pro\/#primaryimage\"},\"image\":{\"@id\":\"https:\/\/www.creafil.lu\/de\/product\/bernina-b790-pro\/#primaryimage\"},\"thumbnailUrl\":\"https:\/\/www.creafil.lu\/wp-content\/uploads\/2024\/11\/Bernina_790_pro_frontal-.jpg\",\"datePublished\":\"2024-11-13T11:22:21+00:00\",\"dateModified\":\"2025-07-02T11:44:00+00:00\",\"description\":\"N\u00e4hen & Sticken in h\u00f6chster Vollendung Viel Platz zum N\u00e4hen und Sticken Stiche selbst kreieren Extragrosse Unterfadenspule BERNINA Greifer f\u00fcr perfekte Stiche Mit Stickmodul\",\"breadcrumb\":{\"@id\":\"https:\/\/www.creafil.lu\/de\/product\/bernina-b790-pro\/#breadcrumb\"},\"inLanguage\":\"de\",\"potentialAction\":[{\"@type\":\"ReadAction\",\"target\":[\"https:\/\/www.creafil.lu\/de\/product\/bernina-b790-pro\/\"]}]},{\"@type\":\"ImageObject\",\"inLanguage\":\"de\",\"@id\":\"https:\/\/www.creafil.lu\/de\/product\/bernina-b790-pro\/#primaryimage\",\"url\":\"https:\/\/www.creafil.lu\/wp-content\/uploads\/2024\/11\/Bernina_790_pro_frontal-.jpg\",\"contentUrl\":\"https:\/\/www.creafil.lu\/wp-content\/uploads\/2024\/11\/Bernina_790_pro_frontal-.jpg\",\"width\":8256,\"height\":5504,\"caption\":\"B790\"},{\"@type\":\"BreadcrumbList\",\"@id\":\"https:\/\/www.creafil.lu\/de\/product\/bernina-b790-pro\/#breadcrumb\",\"itemListElement\":[{\"@type\":\"ListItem\",\"position\":1,\"name\":\"Home\",\"item\":\"https:\/\/www.creafil.lu\/de\/\"},{\"@type\":\"ListItem\",\"position\":2,\"name\":\"Shop\",\"item\":\"https:\/\/www.creafil.lu\/de\/shop\/\"},{\"@type\":\"ListItem\",\"position\":3,\"name\":\"BERNINA B790 Pro\"}]},{\"@type\":\"WebSite\",\"@id\":\"https:\/\/www.creafil.lu\/de\/#website\",\"url\":\"https:\/\/www.creafil.lu\/de\/\",\"name\":\"CREA Fil\",\"description\":\"Magasin\",\"potentialAction\":[{\"@type\":\"SearchAction\",\"target\":{\"@type\":\"EntryPoint\",\"urlTemplate\":\"https:\/\/www.creafil.lu\/de\/?s={search_term_string}\"},\"query-input\":{\"@type\":\"PropertyValueSpecification\",\"valueRequired\":true,\"valueName\":\"search_term_string\"}}],\"inLanguage\":\"de\"}]}<\/script>\n<!-- \/ Yoast SEO plugin. -->","yoast_head_json":{"title":"BERNINA B790 Pro - CREA Fil","description":"N\u00e4hen & Sticken in h\u00f6chster Vollendung Viel Platz zum N\u00e4hen und Sticken Stiche selbst kreieren Extragrosse Unterfadenspule BERNINA Greifer f\u00fcr perfekte Stiche Mit Stickmodul","robots":{"index":"index","follow":"follow","max-snippet":"max-snippet:-1","max-image-preview":"max-image-preview:large","max-video-preview":"max-video-preview:-1"},"canonical":"https:\/\/www.creafil.lu\/de\/product\/bernina-b790-pro\/","og_locale":"de_DE","og_type":"article","og_title":"BERNINA B790 Pro - CREA Fil","og_description":"N\u00e4hen & Sticken in h\u00f6chster Vollendung Viel Platz zum N\u00e4hen und Sticken Stiche selbst kreieren Extragrosse Unterfadenspule BERNINA Greifer f\u00fcr perfekte Stiche Mit Stickmodul","og_url":"https:\/\/www.creafil.lu\/de\/product\/bernina-b790-pro\/","og_site_name":"CREA Fil","article_modified_time":"2025-07-02T11:44:00+00:00","og_image":[{"width":1024,"height":683,"url":"https:\/\/www.creafil.lu\/wp-content\/uploads\/2024\/11\/Bernina_790_pro_frontal--1024x683.jpg","type":"image\/jpeg"}],"twitter_card":"summary_large_image","twitter_misc":{"Gesch\u00e4tzte Lesezeit":"4\u00a0Minuten"},"schema":{"@context":"https:\/\/schema.org","@graph":[{"@type":"WebPage","@id":"https:\/\/www.creafil.lu\/de\/product\/bernina-b790-pro\/","url":"https:\/\/www.creafil.lu\/de\/product\/bernina-b790-pro\/","name":"BERNINA B790 Pro - CREA Fil","isPartOf":{"@id":"https:\/\/www.creafil.lu\/de\/#website"},"primaryImageOfPage":{"@id":"https:\/\/www.creafil.lu\/de\/product\/bernina-b790-pro\/#primaryimage"},"image":{"@id":"https:\/\/www.creafil.lu\/de\/product\/bernina-b790-pro\/#primaryimage"},"thumbnailUrl":"https:\/\/www.creafil.lu\/wp-content\/uploads\/2024\/11\/Bernina_790_pro_frontal-.jpg","datePublished":"2024-11-13T11:22:21+00:00","dateModified":"2025-07-02T11:44:00+00:00","description":"N\u00e4hen & Sticken in h\u00f6chster Vollendung Viel Platz zum N\u00e4hen und Sticken Stiche selbst kreieren Extragrosse Unterfadenspule BERNINA Greifer f\u00fcr perfekte Stiche Mit Stickmodul","breadcrumb":{"@id":"https:\/\/www.creafil.lu\/de\/product\/bernina-b790-pro\/#breadcrumb"},"inLanguage":"de","potentialAction":[{"@type":"ReadAction","target":["https:\/\/www.creafil.lu\/de\/product\/bernina-b790-pro\/"]}]},{"@type":"ImageObject","inLanguage":"de","@id":"https:\/\/www.creafil.lu\/de\/product\/bernina-b790-pro\/#primaryimage","url":"https:\/\/www.creafil.lu\/wp-content\/uploads\/2024\/11\/Bernina_790_pro_frontal-.jpg","contentUrl":"https:\/\/www.creafil.lu\/wp-content\/uploads\/2024\/11\/Bernina_790_pro_frontal-.jpg","width":8256,"height":5504,"caption":"B790"},{"@type":"BreadcrumbList","@id":"https:\/\/www.creafil.lu\/de\/product\/bernina-b790-pro\/#breadcrumb","itemListElement":[{"@type":"ListItem","position":1,"name":"Home","item":"https:\/\/www.creafil.lu\/de\/"},{"@type":"ListItem","position":2,"name":"Shop","item":"https:\/\/www.creafil.lu\/de\/shop\/"},{"@type":"ListItem","position":3,"name":"BERNINA B790 Pro"}]},{"@type":"WebSite","@id":"https:\/\/www.creafil.lu\/de\/#website","url":"https:\/\/www.creafil.lu\/de\/","name":"CREA Fil","description":"Magasin","potentialAction":[{"@type":"SearchAction","target":{"@type":"EntryPoint","urlTemplate":"https:\/\/www.creafil.lu\/de\/?s={search_term_string}"},"query-input":{"@type":"PropertyValueSpecification","valueRequired":true,"valueName":"search_term_string"}}],"inLanguage":"de"}]}},"_links":{"self":[{"href":"https:\/\/www.creafil.lu\/de\/wp-json\/wp\/v2\/product\/8833","targetHints":{"allow":["GET"]}}],"collection":[{"href":"https:\/\/www.creafil.lu\/de\/wp-json\/wp\/v2\/product"}],"about":[{"href":"https:\/\/www.creafil.lu\/de\/wp-json\/wp\/v2\/types\/product"}],"wp:featuredmedia":[{"embeddable":true,"href":"https:\/\/www.creafil.lu\/de\/wp-json\/wp\/v2\/media\/8843"}],"wp:attachment":[{"href":"https:\/\/www.creafil.lu\/de\/wp-json\/wp\/v2\/media?parent=8833"}],"wp:term":[{"taxonomy":"product_brand","embeddable":true,"href":"https:\/\/www.creafil.lu\/de\/wp-json\/wp\/v2\/product_brand?post=8833"},{"taxonomy":"product_cat","embeddable":true,"href":"https:\/\/www.creafil.lu\/de\/wp-json\/wp\/v2\/product_cat?post=8833"},{"taxonomy":"product_tag","embeddable":true,"href":"https:\/\/www.creafil.lu\/de\/wp-json\/wp\/v2\/product_tag?post=8833"}],"curies":[{"name":"wp","href":"https:\/\/api.w.org\/{rel}","templated":true}]}}