{"id":8823,"date":"2024-11-13T11:16:21","date_gmt":"2024-11-13T11:16:21","guid":{"rendered":"https:\/\/www.creafil.lu\/?post_type=product&#038;p=8823"},"modified":"2026-05-07T09:01:42","modified_gmt":"2026-05-07T09:01:42","slug":"bernina-b770-qe-plus","status":"publish","type":"product","link":"https:\/\/www.creafil.lu\/de\/product\/bernina-b770-qe-plus\/","title":{"rendered":"BERNINA B770 QE Plus"},"content":{"rendered":"<h2>Extragrosser Touchscreen<\/h2>\n<div class=\"r-text-block\">\n<ul>\n<li>Grandioser 7-Zoll-Touchscreen<\/li>\n<li>Leichte Bedienung &amp; grosse\u00a0Symbole<\/li>\n<li>Optimal zentral platziert<\/li>\n<\/ul>\n<\/div>\n<p>Der extragrosse Touchscreen\u00a0erm\u00f6glicht Ihnen eine angenehme Bedienung der Maschine.\u00a0Erhalten Sie direkte Tipps und Tricks oder lassen Sie sich in kurzen Anleitungsanimationen wichtige Arbeitsschritte zeigen.<\/p>\n<h2>Erzielen Sie ein pr\u00e4zises Stichbild<\/h2>\n<div class=\"r-text-block\">\n<ul>\n<li>Perfekte, gleich lange Stiche<\/li>\n<li>Sch\u00f6nes Ergebnis bei jeder Geschwindigkeit<\/li>\n<li>Perfektion ist der neue Standard<\/li>\n<\/ul>\n<p>Der BERNINA Stichregulator (BSR)\u00a0sorgt bei variabler N\u00e4hgeschwindigkeit f\u00fcr immer exakt gleich lange Stiche.<\/p>\n<h2>Was Quilter brauchen<\/h2>\n<div class=\"r-text-block\">\n<ul>\n<li>Grosse Auswahl an Quiltstichen<\/li>\n<li>Einfach zu bedienender BSR-3-Modus<\/li>\n<li>2 oder 4 Stiche pro Zoll w\u00e4hlen<\/li>\n<\/ul>\n<p>Dank des neuen\u00a0BSR-3-Modus k\u00f6nnen Sie Ihre Stichl\u00e4nge auf 2 oder 4 Stiche pro Zoll einstellen, was das Heften um ein Vielfaches vereinfacht. Zudem verf\u00fcgt die B\u00a0770\u00a0QE\u00a0PLUS insgesamt 74 Quiltstiche.<\/p>\n<h2>Bequemes Quilten dank KickStart<\/h2>\n<div class=\"r-text-block\">\n<ul>\n<li>Entspannen Sie Ihren Fuss<\/li>\n<li>Start\/Stopp-Funktion einfach steuern<\/li>\n<li>Perfekt beim stundenlangen Quilten<\/li>\n<\/ul>\n<\/div>\n<p>Die\u00a0KickStart-Funktion\u00a0erm\u00f6glicht das Quilten in einem kontinuierlichen N\u00e4hmodus, ohne den Fussanlasser\u00a0st\u00e4ndig gedr\u00fcckt zu halten. Die KickStart-Funktion kann einfach am Touchscreen aktiviert und deaktiviert werden.<\/p>\n<h2>Im Stickrahmen quilten<\/h2>\n<div class=\"r-text-block\">\n<ul>\n<li>Quiltmuster im\u00a0Stickmodus realisieren<\/li>\n<li>275 Stickdesigns<\/li>\n<li>8 Stick-Alphabete<\/li>\n<\/ul>\n<p>St\u00f6bern Sie in der einzigartigen Designkollektion f\u00fcr\u00a0wundersch\u00f6ne Quiltbl\u00f6cke und\u00a0durchgehenden Quiltdesigns, die Sie im Stickmodus realisieren k\u00f6nnen. Dar\u00fcber hinaus enth\u00e4lt die B 770 QE PLUS 275\u00a0Stickmotive und 8 Stick-Alphabete.<\/p>\n<h2>Stickmodul mit neuer Technologie<\/h2>\n<div class=\"r-text-block\">\n<ul>\n<li>Sanftere Bewegung, weniger Vibrationen<\/li>\n<li>Noch schneller und effizienter sticken<\/li>\n<li>Verbesserte Stichqualit\u00e4t<\/li>\n<\/ul>\n<p>Das Stickmodul mit neuer BERNINA Smart Drive Technology (SDT) steigert Ihr Stickerlebnis durch verbesserte Stichqualit\u00e4t, sanftere und leisere Bewegung und eine um bis zu 55 % h\u00f6here Stickgeschwindigkeit.<\/p>\n<h2>Punktgenaue Platzierung und<br \/>\nLock-Funktion<\/h2>\n<div class=\"r-text-block\">\n<ul>\n<li>Platzieren Sie Ihr Stickmuster ganz exakt<\/li>\n<li>Stickmuster-Gr\u00f6sse w\u00e4hrend der Positionierung fixierbar<\/li>\n<li>F\u00fcr professionell platzierte Muster<\/li>\n<\/ul>\n<p>Mit der Funktion &#8222;Punktgenaue Platzierung&#8220; platzieren Sie das Stickmuster genau dort auf dem Stoff, wo Sie es m\u00f6chten\u00a0\u2013 schnell und pr\u00e4zise. Zudem bleibt die Gr\u00f6sse Ihres Designs beim Positionieren erhalten, dank der neuen Lock-Funktion.<\/p>\n<h2>Gruppierung &amp; Stickreihenfolge anpassen<\/h2>\n<ul>\n<li>Gruppieren &amp; Gruppierung aufheben<\/li>\n<li>Stickreihenfolge \u00e4ndern<\/li>\n<li>Beide Funktionen kombinierbar<\/li>\n<\/ul>\n<p>Gruppieren Sie Objekte, um alle gleichzeitig zu bearbeiten, oder\u00a0heben Sie die Gruppierung auf, um\u00a0Objekte individuell zu bearbeiten. Passen Sie die Ebenen der Stickabfolge individuell an.\u00a0In Kombination mit der\u00a0Gruppieren-Funktion er\u00f6ffnen sich weitere kreative Bearbeitungsm\u00f6glichkeiten.<\/p>\n<h3>Feinste Materialien in Vollendung<\/h3>\n<ul>\n<li>Optimale Stofff\u00fchrung<\/li>\n<li>Quilten Sie mehrere Lagen ohne Wellen<\/li>\n<li>Feine Materialien verrutschen nicht<\/li>\n<\/ul>\n<p>Der innovative BERNINA Dual Transport transportiert glatte und feine Materialien gleichm\u00e4ssig und sorgf\u00e4ltig. Einfach zu aktivieren, wenn er gebraucht wird.<\/p>\n<h3>Fl\u00fcsterleise &amp; blitzschnell<\/h3>\n<ul>\n<li>Pr\u00e4zises &amp; sch\u00f6nes Stichbild<\/li>\n<li>L\u00e4nger ohne Unterbr\u00fcche sticken &amp; n\u00e4hen<\/li>\n<li>Mehr Zeit f\u00fcr kreatives Brainstorming<\/li>\n<\/ul>\n<p>Der BERNINA Greifer mit 9 mm Stichbreite n\u00e4ht mit einer Geschwindigkeit von bis zu 1000 Stichen pro Minute. Die extragrosse Unterfadenspule nimmt bis zu 70% mehr Faden auf als eine normale Spule.<\/p>\n<h3>Sch\u00f6ne Kordeln sticken<\/h3>\n<ul>\n<li>Mit dem Rulerfuss #72 \/ #72S<\/li>\n<li>Und den Kordelaufn\u00e4heins\u00e4tzen<\/li>\n<li>Einfach im Stickrahmen anzuwenden<\/li>\n<\/ul>\n<p>Sie k\u00f6nnen nun ebenfalls die Verstellbaren Rulerf\u00fcsse\u00a0<a href=\"https:\/\/www.bernina.com\/getdoc\/797a562c-6300-45fa-932d-3e40143c6a48\/Adjustable-Ruler-foot-72\" target=\"_blank\" rel=\"noopener\">#72<\/a>\u00a0oder\u00a0<a href=\"https:\/\/www.bernina.com\/getdoc\/8f1d8d5e-bf09-4280-81ab-d51e37da34ca\/Adjustable-Ruler-foot-72-1\">#72S<\/a>\u00a0beim Sticken mit\u00a0<a href=\"https:\/\/www.bernina.com\/getdoc\/b6d70c60-a207-410e-9b8e-cc8c0ed0ee61\/Ruler-foot-96-1-1\">Kordelaufn\u00e4heins\u00e4tzen<\/a><a href=\"https:\/\/www.bernina.com\/getdoc\/b6d70c60-a207-410e-9b8e-cc8c0ed0ee61\/Ruler-foot-96-1-1\" target=\"_blank\" rel=\"noopener\">\u00a0<\/a>ausw\u00e4hlen. Der m\u00f6gliche Stickbereich passt sich an. Dieses Zubeh\u00f6r ist optional verf\u00fcgbar.<\/p>\n<\/div>\n<\/div>\n<\/div>\n<\/div>\n<\/div>\n","protected":false},"excerpt":{"rendered":"<h3>Ein PLUS an Komfort &amp; Funktionen<\/h3>\n<div class=\"product-desc\">\n<ul>\n<li class=\"berninaicon-arrow-rt\">Extragrosser 7-Zoll-Bildschirm<\/li>\n<li class=\"berninaicon-arrow-rt\">Bequemes Quilten ohne Fussanlasser<\/li>\n<li class=\"berninaicon-arrow-rt\">BERNINA Stichregulator (BSR) inklusive<\/li>\n<li class=\"berninaicon-arrow-rt\">Jumbo-Spule mit 70% mehr Unterfaden<\/li>\n<li class=\"berninaicon-arrow-rt\">Dual Transport f\u00fcr pr\u00e4zises Patchwork<\/li>\n<\/ul>\n<\/div>\n","protected":false},"featured_media":8824,"template":"","meta":{"_acf_changed":false,"inline_featured_image":false},"product_brand":[625],"product_cat":[72],"product_tag":[],"class_list":{"0":"post-8823","1":"product","2":"type-product","3":"status-publish","4":"has-post-thumbnail","6":"product_brand-bernina","7":"product_cat-naehmaschine","9":"first","10":"instock","11":"sale","12":"featured","13":"taxable","14":"shipping-taxable","15":"purchasable","16":"product-type-simple"},"acf":[],"yoast_head":"<!-- This site is optimized with the Yoast SEO plugin v24.4 - https:\/\/yoast.com\/wordpress\/plugins\/seo\/ -->\n<title>BERNINA B770 QE Plus - CREA Fil<\/title>\n<meta name=\"description\" content=\"Ein PLUS an Komfort &amp; Funktionen. Extragrosser 7-Zoll-Bildschirm Bequemes Quilten ohne Fussanlasser BERNINA Stichregulator (BSR) inklusive Jumbo-Spule mit 70% mehr Unterfaden Dual Transport f\u00fcr pr\u00e4zises Patchwork\" \/>\n<meta name=\"robots\" content=\"index, follow, max-snippet:-1, max-image-preview:large, max-video-preview:-1\" \/>\n<link rel=\"canonical\" href=\"https:\/\/www.creafil.lu\/de\/product\/bernina-b770-qe-plus\/\" \/>\n<meta property=\"og:locale\" content=\"de_DE\" \/>\n<meta property=\"og:type\" content=\"article\" \/>\n<meta property=\"og:title\" content=\"BERNINA B770 QE Plus - CREA Fil\" \/>\n<meta property=\"og:description\" content=\"Ein PLUS an Komfort &amp; Funktionen. Extragrosser 7-Zoll-Bildschirm Bequemes Quilten ohne Fussanlasser BERNINA Stichregulator (BSR) inklusive Jumbo-Spule mit 70% mehr Unterfaden Dual Transport f\u00fcr pr\u00e4zises Patchwork\" \/>\n<meta property=\"og:url\" content=\"https:\/\/www.creafil.lu\/de\/product\/bernina-b770-qe-plus\/\" \/>\n<meta property=\"og:site_name\" content=\"CREA Fil\" \/>\n<meta property=\"article:modified_time\" content=\"2026-05-07T09:01:42+00:00\" \/>\n<meta property=\"og:image\" content=\"https:\/\/www.creafil.lu\/wp-content\/uploads\/2024\/11\/02-2_gallery_770.png\" \/>\n\t<meta property=\"og:image:width\" content=\"2200\" \/>\n\t<meta property=\"og:image:height\" content=\"1500\" \/>\n\t<meta property=\"og:image:type\" content=\"image\/png\" \/>\n<meta name=\"twitter:card\" content=\"summary_large_image\" \/>\n<meta name=\"twitter:label1\" content=\"Gesch\u00e4tzte Lesezeit\" \/>\n\t<meta name=\"twitter:data1\" content=\"3\u00a0Minuten\" \/>\n<script type=\"application\/ld+json\" class=\"yoast-schema-graph\">{\"@context\":\"https:\/\/schema.org\",\"@graph\":[{\"@type\":\"WebPage\",\"@id\":\"https:\/\/www.creafil.lu\/de\/product\/bernina-b770-qe-plus\/\",\"url\":\"https:\/\/www.creafil.lu\/de\/product\/bernina-b770-qe-plus\/\",\"name\":\"BERNINA B770 QE Plus - CREA Fil\",\"isPartOf\":{\"@id\":\"https:\/\/www.creafil.lu\/de\/#website\"},\"primaryImageOfPage\":{\"@id\":\"https:\/\/www.creafil.lu\/de\/product\/bernina-b770-qe-plus\/#primaryimage\"},\"image\":{\"@id\":\"https:\/\/www.creafil.lu\/de\/product\/bernina-b770-qe-plus\/#primaryimage\"},\"thumbnailUrl\":\"https:\/\/www.creafil.lu\/wp-content\/uploads\/2024\/11\/02-2_gallery_770.png\",\"datePublished\":\"2024-11-13T11:16:21+00:00\",\"dateModified\":\"2026-05-07T09:01:42+00:00\",\"description\":\"Ein PLUS an Komfort & Funktionen. Extragrosser 7-Zoll-Bildschirm Bequemes Quilten ohne Fussanlasser BERNINA Stichregulator (BSR) inklusive Jumbo-Spule mit 70% mehr Unterfaden Dual Transport f\u00fcr pr\u00e4zises Patchwork\",\"breadcrumb\":{\"@id\":\"https:\/\/www.creafil.lu\/de\/product\/bernina-b770-qe-plus\/#breadcrumb\"},\"inLanguage\":\"de\",\"potentialAction\":[{\"@type\":\"ReadAction\",\"target\":[\"https:\/\/www.creafil.lu\/de\/product\/bernina-b770-qe-plus\/\"]}]},{\"@type\":\"ImageObject\",\"inLanguage\":\"de\",\"@id\":\"https:\/\/www.creafil.lu\/de\/product\/bernina-b770-qe-plus\/#primaryimage\",\"url\":\"https:\/\/www.creafil.lu\/wp-content\/uploads\/2024\/11\/02-2_gallery_770.png\",\"contentUrl\":\"https:\/\/www.creafil.lu\/wp-content\/uploads\/2024\/11\/02-2_gallery_770.png\",\"width\":2200,\"height\":1500,\"caption\":\"B770\"},{\"@type\":\"BreadcrumbList\",\"@id\":\"https:\/\/www.creafil.lu\/de\/product\/bernina-b770-qe-plus\/#breadcrumb\",\"itemListElement\":[{\"@type\":\"ListItem\",\"position\":1,\"name\":\"Home\",\"item\":\"https:\/\/www.creafil.lu\/de\/\"},{\"@type\":\"ListItem\",\"position\":2,\"name\":\"Shop\",\"item\":\"https:\/\/www.creafil.lu\/de\/shop\/\"},{\"@type\":\"ListItem\",\"position\":3,\"name\":\"BERNINA B770 QE Plus\"}]},{\"@type\":\"WebSite\",\"@id\":\"https:\/\/www.creafil.lu\/de\/#website\",\"url\":\"https:\/\/www.creafil.lu\/de\/\",\"name\":\"CREA Fil\",\"description\":\"Magasin\",\"potentialAction\":[{\"@type\":\"SearchAction\",\"target\":{\"@type\":\"EntryPoint\",\"urlTemplate\":\"https:\/\/www.creafil.lu\/de\/?s={search_term_string}\"},\"query-input\":{\"@type\":\"PropertyValueSpecification\",\"valueRequired\":true,\"valueName\":\"search_term_string\"}}],\"inLanguage\":\"de\"}]}<\/script>\n<!-- \/ Yoast SEO plugin. -->","yoast_head_json":{"title":"BERNINA B770 QE Plus - CREA Fil","description":"Ein PLUS an Komfort & Funktionen. Extragrosser 7-Zoll-Bildschirm Bequemes Quilten ohne Fussanlasser BERNINA Stichregulator (BSR) inklusive Jumbo-Spule mit 70% mehr Unterfaden Dual Transport f\u00fcr pr\u00e4zises Patchwork","robots":{"index":"index","follow":"follow","max-snippet":"max-snippet:-1","max-image-preview":"max-image-preview:large","max-video-preview":"max-video-preview:-1"},"canonical":"https:\/\/www.creafil.lu\/de\/product\/bernina-b770-qe-plus\/","og_locale":"de_DE","og_type":"article","og_title":"BERNINA B770 QE Plus - CREA Fil","og_description":"Ein PLUS an Komfort & Funktionen. Extragrosser 7-Zoll-Bildschirm Bequemes Quilten ohne Fussanlasser BERNINA Stichregulator (BSR) inklusive Jumbo-Spule mit 70% mehr Unterfaden Dual Transport f\u00fcr pr\u00e4zises Patchwork","og_url":"https:\/\/www.creafil.lu\/de\/product\/bernina-b770-qe-plus\/","og_site_name":"CREA Fil","article_modified_time":"2026-05-07T09:01:42+00:00","og_image":[{"width":2200,"height":1500,"url":"https:\/\/www.creafil.lu\/wp-content\/uploads\/2024\/11\/02-2_gallery_770.png","type":"image\/png"}],"twitter_card":"summary_large_image","twitter_misc":{"Gesch\u00e4tzte Lesezeit":"3\u00a0Minuten"},"schema":{"@context":"https:\/\/schema.org","@graph":[{"@type":"WebPage","@id":"https:\/\/www.creafil.lu\/de\/product\/bernina-b770-qe-plus\/","url":"https:\/\/www.creafil.lu\/de\/product\/bernina-b770-qe-plus\/","name":"BERNINA B770 QE Plus - CREA Fil","isPartOf":{"@id":"https:\/\/www.creafil.lu\/de\/#website"},"primaryImageOfPage":{"@id":"https:\/\/www.creafil.lu\/de\/product\/bernina-b770-qe-plus\/#primaryimage"},"image":{"@id":"https:\/\/www.creafil.lu\/de\/product\/bernina-b770-qe-plus\/#primaryimage"},"thumbnailUrl":"https:\/\/www.creafil.lu\/wp-content\/uploads\/2024\/11\/02-2_gallery_770.png","datePublished":"2024-11-13T11:16:21+00:00","dateModified":"2026-05-07T09:01:42+00:00","description":"Ein PLUS an Komfort & Funktionen. Extragrosser 7-Zoll-Bildschirm Bequemes Quilten ohne Fussanlasser BERNINA Stichregulator (BSR) inklusive Jumbo-Spule mit 70% mehr Unterfaden Dual Transport f\u00fcr pr\u00e4zises Patchwork","breadcrumb":{"@id":"https:\/\/www.creafil.lu\/de\/product\/bernina-b770-qe-plus\/#breadcrumb"},"inLanguage":"de","potentialAction":[{"@type":"ReadAction","target":["https:\/\/www.creafil.lu\/de\/product\/bernina-b770-qe-plus\/"]}]},{"@type":"ImageObject","inLanguage":"de","@id":"https:\/\/www.creafil.lu\/de\/product\/bernina-b770-qe-plus\/#primaryimage","url":"https:\/\/www.creafil.lu\/wp-content\/uploads\/2024\/11\/02-2_gallery_770.png","contentUrl":"https:\/\/www.creafil.lu\/wp-content\/uploads\/2024\/11\/02-2_gallery_770.png","width":2200,"height":1500,"caption":"B770"},{"@type":"BreadcrumbList","@id":"https:\/\/www.creafil.lu\/de\/product\/bernina-b770-qe-plus\/#breadcrumb","itemListElement":[{"@type":"ListItem","position":1,"name":"Home","item":"https:\/\/www.creafil.lu\/de\/"},{"@type":"ListItem","position":2,"name":"Shop","item":"https:\/\/www.creafil.lu\/de\/shop\/"},{"@type":"ListItem","position":3,"name":"BERNINA B770 QE Plus"}]},{"@type":"WebSite","@id":"https:\/\/www.creafil.lu\/de\/#website","url":"https:\/\/www.creafil.lu\/de\/","name":"CREA Fil","description":"Magasin","potentialAction":[{"@type":"SearchAction","target":{"@type":"EntryPoint","urlTemplate":"https:\/\/www.creafil.lu\/de\/?s={search_term_string}"},"query-input":{"@type":"PropertyValueSpecification","valueRequired":true,"valueName":"search_term_string"}}],"inLanguage":"de"}]}},"_links":{"self":[{"href":"https:\/\/www.creafil.lu\/de\/wp-json\/wp\/v2\/product\/8823","targetHints":{"allow":["GET"]}}],"collection":[{"href":"https:\/\/www.creafil.lu\/de\/wp-json\/wp\/v2\/product"}],"about":[{"href":"https:\/\/www.creafil.lu\/de\/wp-json\/wp\/v2\/types\/product"}],"wp:featuredmedia":[{"embeddable":true,"href":"https:\/\/www.creafil.lu\/de\/wp-json\/wp\/v2\/media\/8824"}],"wp:attachment":[{"href":"https:\/\/www.creafil.lu\/de\/wp-json\/wp\/v2\/media?parent=8823"}],"wp:term":[{"taxonomy":"product_brand","embeddable":true,"href":"https:\/\/www.creafil.lu\/de\/wp-json\/wp\/v2\/product_brand?post=8823"},{"taxonomy":"product_cat","embeddable":true,"href":"https:\/\/www.creafil.lu\/de\/wp-json\/wp\/v2\/product_cat?post=8823"},{"taxonomy":"product_tag","embeddable":true,"href":"https:\/\/www.creafil.lu\/de\/wp-json\/wp\/v2\/product_tag?post=8823"}],"curies":[{"name":"wp","href":"https:\/\/api.w.org\/{rel}","templated":true}]}}