{"id":8807,"date":"2024-11-13T11:11:19","date_gmt":"2024-11-13T11:11:19","guid":{"rendered":"https:\/\/www.creafil.lu\/?post_type=product&#038;p=8807"},"modified":"2026-05-07T09:03:47","modified_gmt":"2026-05-07T09:03:47","slug":"bernina-b735-patchwork-edition","status":"publish","type":"product","link":"https:\/\/www.creafil.lu\/de\/product\/bernina-b735-patchwork-edition\/","title":{"rendered":"BERNINA B735 Patchwork Edition"},"content":{"rendered":"<h2>Extragrosser Touchscreen<\/h2>\n<ul>\n<li class=\"r-text-block\">Grandioser 7&#8243;-Touchscreen<\/li>\n<li class=\"r-text-block\">Leichte Bedienung &amp; grosse\u00a0Symbole<\/li>\n<li class=\"r-text-block\">Optimal zentral platziert<\/li>\n<\/ul>\n<div class=\"r-text-block\">Der extragrosse Touchscreen\u00a0erm\u00f6glicht Ihnen eine angenehme Bedienung der Maschine.\u00a0Erhalten Sie direkte Tipps und Tricks oder lassen Sie sich in kurzen Anleitungsanimationen wichtige Arbeitsschritte zeigen.<\/div>\n<div>\n<h2>Roter Obertransportfuss #50 inklusive<\/h2>\n<ul>\n<li>Stofftransport von oben und unten<\/li>\n<li>Gleichm\u00e4ssige Stichbildung<\/li>\n<li>Die unersetzbare N\u00e4hbegleitung<\/li>\n<\/ul>\n<p>Der Obertransportfuss #50 unterst\u00fctzt den gleichzeitigen Stofftransport von oben und unten. Dieser N\u00e4hfuss ist besonders geeignet f\u00fcr das Maschinenquilten von geraden Linien und f\u00fcr das pr\u00e4zise Zusammenn\u00e4hen von schwer gleitenden oder elastischen Materialien, die zum Verschieben neigen oder die sich leicht ausdehnen lassen.<\/p>\n<h2>Feinste Stiche bei jedem N\u00e4htempo<\/h2>\n<div class=\"r-text-block\">\n<ul>\n<li>Perfekte, gleich lange Stiche<\/li>\n<li>Sch\u00f6nes Ergebnis bei jeder Geschwindigkeit<\/li>\n<li>Perfektion ist der neue Standard<\/li>\n<\/ul>\n<p>Der BERNINA Stichregulator (BSR)\u00a0sorgt bei variabler N\u00e4hgeschwindigkeit f\u00fcr immer exakt gleich lange Stiche. F\u00fcr die B 735 ist er als optionales Zubeh\u00f6r erh\u00e4ltlich.<\/p>\n<h2>Den perfekten Stich w\u00e4hlen &amp; speichern<\/h2>\n<ul>\n<li class=\"r-text-block\">Ver\u00e4ndern Sie Stichl\u00e4nge oder -breite<\/li>\n<li class=\"r-text-block\">Passen Sie die Nadelposition an<\/li>\n<li class=\"r-text-block\">Ihre Einstellungen werden gespeichert<\/li>\n<\/ul>\n<div class=\"r-text-block\">Die pers\u00f6nlichen Anpassungen k\u00f6nnen Sie speichern und jederzeit wieder abrufen. Und \u00fcber den USB-Anschluss ist sogar der Import und Export von Stichen und Stichmustern m\u00f6glich.<\/div>\n<div>\n<h2>Diese Funktionen sparen Zeit<\/h2>\n<ul>\n<li class=\"r-text-block\">Halbautomatischer Einf\u00e4dler<\/li>\n<li class=\"r-text-block\">N\u00e4hfuss senkt sich automatisch<\/li>\n<li class=\"r-text-block\">Fadenenden werden per Knopfdruck geschnitten<\/li>\n<\/ul>\n<div class=\"r-text-block\">Am Anfang einer Naht senkt sich der N\u00e4hfuss automatisch. Der Faden wird automatisch abgeschnitten, wenn Sie am Ende einer Naht angelangt sind.<\/div>\n<div>\n<h2>Ausgezeichnete Fadenspannung<\/h2>\n<div class=\"r-text-block\">\n<ul>\n<li>Perfektes &amp; pr\u00e4zises Stichbild<\/li>\n<li>Hohe Durchstichskraft<\/li>\n<li>Ihre Stiche werden wundersch\u00f6n<\/li>\n<\/ul>\n<p>Die Adaptive BERNINA Fadenspannung \u00fcberpr\u00fcft die Fadenspannung laufend und passt bei jedem Nadeleinstich in den Stoff die gew\u00e4hlte Stichbreite, Stichl\u00e4nge, Geschwindigkeit und Nadelposition an.<\/p>\n<h2>\u200bStickmodul mit neuer Technologie<\/h2>\n<ul>\n<li class=\"r-text-block\">Sanftere Bewegung, weniger Vibrationen<\/li>\n<li class=\"r-text-block\">Noch schneller und effizienter sticken<\/li>\n<li class=\"r-text-block\">Verbesserte Stichqualit\u00e4t<\/li>\n<\/ul>\n<div class=\"r-text-block\">Das optionale Stickmodul mit neuer BERNINA Smart Drive Technology (SDT) steigert Ihr Stickerlebnis durch verbesserte Stichqualit\u00e4t, sanftere und leisere Bewegung und eine um bis zu 55 % h\u00f6here Stickgeschwindigkeit.<\/div>\n<div>\n<h2>Punktgenaue Platzierung und Lock-Funktion<\/h2>\n<ul>\n<li class=\"r-text-block\">Platzieren Sie Ihr Stickmuster ganz exakt<\/li>\n<li class=\"r-text-block\">Stickmuster-Gr\u00f6sse w\u00e4hrend der Positionierung fixierbar<\/li>\n<li class=\"r-text-block\">F\u00fcr professionell platzierte Muster<\/li>\n<\/ul>\n<div class=\"r-text-block\">Die Funktion Punktgenaue Platzierung erm\u00f6glicht Ihrer Maschine, das Stickmuster genau dort auf dem Stoff zu platzieren, wo Sie es m\u00f6chten\u00a0\u2013 schnell und pr\u00e4zise. Mit der neuen Lock-Funktion bleibt zudem die Gr\u00f6sse Ihres Designs beim Positionieren erhalten.<\/div>\n<div>\n<h2>Gruppierung &amp; Stickreihenfolge anpassen<\/h2>\n<ul>\n<li>Gruppieren &amp; Gruppierung aufheben<\/li>\n<li>Stickreihenfolge \u00e4ndern<\/li>\n<li>Beide Funktionen kombinierbar<\/li>\n<\/ul>\n<p>Gruppieren Sie Objekte, um alle gleichzeitig zu bearbeiten, oder\u00a0heben Sie die Gruppierung auf, um\u00a0Objekte individuell zu bearbeiten. Passen Sie die Ebenen der Stickabfolge individuell an.\u00a0In Kombination mit der\u00a0Gruppieren-Funktion er\u00f6ffnen sich weitere kreative Bearbeitungsm\u00f6glichkeiten.<\/p>\n<\/div>\n<div>\n<h3>Fragen Sie den Stickberater<\/h3>\n<ul>\n<li>Direkte Unterst\u00fctzung auf dem Bildschirm<\/li>\n<li>Fragen Sie nach dem Typ des Stickvlieses<\/li>\n<li>Die richtige Nadel &amp; den richtigen Fuss finden<\/li>\n<\/ul>\n<p>Der Stickberater und das integrierte Tutorial helfen Ihnen dabei, Stickvlies, Nadelgr\u00f6sse und Nadeltyp passend zu Ihrem Stoff auszuw\u00e4hlen.<\/p>\n<h3>Fl\u00fcsterleise &amp; blitzschnell<\/h3>\n<ul>\n<li>Pr\u00e4zises &amp; sch\u00f6nes Stichbild<\/li>\n<li>Sticken &amp; n\u00e4hen Sie l\u00e4nger<\/li>\n<li>Mehr Zeit f\u00fcr kreatives Brainstorming<\/li>\n<\/ul>\n<p>Der BERNINA Greifer n\u00e4ht mit einer Geschwindigkeit von bis zu 1000 Stichen pro Minute. Die extragrosse Unterfadenspule kann bis zu 70% mehr Faden aufnehmen als eine normale Spule.<\/p>\n<h3>Mit sch\u00f6nen Kordeln sticken<\/h3>\n<ul>\n<li>Mit dem Rulerfuss #72 \/ #72S<\/li>\n<li>Und den Kordelaufn\u00e4heins\u00e4tzen<\/li>\n<li>Einfach im Stickrahmen anzuwenden<\/li>\n<\/ul>\n<p>Sie k\u00f6nnen nun ebenfalls die\u00a0<a href=\"https:\/\/www.bernina.com\/getdoc\/797a562c-6300-45fa-932d-3e40143c6a48\/Adjustable-Ruler-foot-72\" target=\"_blank\" rel=\"noopener\">Verstellbaren Rulerf\u00fcsse #72<\/a>\u00a0\/\u00a0<a href=\"https:\/\/www.bernina.com\/getdoc\/8f1d8d5e-bf09-4280-81ab-d51e37da34ca\/Adjustable-Ruler-foot-72-1\" target=\"_blank\" rel=\"noopener\">#72S<\/a>\u00a0beim Sticken mit\u00a0<a href=\"https:\/\/www.bernina.com\/getdoc\/b6d70c60-a207-410e-9b8e-cc8c0ed0ee61\/Ruler-foot-96-1-1\" target=\"_blank\" rel=\"noopener\">Kordelaufn\u00e4heins\u00e4tzen<\/a>\u00a0ausw\u00e4hlen. Der maximal nutzbare Stickbereich passt sich an. Dieses Zubeh\u00f6r ist optional verf\u00fcgbar.<\/p>\n<\/div>\n<\/div>\n<\/div>\n<\/div>\n<\/div>\n<\/div>\n<\/div>\n","protected":false},"excerpt":{"rendered":"<h3>Pr\u00e4zises N\u00e4hen &amp; erweiterte Stickfunktionen<\/h3>\n<div class=\"product-desc\">\n<ul>\n<li class=\"berninaicon-arrow-rt\">Einfach zu bedienender 7&#8243;-Touchscreen<\/li>\n<li class=\"berninaicon-arrow-rt\">Jumbo-Spule mit 70 % mehr Faden<\/li>\n<li class=\"berninaicon-arrow-rt\">5.5 mm Stichbreite f\u00fcr h\u00f6chste Pr\u00e4zision<\/li>\n<li class=\"berninaicon-arrow-rt\">Verbesserte Stickfunktionen<\/li>\n<li class=\"berninaicon-arrow-rt\">Obertransportfuss #50 inklusive<\/li>\n<\/ul>\n<\/div>\n","protected":false},"featured_media":8808,"template":"","meta":{"_acf_changed":false,"inline_featured_image":false},"product_brand":[625],"product_cat":[72],"product_tag":[],"class_list":{"0":"post-8807","1":"product","2":"type-product","3":"status-publish","4":"has-post-thumbnail","6":"product_brand-bernina","7":"product_cat-naehmaschine","9":"first","10":"instock","11":"sale","12":"featured","13":"taxable","14":"shipping-taxable","15":"purchasable","16":"product-type-simple"},"acf":[],"yoast_head":"<!-- This site is optimized with the Yoast SEO plugin v24.4 - https:\/\/yoast.com\/wordpress\/plugins\/seo\/ -->\n<title>BERNINA B735 Patchwork Edition - CREA Fil<\/title>\n<meta name=\"description\" content=\"Pr\u00e4zises N\u00e4hen &amp; erweiterte Stickfunktionen Einfach zu bedienender 7&quot;-Touchscreen Jumbo-Spule mit 70 % mehr Faden 5.5 mm Stichbreite f\u00fcr h\u00f6chste Pr\u00e4zision Verbesserte Stickfunktionen Obertransportfuss #50 inklusive\" \/>\n<meta name=\"robots\" content=\"index, follow, max-snippet:-1, max-image-preview:large, max-video-preview:-1\" \/>\n<link rel=\"canonical\" href=\"https:\/\/www.creafil.lu\/de\/product\/bernina-b735-patchwork-edition\/\" \/>\n<meta property=\"og:locale\" content=\"de_DE\" \/>\n<meta property=\"og:type\" content=\"article\" \/>\n<meta property=\"og:title\" content=\"BERNINA B735 Patchwork Edition - CREA Fil\" \/>\n<meta property=\"og:description\" content=\"Pr\u00e4zises N\u00e4hen &amp; erweiterte Stickfunktionen Einfach zu bedienender 7&quot;-Touchscreen Jumbo-Spule mit 70 % mehr Faden 5.5 mm Stichbreite f\u00fcr h\u00f6chste Pr\u00e4zision Verbesserte Stickfunktionen Obertransportfuss #50 inklusive\" \/>\n<meta property=\"og:url\" content=\"https:\/\/www.creafil.lu\/de\/product\/bernina-b735-patchwork-edition\/\" \/>\n<meta property=\"og:site_name\" content=\"CREA Fil\" \/>\n<meta property=\"article:modified_time\" content=\"2026-05-07T09:03:47+00:00\" \/>\n<meta property=\"og:image\" content=\"https:\/\/www.creafil.lu\/wp-content\/uploads\/2024\/11\/B735_Patchwork-Edition_Dynamisch_1-scaled.jpg\" \/>\n\t<meta property=\"og:image:width\" content=\"2560\" \/>\n\t<meta property=\"og:image:height\" content=\"1920\" \/>\n\t<meta property=\"og:image:type\" content=\"image\/jpeg\" \/>\n<meta name=\"twitter:card\" content=\"summary_large_image\" \/>\n<meta name=\"twitter:label1\" content=\"Gesch\u00e4tzte Lesezeit\" \/>\n\t<meta name=\"twitter:data1\" content=\"3\u00a0Minuten\" \/>\n<script type=\"application\/ld+json\" class=\"yoast-schema-graph\">{\"@context\":\"https:\/\/schema.org\",\"@graph\":[{\"@type\":\"WebPage\",\"@id\":\"https:\/\/www.creafil.lu\/de\/product\/bernina-b735-patchwork-edition\/\",\"url\":\"https:\/\/www.creafil.lu\/de\/product\/bernina-b735-patchwork-edition\/\",\"name\":\"BERNINA B735 Patchwork Edition - CREA Fil\",\"isPartOf\":{\"@id\":\"https:\/\/www.creafil.lu\/de\/#website\"},\"primaryImageOfPage\":{\"@id\":\"https:\/\/www.creafil.lu\/de\/product\/bernina-b735-patchwork-edition\/#primaryimage\"},\"image\":{\"@id\":\"https:\/\/www.creafil.lu\/de\/product\/bernina-b735-patchwork-edition\/#primaryimage\"},\"thumbnailUrl\":\"https:\/\/www.creafil.lu\/wp-content\/uploads\/2024\/11\/B735_Patchwork-Edition_Dynamisch_1-scaled.jpg\",\"datePublished\":\"2024-11-13T11:11:19+00:00\",\"dateModified\":\"2026-05-07T09:03:47+00:00\",\"description\":\"Pr\u00e4zises N\u00e4hen & erweiterte Stickfunktionen Einfach zu bedienender 7\\\"-Touchscreen Jumbo-Spule mit 70 % mehr Faden 5.5 mm Stichbreite f\u00fcr h\u00f6chste Pr\u00e4zision Verbesserte Stickfunktionen Obertransportfuss #50 inklusive\",\"breadcrumb\":{\"@id\":\"https:\/\/www.creafil.lu\/de\/product\/bernina-b735-patchwork-edition\/#breadcrumb\"},\"inLanguage\":\"de\",\"potentialAction\":[{\"@type\":\"ReadAction\",\"target\":[\"https:\/\/www.creafil.lu\/de\/product\/bernina-b735-patchwork-edition\/\"]}]},{\"@type\":\"ImageObject\",\"inLanguage\":\"de\",\"@id\":\"https:\/\/www.creafil.lu\/de\/product\/bernina-b735-patchwork-edition\/#primaryimage\",\"url\":\"https:\/\/www.creafil.lu\/wp-content\/uploads\/2024\/11\/B735_Patchwork-Edition_Dynamisch_1-scaled.jpg\",\"contentUrl\":\"https:\/\/www.creafil.lu\/wp-content\/uploads\/2024\/11\/B735_Patchwork-Edition_Dynamisch_1-scaled.jpg\",\"width\":2560,\"height\":1920,\"caption\":\"B735\"},{\"@type\":\"BreadcrumbList\",\"@id\":\"https:\/\/www.creafil.lu\/de\/product\/bernina-b735-patchwork-edition\/#breadcrumb\",\"itemListElement\":[{\"@type\":\"ListItem\",\"position\":1,\"name\":\"Home\",\"item\":\"https:\/\/www.creafil.lu\/de\/\"},{\"@type\":\"ListItem\",\"position\":2,\"name\":\"Shop\",\"item\":\"https:\/\/www.creafil.lu\/de\/shop\/\"},{\"@type\":\"ListItem\",\"position\":3,\"name\":\"BERNINA B735 Patchwork Edition\"}]},{\"@type\":\"WebSite\",\"@id\":\"https:\/\/www.creafil.lu\/de\/#website\",\"url\":\"https:\/\/www.creafil.lu\/de\/\",\"name\":\"CREA Fil\",\"description\":\"Magasin\",\"potentialAction\":[{\"@type\":\"SearchAction\",\"target\":{\"@type\":\"EntryPoint\",\"urlTemplate\":\"https:\/\/www.creafil.lu\/de\/?s={search_term_string}\"},\"query-input\":{\"@type\":\"PropertyValueSpecification\",\"valueRequired\":true,\"valueName\":\"search_term_string\"}}],\"inLanguage\":\"de\"}]}<\/script>\n<!-- \/ Yoast SEO plugin. -->","yoast_head_json":{"title":"BERNINA B735 Patchwork Edition - CREA Fil","description":"Pr\u00e4zises N\u00e4hen & erweiterte Stickfunktionen Einfach zu bedienender 7\"-Touchscreen Jumbo-Spule mit 70 % mehr Faden 5.5 mm Stichbreite f\u00fcr h\u00f6chste Pr\u00e4zision Verbesserte Stickfunktionen Obertransportfuss #50 inklusive","robots":{"index":"index","follow":"follow","max-snippet":"max-snippet:-1","max-image-preview":"max-image-preview:large","max-video-preview":"max-video-preview:-1"},"canonical":"https:\/\/www.creafil.lu\/de\/product\/bernina-b735-patchwork-edition\/","og_locale":"de_DE","og_type":"article","og_title":"BERNINA B735 Patchwork Edition - CREA Fil","og_description":"Pr\u00e4zises N\u00e4hen & erweiterte Stickfunktionen Einfach zu bedienender 7\"-Touchscreen Jumbo-Spule mit 70 % mehr Faden 5.5 mm Stichbreite f\u00fcr h\u00f6chste Pr\u00e4zision Verbesserte Stickfunktionen Obertransportfuss #50 inklusive","og_url":"https:\/\/www.creafil.lu\/de\/product\/bernina-b735-patchwork-edition\/","og_site_name":"CREA Fil","article_modified_time":"2026-05-07T09:03:47+00:00","og_image":[{"width":2560,"height":1920,"url":"https:\/\/www.creafil.lu\/wp-content\/uploads\/2024\/11\/B735_Patchwork-Edition_Dynamisch_1-scaled.jpg","type":"image\/jpeg"}],"twitter_card":"summary_large_image","twitter_misc":{"Gesch\u00e4tzte Lesezeit":"3\u00a0Minuten"},"schema":{"@context":"https:\/\/schema.org","@graph":[{"@type":"WebPage","@id":"https:\/\/www.creafil.lu\/de\/product\/bernina-b735-patchwork-edition\/","url":"https:\/\/www.creafil.lu\/de\/product\/bernina-b735-patchwork-edition\/","name":"BERNINA B735 Patchwork Edition - CREA Fil","isPartOf":{"@id":"https:\/\/www.creafil.lu\/de\/#website"},"primaryImageOfPage":{"@id":"https:\/\/www.creafil.lu\/de\/product\/bernina-b735-patchwork-edition\/#primaryimage"},"image":{"@id":"https:\/\/www.creafil.lu\/de\/product\/bernina-b735-patchwork-edition\/#primaryimage"},"thumbnailUrl":"https:\/\/www.creafil.lu\/wp-content\/uploads\/2024\/11\/B735_Patchwork-Edition_Dynamisch_1-scaled.jpg","datePublished":"2024-11-13T11:11:19+00:00","dateModified":"2026-05-07T09:03:47+00:00","description":"Pr\u00e4zises N\u00e4hen & erweiterte Stickfunktionen Einfach zu bedienender 7\"-Touchscreen Jumbo-Spule mit 70 % mehr Faden 5.5 mm Stichbreite f\u00fcr h\u00f6chste Pr\u00e4zision Verbesserte Stickfunktionen Obertransportfuss #50 inklusive","breadcrumb":{"@id":"https:\/\/www.creafil.lu\/de\/product\/bernina-b735-patchwork-edition\/#breadcrumb"},"inLanguage":"de","potentialAction":[{"@type":"ReadAction","target":["https:\/\/www.creafil.lu\/de\/product\/bernina-b735-patchwork-edition\/"]}]},{"@type":"ImageObject","inLanguage":"de","@id":"https:\/\/www.creafil.lu\/de\/product\/bernina-b735-patchwork-edition\/#primaryimage","url":"https:\/\/www.creafil.lu\/wp-content\/uploads\/2024\/11\/B735_Patchwork-Edition_Dynamisch_1-scaled.jpg","contentUrl":"https:\/\/www.creafil.lu\/wp-content\/uploads\/2024\/11\/B735_Patchwork-Edition_Dynamisch_1-scaled.jpg","width":2560,"height":1920,"caption":"B735"},{"@type":"BreadcrumbList","@id":"https:\/\/www.creafil.lu\/de\/product\/bernina-b735-patchwork-edition\/#breadcrumb","itemListElement":[{"@type":"ListItem","position":1,"name":"Home","item":"https:\/\/www.creafil.lu\/de\/"},{"@type":"ListItem","position":2,"name":"Shop","item":"https:\/\/www.creafil.lu\/de\/shop\/"},{"@type":"ListItem","position":3,"name":"BERNINA B735 Patchwork Edition"}]},{"@type":"WebSite","@id":"https:\/\/www.creafil.lu\/de\/#website","url":"https:\/\/www.creafil.lu\/de\/","name":"CREA Fil","description":"Magasin","potentialAction":[{"@type":"SearchAction","target":{"@type":"EntryPoint","urlTemplate":"https:\/\/www.creafil.lu\/de\/?s={search_term_string}"},"query-input":{"@type":"PropertyValueSpecification","valueRequired":true,"valueName":"search_term_string"}}],"inLanguage":"de"}]}},"_links":{"self":[{"href":"https:\/\/www.creafil.lu\/de\/wp-json\/wp\/v2\/product\/8807","targetHints":{"allow":["GET"]}}],"collection":[{"href":"https:\/\/www.creafil.lu\/de\/wp-json\/wp\/v2\/product"}],"about":[{"href":"https:\/\/www.creafil.lu\/de\/wp-json\/wp\/v2\/types\/product"}],"wp:featuredmedia":[{"embeddable":true,"href":"https:\/\/www.creafil.lu\/de\/wp-json\/wp\/v2\/media\/8808"}],"wp:attachment":[{"href":"https:\/\/www.creafil.lu\/de\/wp-json\/wp\/v2\/media?parent=8807"}],"wp:term":[{"taxonomy":"product_brand","embeddable":true,"href":"https:\/\/www.creafil.lu\/de\/wp-json\/wp\/v2\/product_brand?post=8807"},{"taxonomy":"product_cat","embeddable":true,"href":"https:\/\/www.creafil.lu\/de\/wp-json\/wp\/v2\/product_cat?post=8807"},{"taxonomy":"product_tag","embeddable":true,"href":"https:\/\/www.creafil.lu\/de\/wp-json\/wp\/v2\/product_tag?post=8807"}],"curies":[{"name":"wp","href":"https:\/\/api.w.org\/{rel}","templated":true}]}}