{"id":8786,"date":"2024-11-08T15:16:28","date_gmt":"2024-11-08T15:16:28","guid":{"rendered":"https:\/\/www.creafil.lu\/?post_type=product&#038;p=8786"},"modified":"2026-05-07T09:09:02","modified_gmt":"2026-05-07T09:09:02","slug":"bernina-b570-qe","status":"publish","type":"product","link":"https:\/\/www.creafil.lu\/de\/product\/bernina-b570-qe\/","title":{"rendered":"BERNINA B570 QE"},"content":{"rendered":"<h2>Ihre H\u00e4nde bleiben frei<\/h2>\n<div class=\"r-text-block\">\n<ul>\n<li>F\u00fchren Sie den Quilt sicher<\/li>\n<li>Kleine Anpassungen einfach vornehmen<\/li>\n<li>Drehen, wenden und applizieren<\/li>\n<\/ul>\n<\/div>\n<p>Der N\u00e4hfuss hebt sich, die Nadel bleibt im Stoff, so k\u00f6nnen Sie den Quilt beliebig drehen, wenden oder applizieren.<\/p>\n<section class=\"row\">\n<div class=\"content-width\">\n<div class=\"keyfeatures-medium\">\n<div class=\"row clearfix scrollmagic aos-init aos-animate\" data-aos=\"fade-up\">\n<div class=\"text\">\n<h2>BERNINA Stichregulator-Funktionalit\u00e4t<\/h2>\n<div class=\"r-text-block\">\n<ul>\n<li>Perfektion beim Freihandn\u00e4hen<\/li>\n<li>Automatische Regulierung der Stichl\u00e4nge<\/li>\n<li>Anzuwenden mit dem BERNINA Stichregulator (BSR)<\/li>\n<\/ul>\n<\/div>\n<p>Die Maschinen verf\u00fcgt \u00fcber die BSR-Funktion. Diese sorgt bei variabler N\u00e4hgeschwindigkeit f\u00fcr immer exakt gleich lange Stiche. Der daf\u00fcr notwendige BERNINA Stichregulator (BSR) ist optional erh\u00e4ltlich.<\/p>\n<div class=\"content-width\">\n<div class=\"box aos-init aos-animate\" data-aos=\"fade-up\">\n<h2>Viel Platz f\u00fcr grosse Projekte<\/h2>\n<div class=\"r-text-block\">\n<ul>\n<li>N\u00e4hen Sie m\u00fchelos auch grosse Quilts<\/li>\n<li>Lassen Sie Ihrer Kreativit\u00e4t freien Lauf<\/li>\n<li>\u00dcbersichtlicher Arbeitsbereich<\/li>\n<\/ul>\n<\/div>\n<p>Der verl\u00e4ngerte Freiarm der B 570 QE bietet 215 mm rechts der Nadel. Ideal f\u00fcr das Erstellen grosser Quilt-Projekte.<\/p>\n<h3>Quilten mit jedem Material<\/h3>\n<div class=\"r-text-block\">\n<ul>\n<li>Optimale Stofff\u00fchrung<\/li>\n<li>Quilten Sie mehrere Lagen ohne Wellen<\/li>\n<li>Feine Materialien verrutschen nicht<\/li>\n<\/ul>\n<\/div>\n<p>Der innovative BERNINA Dual Transport transportiert glatte und feine Materialien gleichm\u00e4ssig und sorgf\u00e4ltig. Einfach zu aktivieren, wenn er gebraucht wird.<\/p>\n<h3>Diese Funktionen sparen Zeit<\/h3>\n<div class=\"r-text-block\">\n<ul>\n<li>Kein manuelles Fadenabschneiden<\/li>\n<li>Der Fuss hebt sich auf Knopfdruck<\/li>\n<li>Fadenenden werden per Knopfdruck geschnitten<\/li>\n<\/ul>\n<\/div>\n<p>Der automatische Fadenabschneider erledigt drei Schritte auf einmal: Er schneidet den Faden, hebt die Nadel und hebt den N\u00e4hfuss.<\/p>\n<h3>Ihr neuer Lieblingsfuss<\/h3>\n<div class=\"r-text-block\">\n<ul>\n<li>Perfekt f\u00fcr Geradstiche<\/li>\n<li>Ideal f\u00fcr Arbeiten mit \u00bc&#8220; Nahtzugabe<\/li>\n<li>Sicherheit auch f\u00fcr erfahrene N\u00e4her<\/li>\n<\/ul>\n<\/div>\n<p>Der Patchworkfuss #97D ist ein wunderbares Werkzeug f\u00fcr pr\u00e4zise N\u00e4hte beim Fertigen von Patchwork-Bl\u00f6cken.<\/p>\n<p>&nbsp;<\/p>\n<\/div>\n<\/div>\n<\/div>\n<\/div>\n<\/div>\n<\/div>\n<\/section>\n<section class=\"row\">\n<div id=\"p_lt_zoneContent_pageplaceholder_p_lt_ctl00_MachineDetail_zoneOverviewKeyFeaturesMedium_Bernina_KeyFeatureBig1\" class=\"keyfeature-big\">\n<div class=\"box aos-init aos-animate\" data-aos=\"fade-up\"><\/div>\n<\/div>\n<\/section>\n","protected":false},"excerpt":{"rendered":"<h3>Quilten ist Ihre Passion<\/h3>\n<div class=\"product-desc\">\n<ul>\n<li class=\"berninaicon-arrow-rt\">Geniessen Sie erstklassige Stofff\u00fchrung<\/li>\n<li class=\"berninaicon-arrow-rt\">Viel Platz f\u00fcr grosse Quilts<\/li>\n<li class=\"berninaicon-arrow-rt\">F\u00e4den schneiden auf Knopfdruck<\/li>\n<li class=\"berninaicon-arrow-rt\">Sie erhalten ein pr\u00e4zises Stichbild<\/li>\n<li class=\"berninaicon-arrow-rt\">Mit Patchworkfuss #97D<\/li>\n<\/ul>\n<\/div>\n","protected":false},"featured_media":8797,"template":"","meta":{"_acf_changed":false,"inline_featured_image":false},"product_brand":[625],"product_cat":[72],"product_tag":[],"class_list":{"0":"post-8786","1":"product","2":"type-product","3":"status-publish","4":"has-post-thumbnail","6":"product_brand-bernina","7":"product_cat-naehmaschine","9":"first","10":"instock","11":"sale","12":"featured","13":"taxable","14":"shipping-taxable","15":"purchasable","16":"product-type-simple"},"acf":[],"yoast_head":"<!-- This site is optimized with the Yoast SEO plugin v24.4 - https:\/\/yoast.com\/wordpress\/plugins\/seo\/ -->\n<title>BERNINA B570 QE - CREA Fil<\/title>\n<meta name=\"description\" content=\"BERNINA B570 QE Quilten ist Ihre Passion Geniessen Sie erstklassige Stofff\u00fchrung Viel Platz f\u00fcr grosse Quilts F\u00e4den schneiden auf Knopfdruck Sie erhalten ein pr\u00e4zises Stichbild Mit Patchworkfuss #97D\" \/>\n<meta name=\"robots\" content=\"index, follow, max-snippet:-1, max-image-preview:large, max-video-preview:-1\" \/>\n<link rel=\"canonical\" href=\"https:\/\/www.creafil.lu\/de\/product\/bernina-b570-qe\/\" \/>\n<meta property=\"og:locale\" content=\"de_DE\" \/>\n<meta property=\"og:type\" content=\"article\" \/>\n<meta property=\"og:title\" content=\"BERNINA B570 QE - CREA Fil\" \/>\n<meta property=\"og:description\" content=\"BERNINA B570 QE Quilten ist Ihre Passion Geniessen Sie erstklassige Stofff\u00fchrung Viel Platz f\u00fcr grosse Quilts F\u00e4den schneiden auf Knopfdruck Sie erhalten ein pr\u00e4zises Stichbild Mit Patchworkfuss #97D\" \/>\n<meta property=\"og:url\" content=\"https:\/\/www.creafil.lu\/de\/product\/bernina-b570-qe\/\" \/>\n<meta property=\"og:site_name\" content=\"CREA Fil\" \/>\n<meta property=\"article:modified_time\" content=\"2026-05-07T09:09:02+00:00\" \/>\n<meta property=\"og:image\" content=\"https:\/\/www.creafil.lu\/wp-content\/uploads\/2024\/11\/B570-QE-dynamisch.jpg\" \/>\n\t<meta property=\"og:image:width\" content=\"1920\" \/>\n\t<meta property=\"og:image:height\" content=\"1080\" \/>\n\t<meta property=\"og:image:type\" content=\"image\/jpeg\" \/>\n<meta name=\"twitter:card\" content=\"summary_large_image\" \/>\n<meta name=\"twitter:label1\" content=\"Gesch\u00e4tzte Lesezeit\" \/>\n\t<meta name=\"twitter:data1\" content=\"2\u00a0Minuten\" \/>\n<script type=\"application\/ld+json\" class=\"yoast-schema-graph\">{\"@context\":\"https:\/\/schema.org\",\"@graph\":[{\"@type\":\"WebPage\",\"@id\":\"https:\/\/www.creafil.lu\/de\/product\/bernina-b570-qe\/\",\"url\":\"https:\/\/www.creafil.lu\/de\/product\/bernina-b570-qe\/\",\"name\":\"BERNINA B570 QE - CREA Fil\",\"isPartOf\":{\"@id\":\"https:\/\/www.creafil.lu\/de\/#website\"},\"primaryImageOfPage\":{\"@id\":\"https:\/\/www.creafil.lu\/de\/product\/bernina-b570-qe\/#primaryimage\"},\"image\":{\"@id\":\"https:\/\/www.creafil.lu\/de\/product\/bernina-b570-qe\/#primaryimage\"},\"thumbnailUrl\":\"https:\/\/www.creafil.lu\/wp-content\/uploads\/2024\/11\/B570-QE-dynamisch.jpg\",\"datePublished\":\"2024-11-08T15:16:28+00:00\",\"dateModified\":\"2026-05-07T09:09:02+00:00\",\"description\":\"BERNINA B570 QE Quilten ist Ihre Passion Geniessen Sie erstklassige Stofff\u00fchrung Viel Platz f\u00fcr grosse Quilts F\u00e4den schneiden auf Knopfdruck Sie erhalten ein pr\u00e4zises Stichbild Mit Patchworkfuss #97D\",\"breadcrumb\":{\"@id\":\"https:\/\/www.creafil.lu\/de\/product\/bernina-b570-qe\/#breadcrumb\"},\"inLanguage\":\"de\",\"potentialAction\":[{\"@type\":\"ReadAction\",\"target\":[\"https:\/\/www.creafil.lu\/de\/product\/bernina-b570-qe\/\"]}]},{\"@type\":\"ImageObject\",\"inLanguage\":\"de\",\"@id\":\"https:\/\/www.creafil.lu\/de\/product\/bernina-b570-qe\/#primaryimage\",\"url\":\"https:\/\/www.creafil.lu\/wp-content\/uploads\/2024\/11\/B570-QE-dynamisch.jpg\",\"contentUrl\":\"https:\/\/www.creafil.lu\/wp-content\/uploads\/2024\/11\/B570-QE-dynamisch.jpg\",\"width\":1920,\"height\":1080,\"caption\":\"B570-QE\"},{\"@type\":\"BreadcrumbList\",\"@id\":\"https:\/\/www.creafil.lu\/de\/product\/bernina-b570-qe\/#breadcrumb\",\"itemListElement\":[{\"@type\":\"ListItem\",\"position\":1,\"name\":\"Home\",\"item\":\"https:\/\/www.creafil.lu\/de\/\"},{\"@type\":\"ListItem\",\"position\":2,\"name\":\"Shop\",\"item\":\"https:\/\/www.creafil.lu\/de\/shop\/\"},{\"@type\":\"ListItem\",\"position\":3,\"name\":\"BERNINA B570 QE\"}]},{\"@type\":\"WebSite\",\"@id\":\"https:\/\/www.creafil.lu\/de\/#website\",\"url\":\"https:\/\/www.creafil.lu\/de\/\",\"name\":\"CREA Fil\",\"description\":\"Magasin\",\"potentialAction\":[{\"@type\":\"SearchAction\",\"target\":{\"@type\":\"EntryPoint\",\"urlTemplate\":\"https:\/\/www.creafil.lu\/de\/?s={search_term_string}\"},\"query-input\":{\"@type\":\"PropertyValueSpecification\",\"valueRequired\":true,\"valueName\":\"search_term_string\"}}],\"inLanguage\":\"de\"}]}<\/script>\n<!-- \/ Yoast SEO plugin. -->","yoast_head_json":{"title":"BERNINA B570 QE - CREA Fil","description":"BERNINA B570 QE Quilten ist Ihre Passion Geniessen Sie erstklassige Stofff\u00fchrung Viel Platz f\u00fcr grosse Quilts F\u00e4den schneiden auf Knopfdruck Sie erhalten ein pr\u00e4zises Stichbild Mit Patchworkfuss #97D","robots":{"index":"index","follow":"follow","max-snippet":"max-snippet:-1","max-image-preview":"max-image-preview:large","max-video-preview":"max-video-preview:-1"},"canonical":"https:\/\/www.creafil.lu\/de\/product\/bernina-b570-qe\/","og_locale":"de_DE","og_type":"article","og_title":"BERNINA B570 QE - CREA Fil","og_description":"BERNINA B570 QE Quilten ist Ihre Passion Geniessen Sie erstklassige Stofff\u00fchrung Viel Platz f\u00fcr grosse Quilts F\u00e4den schneiden auf Knopfdruck Sie erhalten ein pr\u00e4zises Stichbild Mit Patchworkfuss #97D","og_url":"https:\/\/www.creafil.lu\/de\/product\/bernina-b570-qe\/","og_site_name":"CREA Fil","article_modified_time":"2026-05-07T09:09:02+00:00","og_image":[{"width":1920,"height":1080,"url":"https:\/\/www.creafil.lu\/wp-content\/uploads\/2024\/11\/B570-QE-dynamisch.jpg","type":"image\/jpeg"}],"twitter_card":"summary_large_image","twitter_misc":{"Gesch\u00e4tzte Lesezeit":"2\u00a0Minuten"},"schema":{"@context":"https:\/\/schema.org","@graph":[{"@type":"WebPage","@id":"https:\/\/www.creafil.lu\/de\/product\/bernina-b570-qe\/","url":"https:\/\/www.creafil.lu\/de\/product\/bernina-b570-qe\/","name":"BERNINA B570 QE - CREA Fil","isPartOf":{"@id":"https:\/\/www.creafil.lu\/de\/#website"},"primaryImageOfPage":{"@id":"https:\/\/www.creafil.lu\/de\/product\/bernina-b570-qe\/#primaryimage"},"image":{"@id":"https:\/\/www.creafil.lu\/de\/product\/bernina-b570-qe\/#primaryimage"},"thumbnailUrl":"https:\/\/www.creafil.lu\/wp-content\/uploads\/2024\/11\/B570-QE-dynamisch.jpg","datePublished":"2024-11-08T15:16:28+00:00","dateModified":"2026-05-07T09:09:02+00:00","description":"BERNINA B570 QE Quilten ist Ihre Passion Geniessen Sie erstklassige Stofff\u00fchrung Viel Platz f\u00fcr grosse Quilts F\u00e4den schneiden auf Knopfdruck Sie erhalten ein pr\u00e4zises Stichbild Mit Patchworkfuss #97D","breadcrumb":{"@id":"https:\/\/www.creafil.lu\/de\/product\/bernina-b570-qe\/#breadcrumb"},"inLanguage":"de","potentialAction":[{"@type":"ReadAction","target":["https:\/\/www.creafil.lu\/de\/product\/bernina-b570-qe\/"]}]},{"@type":"ImageObject","inLanguage":"de","@id":"https:\/\/www.creafil.lu\/de\/product\/bernina-b570-qe\/#primaryimage","url":"https:\/\/www.creafil.lu\/wp-content\/uploads\/2024\/11\/B570-QE-dynamisch.jpg","contentUrl":"https:\/\/www.creafil.lu\/wp-content\/uploads\/2024\/11\/B570-QE-dynamisch.jpg","width":1920,"height":1080,"caption":"B570-QE"},{"@type":"BreadcrumbList","@id":"https:\/\/www.creafil.lu\/de\/product\/bernina-b570-qe\/#breadcrumb","itemListElement":[{"@type":"ListItem","position":1,"name":"Home","item":"https:\/\/www.creafil.lu\/de\/"},{"@type":"ListItem","position":2,"name":"Shop","item":"https:\/\/www.creafil.lu\/de\/shop\/"},{"@type":"ListItem","position":3,"name":"BERNINA B570 QE"}]},{"@type":"WebSite","@id":"https:\/\/www.creafil.lu\/de\/#website","url":"https:\/\/www.creafil.lu\/de\/","name":"CREA Fil","description":"Magasin","potentialAction":[{"@type":"SearchAction","target":{"@type":"EntryPoint","urlTemplate":"https:\/\/www.creafil.lu\/de\/?s={search_term_string}"},"query-input":{"@type":"PropertyValueSpecification","valueRequired":true,"valueName":"search_term_string"}}],"inLanguage":"de"}]}},"_links":{"self":[{"href":"https:\/\/www.creafil.lu\/de\/wp-json\/wp\/v2\/product\/8786","targetHints":{"allow":["GET"]}}],"collection":[{"href":"https:\/\/www.creafil.lu\/de\/wp-json\/wp\/v2\/product"}],"about":[{"href":"https:\/\/www.creafil.lu\/de\/wp-json\/wp\/v2\/types\/product"}],"wp:featuredmedia":[{"embeddable":true,"href":"https:\/\/www.creafil.lu\/de\/wp-json\/wp\/v2\/media\/8797"}],"wp:attachment":[{"href":"https:\/\/www.creafil.lu\/de\/wp-json\/wp\/v2\/media?parent=8786"}],"wp:term":[{"taxonomy":"product_brand","embeddable":true,"href":"https:\/\/www.creafil.lu\/de\/wp-json\/wp\/v2\/product_brand?post=8786"},{"taxonomy":"product_cat","embeddable":true,"href":"https:\/\/www.creafil.lu\/de\/wp-json\/wp\/v2\/product_cat?post=8786"},{"taxonomy":"product_tag","embeddable":true,"href":"https:\/\/www.creafil.lu\/de\/wp-json\/wp\/v2\/product_tag?post=8786"}],"curies":[{"name":"wp","href":"https:\/\/api.w.org\/{rel}","templated":true}]}}