{"id":8766,"date":"2024-11-08T14:37:02","date_gmt":"2024-11-08T14:37:02","guid":{"rendered":"https:\/\/www.creafil.lu\/?post_type=product&#038;p=8766"},"modified":"2025-07-16T07:19:44","modified_gmt":"2025-07-16T07:19:44","slug":"bernina-b435-black-edition","status":"publish","type":"product","link":"https:\/\/www.creafil.lu\/de\/product\/bernina-b435-black-edition\/","title":{"rendered":"BERNINA B435 Black Edition"},"content":{"rendered":"<h2>Obertransportfuss #50 inklusive<\/h2>\n<ul>\n<li>Perfekter Stofftransport<\/li>\n<li>Gleichm\u00e4ssige Stichbildung<\/li>\n<li>Die unersetzbare N\u00e4hbegleitung<\/li>\n<\/ul>\n<p>Der Obertransportfuss #50 unterst\u00fctzt den Stofftransport. Dieser N\u00e4hfuss ist besonders geeignet f\u00fcr das Maschinenquilten von geraden Linien und f\u00fcr das pr\u00e4zise Zusammenn\u00e4hen von schwer gleitenden oder elastischen Materialien, die zum Verschieben neigen oder die sich leicht ausdehnen lassen.<\/p>\n<div class=\"content-width\">\n<div class=\"box aos-init aos-animate\" data-aos=\"fade-up\">\n<h2>Volle Stoffkontrolle<\/h2>\n<ul>\n<li>H\u00e4nde frei dank dem Kniehebel<\/li>\n<li>Sichern Sie jederzeit Ihr N\u00e4hprojekt<\/li>\n<li>Gleichzeitiges Heben\/Senken von N\u00e4hfuss und Transporteur<\/li>\n<\/ul>\n<p>Dank des BERNINA Freihandsystems (FHS) k\u00f6nnen Sie den N\u00e4hfuss per Kniehebel anheben oder absenken. Ihre H\u00e4nde sichern dabei das Projekt.<\/p>\n<h2>Leise, leistungsstark und pr\u00e4zise<\/h2>\n<div class=\"r-text-block\">\n<ul>\n<li>Pr\u00e4zises &amp; sch\u00f6nes Stichbild<\/li>\n<li>Seltener Aufspulen dank grosser Spule<\/li>\n<li>Einfacher Zugriff auf die Spule von vorne<\/li>\n<\/ul>\n<\/div>\n<p>Der BERNINA Greifer n\u00e4ht mit einer Geschwindigkeit von bis zu 900 Stichen pro Minute. F\u00fcr schnelle, pr\u00e4zise Resultate.<\/p>\n<h2>Einfaches Einf\u00e4deln? Ja, bitte!<\/h2>\n<div class=\"r-text-block\">\n<ul>\n<li>Kein m\u00fchsames Einf\u00e4deln mehr<\/li>\n<li>Ruhe bewahren und einfach einf\u00e4deln<\/li>\n<li>Eins, zwei &#8230; und eingef\u00e4delt!<\/li>\n<\/ul>\n<\/div>\n<p>Der halbautomatische Einf\u00e4dler macht das Einf\u00e4deln so einfach wie noch nie. Ein paar wenige Handgriffe, und der Faden sitzt.<\/p>\n<div class=\"content-width\">\n<div class=\"box aos-init aos-animate\" data-aos=\"fade-up\">\n<h2>Alphabete, Schriften und mehr<\/h2>\n<div class=\"r-text-block\">\n<ul>\n<li>Grosse Stichauswahl<\/li>\n<li>Drei Alphabete<\/li>\n<li>150 verschiedene dekorative Stiche<\/li>\n<\/ul>\n<\/div>\n<p>Es gibt so viele verschiedene Stiche und Schriften, da ist es gar nicht so einfach, einen Favoriten zu finden.<\/p>\n<h3>Freiraum f\u00fcr Ihre Kreativit\u00e4t<\/h3>\n<div class=\"r-text-block\">\n<ul>\n<li>Freies Gestalten, auf jeden Fall!<\/li>\n<li>Komfortabel und ger\u00e4umig<\/li>\n<li>Mit Anschiebetisch f\u00fcr noch mehr Arbeitsfl\u00e4che<\/li>\n<\/ul>\n<\/div>\n<p>Der verl\u00e4ngerte Freiarm bietet rund 18 cm rechts der Nadel f\u00fcr Projekte, Quilts und noch mehr kreative Freiheit.<\/p>\n<h3>Einfaches Arbeiten am Bildschirm<\/h3>\n<div class=\"r-text-block\">\n<ul>\n<li>Grosser, moderner Farbbildschirm<\/li>\n<li>Einfache Bedienung mit intuitiver Navigation<\/li>\n<li>Hilfefunktion direkt am Bildschirm<\/li>\n<\/ul>\n<\/div>\n<p>Der N\u00e4hberater ist jederzeit f\u00fcr Sie da und beantwortet Ihre Fragen direkt am Bildschirm. Mit den Multifunktionskn\u00f6pfen lassen sich Einstellungen leicht anpassen.<\/p>\n<h3>Einstellbarer N\u00e4hfussdruck<\/h3>\n<div class=\"r-text-block\">\n<ul>\n<li>D\u00fcnne Materialien? Mehr Druck<\/li>\n<li>Dicke Materialien? Weniger Druck<\/li>\n<li>Immer der passende Druck f\u00fcr Ihr Material<\/li>\n<\/ul>\n<\/div>\n<p>Die Grundeinstellung l\u00e4sst sich individuell anpassen, sodass jeder Stich mit dem optimalen N\u00e4hfussdruck gen\u00e4ht werden kann.<\/p>\n<p>&nbsp;<\/p>\n<\/div>\n<\/div>\n<p>&nbsp;<\/p>\n<\/div>\n<\/div>\n<p>&nbsp;<\/p>\n","protected":false},"excerpt":{"rendered":"<h2>BERNINA 435 Black\u00a0Edition<\/h2>\n<h3>Limitierte Auflage<\/h3>\n<div class=\"product-desc\">\n<ul>\n<li class=\"berninaicon-arrow-rt\">Obertransportfuss #50 inklusive<\/li>\n<li class=\"berninaicon-arrow-rt\">Kniehebel inklusive<\/li>\n<li class=\"berninaicon-arrow-rt\">Einfach zu bedienender Farb-Touchscreen<\/li>\n<li class=\"berninaicon-arrow-rt\">Jumbo-Spule f\u00fcr langes N\u00e4hen<\/li>\n<li class=\"berninaicon-arrow-rt\">Einf\u00e4deln ist ein Kinderspiel<\/li>\n<\/ul>\n<\/div>\n<div class=\"product-desc\">\n<ul>\n<li class=\"berninaicon-arrow-rt\">Perfekte Gr\u00f6sse f\u00fcr kleine N\u00e4hzimmer<\/li>\n<\/ul>\n<\/div>\n","protected":false},"featured_media":8773,"template":"","meta":{"_acf_changed":false,"inline_featured_image":false},"product_brand":[],"product_cat":[72],"product_tag":[],"class_list":{"0":"post-8766","1":"product","2":"type-product","3":"status-publish","4":"has-post-thumbnail","6":"product_cat-naehmaschine","8":"first","9":"instock","10":"sale","11":"featured","12":"taxable","13":"shipping-taxable","14":"purchasable","15":"product-type-simple"},"acf":[],"yoast_head":"<!-- This site is optimized with the Yoast SEO plugin v24.4 - https:\/\/yoast.com\/wordpress\/plugins\/seo\/ -->\n<title>BERNINA B435 Black Edition - CREA Fil<\/title>\n<meta name=\"description\" content=\"BERNINA B435 Black Edition\" \/>\n<meta name=\"robots\" content=\"index, follow, max-snippet:-1, max-image-preview:large, max-video-preview:-1\" \/>\n<link rel=\"canonical\" href=\"https:\/\/www.creafil.lu\/de\/product\/bernina-b435-black-edition\/\" \/>\n<meta property=\"og:locale\" content=\"de_DE\" \/>\n<meta property=\"og:type\" content=\"article\" \/>\n<meta property=\"og:title\" content=\"BERNINA B435 Black Edition - CREA Fil\" \/>\n<meta property=\"og:description\" content=\"BERNINA B435 Black Edition\" \/>\n<meta property=\"og:url\" content=\"https:\/\/www.creafil.lu\/de\/product\/bernina-b435-black-edition\/\" \/>\n<meta property=\"og:site_name\" content=\"CREA Fil\" \/>\n<meta property=\"article:modified_time\" content=\"2025-07-16T07:19:44+00:00\" \/>\n<meta property=\"og:image\" content=\"https:\/\/www.creafil.lu\/wp-content\/uploads\/2024\/11\/Gallery_B435-BlackEdition-3-3.jpg\" \/>\n\t<meta property=\"og:image:width\" content=\"2200\" \/>\n\t<meta property=\"og:image:height\" content=\"1500\" \/>\n\t<meta property=\"og:image:type\" content=\"image\/jpeg\" \/>\n<meta name=\"twitter:card\" content=\"summary_large_image\" \/>\n<meta name=\"twitter:label1\" content=\"Gesch\u00e4tzte Lesezeit\" \/>\n\t<meta name=\"twitter:data1\" content=\"2\u00a0Minuten\" \/>\n<script type=\"application\/ld+json\" class=\"yoast-schema-graph\">{\"@context\":\"https:\/\/schema.org\",\"@graph\":[{\"@type\":\"WebPage\",\"@id\":\"https:\/\/www.creafil.lu\/de\/product\/bernina-b435-black-edition\/\",\"url\":\"https:\/\/www.creafil.lu\/de\/product\/bernina-b435-black-edition\/\",\"name\":\"BERNINA B435 Black Edition - CREA Fil\",\"isPartOf\":{\"@id\":\"https:\/\/www.creafil.lu\/de\/#website\"},\"primaryImageOfPage\":{\"@id\":\"https:\/\/www.creafil.lu\/de\/product\/bernina-b435-black-edition\/#primaryimage\"},\"image\":{\"@id\":\"https:\/\/www.creafil.lu\/de\/product\/bernina-b435-black-edition\/#primaryimage\"},\"thumbnailUrl\":\"https:\/\/www.creafil.lu\/wp-content\/uploads\/2024\/11\/Gallery_B435-BlackEdition-3-3.jpg\",\"datePublished\":\"2024-11-08T14:37:02+00:00\",\"dateModified\":\"2025-07-16T07:19:44+00:00\",\"description\":\"BERNINA B435 Black Edition\",\"breadcrumb\":{\"@id\":\"https:\/\/www.creafil.lu\/de\/product\/bernina-b435-black-edition\/#breadcrumb\"},\"inLanguage\":\"de\",\"potentialAction\":[{\"@type\":\"ReadAction\",\"target\":[\"https:\/\/www.creafil.lu\/de\/product\/bernina-b435-black-edition\/\"]}]},{\"@type\":\"ImageObject\",\"inLanguage\":\"de\",\"@id\":\"https:\/\/www.creafil.lu\/de\/product\/bernina-b435-black-edition\/#primaryimage\",\"url\":\"https:\/\/www.creafil.lu\/wp-content\/uploads\/2024\/11\/Gallery_B435-BlackEdition-3-3.jpg\",\"contentUrl\":\"https:\/\/www.creafil.lu\/wp-content\/uploads\/2024\/11\/Gallery_B435-BlackEdition-3-3.jpg\",\"width\":2200,\"height\":1500,\"caption\":\"BERNINA B435 Black Edition\"},{\"@type\":\"BreadcrumbList\",\"@id\":\"https:\/\/www.creafil.lu\/de\/product\/bernina-b435-black-edition\/#breadcrumb\",\"itemListElement\":[{\"@type\":\"ListItem\",\"position\":1,\"name\":\"Home\",\"item\":\"https:\/\/www.creafil.lu\/de\/\"},{\"@type\":\"ListItem\",\"position\":2,\"name\":\"Shop\",\"item\":\"https:\/\/www.creafil.lu\/de\/shop\/\"},{\"@type\":\"ListItem\",\"position\":3,\"name\":\"BERNINA B435 Black Edition\"}]},{\"@type\":\"WebSite\",\"@id\":\"https:\/\/www.creafil.lu\/de\/#website\",\"url\":\"https:\/\/www.creafil.lu\/de\/\",\"name\":\"CREA Fil\",\"description\":\"Magasin\",\"potentialAction\":[{\"@type\":\"SearchAction\",\"target\":{\"@type\":\"EntryPoint\",\"urlTemplate\":\"https:\/\/www.creafil.lu\/de\/?s={search_term_string}\"},\"query-input\":{\"@type\":\"PropertyValueSpecification\",\"valueRequired\":true,\"valueName\":\"search_term_string\"}}],\"inLanguage\":\"de\"}]}<\/script>\n<!-- \/ Yoast SEO plugin. -->","yoast_head_json":{"title":"BERNINA B435 Black Edition - CREA Fil","description":"BERNINA B435 Black Edition","robots":{"index":"index","follow":"follow","max-snippet":"max-snippet:-1","max-image-preview":"max-image-preview:large","max-video-preview":"max-video-preview:-1"},"canonical":"https:\/\/www.creafil.lu\/de\/product\/bernina-b435-black-edition\/","og_locale":"de_DE","og_type":"article","og_title":"BERNINA B435 Black Edition - CREA Fil","og_description":"BERNINA B435 Black Edition","og_url":"https:\/\/www.creafil.lu\/de\/product\/bernina-b435-black-edition\/","og_site_name":"CREA Fil","article_modified_time":"2025-07-16T07:19:44+00:00","og_image":[{"width":2200,"height":1500,"url":"https:\/\/www.creafil.lu\/wp-content\/uploads\/2024\/11\/Gallery_B435-BlackEdition-3-3.jpg","type":"image\/jpeg"}],"twitter_card":"summary_large_image","twitter_misc":{"Gesch\u00e4tzte Lesezeit":"2\u00a0Minuten"},"schema":{"@context":"https:\/\/schema.org","@graph":[{"@type":"WebPage","@id":"https:\/\/www.creafil.lu\/de\/product\/bernina-b435-black-edition\/","url":"https:\/\/www.creafil.lu\/de\/product\/bernina-b435-black-edition\/","name":"BERNINA B435 Black Edition - CREA Fil","isPartOf":{"@id":"https:\/\/www.creafil.lu\/de\/#website"},"primaryImageOfPage":{"@id":"https:\/\/www.creafil.lu\/de\/product\/bernina-b435-black-edition\/#primaryimage"},"image":{"@id":"https:\/\/www.creafil.lu\/de\/product\/bernina-b435-black-edition\/#primaryimage"},"thumbnailUrl":"https:\/\/www.creafil.lu\/wp-content\/uploads\/2024\/11\/Gallery_B435-BlackEdition-3-3.jpg","datePublished":"2024-11-08T14:37:02+00:00","dateModified":"2025-07-16T07:19:44+00:00","description":"BERNINA B435 Black Edition","breadcrumb":{"@id":"https:\/\/www.creafil.lu\/de\/product\/bernina-b435-black-edition\/#breadcrumb"},"inLanguage":"de","potentialAction":[{"@type":"ReadAction","target":["https:\/\/www.creafil.lu\/de\/product\/bernina-b435-black-edition\/"]}]},{"@type":"ImageObject","inLanguage":"de","@id":"https:\/\/www.creafil.lu\/de\/product\/bernina-b435-black-edition\/#primaryimage","url":"https:\/\/www.creafil.lu\/wp-content\/uploads\/2024\/11\/Gallery_B435-BlackEdition-3-3.jpg","contentUrl":"https:\/\/www.creafil.lu\/wp-content\/uploads\/2024\/11\/Gallery_B435-BlackEdition-3-3.jpg","width":2200,"height":1500,"caption":"BERNINA B435 Black Edition"},{"@type":"BreadcrumbList","@id":"https:\/\/www.creafil.lu\/de\/product\/bernina-b435-black-edition\/#breadcrumb","itemListElement":[{"@type":"ListItem","position":1,"name":"Home","item":"https:\/\/www.creafil.lu\/de\/"},{"@type":"ListItem","position":2,"name":"Shop","item":"https:\/\/www.creafil.lu\/de\/shop\/"},{"@type":"ListItem","position":3,"name":"BERNINA B435 Black Edition"}]},{"@type":"WebSite","@id":"https:\/\/www.creafil.lu\/de\/#website","url":"https:\/\/www.creafil.lu\/de\/","name":"CREA Fil","description":"Magasin","potentialAction":[{"@type":"SearchAction","target":{"@type":"EntryPoint","urlTemplate":"https:\/\/www.creafil.lu\/de\/?s={search_term_string}"},"query-input":{"@type":"PropertyValueSpecification","valueRequired":true,"valueName":"search_term_string"}}],"inLanguage":"de"}]}},"_links":{"self":[{"href":"https:\/\/www.creafil.lu\/de\/wp-json\/wp\/v2\/product\/8766","targetHints":{"allow":["GET"]}}],"collection":[{"href":"https:\/\/www.creafil.lu\/de\/wp-json\/wp\/v2\/product"}],"about":[{"href":"https:\/\/www.creafil.lu\/de\/wp-json\/wp\/v2\/types\/product"}],"wp:featuredmedia":[{"embeddable":true,"href":"https:\/\/www.creafil.lu\/de\/wp-json\/wp\/v2\/media\/8773"}],"wp:attachment":[{"href":"https:\/\/www.creafil.lu\/de\/wp-json\/wp\/v2\/media?parent=8766"}],"wp:term":[{"taxonomy":"product_brand","embeddable":true,"href":"https:\/\/www.creafil.lu\/de\/wp-json\/wp\/v2\/product_brand?post=8766"},{"taxonomy":"product_cat","embeddable":true,"href":"https:\/\/www.creafil.lu\/de\/wp-json\/wp\/v2\/product_cat?post=8766"},{"taxonomy":"product_tag","embeddable":true,"href":"https:\/\/www.creafil.lu\/de\/wp-json\/wp\/v2\/product_tag?post=8766"}],"curies":[{"name":"wp","href":"https:\/\/api.w.org\/{rel}","templated":true}]}}