{"id":8759,"date":"2024-11-08T14:29:51","date_gmt":"2024-11-08T14:29:51","guid":{"rendered":"https:\/\/www.creafil.lu\/?post_type=product&#038;p=8759"},"modified":"2025-07-16T07:22:47","modified_gmt":"2025-07-16T07:22:47","slug":"bernina-b435","status":"publish","type":"product","link":"https:\/\/www.creafil.lu\/de\/product\/bernina-b435\/","title":{"rendered":"BERNINA B435"},"content":{"rendered":"<h2>Leise, leistungsstark und pr\u00e4zise<\/h2>\n<div class=\"r-text-block\">\n<ul>\n<li>Pr\u00e4zises &amp; sch\u00f6nes Stichbild<\/li>\n<li>Seltener Aufspulen dank grosser Spule<\/li>\n<li>Einfacher Zugriff auf die Spule von vorne<\/li>\n<\/ul>\n<\/div>\n<p>Der BERNINA Greifer n\u00e4ht mit einer Geschwindigkeit von bis zu 900 Stichen pro Minute. F\u00fcr schnelle, pr\u00e4zise Resultate.<\/p>\n<h2>Einfaches Einf\u00e4deln? Ja bitte!<\/h2>\n<div class=\"r-text-block\">\n<ul>\n<li>Kein m\u00fchsames Einf\u00e4deln mehr<\/li>\n<li>Ruhe bewahren und einfach einf\u00e4deln<\/li>\n<li>Eins, zwei &#8230; und eingef\u00e4delt!<\/li>\n<\/ul>\n<\/div>\n<p>Der halbautomatische Einf\u00e4dler macht das Einf\u00e4deln so einfach wie noch nie. Ein paar wenige Handgriffe, und der Faden sitzt.<\/p>\n<div class=\"content-width\">\n<div class=\"box aos-init aos-animate\" data-aos=\"fade-up\">\n<h2>Alphabete, Schriften und mehr<\/h2>\n<div class=\"r-text-block\">\n<ul>\n<li>Grosse Stich- und Alphabetauswahl<\/li>\n<li>Drei Alphabete<\/li>\n<li>150 verschiedene dekorative Stiche<\/li>\n<\/ul>\n<\/div>\n<p>Es gibt so viele verschiedene Stiche und Schriften, da ist es gar nicht so einfach, einen Favoriten zu finden.<\/p>\n<h3>Freiraum f\u00fcr Ihre Kreativit\u00e4t<\/h3>\n<div class=\"r-text-block\">\n<ul>\n<li>Freies Gestalten, auf jeden Fall!<\/li>\n<li>Komfortabel und ger\u00e4umig<\/li>\n<li>Mit Anschiebetisch f\u00fcr noch mehr Arbeitsfl\u00e4che<\/li>\n<\/ul>\n<\/div>\n<p>Der verl\u00e4ngerte Freiarm bietet rund 18 cm rechts der Nadel f\u00fcr Projekte, Quilts und noch mehr kreative Freiheit.<\/p>\n<h3>Einfaches Arbeiten am Bildschirm<\/h3>\n<div class=\"r-text-block\">\n<ul>\n<li>Grosser, moderner Farbbildschirm<\/li>\n<li>Einfache Bedienung mit intuitiver Navigation<\/li>\n<li>Hilfefunktion direkt am Bildschirm<\/li>\n<\/ul>\n<\/div>\n<p>Der N\u00e4hberater ist jederzeit f\u00fcr Sie da und beantwortet Ihre Fragen direkt am Bildschirm. Mit den Multifunktionskn\u00f6pfen lassen sich Einstellungen leicht anpassen.<\/p>\n<h3>Einstellbarer N\u00e4hfussdruck<\/h3>\n<div class=\"r-text-block\">\n<ul>\n<li>D\u00fcnne Materialien? Mehr Druck<\/li>\n<li>Dicke Materialien? Weniger Druck<\/li>\n<li>Immer der passende Druck f\u00fcr Ihr Material<\/li>\n<\/ul>\n<\/div>\n<p>Die Grundeinstellung l\u00e4sst sich individuell anpassen, sodass jeder Stich mit dem optimalen N\u00e4hfussdruck gen\u00e4ht werden kann.<\/p>\n<p>&nbsp;<\/p>\n<\/div>\n<\/div>\n<p>&nbsp;<\/p>\n","protected":false},"excerpt":{"rendered":"<h2>F\u00fcr Macherinnen und Macher<\/h2>\n<div class=\"product-desc\">\n<ul>\n<li class=\"berninaicon-arrow-rt\">Einfach zu bedienender Farb-Touchscreen<\/li>\n<li class=\"berninaicon-arrow-rt\">Jumbo-Spule f\u00fcr langes N\u00e4hen<\/li>\n<li class=\"berninaicon-arrow-rt\">Perfekter N\u00e4hfussdruck f\u00fcr jedes Material<\/li>\n<li class=\"berninaicon-arrow-rt\">Einf\u00e4deln ist ein Kinderspiel<\/li>\n<li class=\"berninaicon-arrow-rt\">Perfekte Gr\u00f6sse f\u00fcr kleine N\u00e4hzimmer<\/li>\n<\/ul>\n<\/div>\n","protected":false},"featured_media":8760,"template":"","meta":{"_acf_changed":false,"inline_featured_image":false},"product_brand":[],"product_cat":[72],"product_tag":[],"class_list":{"0":"post-8759","1":"product","2":"type-product","3":"status-publish","4":"has-post-thumbnail","6":"product_cat-naehmaschine","8":"first","9":"instock","10":"sale","11":"featured","12":"taxable","13":"shipping-taxable","14":"purchasable","15":"product-type-simple"},"acf":[],"yoast_head":"<!-- This site is optimized with the Yoast SEO plugin v24.4 - https:\/\/yoast.com\/wordpress\/plugins\/seo\/ -->\n<title>BERNINA B435 - CREA Fil<\/title>\n<meta name=\"description\" content=\"F\u00fcr Macherinnen und Macher, Einfach zu bedienender Farb-TouchscreenJumbo-Spule f\u00fcr langes N\u00e4hen, Perfekter N\u00e4hfussdruck f\u00fcr jedes Material, Einf\u00e4deln ist ein Kinderspiel Perfekte Gr\u00f6sse f\u00fcr kleine N\u00e4hzimmer\" \/>\n<meta name=\"robots\" content=\"index, follow, max-snippet:-1, max-image-preview:large, max-video-preview:-1\" \/>\n<link rel=\"canonical\" href=\"https:\/\/www.creafil.lu\/de\/product\/bernina-b435\/\" \/>\n<meta property=\"og:locale\" content=\"de_DE\" \/>\n<meta property=\"og:type\" content=\"article\" \/>\n<meta property=\"og:title\" content=\"BERNINA B435 - CREA Fil\" \/>\n<meta property=\"og:description\" content=\"F\u00fcr Macherinnen und Macher, Einfach zu bedienender Farb-TouchscreenJumbo-Spule f\u00fcr langes N\u00e4hen, Perfekter N\u00e4hfussdruck f\u00fcr jedes Material, Einf\u00e4deln ist ein Kinderspiel Perfekte Gr\u00f6sse f\u00fcr kleine N\u00e4hzimmer\" \/>\n<meta property=\"og:url\" content=\"https:\/\/www.creafil.lu\/de\/product\/bernina-b435\/\" \/>\n<meta property=\"og:site_name\" content=\"CREA Fil\" \/>\n<meta property=\"article:modified_time\" content=\"2025-07-16T07:22:47+00:00\" \/>\n<meta property=\"og:image\" content=\"https:\/\/www.creafil.lu\/wp-content\/uploads\/2024\/11\/B435_Anschiebetisch.jpg\" \/>\n\t<meta property=\"og:image:width\" content=\"2200\" \/>\n\t<meta property=\"og:image:height\" content=\"1500\" \/>\n\t<meta property=\"og:image:type\" content=\"image\/jpeg\" \/>\n<meta name=\"twitter:card\" content=\"summary_large_image\" \/>\n<meta name=\"twitter:label1\" content=\"Gesch\u00e4tzte Lesezeit\" \/>\n\t<meta name=\"twitter:data1\" content=\"2\u00a0Minuten\" \/>\n<script type=\"application\/ld+json\" class=\"yoast-schema-graph\">{\"@context\":\"https:\/\/schema.org\",\"@graph\":[{\"@type\":\"WebPage\",\"@id\":\"https:\/\/www.creafil.lu\/de\/product\/bernina-b435\/\",\"url\":\"https:\/\/www.creafil.lu\/de\/product\/bernina-b435\/\",\"name\":\"BERNINA B435 - CREA Fil\",\"isPartOf\":{\"@id\":\"https:\/\/www.creafil.lu\/de\/#website\"},\"primaryImageOfPage\":{\"@id\":\"https:\/\/www.creafil.lu\/de\/product\/bernina-b435\/#primaryimage\"},\"image\":{\"@id\":\"https:\/\/www.creafil.lu\/de\/product\/bernina-b435\/#primaryimage\"},\"thumbnailUrl\":\"https:\/\/www.creafil.lu\/wp-content\/uploads\/2024\/11\/B435_Anschiebetisch.jpg\",\"datePublished\":\"2024-11-08T14:29:51+00:00\",\"dateModified\":\"2025-07-16T07:22:47+00:00\",\"description\":\"F\u00fcr Macherinnen und Macher, Einfach zu bedienender Farb-TouchscreenJumbo-Spule f\u00fcr langes N\u00e4hen, Perfekter N\u00e4hfussdruck f\u00fcr jedes Material, Einf\u00e4deln ist ein Kinderspiel Perfekte Gr\u00f6sse f\u00fcr kleine N\u00e4hzimmer\",\"breadcrumb\":{\"@id\":\"https:\/\/www.creafil.lu\/de\/product\/bernina-b435\/#breadcrumb\"},\"inLanguage\":\"de\",\"potentialAction\":[{\"@type\":\"ReadAction\",\"target\":[\"https:\/\/www.creafil.lu\/de\/product\/bernina-b435\/\"]}]},{\"@type\":\"ImageObject\",\"inLanguage\":\"de\",\"@id\":\"https:\/\/www.creafil.lu\/de\/product\/bernina-b435\/#primaryimage\",\"url\":\"https:\/\/www.creafil.lu\/wp-content\/uploads\/2024\/11\/B435_Anschiebetisch.jpg\",\"contentUrl\":\"https:\/\/www.creafil.lu\/wp-content\/uploads\/2024\/11\/B435_Anschiebetisch.jpg\",\"width\":2200,\"height\":1500,\"caption\":\"Bernina B435\"},{\"@type\":\"BreadcrumbList\",\"@id\":\"https:\/\/www.creafil.lu\/de\/product\/bernina-b435\/#breadcrumb\",\"itemListElement\":[{\"@type\":\"ListItem\",\"position\":1,\"name\":\"Home\",\"item\":\"https:\/\/www.creafil.lu\/de\/\"},{\"@type\":\"ListItem\",\"position\":2,\"name\":\"Shop\",\"item\":\"https:\/\/www.creafil.lu\/de\/shop\/\"},{\"@type\":\"ListItem\",\"position\":3,\"name\":\"BERNINA B435\"}]},{\"@type\":\"WebSite\",\"@id\":\"https:\/\/www.creafil.lu\/de\/#website\",\"url\":\"https:\/\/www.creafil.lu\/de\/\",\"name\":\"CREA Fil\",\"description\":\"Magasin\",\"potentialAction\":[{\"@type\":\"SearchAction\",\"target\":{\"@type\":\"EntryPoint\",\"urlTemplate\":\"https:\/\/www.creafil.lu\/de\/?s={search_term_string}\"},\"query-input\":{\"@type\":\"PropertyValueSpecification\",\"valueRequired\":true,\"valueName\":\"search_term_string\"}}],\"inLanguage\":\"de\"}]}<\/script>\n<!-- \/ Yoast SEO plugin. -->","yoast_head_json":{"title":"BERNINA B435 - CREA Fil","description":"F\u00fcr Macherinnen und Macher, Einfach zu bedienender Farb-TouchscreenJumbo-Spule f\u00fcr langes N\u00e4hen, Perfekter N\u00e4hfussdruck f\u00fcr jedes Material, Einf\u00e4deln ist ein Kinderspiel Perfekte Gr\u00f6sse f\u00fcr kleine N\u00e4hzimmer","robots":{"index":"index","follow":"follow","max-snippet":"max-snippet:-1","max-image-preview":"max-image-preview:large","max-video-preview":"max-video-preview:-1"},"canonical":"https:\/\/www.creafil.lu\/de\/product\/bernina-b435\/","og_locale":"de_DE","og_type":"article","og_title":"BERNINA B435 - CREA Fil","og_description":"F\u00fcr Macherinnen und Macher, Einfach zu bedienender Farb-TouchscreenJumbo-Spule f\u00fcr langes N\u00e4hen, Perfekter N\u00e4hfussdruck f\u00fcr jedes Material, Einf\u00e4deln ist ein Kinderspiel Perfekte Gr\u00f6sse f\u00fcr kleine N\u00e4hzimmer","og_url":"https:\/\/www.creafil.lu\/de\/product\/bernina-b435\/","og_site_name":"CREA Fil","article_modified_time":"2025-07-16T07:22:47+00:00","og_image":[{"width":2200,"height":1500,"url":"https:\/\/www.creafil.lu\/wp-content\/uploads\/2024\/11\/B435_Anschiebetisch.jpg","type":"image\/jpeg"}],"twitter_card":"summary_large_image","twitter_misc":{"Gesch\u00e4tzte Lesezeit":"2\u00a0Minuten"},"schema":{"@context":"https:\/\/schema.org","@graph":[{"@type":"WebPage","@id":"https:\/\/www.creafil.lu\/de\/product\/bernina-b435\/","url":"https:\/\/www.creafil.lu\/de\/product\/bernina-b435\/","name":"BERNINA B435 - CREA Fil","isPartOf":{"@id":"https:\/\/www.creafil.lu\/de\/#website"},"primaryImageOfPage":{"@id":"https:\/\/www.creafil.lu\/de\/product\/bernina-b435\/#primaryimage"},"image":{"@id":"https:\/\/www.creafil.lu\/de\/product\/bernina-b435\/#primaryimage"},"thumbnailUrl":"https:\/\/www.creafil.lu\/wp-content\/uploads\/2024\/11\/B435_Anschiebetisch.jpg","datePublished":"2024-11-08T14:29:51+00:00","dateModified":"2025-07-16T07:22:47+00:00","description":"F\u00fcr Macherinnen und Macher, Einfach zu bedienender Farb-TouchscreenJumbo-Spule f\u00fcr langes N\u00e4hen, Perfekter N\u00e4hfussdruck f\u00fcr jedes Material, Einf\u00e4deln ist ein Kinderspiel Perfekte Gr\u00f6sse f\u00fcr kleine N\u00e4hzimmer","breadcrumb":{"@id":"https:\/\/www.creafil.lu\/de\/product\/bernina-b435\/#breadcrumb"},"inLanguage":"de","potentialAction":[{"@type":"ReadAction","target":["https:\/\/www.creafil.lu\/de\/product\/bernina-b435\/"]}]},{"@type":"ImageObject","inLanguage":"de","@id":"https:\/\/www.creafil.lu\/de\/product\/bernina-b435\/#primaryimage","url":"https:\/\/www.creafil.lu\/wp-content\/uploads\/2024\/11\/B435_Anschiebetisch.jpg","contentUrl":"https:\/\/www.creafil.lu\/wp-content\/uploads\/2024\/11\/B435_Anschiebetisch.jpg","width":2200,"height":1500,"caption":"Bernina B435"},{"@type":"BreadcrumbList","@id":"https:\/\/www.creafil.lu\/de\/product\/bernina-b435\/#breadcrumb","itemListElement":[{"@type":"ListItem","position":1,"name":"Home","item":"https:\/\/www.creafil.lu\/de\/"},{"@type":"ListItem","position":2,"name":"Shop","item":"https:\/\/www.creafil.lu\/de\/shop\/"},{"@type":"ListItem","position":3,"name":"BERNINA B435"}]},{"@type":"WebSite","@id":"https:\/\/www.creafil.lu\/de\/#website","url":"https:\/\/www.creafil.lu\/de\/","name":"CREA Fil","description":"Magasin","potentialAction":[{"@type":"SearchAction","target":{"@type":"EntryPoint","urlTemplate":"https:\/\/www.creafil.lu\/de\/?s={search_term_string}"},"query-input":{"@type":"PropertyValueSpecification","valueRequired":true,"valueName":"search_term_string"}}],"inLanguage":"de"}]}},"_links":{"self":[{"href":"https:\/\/www.creafil.lu\/de\/wp-json\/wp\/v2\/product\/8759","targetHints":{"allow":["GET"]}}],"collection":[{"href":"https:\/\/www.creafil.lu\/de\/wp-json\/wp\/v2\/product"}],"about":[{"href":"https:\/\/www.creafil.lu\/de\/wp-json\/wp\/v2\/types\/product"}],"wp:featuredmedia":[{"embeddable":true,"href":"https:\/\/www.creafil.lu\/de\/wp-json\/wp\/v2\/media\/8760"}],"wp:attachment":[{"href":"https:\/\/www.creafil.lu\/de\/wp-json\/wp\/v2\/media?parent=8759"}],"wp:term":[{"taxonomy":"product_brand","embeddable":true,"href":"https:\/\/www.creafil.lu\/de\/wp-json\/wp\/v2\/product_brand?post=8759"},{"taxonomy":"product_cat","embeddable":true,"href":"https:\/\/www.creafil.lu\/de\/wp-json\/wp\/v2\/product_cat?post=8759"},{"taxonomy":"product_tag","embeddable":true,"href":"https:\/\/www.creafil.lu\/de\/wp-json\/wp\/v2\/product_tag?post=8759"}],"curies":[{"name":"wp","href":"https:\/\/api.w.org\/{rel}","templated":true}]}}