{"id":8739,"date":"2024-11-08T13:16:39","date_gmt":"2024-11-08T13:16:39","guid":{"rendered":"https:\/\/www.creafil.lu\/?post_type=product&#038;p=8739"},"modified":"2025-07-16T07:29:49","modified_gmt":"2025-07-16T07:29:49","slug":"bernina-b325","status":"publish","type":"product","link":"https:\/\/www.creafil.lu\/de\/product\/bernina-b325\/","title":{"rendered":"BERNINA B325"},"content":{"rendered":"<h2>Individuell und schnell<\/h2>\n<div class=\"r-text-block\">\n<ul>\n<li>Stichl\u00e4nge und -breite individuell einstellen<\/li>\n<li>Stiche speichern und wiederverwenden<\/li>\n<li>Manueller Geschwindigkeitsregler<\/li>\n<\/ul>\n<\/div>\n<p>N\u00e4hen Sie mit Geschwindigkeiten bis zu 900 schnellen Stichen pro Minute. Ihre N\u00e4hprojekte sind im Handumdrehen fertig.<\/p>\n<h2>Einfaches Einf\u00e4deln? Ja, bitte!<\/h2>\n<div class=\"r-text-block\">\n<ul>\n<li>Kein m\u00fchsames Einf\u00e4deln mehr<\/li>\n<li>Mit Ruhe einf\u00e4deln<\/li>\n<li>Eins, zwei &#8230; und eingef\u00e4delt!<\/li>\n<\/ul>\n<\/div>\n<p>Der halbautomatische Einf\u00e4dler macht das Einf\u00e4deln so einfach wie noch nie. Ein paar wenige Handgriffe, und der Faden sitzt.<\/p>\n<div class=\"content-width\">\n<div class=\"box aos-init aos-animate\" data-aos=\"fade-up\">\n<h2>Dekorstiche, Kreuzstiche und mehr<\/h2>\n<div class=\"r-text-block\">\n<ul>\n<li>Kreative Stichauswahl<\/li>\n<li>Stiche einfach per Taste anw\u00e4hlen<\/li>\n<li>23 verschiedene dekorative Stiche<\/li>\n<\/ul>\n<\/div>\n<p>Es gibt viele verschiedene Stiche, die Sie alle individuell anpassen k\u00f6nnen. Da ist es gar nicht so einfach, einen Favoriten zu finden.<\/p>\n<\/div>\n<div data-aos=\"fade-up\">\n<h3>Klein kommt gross raus<\/h3>\n<div class=\"r-text-block\">\n<ul>\n<li>Ausreichend Platz f\u00fcr Ihre Kreativit\u00e4t<\/li>\n<li>Komfortabel und ger\u00e4umig<\/li>\n<li>Anschiebetisch f\u00fcr noch mehr Arbeitsfl\u00e4che<\/li>\n<\/ul>\n<\/div>\n<p>Der Freiarm bietet rund 16 cm Platz rechts der Nadel f\u00fcr spannende Projekte und grenzenlose kreative Freiheit.<\/p>\n<\/div>\n<div data-aos=\"fade-up\">\n<h3>Knopflochliebe dank diesem Fuss<\/h3>\n<div class=\"r-text-block\">\n<ul>\n<li>Knopfl\u00f6cher automatisch n\u00e4hen<\/li>\n<li>Schnell, einfach und pr\u00e4zise<\/li>\n<li>Beliebig viele Knopfl\u00f6cher in gleicher L\u00e4nge<\/li>\n<\/ul>\n<\/div>\n<p>Mit dem Knopflochschlittenfuss #3A (optionales Zubeh\u00f6r) k\u00f6nnen beliebig viele exakt gleich lange Knopfl\u00f6cher gen\u00e4ht werden.<\/p>\n<h3>Herrlich komfortabel<\/h3>\n<div class=\"r-text-block\">\n<ul>\n<li>Helles LED-Licht f\u00fcr lange N\u00e4hn\u00e4chte<\/li>\n<li>Beliebte Einstellungen einfach abspeichern<\/li>\n<li>Im Display immer den \u00dcberblick behalten<\/li>\n<\/ul>\n<\/div>\n<p>Nachts kreativ sein? Mit der B 325 \u00fcberhaupt kein Problem. Das LED-Licht sorgt f\u00fcr beste Sicht f\u00fcr n\u00e4hfreudige Nachteulen.<\/p>\n<p>&nbsp;<\/p>\n<\/div>\n<\/div>\n","protected":false},"excerpt":{"rendered":"<h2>Kleine N\u00e4hmaschine, ganz gross<\/h2>\n<div class=\"product-desc\">\n<ul>\n<li class=\"berninaicon-arrow-rt\">Herrlicher N\u00e4hkomfort<\/li>\n<li class=\"berninaicon-arrow-rt\">Manuell verstellbare N\u00e4hgeschwindigkeit<\/li>\n<li class=\"berninaicon-arrow-rt\">Einf\u00e4deln geht super einfach<\/li>\n<li class=\"berninaicon-arrow-rt\">Gen\u00fcgend Platz f\u00fcr Ihre Ideen<\/li>\n<\/ul>\n<\/div>\n<div class=\"product-btns ng-scope no-prices\"><\/div>\n","protected":false},"featured_media":8740,"template":"","meta":{"_acf_changed":false,"inline_featured_image":false},"product_brand":[],"product_cat":[72],"product_tag":[],"class_list":{"0":"post-8739","1":"product","2":"type-product","3":"status-publish","4":"has-post-thumbnail","6":"product_cat-naehmaschine","8":"first","9":"instock","10":"taxable","11":"shipping-taxable","12":"purchasable","13":"product-type-simple"},"acf":[],"yoast_head":"<!-- This site is optimized with the Yoast SEO plugin v24.4 - https:\/\/yoast.com\/wordpress\/plugins\/seo\/ -->\n<title>BERNINA B325 - CREA Fil<\/title>\n<meta name=\"description\" content=\"Kompakt mit viel Potenzial, Einfache Stichwahl am Touchscreen, N\u00e4hgeschwindigkeit anpassen, Einf\u00e4deln? Geht ganz einfach!Verstellbarer N\u00e4hfussdruck, Immer die richtige Fadenspannung\" \/>\n<meta name=\"robots\" content=\"index, follow, max-snippet:-1, max-image-preview:large, max-video-preview:-1\" \/>\n<link rel=\"canonical\" href=\"https:\/\/www.creafil.lu\/de\/product\/bernina-b325\/\" \/>\n<meta property=\"og:locale\" content=\"de_DE\" \/>\n<meta property=\"og:type\" content=\"article\" \/>\n<meta property=\"og:title\" content=\"BERNINA B325 - CREA Fil\" \/>\n<meta property=\"og:description\" content=\"Kompakt mit viel Potenzial, Einfache Stichwahl am Touchscreen, N\u00e4hgeschwindigkeit anpassen, Einf\u00e4deln? Geht ganz einfach!Verstellbarer N\u00e4hfussdruck, Immer die richtige Fadenspannung\" \/>\n<meta property=\"og:url\" content=\"https:\/\/www.creafil.lu\/de\/product\/bernina-b325\/\" \/>\n<meta property=\"og:site_name\" content=\"CREA Fil\" \/>\n<meta property=\"article:modified_time\" content=\"2025-07-16T07:29:49+00:00\" \/>\n<meta property=\"og:image\" content=\"https:\/\/www.creafil.lu\/wp-content\/uploads\/2024\/11\/B325.jpg\" \/>\n\t<meta property=\"og:image:width\" content=\"2200\" \/>\n\t<meta property=\"og:image:height\" content=\"1500\" \/>\n\t<meta property=\"og:image:type\" content=\"image\/jpeg\" \/>\n<meta name=\"twitter:card\" content=\"summary_large_image\" \/>\n<meta name=\"twitter:label1\" content=\"Gesch\u00e4tzte Lesezeit\" \/>\n\t<meta name=\"twitter:data1\" content=\"2\u00a0Minuten\" \/>\n<script type=\"application\/ld+json\" class=\"yoast-schema-graph\">{\"@context\":\"https:\/\/schema.org\",\"@graph\":[{\"@type\":\"WebPage\",\"@id\":\"https:\/\/www.creafil.lu\/de\/product\/bernina-b325\/\",\"url\":\"https:\/\/www.creafil.lu\/de\/product\/bernina-b325\/\",\"name\":\"BERNINA B325 - CREA Fil\",\"isPartOf\":{\"@id\":\"https:\/\/www.creafil.lu\/de\/#website\"},\"primaryImageOfPage\":{\"@id\":\"https:\/\/www.creafil.lu\/de\/product\/bernina-b325\/#primaryimage\"},\"image\":{\"@id\":\"https:\/\/www.creafil.lu\/de\/product\/bernina-b325\/#primaryimage\"},\"thumbnailUrl\":\"https:\/\/www.creafil.lu\/wp-content\/uploads\/2024\/11\/B325.jpg\",\"datePublished\":\"2024-11-08T13:16:39+00:00\",\"dateModified\":\"2025-07-16T07:29:49+00:00\",\"description\":\"Kompakt mit viel Potenzial, Einfache Stichwahl am Touchscreen, N\u00e4hgeschwindigkeit anpassen, Einf\u00e4deln? Geht ganz einfach!Verstellbarer N\u00e4hfussdruck, Immer die richtige Fadenspannung\",\"breadcrumb\":{\"@id\":\"https:\/\/www.creafil.lu\/de\/product\/bernina-b325\/#breadcrumb\"},\"inLanguage\":\"de\",\"potentialAction\":[{\"@type\":\"ReadAction\",\"target\":[\"https:\/\/www.creafil.lu\/de\/product\/bernina-b325\/\"]}]},{\"@type\":\"ImageObject\",\"inLanguage\":\"de\",\"@id\":\"https:\/\/www.creafil.lu\/de\/product\/bernina-b325\/#primaryimage\",\"url\":\"https:\/\/www.creafil.lu\/wp-content\/uploads\/2024\/11\/B325.jpg\",\"contentUrl\":\"https:\/\/www.creafil.lu\/wp-content\/uploads\/2024\/11\/B325.jpg\",\"width\":2200,\"height\":1500,\"caption\":\"BERNINA B325\"},{\"@type\":\"BreadcrumbList\",\"@id\":\"https:\/\/www.creafil.lu\/de\/product\/bernina-b325\/#breadcrumb\",\"itemListElement\":[{\"@type\":\"ListItem\",\"position\":1,\"name\":\"Home\",\"item\":\"https:\/\/www.creafil.lu\/de\/\"},{\"@type\":\"ListItem\",\"position\":2,\"name\":\"Shop\",\"item\":\"https:\/\/www.creafil.lu\/de\/shop\/\"},{\"@type\":\"ListItem\",\"position\":3,\"name\":\"BERNINA B325\"}]},{\"@type\":\"WebSite\",\"@id\":\"https:\/\/www.creafil.lu\/de\/#website\",\"url\":\"https:\/\/www.creafil.lu\/de\/\",\"name\":\"CREA Fil\",\"description\":\"Magasin\",\"potentialAction\":[{\"@type\":\"SearchAction\",\"target\":{\"@type\":\"EntryPoint\",\"urlTemplate\":\"https:\/\/www.creafil.lu\/de\/?s={search_term_string}\"},\"query-input\":{\"@type\":\"PropertyValueSpecification\",\"valueRequired\":true,\"valueName\":\"search_term_string\"}}],\"inLanguage\":\"de\"}]}<\/script>\n<!-- \/ Yoast SEO plugin. -->","yoast_head_json":{"title":"BERNINA B325 - CREA Fil","description":"Kompakt mit viel Potenzial, Einfache Stichwahl am Touchscreen, N\u00e4hgeschwindigkeit anpassen, Einf\u00e4deln? Geht ganz einfach!Verstellbarer N\u00e4hfussdruck, Immer die richtige Fadenspannung","robots":{"index":"index","follow":"follow","max-snippet":"max-snippet:-1","max-image-preview":"max-image-preview:large","max-video-preview":"max-video-preview:-1"},"canonical":"https:\/\/www.creafil.lu\/de\/product\/bernina-b325\/","og_locale":"de_DE","og_type":"article","og_title":"BERNINA B325 - CREA Fil","og_description":"Kompakt mit viel Potenzial, Einfache Stichwahl am Touchscreen, N\u00e4hgeschwindigkeit anpassen, Einf\u00e4deln? Geht ganz einfach!Verstellbarer N\u00e4hfussdruck, Immer die richtige Fadenspannung","og_url":"https:\/\/www.creafil.lu\/de\/product\/bernina-b325\/","og_site_name":"CREA Fil","article_modified_time":"2025-07-16T07:29:49+00:00","og_image":[{"width":2200,"height":1500,"url":"https:\/\/www.creafil.lu\/wp-content\/uploads\/2024\/11\/B325.jpg","type":"image\/jpeg"}],"twitter_card":"summary_large_image","twitter_misc":{"Gesch\u00e4tzte Lesezeit":"2\u00a0Minuten"},"schema":{"@context":"https:\/\/schema.org","@graph":[{"@type":"WebPage","@id":"https:\/\/www.creafil.lu\/de\/product\/bernina-b325\/","url":"https:\/\/www.creafil.lu\/de\/product\/bernina-b325\/","name":"BERNINA B325 - CREA Fil","isPartOf":{"@id":"https:\/\/www.creafil.lu\/de\/#website"},"primaryImageOfPage":{"@id":"https:\/\/www.creafil.lu\/de\/product\/bernina-b325\/#primaryimage"},"image":{"@id":"https:\/\/www.creafil.lu\/de\/product\/bernina-b325\/#primaryimage"},"thumbnailUrl":"https:\/\/www.creafil.lu\/wp-content\/uploads\/2024\/11\/B325.jpg","datePublished":"2024-11-08T13:16:39+00:00","dateModified":"2025-07-16T07:29:49+00:00","description":"Kompakt mit viel Potenzial, Einfache Stichwahl am Touchscreen, N\u00e4hgeschwindigkeit anpassen, Einf\u00e4deln? Geht ganz einfach!Verstellbarer N\u00e4hfussdruck, Immer die richtige Fadenspannung","breadcrumb":{"@id":"https:\/\/www.creafil.lu\/de\/product\/bernina-b325\/#breadcrumb"},"inLanguage":"de","potentialAction":[{"@type":"ReadAction","target":["https:\/\/www.creafil.lu\/de\/product\/bernina-b325\/"]}]},{"@type":"ImageObject","inLanguage":"de","@id":"https:\/\/www.creafil.lu\/de\/product\/bernina-b325\/#primaryimage","url":"https:\/\/www.creafil.lu\/wp-content\/uploads\/2024\/11\/B325.jpg","contentUrl":"https:\/\/www.creafil.lu\/wp-content\/uploads\/2024\/11\/B325.jpg","width":2200,"height":1500,"caption":"BERNINA B325"},{"@type":"BreadcrumbList","@id":"https:\/\/www.creafil.lu\/de\/product\/bernina-b325\/#breadcrumb","itemListElement":[{"@type":"ListItem","position":1,"name":"Home","item":"https:\/\/www.creafil.lu\/de\/"},{"@type":"ListItem","position":2,"name":"Shop","item":"https:\/\/www.creafil.lu\/de\/shop\/"},{"@type":"ListItem","position":3,"name":"BERNINA B325"}]},{"@type":"WebSite","@id":"https:\/\/www.creafil.lu\/de\/#website","url":"https:\/\/www.creafil.lu\/de\/","name":"CREA Fil","description":"Magasin","potentialAction":[{"@type":"SearchAction","target":{"@type":"EntryPoint","urlTemplate":"https:\/\/www.creafil.lu\/de\/?s={search_term_string}"},"query-input":{"@type":"PropertyValueSpecification","valueRequired":true,"valueName":"search_term_string"}}],"inLanguage":"de"}]}},"_links":{"self":[{"href":"https:\/\/www.creafil.lu\/de\/wp-json\/wp\/v2\/product\/8739","targetHints":{"allow":["GET"]}}],"collection":[{"href":"https:\/\/www.creafil.lu\/de\/wp-json\/wp\/v2\/product"}],"about":[{"href":"https:\/\/www.creafil.lu\/de\/wp-json\/wp\/v2\/types\/product"}],"wp:featuredmedia":[{"embeddable":true,"href":"https:\/\/www.creafil.lu\/de\/wp-json\/wp\/v2\/media\/8740"}],"wp:attachment":[{"href":"https:\/\/www.creafil.lu\/de\/wp-json\/wp\/v2\/media?parent=8739"}],"wp:term":[{"taxonomy":"product_brand","embeddable":true,"href":"https:\/\/www.creafil.lu\/de\/wp-json\/wp\/v2\/product_brand?post=8739"},{"taxonomy":"product_cat","embeddable":true,"href":"https:\/\/www.creafil.lu\/de\/wp-json\/wp\/v2\/product_cat?post=8739"},{"taxonomy":"product_tag","embeddable":true,"href":"https:\/\/www.creafil.lu\/de\/wp-json\/wp\/v2\/product_tag?post=8739"}],"curies":[{"name":"wp","href":"https:\/\/api.w.org\/{rel}","templated":true}]}}