{"id":6494,"date":"2024-07-23T08:58:56","date_gmt":"2024-07-23T08:58:56","guid":{"rendered":"https:\/\/www.creafil.lu\/?post_type=product&#038;p=6494"},"modified":"2024-07-23T08:58:56","modified_gmt":"2024-07-23T08:58:56","slug":"avalon-ultra-stickfolie-wasserloeslich-3m","status":"publish","type":"product","link":"https:\/\/www.creafil.lu\/de\/product\/avalon-ultra-stickfolie-wasserloeslich-3m\/","title":{"rendered":"Avalon Ultra, Stickfolie wasserl\u00f6slich, 3m"},"content":{"rendered":"<ul>\n<li>Extrem stabil \u2013 kann intensiv bestickt werden, ohne zu rei\u00dfen<\/li>\n<li>Avalon Ultra kann mit oder ohne Rahmen bestickt werden<\/li>\n<li>F\u00fcr alle Arbeiten, die eine zus\u00e4tzliche Stabilit\u00e4t erfordern<\/li>\n<li>ideal f\u00fcr aufw\u00e4ndige Freihand- und Computerstickereien \/ \u00c4tzstickereien \/Sticken von Spitzen etc<\/li>\n<\/ul>\n","protected":false},"excerpt":{"rendered":"<p>Farbe : transparent<\/p>\n<p>Menge : 3 m<\/p>\n<p>Abmessungen : 3 m x 30 cm<\/p>\n<p>Zusammensetzung : 100 % Polyvinyl Alkohol<\/p>\n","protected":false},"featured_media":6495,"template":"","meta":{"_acf_changed":false,"inline_featured_image":false},"product_brand":[],"product_cat":[499],"product_tag":[],"class_list":{"0":"post-6494","1":"product","2":"type-product","3":"status-publish","4":"has-post-thumbnail","6":"product_cat-stickfolie","8":"first","9":"instock","10":"taxable","11":"shipping-taxable","12":"purchasable","13":"product-type-simple"},"acf":[],"yoast_head":"<!-- This site is optimized with the Yoast SEO plugin v24.4 - https:\/\/yoast.com\/wordpress\/plugins\/seo\/ -->\n<title>Avalon Ultra, Stickfolie wasserl\u00f6slich, 3m - CREA Fil<\/title>\n<meta name=\"robots\" content=\"index, follow, max-snippet:-1, max-image-preview:large, max-video-preview:-1\" \/>\n<link rel=\"canonical\" href=\"https:\/\/www.creafil.lu\/de\/product\/avalon-ultra-stickfolie-wasserloeslich-3m\/\" \/>\n<meta property=\"og:locale\" content=\"de_DE\" \/>\n<meta property=\"og:type\" content=\"article\" \/>\n<meta property=\"og:title\" content=\"Avalon Ultra, Stickfolie wasserl\u00f6slich, 3m - CREA Fil\" \/>\n<meta property=\"og:description\" content=\"Farbe : transparent  Menge : 3 m  Abmessungen : 3 m x 30 cm  Zusammensetzung : 100 % Polyvinyl Alkohol\" \/>\n<meta property=\"og:url\" content=\"https:\/\/www.creafil.lu\/de\/product\/avalon-ultra-stickfolie-wasserloeslich-3m\/\" \/>\n<meta property=\"og:site_name\" content=\"CREA Fil\" \/>\n<meta property=\"og:image\" content=\"https:\/\/www.creafil.lu\/wp-content\/uploads\/2024\/07\/csm_9441_Stickvlies_Rolle_Avalon_Ultra_3bbc880706.jpg\" \/>\n\t<meta property=\"og:image:width\" content=\"300\" \/>\n\t<meta property=\"og:image:height\" content=\"447\" \/>\n\t<meta property=\"og:image:type\" content=\"image\/jpeg\" \/>\n<meta name=\"twitter:card\" content=\"summary_large_image\" \/>\n<meta name=\"twitter:label1\" content=\"Gesch\u00e4tzte Lesezeit\" \/>\n\t<meta name=\"twitter:data1\" content=\"1\u00a0Minute\" \/>\n<script type=\"application\/ld+json\" class=\"yoast-schema-graph\">{\"@context\":\"https:\/\/schema.org\",\"@graph\":[{\"@type\":\"WebPage\",\"@id\":\"https:\/\/www.creafil.lu\/de\/product\/avalon-ultra-stickfolie-wasserloeslich-3m\/\",\"url\":\"https:\/\/www.creafil.lu\/de\/product\/avalon-ultra-stickfolie-wasserloeslich-3m\/\",\"name\":\"Avalon Ultra, Stickfolie wasserl\u00f6slich, 3m - CREA Fil\",\"isPartOf\":{\"@id\":\"https:\/\/www.creafil.lu\/de\/#website\"},\"primaryImageOfPage\":{\"@id\":\"https:\/\/www.creafil.lu\/de\/product\/avalon-ultra-stickfolie-wasserloeslich-3m\/#primaryimage\"},\"image\":{\"@id\":\"https:\/\/www.creafil.lu\/de\/product\/avalon-ultra-stickfolie-wasserloeslich-3m\/#primaryimage\"},\"thumbnailUrl\":\"https:\/\/www.creafil.lu\/wp-content\/uploads\/2024\/07\/csm_9441_Stickvlies_Rolle_Avalon_Ultra_3bbc880706.jpg\",\"datePublished\":\"2024-07-23T08:58:56+00:00\",\"breadcrumb\":{\"@id\":\"https:\/\/www.creafil.lu\/de\/product\/avalon-ultra-stickfolie-wasserloeslich-3m\/#breadcrumb\"},\"inLanguage\":\"de\",\"potentialAction\":[{\"@type\":\"ReadAction\",\"target\":[\"https:\/\/www.creafil.lu\/de\/product\/avalon-ultra-stickfolie-wasserloeslich-3m\/\"]}]},{\"@type\":\"ImageObject\",\"inLanguage\":\"de\",\"@id\":\"https:\/\/www.creafil.lu\/de\/product\/avalon-ultra-stickfolie-wasserloeslich-3m\/#primaryimage\",\"url\":\"https:\/\/www.creafil.lu\/wp-content\/uploads\/2024\/07\/csm_9441_Stickvlies_Rolle_Avalon_Ultra_3bbc880706.jpg\",\"contentUrl\":\"https:\/\/www.creafil.lu\/wp-content\/uploads\/2024\/07\/csm_9441_Stickvlies_Rolle_Avalon_Ultra_3bbc880706.jpg\",\"width\":300,\"height\":447},{\"@type\":\"BreadcrumbList\",\"@id\":\"https:\/\/www.creafil.lu\/de\/product\/avalon-ultra-stickfolie-wasserloeslich-3m\/#breadcrumb\",\"itemListElement\":[{\"@type\":\"ListItem\",\"position\":1,\"name\":\"Home\",\"item\":\"https:\/\/www.creafil.lu\/de\/\"},{\"@type\":\"ListItem\",\"position\":2,\"name\":\"Shop\",\"item\":\"https:\/\/www.creafil.lu\/de\/shop\/\"},{\"@type\":\"ListItem\",\"position\":3,\"name\":\"Avalon Ultra, Stickfolie wasserl\u00f6slich, 3m\"}]},{\"@type\":\"WebSite\",\"@id\":\"https:\/\/www.creafil.lu\/de\/#website\",\"url\":\"https:\/\/www.creafil.lu\/de\/\",\"name\":\"CREA Fil\",\"description\":\"Magasin\",\"potentialAction\":[{\"@type\":\"SearchAction\",\"target\":{\"@type\":\"EntryPoint\",\"urlTemplate\":\"https:\/\/www.creafil.lu\/de\/?s={search_term_string}\"},\"query-input\":{\"@type\":\"PropertyValueSpecification\",\"valueRequired\":true,\"valueName\":\"search_term_string\"}}],\"inLanguage\":\"de\"}]}<\/script>\n<!-- \/ Yoast SEO plugin. -->","yoast_head_json":{"title":"Avalon Ultra, Stickfolie wasserl\u00f6slich, 3m - CREA Fil","robots":{"index":"index","follow":"follow","max-snippet":"max-snippet:-1","max-image-preview":"max-image-preview:large","max-video-preview":"max-video-preview:-1"},"canonical":"https:\/\/www.creafil.lu\/de\/product\/avalon-ultra-stickfolie-wasserloeslich-3m\/","og_locale":"de_DE","og_type":"article","og_title":"Avalon Ultra, Stickfolie wasserl\u00f6slich, 3m - CREA Fil","og_description":"Farbe : transparent  Menge : 3 m  Abmessungen : 3 m x 30 cm  Zusammensetzung : 100 % Polyvinyl Alkohol","og_url":"https:\/\/www.creafil.lu\/de\/product\/avalon-ultra-stickfolie-wasserloeslich-3m\/","og_site_name":"CREA Fil","og_image":[{"width":300,"height":447,"url":"https:\/\/www.creafil.lu\/wp-content\/uploads\/2024\/07\/csm_9441_Stickvlies_Rolle_Avalon_Ultra_3bbc880706.jpg","type":"image\/jpeg"}],"twitter_card":"summary_large_image","twitter_misc":{"Gesch\u00e4tzte Lesezeit":"1\u00a0Minute"},"schema":{"@context":"https:\/\/schema.org","@graph":[{"@type":"WebPage","@id":"https:\/\/www.creafil.lu\/de\/product\/avalon-ultra-stickfolie-wasserloeslich-3m\/","url":"https:\/\/www.creafil.lu\/de\/product\/avalon-ultra-stickfolie-wasserloeslich-3m\/","name":"Avalon Ultra, Stickfolie wasserl\u00f6slich, 3m - CREA Fil","isPartOf":{"@id":"https:\/\/www.creafil.lu\/de\/#website"},"primaryImageOfPage":{"@id":"https:\/\/www.creafil.lu\/de\/product\/avalon-ultra-stickfolie-wasserloeslich-3m\/#primaryimage"},"image":{"@id":"https:\/\/www.creafil.lu\/de\/product\/avalon-ultra-stickfolie-wasserloeslich-3m\/#primaryimage"},"thumbnailUrl":"https:\/\/www.creafil.lu\/wp-content\/uploads\/2024\/07\/csm_9441_Stickvlies_Rolle_Avalon_Ultra_3bbc880706.jpg","datePublished":"2024-07-23T08:58:56+00:00","breadcrumb":{"@id":"https:\/\/www.creafil.lu\/de\/product\/avalon-ultra-stickfolie-wasserloeslich-3m\/#breadcrumb"},"inLanguage":"de","potentialAction":[{"@type":"ReadAction","target":["https:\/\/www.creafil.lu\/de\/product\/avalon-ultra-stickfolie-wasserloeslich-3m\/"]}]},{"@type":"ImageObject","inLanguage":"de","@id":"https:\/\/www.creafil.lu\/de\/product\/avalon-ultra-stickfolie-wasserloeslich-3m\/#primaryimage","url":"https:\/\/www.creafil.lu\/wp-content\/uploads\/2024\/07\/csm_9441_Stickvlies_Rolle_Avalon_Ultra_3bbc880706.jpg","contentUrl":"https:\/\/www.creafil.lu\/wp-content\/uploads\/2024\/07\/csm_9441_Stickvlies_Rolle_Avalon_Ultra_3bbc880706.jpg","width":300,"height":447},{"@type":"BreadcrumbList","@id":"https:\/\/www.creafil.lu\/de\/product\/avalon-ultra-stickfolie-wasserloeslich-3m\/#breadcrumb","itemListElement":[{"@type":"ListItem","position":1,"name":"Home","item":"https:\/\/www.creafil.lu\/de\/"},{"@type":"ListItem","position":2,"name":"Shop","item":"https:\/\/www.creafil.lu\/de\/shop\/"},{"@type":"ListItem","position":3,"name":"Avalon Ultra, Stickfolie wasserl\u00f6slich, 3m"}]},{"@type":"WebSite","@id":"https:\/\/www.creafil.lu\/de\/#website","url":"https:\/\/www.creafil.lu\/de\/","name":"CREA Fil","description":"Magasin","potentialAction":[{"@type":"SearchAction","target":{"@type":"EntryPoint","urlTemplate":"https:\/\/www.creafil.lu\/de\/?s={search_term_string}"},"query-input":{"@type":"PropertyValueSpecification","valueRequired":true,"valueName":"search_term_string"}}],"inLanguage":"de"}]}},"_links":{"self":[{"href":"https:\/\/www.creafil.lu\/de\/wp-json\/wp\/v2\/product\/6494","targetHints":{"allow":["GET"]}}],"collection":[{"href":"https:\/\/www.creafil.lu\/de\/wp-json\/wp\/v2\/product"}],"about":[{"href":"https:\/\/www.creafil.lu\/de\/wp-json\/wp\/v2\/types\/product"}],"wp:featuredmedia":[{"embeddable":true,"href":"https:\/\/www.creafil.lu\/de\/wp-json\/wp\/v2\/media\/6495"}],"wp:attachment":[{"href":"https:\/\/www.creafil.lu\/de\/wp-json\/wp\/v2\/media?parent=6494"}],"wp:term":[{"taxonomy":"product_brand","embeddable":true,"href":"https:\/\/www.creafil.lu\/de\/wp-json\/wp\/v2\/product_brand?post=6494"},{"taxonomy":"product_cat","embeddable":true,"href":"https:\/\/www.creafil.lu\/de\/wp-json\/wp\/v2\/product_cat?post=6494"},{"taxonomy":"product_tag","embeddable":true,"href":"https:\/\/www.creafil.lu\/de\/wp-json\/wp\/v2\/product_tag?post=6494"}],"curies":[{"name":"wp","href":"https:\/\/api.w.org\/{rel}","templated":true}]}}