{"id":4945,"date":"2024-07-16T13:05:38","date_gmt":"2024-07-16T13:05:38","guid":{"rendered":"https:\/\/www.creafil.lu\/?post_type=product&#038;p=4945"},"modified":"2024-09-05T11:20:27","modified_gmt":"2024-09-05T11:20:27","slug":"naehfrei-jeans-knoepfe-glatt-17mm-silberfarbig","status":"publish","type":"product","link":"https:\/\/www.creafil.lu\/de\/product\/naehfrei-jeans-knoepfe-glatt-17mm-silberfarbig\/","title":{"rendered":"N\u00e4hfrei-Jeans-Kn\u00f6pfe, glatt, 17mm, silberfarbig"},"content":{"rendered":"<ul class=\"list list--bullet\">\n<li class=\"list__item\">\u00a0Speziell f\u00fcr Jeansjacken, Jeanshemden und Jeanshosen<\/li>\n<li class=\"list__item\">\u00a0Zahlreiche Varianten und verschiedene Durchmesser<\/li>\n<li class=\"list__item\">\u00a0Inklusive Werkzeug<\/li>\n<li class=\"list__item\">\u00a0Rostfreies Messing<\/li>\n<\/ul>\n","protected":false},"excerpt":{"rendered":"<p>Farbe : br\u00fcniert<br \/>\nAbmessungen : \u00d8 17 mm<br \/>\nMenge : 8 St\u00fcck<br \/>\nZusammensetzung : Messing Kunststoff<\/p>\n","protected":false},"featured_media":4946,"template":"","meta":{"_acf_changed":false,"inline_featured_image":false},"product_brand":[],"product_cat":[492,466],"product_tag":[],"class_list":{"0":"post-4945","1":"product","2":"type-product","3":"status-publish","4":"has-post-thumbnail","6":"product_cat-knoepfe","7":"product_cat-verschluesse-reissverschluesse","9":"first","10":"instock","11":"taxable","12":"shipping-taxable","13":"purchasable","14":"product-type-simple"},"acf":[],"yoast_head":"<!-- This site is optimized with the Yoast SEO plugin v24.4 - https:\/\/yoast.com\/wordpress\/plugins\/seo\/ -->\n<title>N\u00e4hfrei-Jeans-Kn\u00f6pfe, glatt, 17mm, silberfarbig - CREA Fil<\/title>\n<meta name=\"robots\" content=\"index, follow, max-snippet:-1, max-image-preview:large, max-video-preview:-1\" \/>\n<link rel=\"canonical\" href=\"https:\/\/www.creafil.lu\/de\/product\/naehfrei-jeans-knoepfe-glatt-17mm-silberfarbig\/\" \/>\n<meta property=\"og:locale\" content=\"de_DE\" \/>\n<meta property=\"og:type\" content=\"article\" \/>\n<meta property=\"og:title\" content=\"N\u00e4hfrei-Jeans-Kn\u00f6pfe, glatt, 17mm, silberfarbig - CREA Fil\" \/>\n<meta property=\"og:description\" content=\"Farbe : br\u00fcniert Abmessungen : \u00d8 17 mm Menge : 8 St\u00fcck Zusammensetzung : Messing Kunststoff\" \/>\n<meta property=\"og:url\" content=\"https:\/\/www.creafil.lu\/de\/product\/naehfrei-jeans-knoepfe-glatt-17mm-silberfarbig\/\" \/>\n<meta property=\"og:site_name\" content=\"CREA Fil\" \/>\n<meta property=\"article:modified_time\" content=\"2024-09-05T11:20:27+00:00\" \/>\n<meta property=\"og:image\" content=\"https:\/\/www.creafil.lu\/wp-content\/uploads\/2024\/07\/EPIM_38167_70731174675_16222400_PS_A.webp\" \/>\n\t<meta property=\"og:image:width\" content=\"960\" \/>\n\t<meta property=\"og:image:height\" content=\"960\" \/>\n\t<meta property=\"og:image:type\" content=\"image\/webp\" \/>\n<meta name=\"twitter:card\" content=\"summary_large_image\" \/>\n<meta name=\"twitter:label1\" content=\"Gesch\u00e4tzte Lesezeit\" \/>\n\t<meta name=\"twitter:data1\" content=\"1\u00a0Minute\" \/>\n<script type=\"application\/ld+json\" class=\"yoast-schema-graph\">{\"@context\":\"https:\/\/schema.org\",\"@graph\":[{\"@type\":\"WebPage\",\"@id\":\"https:\/\/www.creafil.lu\/de\/product\/naehfrei-jeans-knoepfe-glatt-17mm-silberfarbig\/\",\"url\":\"https:\/\/www.creafil.lu\/de\/product\/naehfrei-jeans-knoepfe-glatt-17mm-silberfarbig\/\",\"name\":\"N\u00e4hfrei-Jeans-Kn\u00f6pfe, glatt, 17mm, silberfarbig - CREA Fil\",\"isPartOf\":{\"@id\":\"https:\/\/www.creafil.lu\/de\/#website\"},\"primaryImageOfPage\":{\"@id\":\"https:\/\/www.creafil.lu\/de\/product\/naehfrei-jeans-knoepfe-glatt-17mm-silberfarbig\/#primaryimage\"},\"image\":{\"@id\":\"https:\/\/www.creafil.lu\/de\/product\/naehfrei-jeans-knoepfe-glatt-17mm-silberfarbig\/#primaryimage\"},\"thumbnailUrl\":\"https:\/\/www.creafil.lu\/wp-content\/uploads\/2024\/07\/EPIM_38167_70731174675_16222400_PS_A.webp\",\"datePublished\":\"2024-07-16T13:05:38+00:00\",\"dateModified\":\"2024-09-05T11:20:27+00:00\",\"breadcrumb\":{\"@id\":\"https:\/\/www.creafil.lu\/de\/product\/naehfrei-jeans-knoepfe-glatt-17mm-silberfarbig\/#breadcrumb\"},\"inLanguage\":\"de\",\"potentialAction\":[{\"@type\":\"ReadAction\",\"target\":[\"https:\/\/www.creafil.lu\/de\/product\/naehfrei-jeans-knoepfe-glatt-17mm-silberfarbig\/\"]}]},{\"@type\":\"ImageObject\",\"inLanguage\":\"de\",\"@id\":\"https:\/\/www.creafil.lu\/de\/product\/naehfrei-jeans-knoepfe-glatt-17mm-silberfarbig\/#primaryimage\",\"url\":\"https:\/\/www.creafil.lu\/wp-content\/uploads\/2024\/07\/EPIM_38167_70731174675_16222400_PS_A.webp\",\"contentUrl\":\"https:\/\/www.creafil.lu\/wp-content\/uploads\/2024\/07\/EPIM_38167_70731174675_16222400_PS_A.webp\",\"width\":960,\"height\":960},{\"@type\":\"BreadcrumbList\",\"@id\":\"https:\/\/www.creafil.lu\/de\/product\/naehfrei-jeans-knoepfe-glatt-17mm-silberfarbig\/#breadcrumb\",\"itemListElement\":[{\"@type\":\"ListItem\",\"position\":1,\"name\":\"Home\",\"item\":\"https:\/\/www.creafil.lu\/de\/\"},{\"@type\":\"ListItem\",\"position\":2,\"name\":\"Shop\",\"item\":\"https:\/\/www.creafil.lu\/de\/shop\/\"},{\"@type\":\"ListItem\",\"position\":3,\"name\":\"N\u00e4hfrei-Jeans-Kn\u00f6pfe, glatt, 17mm, silberfarbig\"}]},{\"@type\":\"WebSite\",\"@id\":\"https:\/\/www.creafil.lu\/de\/#website\",\"url\":\"https:\/\/www.creafil.lu\/de\/\",\"name\":\"CREA Fil\",\"description\":\"Magasin\",\"potentialAction\":[{\"@type\":\"SearchAction\",\"target\":{\"@type\":\"EntryPoint\",\"urlTemplate\":\"https:\/\/www.creafil.lu\/de\/?s={search_term_string}\"},\"query-input\":{\"@type\":\"PropertyValueSpecification\",\"valueRequired\":true,\"valueName\":\"search_term_string\"}}],\"inLanguage\":\"de\"}]}<\/script>\n<!-- \/ Yoast SEO plugin. -->","yoast_head_json":{"title":"N\u00e4hfrei-Jeans-Kn\u00f6pfe, glatt, 17mm, silberfarbig - CREA Fil","robots":{"index":"index","follow":"follow","max-snippet":"max-snippet:-1","max-image-preview":"max-image-preview:large","max-video-preview":"max-video-preview:-1"},"canonical":"https:\/\/www.creafil.lu\/de\/product\/naehfrei-jeans-knoepfe-glatt-17mm-silberfarbig\/","og_locale":"de_DE","og_type":"article","og_title":"N\u00e4hfrei-Jeans-Kn\u00f6pfe, glatt, 17mm, silberfarbig - CREA Fil","og_description":"Farbe : br\u00fcniert Abmessungen : \u00d8 17 mm Menge : 8 St\u00fcck Zusammensetzung : Messing Kunststoff","og_url":"https:\/\/www.creafil.lu\/de\/product\/naehfrei-jeans-knoepfe-glatt-17mm-silberfarbig\/","og_site_name":"CREA Fil","article_modified_time":"2024-09-05T11:20:27+00:00","og_image":[{"width":960,"height":960,"url":"https:\/\/www.creafil.lu\/wp-content\/uploads\/2024\/07\/EPIM_38167_70731174675_16222400_PS_A.webp","type":"image\/webp"}],"twitter_card":"summary_large_image","twitter_misc":{"Gesch\u00e4tzte Lesezeit":"1\u00a0Minute"},"schema":{"@context":"https:\/\/schema.org","@graph":[{"@type":"WebPage","@id":"https:\/\/www.creafil.lu\/de\/product\/naehfrei-jeans-knoepfe-glatt-17mm-silberfarbig\/","url":"https:\/\/www.creafil.lu\/de\/product\/naehfrei-jeans-knoepfe-glatt-17mm-silberfarbig\/","name":"N\u00e4hfrei-Jeans-Kn\u00f6pfe, glatt, 17mm, silberfarbig - CREA Fil","isPartOf":{"@id":"https:\/\/www.creafil.lu\/de\/#website"},"primaryImageOfPage":{"@id":"https:\/\/www.creafil.lu\/de\/product\/naehfrei-jeans-knoepfe-glatt-17mm-silberfarbig\/#primaryimage"},"image":{"@id":"https:\/\/www.creafil.lu\/de\/product\/naehfrei-jeans-knoepfe-glatt-17mm-silberfarbig\/#primaryimage"},"thumbnailUrl":"https:\/\/www.creafil.lu\/wp-content\/uploads\/2024\/07\/EPIM_38167_70731174675_16222400_PS_A.webp","datePublished":"2024-07-16T13:05:38+00:00","dateModified":"2024-09-05T11:20:27+00:00","breadcrumb":{"@id":"https:\/\/www.creafil.lu\/de\/product\/naehfrei-jeans-knoepfe-glatt-17mm-silberfarbig\/#breadcrumb"},"inLanguage":"de","potentialAction":[{"@type":"ReadAction","target":["https:\/\/www.creafil.lu\/de\/product\/naehfrei-jeans-knoepfe-glatt-17mm-silberfarbig\/"]}]},{"@type":"ImageObject","inLanguage":"de","@id":"https:\/\/www.creafil.lu\/de\/product\/naehfrei-jeans-knoepfe-glatt-17mm-silberfarbig\/#primaryimage","url":"https:\/\/www.creafil.lu\/wp-content\/uploads\/2024\/07\/EPIM_38167_70731174675_16222400_PS_A.webp","contentUrl":"https:\/\/www.creafil.lu\/wp-content\/uploads\/2024\/07\/EPIM_38167_70731174675_16222400_PS_A.webp","width":960,"height":960},{"@type":"BreadcrumbList","@id":"https:\/\/www.creafil.lu\/de\/product\/naehfrei-jeans-knoepfe-glatt-17mm-silberfarbig\/#breadcrumb","itemListElement":[{"@type":"ListItem","position":1,"name":"Home","item":"https:\/\/www.creafil.lu\/de\/"},{"@type":"ListItem","position":2,"name":"Shop","item":"https:\/\/www.creafil.lu\/de\/shop\/"},{"@type":"ListItem","position":3,"name":"N\u00e4hfrei-Jeans-Kn\u00f6pfe, glatt, 17mm, silberfarbig"}]},{"@type":"WebSite","@id":"https:\/\/www.creafil.lu\/de\/#website","url":"https:\/\/www.creafil.lu\/de\/","name":"CREA Fil","description":"Magasin","potentialAction":[{"@type":"SearchAction","target":{"@type":"EntryPoint","urlTemplate":"https:\/\/www.creafil.lu\/de\/?s={search_term_string}"},"query-input":{"@type":"PropertyValueSpecification","valueRequired":true,"valueName":"search_term_string"}}],"inLanguage":"de"}]}},"_links":{"self":[{"href":"https:\/\/www.creafil.lu\/de\/wp-json\/wp\/v2\/product\/4945","targetHints":{"allow":["GET"]}}],"collection":[{"href":"https:\/\/www.creafil.lu\/de\/wp-json\/wp\/v2\/product"}],"about":[{"href":"https:\/\/www.creafil.lu\/de\/wp-json\/wp\/v2\/types\/product"}],"wp:featuredmedia":[{"embeddable":true,"href":"https:\/\/www.creafil.lu\/de\/wp-json\/wp\/v2\/media\/4946"}],"wp:attachment":[{"href":"https:\/\/www.creafil.lu\/de\/wp-json\/wp\/v2\/media?parent=4945"}],"wp:term":[{"taxonomy":"product_brand","embeddable":true,"href":"https:\/\/www.creafil.lu\/de\/wp-json\/wp\/v2\/product_brand?post=4945"},{"taxonomy":"product_cat","embeddable":true,"href":"https:\/\/www.creafil.lu\/de\/wp-json\/wp\/v2\/product_cat?post=4945"},{"taxonomy":"product_tag","embeddable":true,"href":"https:\/\/www.creafil.lu\/de\/wp-json\/wp\/v2\/product_tag?post=4945"}],"curies":[{"name":"wp","href":"https:\/\/api.w.org\/{rel}","templated":true}]}}