{"id":4727,"date":"2024-07-16T09:30:50","date_gmt":"2024-07-16T09:30:50","guid":{"rendered":"https:\/\/www.creafil.lu\/?post_type=product&#038;p=4727"},"modified":"2024-09-05T07:58:44","modified_gmt":"2024-09-05T07:58:44","slug":"traegerbandhalter-schwarz-4stueck","status":"publish","type":"product","link":"https:\/\/www.creafil.lu\/de\/product\/traegerbandhalter-schwarz-4stueck\/","title":{"rendered":"Tr\u00e4gerbandhalter, schwarz, 4St\u00fcck"},"content":{"rendered":"<ul class=\"list list--bullet\">\n<li class=\"list__item\">\u00a0Tr\u00e4gerbandhalter mit Druckknopf zum Einn\u00e4hen in die Kleidung<\/li>\n<li class=\"list__item\">\u00a0Hautfarben, Schwarz und Wei\u00df<\/li>\n<li class=\"list__item\">\u00a0100 % Polyester<\/li>\n<li class=\"list__item\">\u00a0Waschbar bis 40 Grad<\/li>\n<\/ul>\n","protected":false},"excerpt":{"rendered":"<div class=\"variant-configurator__defined-item order-1\">\n<div class=\"variant-configurator__defined-title\">Farbe : schwarz<\/div>\n<\/div>\n<div class=\"variant-configurator__defined-item order-4\">\n<div class=\"variant-configurator__defined-title\">Menge : 4 St\u00fcck<\/div>\n<div>Zusammensetzung : Polyester Messing<\/div>\n<\/div>\n","protected":false},"featured_media":4728,"template":"","meta":{"_acf_changed":false,"inline_featured_image":false},"product_brand":[],"product_cat":[490,466],"product_tag":[],"class_list":{"0":"post-4727","1":"product","2":"type-product","3":"status-publish","4":"has-post-thumbnail","6":"product_cat-aufhaenger","7":"product_cat-verschluesse-reissverschluesse","9":"first","10":"instock","11":"taxable","12":"shipping-taxable","13":"purchasable","14":"product-type-simple"},"acf":[],"yoast_head":"<!-- This site is optimized with the Yoast SEO plugin v24.4 - https:\/\/yoast.com\/wordpress\/plugins\/seo\/ -->\n<title>Tr\u00e4gerbandhalter, schwarz, 4St\u00fcck - CREA Fil<\/title>\n<meta name=\"robots\" content=\"index, follow, max-snippet:-1, max-image-preview:large, max-video-preview:-1\" \/>\n<link rel=\"canonical\" href=\"https:\/\/www.creafil.lu\/de\/product\/traegerbandhalter-schwarz-4stueck\/\" \/>\n<meta property=\"og:locale\" content=\"de_DE\" \/>\n<meta property=\"og:type\" content=\"article\" \/>\n<meta property=\"og:title\" content=\"Tr\u00e4gerbandhalter, schwarz, 4St\u00fcck - CREA Fil\" \/>\n<meta property=\"og:description\" content=\"Farbe : schwarz   Menge : 4 St\u00fcck Zusammensetzung : Polyester Messing\" \/>\n<meta property=\"og:url\" content=\"https:\/\/www.creafil.lu\/de\/product\/traegerbandhalter-schwarz-4stueck\/\" \/>\n<meta property=\"og:site_name\" content=\"CREA Fil\" \/>\n<meta property=\"article:modified_time\" content=\"2024-09-05T07:58:44+00:00\" \/>\n<meta property=\"og:image\" content=\"https:\/\/www.creafil.lu\/wp-content\/uploads\/2024\/07\/EPIM_470615_81333011324_14011680_F_A.webp\" \/>\n\t<meta property=\"og:image:width\" content=\"960\" \/>\n\t<meta property=\"og:image:height\" content=\"960\" \/>\n\t<meta property=\"og:image:type\" content=\"image\/webp\" \/>\n<meta name=\"twitter:card\" content=\"summary_large_image\" \/>\n<meta name=\"twitter:label1\" content=\"Gesch\u00e4tzte Lesezeit\" \/>\n\t<meta name=\"twitter:data1\" content=\"1\u00a0Minute\" \/>\n<script type=\"application\/ld+json\" class=\"yoast-schema-graph\">{\"@context\":\"https:\/\/schema.org\",\"@graph\":[{\"@type\":\"WebPage\",\"@id\":\"https:\/\/www.creafil.lu\/de\/product\/traegerbandhalter-schwarz-4stueck\/\",\"url\":\"https:\/\/www.creafil.lu\/de\/product\/traegerbandhalter-schwarz-4stueck\/\",\"name\":\"Tr\u00e4gerbandhalter, schwarz, 4St\u00fcck - CREA Fil\",\"isPartOf\":{\"@id\":\"https:\/\/www.creafil.lu\/de\/#website\"},\"primaryImageOfPage\":{\"@id\":\"https:\/\/www.creafil.lu\/de\/product\/traegerbandhalter-schwarz-4stueck\/#primaryimage\"},\"image\":{\"@id\":\"https:\/\/www.creafil.lu\/de\/product\/traegerbandhalter-schwarz-4stueck\/#primaryimage\"},\"thumbnailUrl\":\"https:\/\/www.creafil.lu\/wp-content\/uploads\/2024\/07\/EPIM_470615_81333011324_14011680_F_A.webp\",\"datePublished\":\"2024-07-16T09:30:50+00:00\",\"dateModified\":\"2024-09-05T07:58:44+00:00\",\"breadcrumb\":{\"@id\":\"https:\/\/www.creafil.lu\/de\/product\/traegerbandhalter-schwarz-4stueck\/#breadcrumb\"},\"inLanguage\":\"de\",\"potentialAction\":[{\"@type\":\"ReadAction\",\"target\":[\"https:\/\/www.creafil.lu\/de\/product\/traegerbandhalter-schwarz-4stueck\/\"]}]},{\"@type\":\"ImageObject\",\"inLanguage\":\"de\",\"@id\":\"https:\/\/www.creafil.lu\/de\/product\/traegerbandhalter-schwarz-4stueck\/#primaryimage\",\"url\":\"https:\/\/www.creafil.lu\/wp-content\/uploads\/2024\/07\/EPIM_470615_81333011324_14011680_F_A.webp\",\"contentUrl\":\"https:\/\/www.creafil.lu\/wp-content\/uploads\/2024\/07\/EPIM_470615_81333011324_14011680_F_A.webp\",\"width\":960,\"height\":960},{\"@type\":\"BreadcrumbList\",\"@id\":\"https:\/\/www.creafil.lu\/de\/product\/traegerbandhalter-schwarz-4stueck\/#breadcrumb\",\"itemListElement\":[{\"@type\":\"ListItem\",\"position\":1,\"name\":\"Home\",\"item\":\"https:\/\/www.creafil.lu\/de\/\"},{\"@type\":\"ListItem\",\"position\":2,\"name\":\"Shop\",\"item\":\"https:\/\/www.creafil.lu\/de\/shop\/\"},{\"@type\":\"ListItem\",\"position\":3,\"name\":\"Tr\u00e4gerbandhalter, schwarz, 4St\u00fcck\"}]},{\"@type\":\"WebSite\",\"@id\":\"https:\/\/www.creafil.lu\/de\/#website\",\"url\":\"https:\/\/www.creafil.lu\/de\/\",\"name\":\"CREA Fil\",\"description\":\"Magasin\",\"potentialAction\":[{\"@type\":\"SearchAction\",\"target\":{\"@type\":\"EntryPoint\",\"urlTemplate\":\"https:\/\/www.creafil.lu\/de\/?s={search_term_string}\"},\"query-input\":{\"@type\":\"PropertyValueSpecification\",\"valueRequired\":true,\"valueName\":\"search_term_string\"}}],\"inLanguage\":\"de\"}]}<\/script>\n<!-- \/ Yoast SEO plugin. -->","yoast_head_json":{"title":"Tr\u00e4gerbandhalter, schwarz, 4St\u00fcck - CREA Fil","robots":{"index":"index","follow":"follow","max-snippet":"max-snippet:-1","max-image-preview":"max-image-preview:large","max-video-preview":"max-video-preview:-1"},"canonical":"https:\/\/www.creafil.lu\/de\/product\/traegerbandhalter-schwarz-4stueck\/","og_locale":"de_DE","og_type":"article","og_title":"Tr\u00e4gerbandhalter, schwarz, 4St\u00fcck - CREA Fil","og_description":"Farbe : schwarz   Menge : 4 St\u00fcck Zusammensetzung : Polyester Messing","og_url":"https:\/\/www.creafil.lu\/de\/product\/traegerbandhalter-schwarz-4stueck\/","og_site_name":"CREA Fil","article_modified_time":"2024-09-05T07:58:44+00:00","og_image":[{"width":960,"height":960,"url":"https:\/\/www.creafil.lu\/wp-content\/uploads\/2024\/07\/EPIM_470615_81333011324_14011680_F_A.webp","type":"image\/webp"}],"twitter_card":"summary_large_image","twitter_misc":{"Gesch\u00e4tzte Lesezeit":"1\u00a0Minute"},"schema":{"@context":"https:\/\/schema.org","@graph":[{"@type":"WebPage","@id":"https:\/\/www.creafil.lu\/de\/product\/traegerbandhalter-schwarz-4stueck\/","url":"https:\/\/www.creafil.lu\/de\/product\/traegerbandhalter-schwarz-4stueck\/","name":"Tr\u00e4gerbandhalter, schwarz, 4St\u00fcck - CREA Fil","isPartOf":{"@id":"https:\/\/www.creafil.lu\/de\/#website"},"primaryImageOfPage":{"@id":"https:\/\/www.creafil.lu\/de\/product\/traegerbandhalter-schwarz-4stueck\/#primaryimage"},"image":{"@id":"https:\/\/www.creafil.lu\/de\/product\/traegerbandhalter-schwarz-4stueck\/#primaryimage"},"thumbnailUrl":"https:\/\/www.creafil.lu\/wp-content\/uploads\/2024\/07\/EPIM_470615_81333011324_14011680_F_A.webp","datePublished":"2024-07-16T09:30:50+00:00","dateModified":"2024-09-05T07:58:44+00:00","breadcrumb":{"@id":"https:\/\/www.creafil.lu\/de\/product\/traegerbandhalter-schwarz-4stueck\/#breadcrumb"},"inLanguage":"de","potentialAction":[{"@type":"ReadAction","target":["https:\/\/www.creafil.lu\/de\/product\/traegerbandhalter-schwarz-4stueck\/"]}]},{"@type":"ImageObject","inLanguage":"de","@id":"https:\/\/www.creafil.lu\/de\/product\/traegerbandhalter-schwarz-4stueck\/#primaryimage","url":"https:\/\/www.creafil.lu\/wp-content\/uploads\/2024\/07\/EPIM_470615_81333011324_14011680_F_A.webp","contentUrl":"https:\/\/www.creafil.lu\/wp-content\/uploads\/2024\/07\/EPIM_470615_81333011324_14011680_F_A.webp","width":960,"height":960},{"@type":"BreadcrumbList","@id":"https:\/\/www.creafil.lu\/de\/product\/traegerbandhalter-schwarz-4stueck\/#breadcrumb","itemListElement":[{"@type":"ListItem","position":1,"name":"Home","item":"https:\/\/www.creafil.lu\/de\/"},{"@type":"ListItem","position":2,"name":"Shop","item":"https:\/\/www.creafil.lu\/de\/shop\/"},{"@type":"ListItem","position":3,"name":"Tr\u00e4gerbandhalter, schwarz, 4St\u00fcck"}]},{"@type":"WebSite","@id":"https:\/\/www.creafil.lu\/de\/#website","url":"https:\/\/www.creafil.lu\/de\/","name":"CREA Fil","description":"Magasin","potentialAction":[{"@type":"SearchAction","target":{"@type":"EntryPoint","urlTemplate":"https:\/\/www.creafil.lu\/de\/?s={search_term_string}"},"query-input":{"@type":"PropertyValueSpecification","valueRequired":true,"valueName":"search_term_string"}}],"inLanguage":"de"}]}},"_links":{"self":[{"href":"https:\/\/www.creafil.lu\/de\/wp-json\/wp\/v2\/product\/4727","targetHints":{"allow":["GET"]}}],"collection":[{"href":"https:\/\/www.creafil.lu\/de\/wp-json\/wp\/v2\/product"}],"about":[{"href":"https:\/\/www.creafil.lu\/de\/wp-json\/wp\/v2\/types\/product"}],"wp:featuredmedia":[{"embeddable":true,"href":"https:\/\/www.creafil.lu\/de\/wp-json\/wp\/v2\/media\/4728"}],"wp:attachment":[{"href":"https:\/\/www.creafil.lu\/de\/wp-json\/wp\/v2\/media?parent=4727"}],"wp:term":[{"taxonomy":"product_brand","embeddable":true,"href":"https:\/\/www.creafil.lu\/de\/wp-json\/wp\/v2\/product_brand?post=4727"},{"taxonomy":"product_cat","embeddable":true,"href":"https:\/\/www.creafil.lu\/de\/wp-json\/wp\/v2\/product_cat?post=4727"},{"taxonomy":"product_tag","embeddable":true,"href":"https:\/\/www.creafil.lu\/de\/wp-json\/wp\/v2\/product_tag?post=4727"}],"curies":[{"name":"wp","href":"https:\/\/api.w.org\/{rel}","templated":true}]}}