{"id":4598,"date":"2024-07-16T08:06:32","date_gmt":"2024-07-16T08:06:32","guid":{"rendered":"https:\/\/www.creafil.lu\/?post_type=product&#038;p=4598"},"modified":"2024-11-15T10:19:57","modified_gmt":"2024-11-15T10:19:57","slug":"annaeh-druckknoepfe-11mm-schwarz","status":"publish","type":"product","link":"https:\/\/www.creafil.lu\/de\/product\/annaeh-druckknoepfe-11mm-schwarz\/","title":{"rendered":"Ann\u00e4h-Druckkn\u00f6pfe, 11mm, schwarz"},"content":{"rendered":"<ul class=\"list list--bullet\">\n<li class=\"list__item\">\u00a0Ann\u00e4hdruckkn\u00f6pfe f\u00fcr Bekleidung und Accessoires<\/li>\n<li class=\"list__item\">\u00a0Aus Messing<\/li>\n<li class=\"list__item\">\u00a0Geb\u00f6rdeltes Kugelteil mit Fixierloch<\/li>\n<\/ul>\n","protected":false},"excerpt":{"rendered":"<div class=\"variant-configurator__defined-variants variant-configurator__defined-variants--nowrap\">\n<div class=\"variant-configurator__defined-item order-1\">\n<div class=\"variant-configurator__defined-title\">Farbe : schwarz<\/div>\n<\/div>\n<\/div>\n<div class=\"variant-configurator__variants variant-configurator__variants--nowrap\">\n<div class=\"variant-configurator__list js-variant-configurator order-4\">\n<div class=\"variant-configurator__item\">\n<div class=\"variant\" data-qa=\"component variant\">\n<div class=\"js-variant__title variant__title\">Menge : 12 St\u00fcck<\/div>\n<\/div>\n<\/div>\n<\/div>\n<div class=\"variant-configurator__list js-variant-configurator order-3\">\n<div class=\"variant-configurator__item\">\n<div class=\"variant\" data-qa=\"component variant\">\n<div class=\"js-variant__title variant__title\">Abmessungen : \u00d8 11 mm<\/div>\n<div>Zusammensetzung : 100% Messing<\/div>\n<\/div>\n<\/div>\n<\/div>\n<\/div>\n","protected":false},"featured_media":4599,"template":"","meta":{"_acf_changed":false,"inline_featured_image":false},"product_brand":[],"product_cat":[467,466],"product_tag":[],"class_list":{"0":"post-4598","1":"product","2":"type-product","3":"status-publish","4":"has-post-thumbnail","6":"product_cat-druckknoepfe","7":"product_cat-verschluesse-reissverschluesse","9":"first","10":"instock","11":"taxable","12":"shipping-taxable","13":"purchasable","14":"product-type-simple"},"acf":[],"yoast_head":"<!-- This site is optimized with the Yoast SEO plugin v24.4 - https:\/\/yoast.com\/wordpress\/plugins\/seo\/ -->\n<title>Ann\u00e4h-Druckkn\u00f6pfe, 11mm, schwarz - CREA Fil<\/title>\n<meta name=\"robots\" content=\"index, follow, max-snippet:-1, max-image-preview:large, max-video-preview:-1\" \/>\n<link rel=\"canonical\" href=\"https:\/\/www.creafil.lu\/de\/product\/annaeh-druckknoepfe-11mm-schwarz\/\" \/>\n<meta property=\"og:locale\" content=\"de_DE\" \/>\n<meta property=\"og:type\" content=\"article\" \/>\n<meta property=\"og:title\" content=\"Ann\u00e4h-Druckkn\u00f6pfe, 11mm, schwarz - CREA Fil\" \/>\n<meta property=\"og:description\" content=\"Farbe : schwarz       Menge : 12 St\u00fcck       Abmessungen : \u00d8 11 mm Zusammensetzung : 100% Messing\" \/>\n<meta property=\"og:url\" content=\"https:\/\/www.creafil.lu\/de\/product\/annaeh-druckknoepfe-11mm-schwarz\/\" \/>\n<meta property=\"og:site_name\" content=\"CREA Fil\" \/>\n<meta property=\"article:modified_time\" content=\"2024-11-15T10:19:57+00:00\" \/>\n<meta property=\"og:image\" content=\"https:\/\/www.creafil.lu\/wp-content\/uploads\/2024\/07\/EPIM_20395_65263046366_13411660_PS_A.webp\" \/>\n\t<meta property=\"og:image:width\" content=\"960\" \/>\n\t<meta property=\"og:image:height\" content=\"960\" \/>\n\t<meta property=\"og:image:type\" content=\"image\/webp\" \/>\n<meta name=\"twitter:card\" content=\"summary_large_image\" \/>\n<meta name=\"twitter:label1\" content=\"Gesch\u00e4tzte Lesezeit\" \/>\n\t<meta name=\"twitter:data1\" content=\"1\u00a0Minute\" \/>\n<script type=\"application\/ld+json\" class=\"yoast-schema-graph\">{\"@context\":\"https:\/\/schema.org\",\"@graph\":[{\"@type\":\"WebPage\",\"@id\":\"https:\/\/www.creafil.lu\/de\/product\/annaeh-druckknoepfe-11mm-schwarz\/\",\"url\":\"https:\/\/www.creafil.lu\/de\/product\/annaeh-druckknoepfe-11mm-schwarz\/\",\"name\":\"Ann\u00e4h-Druckkn\u00f6pfe, 11mm, schwarz - CREA Fil\",\"isPartOf\":{\"@id\":\"https:\/\/www.creafil.lu\/de\/#website\"},\"primaryImageOfPage\":{\"@id\":\"https:\/\/www.creafil.lu\/de\/product\/annaeh-druckknoepfe-11mm-schwarz\/#primaryimage\"},\"image\":{\"@id\":\"https:\/\/www.creafil.lu\/de\/product\/annaeh-druckknoepfe-11mm-schwarz\/#primaryimage\"},\"thumbnailUrl\":\"https:\/\/www.creafil.lu\/wp-content\/uploads\/2024\/07\/EPIM_20395_65263046366_13411660_PS_A.webp\",\"datePublished\":\"2024-07-16T08:06:32+00:00\",\"dateModified\":\"2024-11-15T10:19:57+00:00\",\"breadcrumb\":{\"@id\":\"https:\/\/www.creafil.lu\/de\/product\/annaeh-druckknoepfe-11mm-schwarz\/#breadcrumb\"},\"inLanguage\":\"de\",\"potentialAction\":[{\"@type\":\"ReadAction\",\"target\":[\"https:\/\/www.creafil.lu\/de\/product\/annaeh-druckknoepfe-11mm-schwarz\/\"]}]},{\"@type\":\"ImageObject\",\"inLanguage\":\"de\",\"@id\":\"https:\/\/www.creafil.lu\/de\/product\/annaeh-druckknoepfe-11mm-schwarz\/#primaryimage\",\"url\":\"https:\/\/www.creafil.lu\/wp-content\/uploads\/2024\/07\/EPIM_20395_65263046366_13411660_PS_A.webp\",\"contentUrl\":\"https:\/\/www.creafil.lu\/wp-content\/uploads\/2024\/07\/EPIM_20395_65263046366_13411660_PS_A.webp\",\"width\":960,\"height\":960},{\"@type\":\"BreadcrumbList\",\"@id\":\"https:\/\/www.creafil.lu\/de\/product\/annaeh-druckknoepfe-11mm-schwarz\/#breadcrumb\",\"itemListElement\":[{\"@type\":\"ListItem\",\"position\":1,\"name\":\"Home\",\"item\":\"https:\/\/www.creafil.lu\/de\/\"},{\"@type\":\"ListItem\",\"position\":2,\"name\":\"Shop\",\"item\":\"https:\/\/www.creafil.lu\/de\/shop\/\"},{\"@type\":\"ListItem\",\"position\":3,\"name\":\"Ann\u00e4h-Druckkn\u00f6pfe, 11mm, schwarz\"}]},{\"@type\":\"WebSite\",\"@id\":\"https:\/\/www.creafil.lu\/de\/#website\",\"url\":\"https:\/\/www.creafil.lu\/de\/\",\"name\":\"CREA Fil\",\"description\":\"Magasin\",\"potentialAction\":[{\"@type\":\"SearchAction\",\"target\":{\"@type\":\"EntryPoint\",\"urlTemplate\":\"https:\/\/www.creafil.lu\/de\/?s={search_term_string}\"},\"query-input\":{\"@type\":\"PropertyValueSpecification\",\"valueRequired\":true,\"valueName\":\"search_term_string\"}}],\"inLanguage\":\"de\"}]}<\/script>\n<!-- \/ Yoast SEO plugin. -->","yoast_head_json":{"title":"Ann\u00e4h-Druckkn\u00f6pfe, 11mm, schwarz - CREA Fil","robots":{"index":"index","follow":"follow","max-snippet":"max-snippet:-1","max-image-preview":"max-image-preview:large","max-video-preview":"max-video-preview:-1"},"canonical":"https:\/\/www.creafil.lu\/de\/product\/annaeh-druckknoepfe-11mm-schwarz\/","og_locale":"de_DE","og_type":"article","og_title":"Ann\u00e4h-Druckkn\u00f6pfe, 11mm, schwarz - CREA Fil","og_description":"Farbe : schwarz       Menge : 12 St\u00fcck       Abmessungen : \u00d8 11 mm Zusammensetzung : 100% Messing","og_url":"https:\/\/www.creafil.lu\/de\/product\/annaeh-druckknoepfe-11mm-schwarz\/","og_site_name":"CREA Fil","article_modified_time":"2024-11-15T10:19:57+00:00","og_image":[{"width":960,"height":960,"url":"https:\/\/www.creafil.lu\/wp-content\/uploads\/2024\/07\/EPIM_20395_65263046366_13411660_PS_A.webp","type":"image\/webp"}],"twitter_card":"summary_large_image","twitter_misc":{"Gesch\u00e4tzte Lesezeit":"1\u00a0Minute"},"schema":{"@context":"https:\/\/schema.org","@graph":[{"@type":"WebPage","@id":"https:\/\/www.creafil.lu\/de\/product\/annaeh-druckknoepfe-11mm-schwarz\/","url":"https:\/\/www.creafil.lu\/de\/product\/annaeh-druckknoepfe-11mm-schwarz\/","name":"Ann\u00e4h-Druckkn\u00f6pfe, 11mm, schwarz - CREA Fil","isPartOf":{"@id":"https:\/\/www.creafil.lu\/de\/#website"},"primaryImageOfPage":{"@id":"https:\/\/www.creafil.lu\/de\/product\/annaeh-druckknoepfe-11mm-schwarz\/#primaryimage"},"image":{"@id":"https:\/\/www.creafil.lu\/de\/product\/annaeh-druckknoepfe-11mm-schwarz\/#primaryimage"},"thumbnailUrl":"https:\/\/www.creafil.lu\/wp-content\/uploads\/2024\/07\/EPIM_20395_65263046366_13411660_PS_A.webp","datePublished":"2024-07-16T08:06:32+00:00","dateModified":"2024-11-15T10:19:57+00:00","breadcrumb":{"@id":"https:\/\/www.creafil.lu\/de\/product\/annaeh-druckknoepfe-11mm-schwarz\/#breadcrumb"},"inLanguage":"de","potentialAction":[{"@type":"ReadAction","target":["https:\/\/www.creafil.lu\/de\/product\/annaeh-druckknoepfe-11mm-schwarz\/"]}]},{"@type":"ImageObject","inLanguage":"de","@id":"https:\/\/www.creafil.lu\/de\/product\/annaeh-druckknoepfe-11mm-schwarz\/#primaryimage","url":"https:\/\/www.creafil.lu\/wp-content\/uploads\/2024\/07\/EPIM_20395_65263046366_13411660_PS_A.webp","contentUrl":"https:\/\/www.creafil.lu\/wp-content\/uploads\/2024\/07\/EPIM_20395_65263046366_13411660_PS_A.webp","width":960,"height":960},{"@type":"BreadcrumbList","@id":"https:\/\/www.creafil.lu\/de\/product\/annaeh-druckknoepfe-11mm-schwarz\/#breadcrumb","itemListElement":[{"@type":"ListItem","position":1,"name":"Home","item":"https:\/\/www.creafil.lu\/de\/"},{"@type":"ListItem","position":2,"name":"Shop","item":"https:\/\/www.creafil.lu\/de\/shop\/"},{"@type":"ListItem","position":3,"name":"Ann\u00e4h-Druckkn\u00f6pfe, 11mm, schwarz"}]},{"@type":"WebSite","@id":"https:\/\/www.creafil.lu\/de\/#website","url":"https:\/\/www.creafil.lu\/de\/","name":"CREA Fil","description":"Magasin","potentialAction":[{"@type":"SearchAction","target":{"@type":"EntryPoint","urlTemplate":"https:\/\/www.creafil.lu\/de\/?s={search_term_string}"},"query-input":{"@type":"PropertyValueSpecification","valueRequired":true,"valueName":"search_term_string"}}],"inLanguage":"de"}]}},"_links":{"self":[{"href":"https:\/\/www.creafil.lu\/de\/wp-json\/wp\/v2\/product\/4598","targetHints":{"allow":["GET"]}}],"collection":[{"href":"https:\/\/www.creafil.lu\/de\/wp-json\/wp\/v2\/product"}],"about":[{"href":"https:\/\/www.creafil.lu\/de\/wp-json\/wp\/v2\/types\/product"}],"wp:featuredmedia":[{"embeddable":true,"href":"https:\/\/www.creafil.lu\/de\/wp-json\/wp\/v2\/media\/4599"}],"wp:attachment":[{"href":"https:\/\/www.creafil.lu\/de\/wp-json\/wp\/v2\/media?parent=4598"}],"wp:term":[{"taxonomy":"product_brand","embeddable":true,"href":"https:\/\/www.creafil.lu\/de\/wp-json\/wp\/v2\/product_brand?post=4598"},{"taxonomy":"product_cat","embeddable":true,"href":"https:\/\/www.creafil.lu\/de\/wp-json\/wp\/v2\/product_cat?post=4598"},{"taxonomy":"product_tag","embeddable":true,"href":"https:\/\/www.creafil.lu\/de\/wp-json\/wp\/v2\/product_tag?post=4598"}],"curies":[{"name":"wp","href":"https:\/\/api.w.org\/{rel}","templated":true}]}}