{"id":4372,"date":"2024-07-15T13:49:33","date_gmt":"2024-07-15T13:49:33","guid":{"rendered":"https:\/\/www.creafil.lu\/?post_type=product&#038;p=4372"},"modified":"2024-09-05T09:06:30","modified_gmt":"2024-09-05T09:06:30","slug":"kreidepulver-fuer-rockabrunder-50g","status":"publish","type":"product","link":"https:\/\/www.creafil.lu\/de\/product\/kreidepulver-fuer-rockabrunder-50g\/","title":{"rendered":"Kreidepulver f\u00fcr Rockabrunder, 50g"},"content":{"rendered":"<ul class=\"list list--bullet\">\n<li class=\"list__item\">\u00a0Wei\u00dfes Kreidepulver f\u00fcr Rockabrunder<\/li>\n<li class=\"list__item\">\u00a050 g Flasche<\/li>\n<\/ul>\n","protected":false},"excerpt":{"rendered":"<p>Farbe : wei\u00df<br \/>\nMenge : 1 St\u00fcck<br \/>\nAbmessungen : 50g<br \/>\nZusammensetzung : 100% Kreidepulver<\/p>\n","protected":false},"featured_media":4373,"template":"","meta":{"_acf_changed":false,"inline_featured_image":false},"product_brand":[],"product_cat":[480,477],"product_tag":[],"class_list":{"0":"post-4372","1":"product","2":"type-product","3":"status-publish","4":"has-post-thumbnail","6":"product_cat-markiersysteme","7":"product_cat-werkzeuge","9":"first","10":"instock","11":"taxable","12":"shipping-taxable","13":"purchasable","14":"product-type-simple"},"acf":[],"yoast_head":"<!-- This site is optimized with the Yoast SEO plugin v24.4 - https:\/\/yoast.com\/wordpress\/plugins\/seo\/ -->\n<title>Kreidepulver f\u00fcr Rockabrunder, 50g - CREA Fil<\/title>\n<meta name=\"robots\" content=\"index, follow, max-snippet:-1, max-image-preview:large, max-video-preview:-1\" \/>\n<link rel=\"canonical\" href=\"https:\/\/www.creafil.lu\/de\/product\/kreidepulver-fuer-rockabrunder-50g\/\" \/>\n<meta property=\"og:locale\" content=\"de_DE\" \/>\n<meta property=\"og:type\" content=\"article\" \/>\n<meta property=\"og:title\" content=\"Kreidepulver f\u00fcr Rockabrunder, 50g - CREA Fil\" \/>\n<meta property=\"og:description\" content=\"Farbe : wei\u00df Menge : 1 St\u00fcck Abmessungen : 50g Zusammensetzung : 100% Kreidepulver\" \/>\n<meta property=\"og:url\" content=\"https:\/\/www.creafil.lu\/de\/product\/kreidepulver-fuer-rockabrunder-50g\/\" \/>\n<meta property=\"og:site_name\" content=\"CREA Fil\" \/>\n<meta property=\"article:modified_time\" content=\"2024-09-05T09:06:30+00:00\" \/>\n<meta property=\"og:image\" content=\"https:\/\/www.creafil.lu\/wp-content\/uploads\/2024\/07\/EPIM_22789_36905487990_16118860_PS_A.webp\" \/>\n\t<meta property=\"og:image:width\" content=\"960\" \/>\n\t<meta property=\"og:image:height\" content=\"960\" \/>\n\t<meta property=\"og:image:type\" content=\"image\/webp\" \/>\n<meta name=\"twitter:card\" content=\"summary_large_image\" \/>\n<meta name=\"twitter:label1\" content=\"Gesch\u00e4tzte Lesezeit\" \/>\n\t<meta name=\"twitter:data1\" content=\"1\u00a0Minute\" \/>\n<script type=\"application\/ld+json\" class=\"yoast-schema-graph\">{\"@context\":\"https:\/\/schema.org\",\"@graph\":[{\"@type\":\"WebPage\",\"@id\":\"https:\/\/www.creafil.lu\/de\/product\/kreidepulver-fuer-rockabrunder-50g\/\",\"url\":\"https:\/\/www.creafil.lu\/de\/product\/kreidepulver-fuer-rockabrunder-50g\/\",\"name\":\"Kreidepulver f\u00fcr Rockabrunder, 50g - CREA Fil\",\"isPartOf\":{\"@id\":\"https:\/\/www.creafil.lu\/de\/#website\"},\"primaryImageOfPage\":{\"@id\":\"https:\/\/www.creafil.lu\/de\/product\/kreidepulver-fuer-rockabrunder-50g\/#primaryimage\"},\"image\":{\"@id\":\"https:\/\/www.creafil.lu\/de\/product\/kreidepulver-fuer-rockabrunder-50g\/#primaryimage\"},\"thumbnailUrl\":\"https:\/\/www.creafil.lu\/wp-content\/uploads\/2024\/07\/EPIM_22789_36905487990_16118860_PS_A.webp\",\"datePublished\":\"2024-07-15T13:49:33+00:00\",\"dateModified\":\"2024-09-05T09:06:30+00:00\",\"breadcrumb\":{\"@id\":\"https:\/\/www.creafil.lu\/de\/product\/kreidepulver-fuer-rockabrunder-50g\/#breadcrumb\"},\"inLanguage\":\"de\",\"potentialAction\":[{\"@type\":\"ReadAction\",\"target\":[\"https:\/\/www.creafil.lu\/de\/product\/kreidepulver-fuer-rockabrunder-50g\/\"]}]},{\"@type\":\"ImageObject\",\"inLanguage\":\"de\",\"@id\":\"https:\/\/www.creafil.lu\/de\/product\/kreidepulver-fuer-rockabrunder-50g\/#primaryimage\",\"url\":\"https:\/\/www.creafil.lu\/wp-content\/uploads\/2024\/07\/EPIM_22789_36905487990_16118860_PS_A.webp\",\"contentUrl\":\"https:\/\/www.creafil.lu\/wp-content\/uploads\/2024\/07\/EPIM_22789_36905487990_16118860_PS_A.webp\",\"width\":960,\"height\":960},{\"@type\":\"BreadcrumbList\",\"@id\":\"https:\/\/www.creafil.lu\/de\/product\/kreidepulver-fuer-rockabrunder-50g\/#breadcrumb\",\"itemListElement\":[{\"@type\":\"ListItem\",\"position\":1,\"name\":\"Home\",\"item\":\"https:\/\/www.creafil.lu\/de\/\"},{\"@type\":\"ListItem\",\"position\":2,\"name\":\"Shop\",\"item\":\"https:\/\/www.creafil.lu\/de\/shop\/\"},{\"@type\":\"ListItem\",\"position\":3,\"name\":\"Kreidepulver f\u00fcr Rockabrunder, 50g\"}]},{\"@type\":\"WebSite\",\"@id\":\"https:\/\/www.creafil.lu\/de\/#website\",\"url\":\"https:\/\/www.creafil.lu\/de\/\",\"name\":\"CREA Fil\",\"description\":\"Magasin\",\"potentialAction\":[{\"@type\":\"SearchAction\",\"target\":{\"@type\":\"EntryPoint\",\"urlTemplate\":\"https:\/\/www.creafil.lu\/de\/?s={search_term_string}\"},\"query-input\":{\"@type\":\"PropertyValueSpecification\",\"valueRequired\":true,\"valueName\":\"search_term_string\"}}],\"inLanguage\":\"de\"}]}<\/script>\n<!-- \/ Yoast SEO plugin. -->","yoast_head_json":{"title":"Kreidepulver f\u00fcr Rockabrunder, 50g - CREA Fil","robots":{"index":"index","follow":"follow","max-snippet":"max-snippet:-1","max-image-preview":"max-image-preview:large","max-video-preview":"max-video-preview:-1"},"canonical":"https:\/\/www.creafil.lu\/de\/product\/kreidepulver-fuer-rockabrunder-50g\/","og_locale":"de_DE","og_type":"article","og_title":"Kreidepulver f\u00fcr Rockabrunder, 50g - CREA Fil","og_description":"Farbe : wei\u00df Menge : 1 St\u00fcck Abmessungen : 50g Zusammensetzung : 100% Kreidepulver","og_url":"https:\/\/www.creafil.lu\/de\/product\/kreidepulver-fuer-rockabrunder-50g\/","og_site_name":"CREA Fil","article_modified_time":"2024-09-05T09:06:30+00:00","og_image":[{"width":960,"height":960,"url":"https:\/\/www.creafil.lu\/wp-content\/uploads\/2024\/07\/EPIM_22789_36905487990_16118860_PS_A.webp","type":"image\/webp"}],"twitter_card":"summary_large_image","twitter_misc":{"Gesch\u00e4tzte Lesezeit":"1\u00a0Minute"},"schema":{"@context":"https:\/\/schema.org","@graph":[{"@type":"WebPage","@id":"https:\/\/www.creafil.lu\/de\/product\/kreidepulver-fuer-rockabrunder-50g\/","url":"https:\/\/www.creafil.lu\/de\/product\/kreidepulver-fuer-rockabrunder-50g\/","name":"Kreidepulver f\u00fcr Rockabrunder, 50g - CREA Fil","isPartOf":{"@id":"https:\/\/www.creafil.lu\/de\/#website"},"primaryImageOfPage":{"@id":"https:\/\/www.creafil.lu\/de\/product\/kreidepulver-fuer-rockabrunder-50g\/#primaryimage"},"image":{"@id":"https:\/\/www.creafil.lu\/de\/product\/kreidepulver-fuer-rockabrunder-50g\/#primaryimage"},"thumbnailUrl":"https:\/\/www.creafil.lu\/wp-content\/uploads\/2024\/07\/EPIM_22789_36905487990_16118860_PS_A.webp","datePublished":"2024-07-15T13:49:33+00:00","dateModified":"2024-09-05T09:06:30+00:00","breadcrumb":{"@id":"https:\/\/www.creafil.lu\/de\/product\/kreidepulver-fuer-rockabrunder-50g\/#breadcrumb"},"inLanguage":"de","potentialAction":[{"@type":"ReadAction","target":["https:\/\/www.creafil.lu\/de\/product\/kreidepulver-fuer-rockabrunder-50g\/"]}]},{"@type":"ImageObject","inLanguage":"de","@id":"https:\/\/www.creafil.lu\/de\/product\/kreidepulver-fuer-rockabrunder-50g\/#primaryimage","url":"https:\/\/www.creafil.lu\/wp-content\/uploads\/2024\/07\/EPIM_22789_36905487990_16118860_PS_A.webp","contentUrl":"https:\/\/www.creafil.lu\/wp-content\/uploads\/2024\/07\/EPIM_22789_36905487990_16118860_PS_A.webp","width":960,"height":960},{"@type":"BreadcrumbList","@id":"https:\/\/www.creafil.lu\/de\/product\/kreidepulver-fuer-rockabrunder-50g\/#breadcrumb","itemListElement":[{"@type":"ListItem","position":1,"name":"Home","item":"https:\/\/www.creafil.lu\/de\/"},{"@type":"ListItem","position":2,"name":"Shop","item":"https:\/\/www.creafil.lu\/de\/shop\/"},{"@type":"ListItem","position":3,"name":"Kreidepulver f\u00fcr Rockabrunder, 50g"}]},{"@type":"WebSite","@id":"https:\/\/www.creafil.lu\/de\/#website","url":"https:\/\/www.creafil.lu\/de\/","name":"CREA Fil","description":"Magasin","potentialAction":[{"@type":"SearchAction","target":{"@type":"EntryPoint","urlTemplate":"https:\/\/www.creafil.lu\/de\/?s={search_term_string}"},"query-input":{"@type":"PropertyValueSpecification","valueRequired":true,"valueName":"search_term_string"}}],"inLanguage":"de"}]}},"_links":{"self":[{"href":"https:\/\/www.creafil.lu\/de\/wp-json\/wp\/v2\/product\/4372","targetHints":{"allow":["GET"]}}],"collection":[{"href":"https:\/\/www.creafil.lu\/de\/wp-json\/wp\/v2\/product"}],"about":[{"href":"https:\/\/www.creafil.lu\/de\/wp-json\/wp\/v2\/types\/product"}],"wp:featuredmedia":[{"embeddable":true,"href":"https:\/\/www.creafil.lu\/de\/wp-json\/wp\/v2\/media\/4373"}],"wp:attachment":[{"href":"https:\/\/www.creafil.lu\/de\/wp-json\/wp\/v2\/media?parent=4372"}],"wp:term":[{"taxonomy":"product_brand","embeddable":true,"href":"https:\/\/www.creafil.lu\/de\/wp-json\/wp\/v2\/product_brand?post=4372"},{"taxonomy":"product_cat","embeddable":true,"href":"https:\/\/www.creafil.lu\/de\/wp-json\/wp\/v2\/product_cat?post=4372"},{"taxonomy":"product_tag","embeddable":true,"href":"https:\/\/www.creafil.lu\/de\/wp-json\/wp\/v2\/product_tag?post=4372"}],"curies":[{"name":"wp","href":"https:\/\/api.w.org\/{rel}","templated":true}]}}