{"id":3679,"date":"2024-06-14T13:57:46","date_gmt":"2024-06-14T13:57:46","guid":{"rendered":"https:\/\/www.creafil.lu\/?post_type=product&#038;p=3679"},"modified":"2024-06-14T14:02:29","modified_gmt":"2024-06-14T14:02:29","slug":"tunika-kleid-kids-no-2","status":"publish","type":"product","link":"https:\/\/www.creafil.lu\/de\/product\/tunika-kleid-kids-no-2\/","title":{"rendered":"Tunika Kleid Kids no 2"},"content":{"rendered":"<p>Das lillesol basics No.2 Tunika-Kleid ist im Sommer ein luftiges Kleidchen mit kurzen \u00c4rmeln oder ohne Arm und l\u00e4sst sich sch\u00f6n mit Capri-Hosen kombinieren. Im Winter kann sie mit halblangen \u00c4rmeln oder langen \u00c4rmeln \u00fcber einem Longsleeve zur Jeans getragen werden. Die Tunika ist leicht ausgestellt und sitzt an der Brust eher schmal. Variationsm\u00f6glichkeiten werden als Ideen am Ende dieses Ebooks gezeigt.<\/p>\n<p>&nbsp;<\/p>\n<p>F\u00fcr dieses Schnittmuster gibt es eine Video-Anleitung:\u00a0<a href=\"https:\/\/youtu.be\/P3vOS6fUHeQ\" data-link-type=\"external\" data-type=\"linkpicker\">https:\/\/youtu.be\/P3vOS6fUHeQ<\/a><\/p>\n<p>&nbsp;<\/p>\n<p>Das Papier-Schnittmuster\u00a0enth\u00e4lt eine farbig gedruckte DinA4-Brosch\u00fcre mit\u00a0Schritt-f\u00fcr-Schritt-Fotoanleitung, Angaben zum Stoffverbrauch &amp; N\u00e4hhinweisen sowie\u00a0alle Schnittmuster f\u00fcr die\u00a0Gr\u00f6\u00dfen\u00a080 &#8211; 164 auf einem farbigen\u00a0DinA0-Bogen. Als Extra liegt dem Schnittmuster eine Maxi-Karteikarte f\u00fcr individuelle N\u00e4hnotizen bei.<\/p>\n<p>Viele Designbeispiele findet Ihr bei den Ebooks und dem jeweiligen Schnitt.<\/p>\n<p>&nbsp;<\/p>\n<p>F\u00fcr dieses Schnittmuster gibt es eine Video-N\u00e4hanleitung:\u00a0<a href=\"https:\/\/youtu.be\/yV5EXNInInw\" data-link-type=\"external\" data-type=\"linkpicker\">https:\/\/youtu.be\/yV5EXNInInw<\/a><\/p>\n<p>&nbsp;<\/p>\n","protected":false},"excerpt":{"rendered":"<p>Tunika Kleid no 2\u00a0 gr. 80 -164<\/p>\n","protected":false},"featured_media":3681,"template":"","meta":{"_acf_changed":false,"inline_featured_image":false},"product_brand":[],"product_cat":[358],"product_tag":[],"class_list":{"0":"post-3679","1":"product","2":"type-product","3":"status-publish","4":"has-post-thumbnail","6":"product_cat-buecher-schnittmuster","8":"first","9":"instock","10":"taxable","11":"shipping-taxable","12":"purchasable","13":"product-type-simple"},"acf":[],"yoast_head":"<!-- This site is optimized with the Yoast SEO plugin v24.4 - https:\/\/yoast.com\/wordpress\/plugins\/seo\/ -->\n<title>Tunika Kleid Kids no 2 - CREA Fil<\/title>\n<meta name=\"robots\" content=\"index, follow, max-snippet:-1, max-image-preview:large, max-video-preview:-1\" \/>\n<link rel=\"canonical\" href=\"https:\/\/www.creafil.lu\/de\/product\/tunika-kleid-kids-no-2\/\" \/>\n<meta property=\"og:locale\" content=\"de_DE\" \/>\n<meta property=\"og:type\" content=\"article\" \/>\n<meta property=\"og:title\" content=\"Tunika Kleid Kids no 2 - CREA Fil\" \/>\n<meta property=\"og:description\" content=\"Tunika Kleid no 2\u00a0 gr. 80 -164\" \/>\n<meta property=\"og:url\" content=\"https:\/\/www.creafil.lu\/de\/product\/tunika-kleid-kids-no-2\/\" \/>\n<meta property=\"og:site_name\" content=\"CREA Fil\" \/>\n<meta property=\"article:modified_time\" content=\"2024-06-14T14:02:29+00:00\" \/>\n<meta property=\"og:image\" content=\"https:\/\/www.creafil.lu\/wp-content\/uploads\/2024\/06\/Titelbild_lb3_Titelbild_schwarz_RGB_ml.jpg\" \/>\n\t<meta property=\"og:image:width\" content=\"707\" \/>\n\t<meta property=\"og:image:height\" content=\"1000\" \/>\n\t<meta property=\"og:image:type\" content=\"image\/jpeg\" \/>\n<meta name=\"twitter:card\" content=\"summary_large_image\" \/>\n<meta name=\"twitter:label1\" content=\"Gesch\u00e4tzte Lesezeit\" \/>\n\t<meta name=\"twitter:data1\" content=\"1\u00a0Minute\" \/>\n<script type=\"application\/ld+json\" class=\"yoast-schema-graph\">{\"@context\":\"https:\/\/schema.org\",\"@graph\":[{\"@type\":\"WebPage\",\"@id\":\"https:\/\/www.creafil.lu\/de\/product\/tunika-kleid-kids-no-2\/\",\"url\":\"https:\/\/www.creafil.lu\/de\/product\/tunika-kleid-kids-no-2\/\",\"name\":\"Tunika Kleid Kids no 2 - CREA Fil\",\"isPartOf\":{\"@id\":\"https:\/\/www.creafil.lu\/de\/#website\"},\"primaryImageOfPage\":{\"@id\":\"https:\/\/www.creafil.lu\/de\/product\/tunika-kleid-kids-no-2\/#primaryimage\"},\"image\":{\"@id\":\"https:\/\/www.creafil.lu\/de\/product\/tunika-kleid-kids-no-2\/#primaryimage\"},\"thumbnailUrl\":\"https:\/\/www.creafil.lu\/wp-content\/uploads\/2024\/06\/Titelbild_lb3_Titelbild_schwarz_RGB_ml.jpg\",\"datePublished\":\"2024-06-14T13:57:46+00:00\",\"dateModified\":\"2024-06-14T14:02:29+00:00\",\"breadcrumb\":{\"@id\":\"https:\/\/www.creafil.lu\/de\/product\/tunika-kleid-kids-no-2\/#breadcrumb\"},\"inLanguage\":\"de\",\"potentialAction\":[{\"@type\":\"ReadAction\",\"target\":[\"https:\/\/www.creafil.lu\/de\/product\/tunika-kleid-kids-no-2\/\"]}]},{\"@type\":\"ImageObject\",\"inLanguage\":\"de\",\"@id\":\"https:\/\/www.creafil.lu\/de\/product\/tunika-kleid-kids-no-2\/#primaryimage\",\"url\":\"https:\/\/www.creafil.lu\/wp-content\/uploads\/2024\/06\/Titelbild_lb3_Titelbild_schwarz_RGB_ml.jpg\",\"contentUrl\":\"https:\/\/www.creafil.lu\/wp-content\/uploads\/2024\/06\/Titelbild_lb3_Titelbild_schwarz_RGB_ml.jpg\",\"width\":707,\"height\":1000},{\"@type\":\"BreadcrumbList\",\"@id\":\"https:\/\/www.creafil.lu\/de\/product\/tunika-kleid-kids-no-2\/#breadcrumb\",\"itemListElement\":[{\"@type\":\"ListItem\",\"position\":1,\"name\":\"Home\",\"item\":\"https:\/\/www.creafil.lu\/de\/\"},{\"@type\":\"ListItem\",\"position\":2,\"name\":\"Shop\",\"item\":\"https:\/\/www.creafil.lu\/de\/shop\/\"},{\"@type\":\"ListItem\",\"position\":3,\"name\":\"Tunika Kleid Kids no 2\"}]},{\"@type\":\"WebSite\",\"@id\":\"https:\/\/www.creafil.lu\/de\/#website\",\"url\":\"https:\/\/www.creafil.lu\/de\/\",\"name\":\"CREA Fil\",\"description\":\"Magasin\",\"potentialAction\":[{\"@type\":\"SearchAction\",\"target\":{\"@type\":\"EntryPoint\",\"urlTemplate\":\"https:\/\/www.creafil.lu\/de\/?s={search_term_string}\"},\"query-input\":{\"@type\":\"PropertyValueSpecification\",\"valueRequired\":true,\"valueName\":\"search_term_string\"}}],\"inLanguage\":\"de\"}]}<\/script>\n<!-- \/ Yoast SEO plugin. -->","yoast_head_json":{"title":"Tunika Kleid Kids no 2 - CREA Fil","robots":{"index":"index","follow":"follow","max-snippet":"max-snippet:-1","max-image-preview":"max-image-preview:large","max-video-preview":"max-video-preview:-1"},"canonical":"https:\/\/www.creafil.lu\/de\/product\/tunika-kleid-kids-no-2\/","og_locale":"de_DE","og_type":"article","og_title":"Tunika Kleid Kids no 2 - CREA Fil","og_description":"Tunika Kleid no 2\u00a0 gr. 80 -164","og_url":"https:\/\/www.creafil.lu\/de\/product\/tunika-kleid-kids-no-2\/","og_site_name":"CREA Fil","article_modified_time":"2024-06-14T14:02:29+00:00","og_image":[{"width":707,"height":1000,"url":"https:\/\/www.creafil.lu\/wp-content\/uploads\/2024\/06\/Titelbild_lb3_Titelbild_schwarz_RGB_ml.jpg","type":"image\/jpeg"}],"twitter_card":"summary_large_image","twitter_misc":{"Gesch\u00e4tzte Lesezeit":"1\u00a0Minute"},"schema":{"@context":"https:\/\/schema.org","@graph":[{"@type":"WebPage","@id":"https:\/\/www.creafil.lu\/de\/product\/tunika-kleid-kids-no-2\/","url":"https:\/\/www.creafil.lu\/de\/product\/tunika-kleid-kids-no-2\/","name":"Tunika Kleid Kids no 2 - CREA Fil","isPartOf":{"@id":"https:\/\/www.creafil.lu\/de\/#website"},"primaryImageOfPage":{"@id":"https:\/\/www.creafil.lu\/de\/product\/tunika-kleid-kids-no-2\/#primaryimage"},"image":{"@id":"https:\/\/www.creafil.lu\/de\/product\/tunika-kleid-kids-no-2\/#primaryimage"},"thumbnailUrl":"https:\/\/www.creafil.lu\/wp-content\/uploads\/2024\/06\/Titelbild_lb3_Titelbild_schwarz_RGB_ml.jpg","datePublished":"2024-06-14T13:57:46+00:00","dateModified":"2024-06-14T14:02:29+00:00","breadcrumb":{"@id":"https:\/\/www.creafil.lu\/de\/product\/tunika-kleid-kids-no-2\/#breadcrumb"},"inLanguage":"de","potentialAction":[{"@type":"ReadAction","target":["https:\/\/www.creafil.lu\/de\/product\/tunika-kleid-kids-no-2\/"]}]},{"@type":"ImageObject","inLanguage":"de","@id":"https:\/\/www.creafil.lu\/de\/product\/tunika-kleid-kids-no-2\/#primaryimage","url":"https:\/\/www.creafil.lu\/wp-content\/uploads\/2024\/06\/Titelbild_lb3_Titelbild_schwarz_RGB_ml.jpg","contentUrl":"https:\/\/www.creafil.lu\/wp-content\/uploads\/2024\/06\/Titelbild_lb3_Titelbild_schwarz_RGB_ml.jpg","width":707,"height":1000},{"@type":"BreadcrumbList","@id":"https:\/\/www.creafil.lu\/de\/product\/tunika-kleid-kids-no-2\/#breadcrumb","itemListElement":[{"@type":"ListItem","position":1,"name":"Home","item":"https:\/\/www.creafil.lu\/de\/"},{"@type":"ListItem","position":2,"name":"Shop","item":"https:\/\/www.creafil.lu\/de\/shop\/"},{"@type":"ListItem","position":3,"name":"Tunika Kleid Kids no 2"}]},{"@type":"WebSite","@id":"https:\/\/www.creafil.lu\/de\/#website","url":"https:\/\/www.creafil.lu\/de\/","name":"CREA Fil","description":"Magasin","potentialAction":[{"@type":"SearchAction","target":{"@type":"EntryPoint","urlTemplate":"https:\/\/www.creafil.lu\/de\/?s={search_term_string}"},"query-input":{"@type":"PropertyValueSpecification","valueRequired":true,"valueName":"search_term_string"}}],"inLanguage":"de"}]}},"_links":{"self":[{"href":"https:\/\/www.creafil.lu\/de\/wp-json\/wp\/v2\/product\/3679","targetHints":{"allow":["GET"]}}],"collection":[{"href":"https:\/\/www.creafil.lu\/de\/wp-json\/wp\/v2\/product"}],"about":[{"href":"https:\/\/www.creafil.lu\/de\/wp-json\/wp\/v2\/types\/product"}],"wp:featuredmedia":[{"embeddable":true,"href":"https:\/\/www.creafil.lu\/de\/wp-json\/wp\/v2\/media\/3681"}],"wp:attachment":[{"href":"https:\/\/www.creafil.lu\/de\/wp-json\/wp\/v2\/media?parent=3679"}],"wp:term":[{"taxonomy":"product_brand","embeddable":true,"href":"https:\/\/www.creafil.lu\/de\/wp-json\/wp\/v2\/product_brand?post=3679"},{"taxonomy":"product_cat","embeddable":true,"href":"https:\/\/www.creafil.lu\/de\/wp-json\/wp\/v2\/product_cat?post=3679"},{"taxonomy":"product_tag","embeddable":true,"href":"https:\/\/www.creafil.lu\/de\/wp-json\/wp\/v2\/product_tag?post=3679"}],"curies":[{"name":"wp","href":"https:\/\/api.w.org\/{rel}","templated":true}]}}