{"id":3649,"date":"2024-06-14T13:18:21","date_gmt":"2024-06-14T13:18:21","guid":{"rendered":"https:\/\/www.creafil.lu\/?post_type=product&#038;p=3649"},"modified":"2024-06-14T13:24:19","modified_gmt":"2024-06-14T13:24:19","slug":"kapuzenjacke-women-no-15","status":"publish","type":"product","link":"https:\/\/www.creafil.lu\/de\/product\/kapuzenjacke-women-no-15\/","title":{"rendered":"Kapuzenjacke women no 15"},"content":{"rendered":"<p>&nbsp;<\/p>\n<p>Die lillesol women\u00a0No.15 Kapuzenjacke ist\u00a0eine leicht tailliert\u00a0geschnittene Kapuzenjacke aus Jersey, die im Alltag oder zum Sport trendy, praktisch und gem\u00fctlich ist.\u00a0Die Kapuzenjacke wird mit einem Rei\u00dfverschluss geschlossen, es k\u00f6nnen optional B\u00fcndchen an \u00c4rmeln und Saum gen\u00e4ht werden. F\u00fcr eine leicht zu n\u00e4hende anf\u00e4ngertaugliche Kapuzenjacke wird die Kapuzenjacke ohne Belege gen\u00e4ht, f\u00fcr Fortgeschrittene ist auch eine Version mit Belegen enthalten.<\/p>\n<p>&nbsp;<\/p>\n<p>Ab Gr\u00f6\u00dfe 42 sind Brustabn\u00e4her im Schnittmuster enthalten.<\/p>\n<p>&nbsp;<\/p>\n<p>Stoffempfehlung:\u00a0 Jersey, leichter Sweat oder andere d\u00fcnne dehnbare Stoffe. Wenn die Kapuzenjacke aus dickeren Stoffen wie Sweat, Nicky, Fleece gen\u00e4ht werden soll, evtl. eine Nummer gr\u00f6\u00dfer w\u00e4hlen.<\/p>\n<p>&nbsp;<\/p>\n<p>F\u00fcr dieses Schnittmuster gibt es eine Video-N\u00e4hanleitung:<a href=\"https:\/\/youtu.be\/7sMnyKThcd0\" data-link-type=\"external\" data-type=\"linkpicker\">\u00a0https:\/\/youtu.be\/7sMnyKThcd0<\/a><br \/>\nDas Papier-Schnittmuster\u00a0enth\u00e4lt eine farbig gedruckte DinA4-Brosch\u00fcre mit\u00a0Schritt-f\u00fcr-Schritt-Fotoanleitung, Angaben zum Stoffverbrauch &amp; N\u00e4hhinweisen sowie\u00a0alle Schnittmuster f\u00fcr die\u00a0Gr\u00f6\u00dfen 34 &#8211; 58\u00a0auf einem farbigen\u00a0DinA0-Bogen. Als Extra liegt dem Schnittmuster eine Maxi-Karteikarte f\u00fcr individuelle N\u00e4hnotizen bei.<\/p>\n","protected":false},"excerpt":{"rendered":"<p>Kapuzenjacke women no 15 gr. 34-58<\/p>\n","protected":false},"featured_media":3651,"template":"","meta":{"_acf_changed":false,"inline_featured_image":false},"product_brand":[],"product_cat":[358],"product_tag":[],"class_list":{"0":"post-3649","1":"product","2":"type-product","3":"status-publish","4":"has-post-thumbnail","6":"product_cat-buecher-schnittmuster","8":"first","9":"instock","10":"taxable","11":"shipping-taxable","12":"purchasable","13":"product-type-simple"},"acf":[],"yoast_head":"<!-- This site is optimized with the Yoast SEO plugin v24.4 - https:\/\/yoast.com\/wordpress\/plugins\/seo\/ -->\n<title>Kapuzenjacke women no 15 - CREA Fil<\/title>\n<meta name=\"robots\" content=\"index, follow, max-snippet:-1, max-image-preview:large, max-video-preview:-1\" \/>\n<link rel=\"canonical\" href=\"https:\/\/www.creafil.lu\/de\/product\/kapuzenjacke-women-no-15\/\" \/>\n<meta property=\"og:locale\" content=\"de_DE\" \/>\n<meta property=\"og:type\" content=\"article\" \/>\n<meta property=\"og:title\" content=\"Kapuzenjacke women no 15 - CREA Fil\" \/>\n<meta property=\"og:description\" content=\"Kapuzenjacke women no 15 gr. 34-58\" \/>\n<meta property=\"og:url\" content=\"https:\/\/www.creafil.lu\/de\/product\/kapuzenjacke-women-no-15\/\" \/>\n<meta property=\"og:site_name\" content=\"CREA Fil\" \/>\n<meta property=\"article:modified_time\" content=\"2024-06-14T13:24:19+00:00\" \/>\n<meta property=\"og:image\" content=\"https:\/\/www.creafil.lu\/wp-content\/uploads\/2024\/06\/Titelbild_lw15_schwarzes_logo_bis_58_RGB_Neu_Kopie_ml.jpg\" \/>\n\t<meta property=\"og:image:width\" content=\"707\" \/>\n\t<meta property=\"og:image:height\" content=\"1000\" \/>\n\t<meta property=\"og:image:type\" content=\"image\/jpeg\" \/>\n<meta name=\"twitter:card\" content=\"summary_large_image\" \/>\n<meta name=\"twitter:label1\" content=\"Gesch\u00e4tzte Lesezeit\" \/>\n\t<meta name=\"twitter:data1\" content=\"1\u00a0Minute\" \/>\n<script type=\"application\/ld+json\" class=\"yoast-schema-graph\">{\"@context\":\"https:\/\/schema.org\",\"@graph\":[{\"@type\":\"WebPage\",\"@id\":\"https:\/\/www.creafil.lu\/de\/product\/kapuzenjacke-women-no-15\/\",\"url\":\"https:\/\/www.creafil.lu\/de\/product\/kapuzenjacke-women-no-15\/\",\"name\":\"Kapuzenjacke women no 15 - CREA Fil\",\"isPartOf\":{\"@id\":\"https:\/\/www.creafil.lu\/de\/#website\"},\"primaryImageOfPage\":{\"@id\":\"https:\/\/www.creafil.lu\/de\/product\/kapuzenjacke-women-no-15\/#primaryimage\"},\"image\":{\"@id\":\"https:\/\/www.creafil.lu\/de\/product\/kapuzenjacke-women-no-15\/#primaryimage\"},\"thumbnailUrl\":\"https:\/\/www.creafil.lu\/wp-content\/uploads\/2024\/06\/Titelbild_lw15_schwarzes_logo_bis_58_RGB_Neu_Kopie_ml.jpg\",\"datePublished\":\"2024-06-14T13:18:21+00:00\",\"dateModified\":\"2024-06-14T13:24:19+00:00\",\"breadcrumb\":{\"@id\":\"https:\/\/www.creafil.lu\/de\/product\/kapuzenjacke-women-no-15\/#breadcrumb\"},\"inLanguage\":\"de\",\"potentialAction\":[{\"@type\":\"ReadAction\",\"target\":[\"https:\/\/www.creafil.lu\/de\/product\/kapuzenjacke-women-no-15\/\"]}]},{\"@type\":\"ImageObject\",\"inLanguage\":\"de\",\"@id\":\"https:\/\/www.creafil.lu\/de\/product\/kapuzenjacke-women-no-15\/#primaryimage\",\"url\":\"https:\/\/www.creafil.lu\/wp-content\/uploads\/2024\/06\/Titelbild_lw15_schwarzes_logo_bis_58_RGB_Neu_Kopie_ml.jpg\",\"contentUrl\":\"https:\/\/www.creafil.lu\/wp-content\/uploads\/2024\/06\/Titelbild_lw15_schwarzes_logo_bis_58_RGB_Neu_Kopie_ml.jpg\",\"width\":707,\"height\":1000},{\"@type\":\"BreadcrumbList\",\"@id\":\"https:\/\/www.creafil.lu\/de\/product\/kapuzenjacke-women-no-15\/#breadcrumb\",\"itemListElement\":[{\"@type\":\"ListItem\",\"position\":1,\"name\":\"Home\",\"item\":\"https:\/\/www.creafil.lu\/de\/\"},{\"@type\":\"ListItem\",\"position\":2,\"name\":\"Shop\",\"item\":\"https:\/\/www.creafil.lu\/de\/shop\/\"},{\"@type\":\"ListItem\",\"position\":3,\"name\":\"Kapuzenjacke women no 15\"}]},{\"@type\":\"WebSite\",\"@id\":\"https:\/\/www.creafil.lu\/de\/#website\",\"url\":\"https:\/\/www.creafil.lu\/de\/\",\"name\":\"CREA Fil\",\"description\":\"Magasin\",\"potentialAction\":[{\"@type\":\"SearchAction\",\"target\":{\"@type\":\"EntryPoint\",\"urlTemplate\":\"https:\/\/www.creafil.lu\/de\/?s={search_term_string}\"},\"query-input\":{\"@type\":\"PropertyValueSpecification\",\"valueRequired\":true,\"valueName\":\"search_term_string\"}}],\"inLanguage\":\"de\"}]}<\/script>\n<!-- \/ Yoast SEO plugin. -->","yoast_head_json":{"title":"Kapuzenjacke women no 15 - CREA Fil","robots":{"index":"index","follow":"follow","max-snippet":"max-snippet:-1","max-image-preview":"max-image-preview:large","max-video-preview":"max-video-preview:-1"},"canonical":"https:\/\/www.creafil.lu\/de\/product\/kapuzenjacke-women-no-15\/","og_locale":"de_DE","og_type":"article","og_title":"Kapuzenjacke women no 15 - CREA Fil","og_description":"Kapuzenjacke women no 15 gr. 34-58","og_url":"https:\/\/www.creafil.lu\/de\/product\/kapuzenjacke-women-no-15\/","og_site_name":"CREA Fil","article_modified_time":"2024-06-14T13:24:19+00:00","og_image":[{"width":707,"height":1000,"url":"https:\/\/www.creafil.lu\/wp-content\/uploads\/2024\/06\/Titelbild_lw15_schwarzes_logo_bis_58_RGB_Neu_Kopie_ml.jpg","type":"image\/jpeg"}],"twitter_card":"summary_large_image","twitter_misc":{"Gesch\u00e4tzte Lesezeit":"1\u00a0Minute"},"schema":{"@context":"https:\/\/schema.org","@graph":[{"@type":"WebPage","@id":"https:\/\/www.creafil.lu\/de\/product\/kapuzenjacke-women-no-15\/","url":"https:\/\/www.creafil.lu\/de\/product\/kapuzenjacke-women-no-15\/","name":"Kapuzenjacke women no 15 - CREA Fil","isPartOf":{"@id":"https:\/\/www.creafil.lu\/de\/#website"},"primaryImageOfPage":{"@id":"https:\/\/www.creafil.lu\/de\/product\/kapuzenjacke-women-no-15\/#primaryimage"},"image":{"@id":"https:\/\/www.creafil.lu\/de\/product\/kapuzenjacke-women-no-15\/#primaryimage"},"thumbnailUrl":"https:\/\/www.creafil.lu\/wp-content\/uploads\/2024\/06\/Titelbild_lw15_schwarzes_logo_bis_58_RGB_Neu_Kopie_ml.jpg","datePublished":"2024-06-14T13:18:21+00:00","dateModified":"2024-06-14T13:24:19+00:00","breadcrumb":{"@id":"https:\/\/www.creafil.lu\/de\/product\/kapuzenjacke-women-no-15\/#breadcrumb"},"inLanguage":"de","potentialAction":[{"@type":"ReadAction","target":["https:\/\/www.creafil.lu\/de\/product\/kapuzenjacke-women-no-15\/"]}]},{"@type":"ImageObject","inLanguage":"de","@id":"https:\/\/www.creafil.lu\/de\/product\/kapuzenjacke-women-no-15\/#primaryimage","url":"https:\/\/www.creafil.lu\/wp-content\/uploads\/2024\/06\/Titelbild_lw15_schwarzes_logo_bis_58_RGB_Neu_Kopie_ml.jpg","contentUrl":"https:\/\/www.creafil.lu\/wp-content\/uploads\/2024\/06\/Titelbild_lw15_schwarzes_logo_bis_58_RGB_Neu_Kopie_ml.jpg","width":707,"height":1000},{"@type":"BreadcrumbList","@id":"https:\/\/www.creafil.lu\/de\/product\/kapuzenjacke-women-no-15\/#breadcrumb","itemListElement":[{"@type":"ListItem","position":1,"name":"Home","item":"https:\/\/www.creafil.lu\/de\/"},{"@type":"ListItem","position":2,"name":"Shop","item":"https:\/\/www.creafil.lu\/de\/shop\/"},{"@type":"ListItem","position":3,"name":"Kapuzenjacke women no 15"}]},{"@type":"WebSite","@id":"https:\/\/www.creafil.lu\/de\/#website","url":"https:\/\/www.creafil.lu\/de\/","name":"CREA Fil","description":"Magasin","potentialAction":[{"@type":"SearchAction","target":{"@type":"EntryPoint","urlTemplate":"https:\/\/www.creafil.lu\/de\/?s={search_term_string}"},"query-input":{"@type":"PropertyValueSpecification","valueRequired":true,"valueName":"search_term_string"}}],"inLanguage":"de"}]}},"_links":{"self":[{"href":"https:\/\/www.creafil.lu\/de\/wp-json\/wp\/v2\/product\/3649","targetHints":{"allow":["GET"]}}],"collection":[{"href":"https:\/\/www.creafil.lu\/de\/wp-json\/wp\/v2\/product"}],"about":[{"href":"https:\/\/www.creafil.lu\/de\/wp-json\/wp\/v2\/types\/product"}],"wp:featuredmedia":[{"embeddable":true,"href":"https:\/\/www.creafil.lu\/de\/wp-json\/wp\/v2\/media\/3651"}],"wp:attachment":[{"href":"https:\/\/www.creafil.lu\/de\/wp-json\/wp\/v2\/media?parent=3649"}],"wp:term":[{"taxonomy":"product_brand","embeddable":true,"href":"https:\/\/www.creafil.lu\/de\/wp-json\/wp\/v2\/product_brand?post=3649"},{"taxonomy":"product_cat","embeddable":true,"href":"https:\/\/www.creafil.lu\/de\/wp-json\/wp\/v2\/product_cat?post=3649"},{"taxonomy":"product_tag","embeddable":true,"href":"https:\/\/www.creafil.lu\/de\/wp-json\/wp\/v2\/product_tag?post=3649"}],"curies":[{"name":"wp","href":"https:\/\/api.w.org\/{rel}","templated":true}]}}