{"id":3629,"date":"2024-06-14T12:36:26","date_gmt":"2024-06-14T12:36:26","guid":{"rendered":"https:\/\/www.creafil.lu\/?post_type=product&#038;p=3629"},"modified":"2024-06-14T12:40:48","modified_gmt":"2024-06-14T12:40:48","slug":"fledermausshirt-murcia-women-no-87","status":"publish","type":"product","link":"https:\/\/www.creafil.lu\/de\/product\/fledermausshirt-murcia-women-no-87\/","title":{"rendered":"Fledermausshirt Murcia women no 87"},"content":{"rendered":"<p>Das lillesol women No.87 Fledermausshirt \u201cMurcia\u201d ist ein leger und luftig geschnittenes Oberteil mit l\u00e4ssiger Passform. Die weit geschnittenen, abgerundeten \u00c4rmel reichen fast bis zum Saum und erzeugen dadurch einen flie\u00dfenden, schwingenden Effekt. Der Halsausschnitt ist weit geschnitten und verleiht dem Shirt eine modische Note. Die BH-Tr\u00e4ger sind jedoch bedeckt.<\/p>\n<p>Die \u00c4rmel k\u00f6nnen in Dreiviertell\u00e4nge oder mit \u00fcberlangen B\u00fcndchen als Langarm gen\u00e4ht werden. Das Shirt wird wahlweise einfach ges\u00e4umt oder mit einem breiten B\u00fcndchen abgeschlossen. Besonders sch\u00f6n f\u00e4llt das Shirt aus flie\u00dfenden Stoffen.<\/p>\n<p>Stoffempfehlung:\u00a0Elastische Stoffe, wie z.B. Viskose-Jersey, Jersey oder Sweat mit Modal-Anteil<\/p>\n<p>Das Papier-Schnittmuster\u00a0enth\u00e4lt eine farbig gedruckte DinA4-Brosch\u00fcre mit\u00a0Schritt-f\u00fcr-Schritt-Fotoanleitung, Angaben zum Stoffverbrauch &amp; N\u00e4hhinweisen sowie\u00a0alle Schnittmuster f\u00fcr die\u00a0Gr\u00f6\u00dfen\u00a034 &#8211; 58\u00a0auf einem farbigen Gro\u00dfformat-Bogen. Als Extra liegt dem Schnittmuster eine Maxi-Karteikarte f\u00fcr individuelle N\u00e4hnotizen bei.<\/p>\n<p>Die Schnittteile dieses Schnittmusters k\u00f6nnen direkt ausgeschnitten werden. Ein Abpausen &#8211; wie normalerweise bei Schnittb\u00f6gen \u00fcblich &#8211; ist nicht notwendig, da die Schnittteile nicht \u00fcberlappen.<br \/>\nWir empfehlen Dir jedoch, trotzdem immer die Schnittteile abzupausen, damit Dir der Schnittbogen erhalten bleibt und Du ggf. sp\u00e4ter auch nochmal andere Gr\u00f6\u00dfen n\u00e4hen kannst.<\/p>\n<p>F\u00fcr dieses Schnittmuster gibt es eine Video-N\u00e4hanleitung:\u00a0<a href=\"https:\/\/youtu.be\/3zkdy3SF6R0\" data-link-type=\"external\" data-type=\"linkpicker\">https:\/\/youtu.be\/3zkdy3SF6R0<\/a><\/p>\n<p>&nbsp;<\/p>\n<p>&nbsp;<\/p>\n","protected":false},"excerpt":{"rendered":"<p>Fledermausshirt Murcia women no 87 gr. 34-58<\/p>\n","protected":false},"featured_media":3631,"template":"","meta":{"_acf_changed":false,"inline_featured_image":false},"product_brand":[],"product_cat":[358],"product_tag":[],"class_list":{"0":"post-3629","1":"product","2":"type-product","3":"status-publish","4":"has-post-thumbnail","6":"product_cat-buecher-schnittmuster","8":"first","9":"instock","10":"taxable","11":"shipping-taxable","12":"purchasable","13":"product-type-simple"},"acf":[],"yoast_head":"<!-- This site is optimized with the Yoast SEO plugin v24.4 - https:\/\/yoast.com\/wordpress\/plugins\/seo\/ -->\n<title>Fledermausshirt Murcia women no 87 - CREA Fil<\/title>\n<meta name=\"robots\" content=\"index, follow, max-snippet:-1, max-image-preview:large, max-video-preview:-1\" \/>\n<link rel=\"canonical\" href=\"https:\/\/www.creafil.lu\/de\/product\/fledermausshirt-murcia-women-no-87\/\" \/>\n<meta property=\"og:locale\" content=\"de_DE\" \/>\n<meta property=\"og:type\" content=\"article\" \/>\n<meta property=\"og:title\" content=\"Fledermausshirt Murcia women no 87 - CREA Fil\" \/>\n<meta property=\"og:description\" content=\"Fledermausshirt Murcia women no 87 gr. 34-58\" \/>\n<meta property=\"og:url\" content=\"https:\/\/www.creafil.lu\/de\/product\/fledermausshirt-murcia-women-no-87\/\" \/>\n<meta property=\"og:site_name\" content=\"CREA Fil\" \/>\n<meta property=\"article:modified_time\" content=\"2024-06-14T12:40:48+00:00\" \/>\n<meta property=\"og:image\" content=\"https:\/\/www.creafil.lu\/wp-content\/uploads\/2024\/06\/Titelbild_lw87_RGB_Kopie_ml.jpg\" \/>\n\t<meta property=\"og:image:width\" content=\"707\" \/>\n\t<meta property=\"og:image:height\" content=\"1000\" \/>\n\t<meta property=\"og:image:type\" content=\"image\/jpeg\" \/>\n<meta name=\"twitter:card\" content=\"summary_large_image\" \/>\n<meta name=\"twitter:label1\" content=\"Gesch\u00e4tzte Lesezeit\" \/>\n\t<meta name=\"twitter:data1\" content=\"2\u00a0Minuten\" \/>\n<script type=\"application\/ld+json\" class=\"yoast-schema-graph\">{\"@context\":\"https:\/\/schema.org\",\"@graph\":[{\"@type\":\"WebPage\",\"@id\":\"https:\/\/www.creafil.lu\/de\/product\/fledermausshirt-murcia-women-no-87\/\",\"url\":\"https:\/\/www.creafil.lu\/de\/product\/fledermausshirt-murcia-women-no-87\/\",\"name\":\"Fledermausshirt Murcia women no 87 - CREA Fil\",\"isPartOf\":{\"@id\":\"https:\/\/www.creafil.lu\/de\/#website\"},\"primaryImageOfPage\":{\"@id\":\"https:\/\/www.creafil.lu\/de\/product\/fledermausshirt-murcia-women-no-87\/#primaryimage\"},\"image\":{\"@id\":\"https:\/\/www.creafil.lu\/de\/product\/fledermausshirt-murcia-women-no-87\/#primaryimage\"},\"thumbnailUrl\":\"https:\/\/www.creafil.lu\/wp-content\/uploads\/2024\/06\/Titelbild_lw87_RGB_Kopie_ml.jpg\",\"datePublished\":\"2024-06-14T12:36:26+00:00\",\"dateModified\":\"2024-06-14T12:40:48+00:00\",\"breadcrumb\":{\"@id\":\"https:\/\/www.creafil.lu\/de\/product\/fledermausshirt-murcia-women-no-87\/#breadcrumb\"},\"inLanguage\":\"de\",\"potentialAction\":[{\"@type\":\"ReadAction\",\"target\":[\"https:\/\/www.creafil.lu\/de\/product\/fledermausshirt-murcia-women-no-87\/\"]}]},{\"@type\":\"ImageObject\",\"inLanguage\":\"de\",\"@id\":\"https:\/\/www.creafil.lu\/de\/product\/fledermausshirt-murcia-women-no-87\/#primaryimage\",\"url\":\"https:\/\/www.creafil.lu\/wp-content\/uploads\/2024\/06\/Titelbild_lw87_RGB_Kopie_ml.jpg\",\"contentUrl\":\"https:\/\/www.creafil.lu\/wp-content\/uploads\/2024\/06\/Titelbild_lw87_RGB_Kopie_ml.jpg\",\"width\":707,\"height\":1000},{\"@type\":\"BreadcrumbList\",\"@id\":\"https:\/\/www.creafil.lu\/de\/product\/fledermausshirt-murcia-women-no-87\/#breadcrumb\",\"itemListElement\":[{\"@type\":\"ListItem\",\"position\":1,\"name\":\"Home\",\"item\":\"https:\/\/www.creafil.lu\/de\/\"},{\"@type\":\"ListItem\",\"position\":2,\"name\":\"Shop\",\"item\":\"https:\/\/www.creafil.lu\/de\/shop\/\"},{\"@type\":\"ListItem\",\"position\":3,\"name\":\"Fledermausshirt Murcia women no 87\"}]},{\"@type\":\"WebSite\",\"@id\":\"https:\/\/www.creafil.lu\/de\/#website\",\"url\":\"https:\/\/www.creafil.lu\/de\/\",\"name\":\"CREA Fil\",\"description\":\"Magasin\",\"potentialAction\":[{\"@type\":\"SearchAction\",\"target\":{\"@type\":\"EntryPoint\",\"urlTemplate\":\"https:\/\/www.creafil.lu\/de\/?s={search_term_string}\"},\"query-input\":{\"@type\":\"PropertyValueSpecification\",\"valueRequired\":true,\"valueName\":\"search_term_string\"}}],\"inLanguage\":\"de\"}]}<\/script>\n<!-- \/ Yoast SEO plugin. -->","yoast_head_json":{"title":"Fledermausshirt Murcia women no 87 - CREA Fil","robots":{"index":"index","follow":"follow","max-snippet":"max-snippet:-1","max-image-preview":"max-image-preview:large","max-video-preview":"max-video-preview:-1"},"canonical":"https:\/\/www.creafil.lu\/de\/product\/fledermausshirt-murcia-women-no-87\/","og_locale":"de_DE","og_type":"article","og_title":"Fledermausshirt Murcia women no 87 - CREA Fil","og_description":"Fledermausshirt Murcia women no 87 gr. 34-58","og_url":"https:\/\/www.creafil.lu\/de\/product\/fledermausshirt-murcia-women-no-87\/","og_site_name":"CREA Fil","article_modified_time":"2024-06-14T12:40:48+00:00","og_image":[{"width":707,"height":1000,"url":"https:\/\/www.creafil.lu\/wp-content\/uploads\/2024\/06\/Titelbild_lw87_RGB_Kopie_ml.jpg","type":"image\/jpeg"}],"twitter_card":"summary_large_image","twitter_misc":{"Gesch\u00e4tzte Lesezeit":"2\u00a0Minuten"},"schema":{"@context":"https:\/\/schema.org","@graph":[{"@type":"WebPage","@id":"https:\/\/www.creafil.lu\/de\/product\/fledermausshirt-murcia-women-no-87\/","url":"https:\/\/www.creafil.lu\/de\/product\/fledermausshirt-murcia-women-no-87\/","name":"Fledermausshirt Murcia women no 87 - CREA Fil","isPartOf":{"@id":"https:\/\/www.creafil.lu\/de\/#website"},"primaryImageOfPage":{"@id":"https:\/\/www.creafil.lu\/de\/product\/fledermausshirt-murcia-women-no-87\/#primaryimage"},"image":{"@id":"https:\/\/www.creafil.lu\/de\/product\/fledermausshirt-murcia-women-no-87\/#primaryimage"},"thumbnailUrl":"https:\/\/www.creafil.lu\/wp-content\/uploads\/2024\/06\/Titelbild_lw87_RGB_Kopie_ml.jpg","datePublished":"2024-06-14T12:36:26+00:00","dateModified":"2024-06-14T12:40:48+00:00","breadcrumb":{"@id":"https:\/\/www.creafil.lu\/de\/product\/fledermausshirt-murcia-women-no-87\/#breadcrumb"},"inLanguage":"de","potentialAction":[{"@type":"ReadAction","target":["https:\/\/www.creafil.lu\/de\/product\/fledermausshirt-murcia-women-no-87\/"]}]},{"@type":"ImageObject","inLanguage":"de","@id":"https:\/\/www.creafil.lu\/de\/product\/fledermausshirt-murcia-women-no-87\/#primaryimage","url":"https:\/\/www.creafil.lu\/wp-content\/uploads\/2024\/06\/Titelbild_lw87_RGB_Kopie_ml.jpg","contentUrl":"https:\/\/www.creafil.lu\/wp-content\/uploads\/2024\/06\/Titelbild_lw87_RGB_Kopie_ml.jpg","width":707,"height":1000},{"@type":"BreadcrumbList","@id":"https:\/\/www.creafil.lu\/de\/product\/fledermausshirt-murcia-women-no-87\/#breadcrumb","itemListElement":[{"@type":"ListItem","position":1,"name":"Home","item":"https:\/\/www.creafil.lu\/de\/"},{"@type":"ListItem","position":2,"name":"Shop","item":"https:\/\/www.creafil.lu\/de\/shop\/"},{"@type":"ListItem","position":3,"name":"Fledermausshirt Murcia women no 87"}]},{"@type":"WebSite","@id":"https:\/\/www.creafil.lu\/de\/#website","url":"https:\/\/www.creafil.lu\/de\/","name":"CREA Fil","description":"Magasin","potentialAction":[{"@type":"SearchAction","target":{"@type":"EntryPoint","urlTemplate":"https:\/\/www.creafil.lu\/de\/?s={search_term_string}"},"query-input":{"@type":"PropertyValueSpecification","valueRequired":true,"valueName":"search_term_string"}}],"inLanguage":"de"}]}},"_links":{"self":[{"href":"https:\/\/www.creafil.lu\/de\/wp-json\/wp\/v2\/product\/3629","targetHints":{"allow":["GET"]}}],"collection":[{"href":"https:\/\/www.creafil.lu\/de\/wp-json\/wp\/v2\/product"}],"about":[{"href":"https:\/\/www.creafil.lu\/de\/wp-json\/wp\/v2\/types\/product"}],"wp:featuredmedia":[{"embeddable":true,"href":"https:\/\/www.creafil.lu\/de\/wp-json\/wp\/v2\/media\/3631"}],"wp:attachment":[{"href":"https:\/\/www.creafil.lu\/de\/wp-json\/wp\/v2\/media?parent=3629"}],"wp:term":[{"taxonomy":"product_brand","embeddable":true,"href":"https:\/\/www.creafil.lu\/de\/wp-json\/wp\/v2\/product_brand?post=3629"},{"taxonomy":"product_cat","embeddable":true,"href":"https:\/\/www.creafil.lu\/de\/wp-json\/wp\/v2\/product_cat?post=3629"},{"taxonomy":"product_tag","embeddable":true,"href":"https:\/\/www.creafil.lu\/de\/wp-json\/wp\/v2\/product_tag?post=3629"}],"curies":[{"name":"wp","href":"https:\/\/api.w.org\/{rel}","templated":true}]}}