{"id":3624,"date":"2024-06-14T12:31:13","date_gmt":"2024-06-14T12:31:13","guid":{"rendered":"https:\/\/www.creafil.lu\/?post_type=product&#038;p=3624"},"modified":"2024-06-14T12:42:22","modified_gmt":"2024-06-14T12:42:22","slug":"basic-t-shirt-women-no-56","status":"publish","type":"product","link":"https:\/\/www.creafil.lu\/de\/product\/basic-t-shirt-women-no-56\/","title":{"rendered":"Basic  T-Shirt women no 56"},"content":{"rendered":"<p>Das lillesol women No.56 Basic T-Shirt ist ein leicht und schnell zu n\u00e4hendes Schnittmuster f\u00fcr die sportliche Sommergarderobe.<\/p>\n<p>Es sind drei verschiedene \u00c4rmell\u00e4ngen im Schnittmuster: ein sehr kurzer \u00c4rmel, ein kurzer \u00c4rmel und ein Halbarm.<br \/>\nDer Saum kann gerade oder in abgerundeter Form gen\u00e4ht werden.<\/p>\n<p>Weiterhin sind drei verschiedene Ausschnitt-Varianten m\u00f6glich: ein kleiner Rundhals-Ausschnitt, ein tiefer Rundhals-Ausschnitt und ein V-Ausschnitt. Als Bonus wird in der Anleitung erkl\u00e4rt, wie nebender klassischen V-Ausschnitt-Variante ganz einfach ein \u201efalscher\u201c V-Ausschnitt gen\u00e4ht werden kann.<\/p>\n<p>Damit sind auch N\u00e4h-Anf\u00e4nger auf der sicheren Seite.<br \/>\nIn den Gr\u00f6\u00dfen ab 42 sind f\u00fcr einen besseren Sitz Brustabn\u00e4her vorgesehen<\/p>\n<p>Stoffempfehlung:\u00a0Es sollten dehnbare Stoffe verwendet werden wie z.B. Jersey, Sommersweat, Jacquard, etc.<\/p>\n<p>Das Papier-Schnittmuster\u00a0enth\u00e4lt eine farbig gedruckte DinA4-Brosch\u00fcre mit\u00a0Schritt-f\u00fcr-Schritt-Fotoanleitung, Angaben zum Stoffverbrauch &amp; N\u00e4hhinweisen sowie\u00a0alle Schnittmuster f\u00fcr die\u00a0Gr\u00f6\u00dfen\u00a034 &#8211; 58\u00a0auf einem farbigen\u00a0DinA0-Bogen. Als Extra liegt dem Schnittmuster eine Maxi-Karteikarte f\u00fcr individuelle N\u00e4hnotizen bei.<\/p>\n<p>F\u00fcr dieses Schnittmuster gibt es eine Video-N\u00e4hanleitung:<a href=\"http:\/\/%20https\/\/youtu.be\/Lzcb1WfOZQw\" data-link-type=\"external\" data-type=\"linkpicker\">\u00a0<\/a><a href=\"https:\/\/youtu.be\/Kkqnjh4nvSY\" data-link-type=\"external\" data-type=\"linkpicker\">https:\/\/youtu.be\/Kkqnjh4nvSY<\/a><\/p>\n<p>&nbsp;<\/p>\n<p>&nbsp;<\/p>\n","protected":false},"excerpt":{"rendered":"<p>Basic t-Shirt women no 56 gr. 34-58<\/p>\n","protected":false},"featured_media":3626,"template":"","meta":{"_acf_changed":false,"inline_featured_image":false},"product_brand":[],"product_cat":[358],"product_tag":[],"class_list":{"0":"post-3624","1":"product","2":"type-product","3":"status-publish","4":"has-post-thumbnail","6":"product_cat-buecher-schnittmuster","8":"first","9":"instock","10":"taxable","11":"shipping-taxable","12":"purchasable","13":"product-type-simple"},"acf":[],"yoast_head":"<!-- This site is optimized with the Yoast SEO plugin v24.4 - https:\/\/yoast.com\/wordpress\/plugins\/seo\/ -->\n<title>Basic T-Shirt women no 56 - CREA Fil<\/title>\n<meta name=\"robots\" content=\"index, follow, max-snippet:-1, max-image-preview:large, max-video-preview:-1\" \/>\n<link rel=\"canonical\" href=\"https:\/\/www.creafil.lu\/de\/product\/basic-t-shirt-women-no-56\/\" \/>\n<meta property=\"og:locale\" content=\"de_DE\" \/>\n<meta property=\"og:type\" content=\"article\" \/>\n<meta property=\"og:title\" content=\"Basic T-Shirt women no 56 - CREA Fil\" \/>\n<meta property=\"og:description\" content=\"Basic t-Shirt women no 56 gr. 34-58\" \/>\n<meta property=\"og:url\" content=\"https:\/\/www.creafil.lu\/de\/product\/basic-t-shirt-women-no-56\/\" \/>\n<meta property=\"og:site_name\" content=\"CREA Fil\" \/>\n<meta property=\"article:modified_time\" content=\"2024-06-14T12:42:22+00:00\" \/>\n<meta property=\"og:image\" content=\"https:\/\/www.creafil.lu\/wp-content\/uploads\/2024\/06\/lw4_Titelbild_RGB_NEU_Kopie_ml-1.jpg\" \/>\n\t<meta property=\"og:image:width\" content=\"707\" \/>\n\t<meta property=\"og:image:height\" content=\"1000\" \/>\n\t<meta property=\"og:image:type\" content=\"image\/jpeg\" \/>\n<meta name=\"twitter:card\" content=\"summary_large_image\" \/>\n<meta name=\"twitter:label1\" content=\"Gesch\u00e4tzte Lesezeit\" \/>\n\t<meta name=\"twitter:data1\" content=\"1\u00a0Minute\" \/>\n<script type=\"application\/ld+json\" class=\"yoast-schema-graph\">{\"@context\":\"https:\/\/schema.org\",\"@graph\":[{\"@type\":\"WebPage\",\"@id\":\"https:\/\/www.creafil.lu\/de\/product\/basic-t-shirt-women-no-56\/\",\"url\":\"https:\/\/www.creafil.lu\/de\/product\/basic-t-shirt-women-no-56\/\",\"name\":\"Basic T-Shirt women no 56 - CREA Fil\",\"isPartOf\":{\"@id\":\"https:\/\/www.creafil.lu\/de\/#website\"},\"primaryImageOfPage\":{\"@id\":\"https:\/\/www.creafil.lu\/de\/product\/basic-t-shirt-women-no-56\/#primaryimage\"},\"image\":{\"@id\":\"https:\/\/www.creafil.lu\/de\/product\/basic-t-shirt-women-no-56\/#primaryimage\"},\"thumbnailUrl\":\"https:\/\/www.creafil.lu\/wp-content\/uploads\/2024\/06\/lw4_Titelbild_RGB_NEU_Kopie_ml-1.jpg\",\"datePublished\":\"2024-06-14T12:31:13+00:00\",\"dateModified\":\"2024-06-14T12:42:22+00:00\",\"breadcrumb\":{\"@id\":\"https:\/\/www.creafil.lu\/de\/product\/basic-t-shirt-women-no-56\/#breadcrumb\"},\"inLanguage\":\"de\",\"potentialAction\":[{\"@type\":\"ReadAction\",\"target\":[\"https:\/\/www.creafil.lu\/de\/product\/basic-t-shirt-women-no-56\/\"]}]},{\"@type\":\"ImageObject\",\"inLanguage\":\"de\",\"@id\":\"https:\/\/www.creafil.lu\/de\/product\/basic-t-shirt-women-no-56\/#primaryimage\",\"url\":\"https:\/\/www.creafil.lu\/wp-content\/uploads\/2024\/06\/lw4_Titelbild_RGB_NEU_Kopie_ml-1.jpg\",\"contentUrl\":\"https:\/\/www.creafil.lu\/wp-content\/uploads\/2024\/06\/lw4_Titelbild_RGB_NEU_Kopie_ml-1.jpg\",\"width\":707,\"height\":1000},{\"@type\":\"BreadcrumbList\",\"@id\":\"https:\/\/www.creafil.lu\/de\/product\/basic-t-shirt-women-no-56\/#breadcrumb\",\"itemListElement\":[{\"@type\":\"ListItem\",\"position\":1,\"name\":\"Home\",\"item\":\"https:\/\/www.creafil.lu\/de\/\"},{\"@type\":\"ListItem\",\"position\":2,\"name\":\"Shop\",\"item\":\"https:\/\/www.creafil.lu\/de\/shop\/\"},{\"@type\":\"ListItem\",\"position\":3,\"name\":\"Basic T-Shirt women no 56\"}]},{\"@type\":\"WebSite\",\"@id\":\"https:\/\/www.creafil.lu\/de\/#website\",\"url\":\"https:\/\/www.creafil.lu\/de\/\",\"name\":\"CREA Fil\",\"description\":\"Magasin\",\"potentialAction\":[{\"@type\":\"SearchAction\",\"target\":{\"@type\":\"EntryPoint\",\"urlTemplate\":\"https:\/\/www.creafil.lu\/de\/?s={search_term_string}\"},\"query-input\":{\"@type\":\"PropertyValueSpecification\",\"valueRequired\":true,\"valueName\":\"search_term_string\"}}],\"inLanguage\":\"de\"}]}<\/script>\n<!-- \/ Yoast SEO plugin. -->","yoast_head_json":{"title":"Basic T-Shirt women no 56 - CREA Fil","robots":{"index":"index","follow":"follow","max-snippet":"max-snippet:-1","max-image-preview":"max-image-preview:large","max-video-preview":"max-video-preview:-1"},"canonical":"https:\/\/www.creafil.lu\/de\/product\/basic-t-shirt-women-no-56\/","og_locale":"de_DE","og_type":"article","og_title":"Basic T-Shirt women no 56 - CREA Fil","og_description":"Basic t-Shirt women no 56 gr. 34-58","og_url":"https:\/\/www.creafil.lu\/de\/product\/basic-t-shirt-women-no-56\/","og_site_name":"CREA Fil","article_modified_time":"2024-06-14T12:42:22+00:00","og_image":[{"width":707,"height":1000,"url":"https:\/\/www.creafil.lu\/wp-content\/uploads\/2024\/06\/lw4_Titelbild_RGB_NEU_Kopie_ml-1.jpg","type":"image\/jpeg"}],"twitter_card":"summary_large_image","twitter_misc":{"Gesch\u00e4tzte Lesezeit":"1\u00a0Minute"},"schema":{"@context":"https:\/\/schema.org","@graph":[{"@type":"WebPage","@id":"https:\/\/www.creafil.lu\/de\/product\/basic-t-shirt-women-no-56\/","url":"https:\/\/www.creafil.lu\/de\/product\/basic-t-shirt-women-no-56\/","name":"Basic T-Shirt women no 56 - CREA Fil","isPartOf":{"@id":"https:\/\/www.creafil.lu\/de\/#website"},"primaryImageOfPage":{"@id":"https:\/\/www.creafil.lu\/de\/product\/basic-t-shirt-women-no-56\/#primaryimage"},"image":{"@id":"https:\/\/www.creafil.lu\/de\/product\/basic-t-shirt-women-no-56\/#primaryimage"},"thumbnailUrl":"https:\/\/www.creafil.lu\/wp-content\/uploads\/2024\/06\/lw4_Titelbild_RGB_NEU_Kopie_ml-1.jpg","datePublished":"2024-06-14T12:31:13+00:00","dateModified":"2024-06-14T12:42:22+00:00","breadcrumb":{"@id":"https:\/\/www.creafil.lu\/de\/product\/basic-t-shirt-women-no-56\/#breadcrumb"},"inLanguage":"de","potentialAction":[{"@type":"ReadAction","target":["https:\/\/www.creafil.lu\/de\/product\/basic-t-shirt-women-no-56\/"]}]},{"@type":"ImageObject","inLanguage":"de","@id":"https:\/\/www.creafil.lu\/de\/product\/basic-t-shirt-women-no-56\/#primaryimage","url":"https:\/\/www.creafil.lu\/wp-content\/uploads\/2024\/06\/lw4_Titelbild_RGB_NEU_Kopie_ml-1.jpg","contentUrl":"https:\/\/www.creafil.lu\/wp-content\/uploads\/2024\/06\/lw4_Titelbild_RGB_NEU_Kopie_ml-1.jpg","width":707,"height":1000},{"@type":"BreadcrumbList","@id":"https:\/\/www.creafil.lu\/de\/product\/basic-t-shirt-women-no-56\/#breadcrumb","itemListElement":[{"@type":"ListItem","position":1,"name":"Home","item":"https:\/\/www.creafil.lu\/de\/"},{"@type":"ListItem","position":2,"name":"Shop","item":"https:\/\/www.creafil.lu\/de\/shop\/"},{"@type":"ListItem","position":3,"name":"Basic T-Shirt women no 56"}]},{"@type":"WebSite","@id":"https:\/\/www.creafil.lu\/de\/#website","url":"https:\/\/www.creafil.lu\/de\/","name":"CREA Fil","description":"Magasin","potentialAction":[{"@type":"SearchAction","target":{"@type":"EntryPoint","urlTemplate":"https:\/\/www.creafil.lu\/de\/?s={search_term_string}"},"query-input":{"@type":"PropertyValueSpecification","valueRequired":true,"valueName":"search_term_string"}}],"inLanguage":"de"}]}},"_links":{"self":[{"href":"https:\/\/www.creafil.lu\/de\/wp-json\/wp\/v2\/product\/3624","targetHints":{"allow":["GET"]}}],"collection":[{"href":"https:\/\/www.creafil.lu\/de\/wp-json\/wp\/v2\/product"}],"about":[{"href":"https:\/\/www.creafil.lu\/de\/wp-json\/wp\/v2\/types\/product"}],"wp:featuredmedia":[{"embeddable":true,"href":"https:\/\/www.creafil.lu\/de\/wp-json\/wp\/v2\/media\/3626"}],"wp:attachment":[{"href":"https:\/\/www.creafil.lu\/de\/wp-json\/wp\/v2\/media?parent=3624"}],"wp:term":[{"taxonomy":"product_brand","embeddable":true,"href":"https:\/\/www.creafil.lu\/de\/wp-json\/wp\/v2\/product_brand?post=3624"},{"taxonomy":"product_cat","embeddable":true,"href":"https:\/\/www.creafil.lu\/de\/wp-json\/wp\/v2\/product_cat?post=3624"},{"taxonomy":"product_tag","embeddable":true,"href":"https:\/\/www.creafil.lu\/de\/wp-json\/wp\/v2\/product_tag?post=3624"}],"curies":[{"name":"wp","href":"https:\/\/api.w.org\/{rel}","templated":true}]}}