{"id":3609,"date":"2024-06-14T12:10:24","date_gmt":"2024-06-14T12:10:24","guid":{"rendered":"https:\/\/www.creafil.lu\/?post_type=product&#038;p=3609"},"modified":"2024-06-14T12:15:22","modified_gmt":"2024-06-14T12:15:22","slug":"jerseybluse-leanna-woman-no-57","status":"publish","type":"product","link":"https:\/\/www.creafil.lu\/de\/product\/jerseybluse-leanna-woman-no-57\/","title":{"rendered":"Jerseybluse &#8222;Leanna&#8220; women no 57"},"content":{"rendered":"<p>Die lillesol women No.57 Jerseybluse \u201cLeanna\u201d ist eine klassisch geschnittene Bluse mit Knopfleiste, Steg und Kragen. Das besondere daran ist jedoch, dass sie f\u00fcr Jerseystoffe entworfen wurde und damit ideal f\u00fcr ein sportlich schickes Outfit ist.<br \/>\nDie Jerseybluse kann mit langen oder kurzen \u00c4rmeln gen\u00e4ht werden, optional auch mit Manschetten. Sie hat eine R\u00fcckenteil- sowie eine Vorderteilpasse und englische N\u00e4hte, die die Bluse taillieren. Die Jerseybluse \u201eLeanna\u201c ist eher schmal geschnitten.<\/p>\n<p>Stoffempfehlung:\u00a0Es sollten dehnbare Stoffe verwendet werden wie z.B. Jersey oder sehr leichter Sommersweat<\/p>\n<p>Das Papier-Schnittmuster\u00a0enth\u00e4lt eine farbig gedruckte DinA4-Brosch\u00fcre mit\u00a0Schritt-f\u00fcr-Schritt-Fotoanleitung, Angaben zum Stoffverbrauch &amp; N\u00e4hhinweisen sowie\u00a0alle Schnittmuster f\u00fcr die\u00a0Gr\u00f6\u00dfen\u00a034 &#8211; 50 auf einem farbigen\u00a0DinA0-Bogen. Als Extra liegt dem Schnittmuster eine Maxi-Karteikarte f\u00fcr individuelle N\u00e4hnotizen bei.<\/p>\n<p>F\u00fcr dieses Schnittmuster gibt es eine Video-N\u00e4hanleitung:<a href=\"http:\/\/%20https\/\/youtu.be\/Lzcb1WfOZQw\" data-link-type=\"external\" data-type=\"linkpicker\">\u00a0<\/a><a href=\"https:\/\/youtu.be\/GS1BzPe5fFE\" data-link-type=\"external\" data-type=\"linkpicker\">https:\/\/youtu.be\/GS1BzPe5fFE<\/a><\/p>\n","protected":false},"excerpt":{"rendered":"<p>Jerseybluse Leanna women no 57\u00a0 Gr.34 &#8211; 58<\/p>\n<p>&nbsp;<\/p>\n","protected":false},"featured_media":3611,"template":"","meta":{"_acf_changed":false,"inline_featured_image":false},"product_brand":[],"product_cat":[358],"product_tag":[],"class_list":{"0":"post-3609","1":"product","2":"type-product","3":"status-publish","4":"has-post-thumbnail","6":"product_cat-buecher-schnittmuster","8":"first","9":"instock","10":"taxable","11":"shipping-taxable","12":"purchasable","13":"product-type-simple"},"acf":[],"yoast_head":"<!-- This site is optimized with the Yoast SEO plugin v24.4 - https:\/\/yoast.com\/wordpress\/plugins\/seo\/ -->\n<title>Jerseybluse &quot;Leanna&quot; women no 57 - CREA Fil<\/title>\n<meta name=\"robots\" content=\"index, follow, max-snippet:-1, max-image-preview:large, max-video-preview:-1\" \/>\n<link rel=\"canonical\" href=\"https:\/\/www.creafil.lu\/de\/product\/jerseybluse-leanna-woman-no-57\/\" \/>\n<meta property=\"og:locale\" content=\"de_DE\" \/>\n<meta property=\"og:type\" content=\"article\" \/>\n<meta property=\"og:title\" content=\"Jerseybluse &quot;Leanna&quot; women no 57 - CREA Fil\" \/>\n<meta property=\"og:description\" content=\"Jerseybluse Leanna women no 57\u00a0 Gr.34 - 58  &nbsp;\" \/>\n<meta property=\"og:url\" content=\"https:\/\/www.creafil.lu\/de\/product\/jerseybluse-leanna-woman-no-57\/\" \/>\n<meta property=\"og:site_name\" content=\"CREA Fil\" \/>\n<meta property=\"article:modified_time\" content=\"2024-06-14T12:15:22+00:00\" \/>\n<meta property=\"og:image\" content=\"https:\/\/www.creafil.lu\/wp-content\/uploads\/2024\/06\/lw57_Titelbild_RGB_ml.jpg\" \/>\n\t<meta property=\"og:image:width\" content=\"707\" \/>\n\t<meta property=\"og:image:height\" content=\"1000\" \/>\n\t<meta property=\"og:image:type\" content=\"image\/jpeg\" \/>\n<meta name=\"twitter:card\" content=\"summary_large_image\" \/>\n<meta name=\"twitter:label1\" content=\"Gesch\u00e4tzte Lesezeit\" \/>\n\t<meta name=\"twitter:data1\" content=\"1\u00a0Minute\" \/>\n<script type=\"application\/ld+json\" class=\"yoast-schema-graph\">{\"@context\":\"https:\/\/schema.org\",\"@graph\":[{\"@type\":\"WebPage\",\"@id\":\"https:\/\/www.creafil.lu\/de\/product\/jerseybluse-leanna-woman-no-57\/\",\"url\":\"https:\/\/www.creafil.lu\/de\/product\/jerseybluse-leanna-woman-no-57\/\",\"name\":\"Jerseybluse \\\"Leanna\\\" women no 57 - CREA Fil\",\"isPartOf\":{\"@id\":\"https:\/\/www.creafil.lu\/de\/#website\"},\"primaryImageOfPage\":{\"@id\":\"https:\/\/www.creafil.lu\/de\/product\/jerseybluse-leanna-woman-no-57\/#primaryimage\"},\"image\":{\"@id\":\"https:\/\/www.creafil.lu\/de\/product\/jerseybluse-leanna-woman-no-57\/#primaryimage\"},\"thumbnailUrl\":\"https:\/\/www.creafil.lu\/wp-content\/uploads\/2024\/06\/lw57_Titelbild_RGB_ml.jpg\",\"datePublished\":\"2024-06-14T12:10:24+00:00\",\"dateModified\":\"2024-06-14T12:15:22+00:00\",\"breadcrumb\":{\"@id\":\"https:\/\/www.creafil.lu\/de\/product\/jerseybluse-leanna-woman-no-57\/#breadcrumb\"},\"inLanguage\":\"de\",\"potentialAction\":[{\"@type\":\"ReadAction\",\"target\":[\"https:\/\/www.creafil.lu\/de\/product\/jerseybluse-leanna-woman-no-57\/\"]}]},{\"@type\":\"ImageObject\",\"inLanguage\":\"de\",\"@id\":\"https:\/\/www.creafil.lu\/de\/product\/jerseybluse-leanna-woman-no-57\/#primaryimage\",\"url\":\"https:\/\/www.creafil.lu\/wp-content\/uploads\/2024\/06\/lw57_Titelbild_RGB_ml.jpg\",\"contentUrl\":\"https:\/\/www.creafil.lu\/wp-content\/uploads\/2024\/06\/lw57_Titelbild_RGB_ml.jpg\",\"width\":707,\"height\":1000},{\"@type\":\"BreadcrumbList\",\"@id\":\"https:\/\/www.creafil.lu\/de\/product\/jerseybluse-leanna-woman-no-57\/#breadcrumb\",\"itemListElement\":[{\"@type\":\"ListItem\",\"position\":1,\"name\":\"Home\",\"item\":\"https:\/\/www.creafil.lu\/de\/\"},{\"@type\":\"ListItem\",\"position\":2,\"name\":\"Shop\",\"item\":\"https:\/\/www.creafil.lu\/de\/shop\/\"},{\"@type\":\"ListItem\",\"position\":3,\"name\":\"Jerseybluse &#8222;Leanna&#8220; women no 57\"}]},{\"@type\":\"WebSite\",\"@id\":\"https:\/\/www.creafil.lu\/de\/#website\",\"url\":\"https:\/\/www.creafil.lu\/de\/\",\"name\":\"CREA Fil\",\"description\":\"Magasin\",\"potentialAction\":[{\"@type\":\"SearchAction\",\"target\":{\"@type\":\"EntryPoint\",\"urlTemplate\":\"https:\/\/www.creafil.lu\/de\/?s={search_term_string}\"},\"query-input\":{\"@type\":\"PropertyValueSpecification\",\"valueRequired\":true,\"valueName\":\"search_term_string\"}}],\"inLanguage\":\"de\"}]}<\/script>\n<!-- \/ Yoast SEO plugin. -->","yoast_head_json":{"title":"Jerseybluse \"Leanna\" women no 57 - CREA Fil","robots":{"index":"index","follow":"follow","max-snippet":"max-snippet:-1","max-image-preview":"max-image-preview:large","max-video-preview":"max-video-preview:-1"},"canonical":"https:\/\/www.creafil.lu\/de\/product\/jerseybluse-leanna-woman-no-57\/","og_locale":"de_DE","og_type":"article","og_title":"Jerseybluse \"Leanna\" women no 57 - CREA Fil","og_description":"Jerseybluse Leanna women no 57\u00a0 Gr.34 - 58  &nbsp;","og_url":"https:\/\/www.creafil.lu\/de\/product\/jerseybluse-leanna-woman-no-57\/","og_site_name":"CREA Fil","article_modified_time":"2024-06-14T12:15:22+00:00","og_image":[{"width":707,"height":1000,"url":"https:\/\/www.creafil.lu\/wp-content\/uploads\/2024\/06\/lw57_Titelbild_RGB_ml.jpg","type":"image\/jpeg"}],"twitter_card":"summary_large_image","twitter_misc":{"Gesch\u00e4tzte Lesezeit":"1\u00a0Minute"},"schema":{"@context":"https:\/\/schema.org","@graph":[{"@type":"WebPage","@id":"https:\/\/www.creafil.lu\/de\/product\/jerseybluse-leanna-woman-no-57\/","url":"https:\/\/www.creafil.lu\/de\/product\/jerseybluse-leanna-woman-no-57\/","name":"Jerseybluse \"Leanna\" women no 57 - CREA Fil","isPartOf":{"@id":"https:\/\/www.creafil.lu\/de\/#website"},"primaryImageOfPage":{"@id":"https:\/\/www.creafil.lu\/de\/product\/jerseybluse-leanna-woman-no-57\/#primaryimage"},"image":{"@id":"https:\/\/www.creafil.lu\/de\/product\/jerseybluse-leanna-woman-no-57\/#primaryimage"},"thumbnailUrl":"https:\/\/www.creafil.lu\/wp-content\/uploads\/2024\/06\/lw57_Titelbild_RGB_ml.jpg","datePublished":"2024-06-14T12:10:24+00:00","dateModified":"2024-06-14T12:15:22+00:00","breadcrumb":{"@id":"https:\/\/www.creafil.lu\/de\/product\/jerseybluse-leanna-woman-no-57\/#breadcrumb"},"inLanguage":"de","potentialAction":[{"@type":"ReadAction","target":["https:\/\/www.creafil.lu\/de\/product\/jerseybluse-leanna-woman-no-57\/"]}]},{"@type":"ImageObject","inLanguage":"de","@id":"https:\/\/www.creafil.lu\/de\/product\/jerseybluse-leanna-woman-no-57\/#primaryimage","url":"https:\/\/www.creafil.lu\/wp-content\/uploads\/2024\/06\/lw57_Titelbild_RGB_ml.jpg","contentUrl":"https:\/\/www.creafil.lu\/wp-content\/uploads\/2024\/06\/lw57_Titelbild_RGB_ml.jpg","width":707,"height":1000},{"@type":"BreadcrumbList","@id":"https:\/\/www.creafil.lu\/de\/product\/jerseybluse-leanna-woman-no-57\/#breadcrumb","itemListElement":[{"@type":"ListItem","position":1,"name":"Home","item":"https:\/\/www.creafil.lu\/de\/"},{"@type":"ListItem","position":2,"name":"Shop","item":"https:\/\/www.creafil.lu\/de\/shop\/"},{"@type":"ListItem","position":3,"name":"Jerseybluse &#8222;Leanna&#8220; women no 57"}]},{"@type":"WebSite","@id":"https:\/\/www.creafil.lu\/de\/#website","url":"https:\/\/www.creafil.lu\/de\/","name":"CREA Fil","description":"Magasin","potentialAction":[{"@type":"SearchAction","target":{"@type":"EntryPoint","urlTemplate":"https:\/\/www.creafil.lu\/de\/?s={search_term_string}"},"query-input":{"@type":"PropertyValueSpecification","valueRequired":true,"valueName":"search_term_string"}}],"inLanguage":"de"}]}},"_links":{"self":[{"href":"https:\/\/www.creafil.lu\/de\/wp-json\/wp\/v2\/product\/3609","targetHints":{"allow":["GET"]}}],"collection":[{"href":"https:\/\/www.creafil.lu\/de\/wp-json\/wp\/v2\/product"}],"about":[{"href":"https:\/\/www.creafil.lu\/de\/wp-json\/wp\/v2\/types\/product"}],"wp:featuredmedia":[{"embeddable":true,"href":"https:\/\/www.creafil.lu\/de\/wp-json\/wp\/v2\/media\/3611"}],"wp:attachment":[{"href":"https:\/\/www.creafil.lu\/de\/wp-json\/wp\/v2\/media?parent=3609"}],"wp:term":[{"taxonomy":"product_brand","embeddable":true,"href":"https:\/\/www.creafil.lu\/de\/wp-json\/wp\/v2\/product_brand?post=3609"},{"taxonomy":"product_cat","embeddable":true,"href":"https:\/\/www.creafil.lu\/de\/wp-json\/wp\/v2\/product_cat?post=3609"},{"taxonomy":"product_tag","embeddable":true,"href":"https:\/\/www.creafil.lu\/de\/wp-json\/wp\/v2\/product_tag?post=3609"}],"curies":[{"name":"wp","href":"https:\/\/api.w.org\/{rel}","templated":true}]}}