{"id":3604,"date":"2024-06-14T12:00:23","date_gmt":"2024-06-14T12:00:23","guid":{"rendered":"https:\/\/www.creafil.lu\/?post_type=product&#038;p=3604"},"modified":"2024-06-14T12:05:09","modified_gmt":"2024-06-14T12:05:09","slug":"spitzenbluse-valenciana-no-74","status":"publish","type":"product","link":"https:\/\/www.creafil.lu\/de\/product\/spitzenbluse-valenciana-no-74\/","title":{"rendered":"Spitzenbluse Valenciana women no 74"},"content":{"rendered":"<p>Die lillesol women No.74 Spitzenbluse \u201eValenciana\u201d ist eine romantische Bluse mit angesetzter Spitze am Vorderteil. Die \u00c4rmel k\u00f6nnen wahlweise gerade als Kurzarm, Halbarm oder Langarm gen\u00e4ht werden oder in ausgestellter Form als halblange Trompeten\u00e4rmel.<\/p>\n<p>Nach Wunsch k\u00f6nnen auch die \u00c4rmel am Saum mit einer Spitze abgeschlossen werden.<\/p>\n<p>Die Bluse ist leicht tailliert geschnitten, f\u00fcr eine optimale Passform enth\u00e4lt das Vorderteil Brustabn\u00e4her.<\/p>\n<p>Stoffempfehlung:\u00a0Leichte Stoffe aus Webware, wie z.B. Viskose, Javanaise, Crepe, Batist, Leinen, klassische Hemdenstoffe etc<\/p>\n<p>Das Papier-Schnittmuster\u00a0enth\u00e4lt eine farbig gedruckte DinA4-Brosch\u00fcre mit\u00a0Schritt-f\u00fcr-Schritt-Fotoanleitung, Angaben zum Stoffverbrauch &amp; N\u00e4hhinweisen sowie\u00a0alle Schnittmuster f\u00fcr die\u00a0Gr\u00f6\u00dfen\u00a034 &#8211; 58\u00a0auf einem farbigen Gro\u00dfformat-Bogen. Als Extra liegt dem Schnittmuster eine Maxi-Karteikarte f\u00fcr individuelle N\u00e4hnotizen bei.<\/p>\n<p>Die Schnittteile dieses Schnittmusters k\u00f6nnen direkt ausgeschnitten werden. Ein Abpausen &#8211; wie normalerweise bei Schnittb\u00f6gen \u00fcblich &#8211; ist nicht notwendig, da die Schnittteile nicht \u00fcberlappen.<br \/>\nWir empfehlen Dir jedoch, trotzdem immer die Schnittteile abzupausen, damit Dir der Schnittbogen erhalten bleibt und Du ggf. sp\u00e4ter auch nochmal andere Gr\u00f6\u00dfen n\u00e4hen kannst.<\/p>\n<p>F\u00fcr dieses Schnittmuster gibt es eine Video-N\u00e4hanleitung:<a href=\"https:\/\/www.youtube.com\/watch?v=3HWzyCTVx-E\" data-link-type=\"external\" data-type=\"linkpicker\">\u00a0<\/a><a href=\"https:\/\/youtu.be\/awdo5nk1zwo\" data-link-type=\"external\" data-type=\"linkpicker\">https:\/\/youtu.be\/awdo5nk1zwo<\/a><\/p>\n","protected":false},"excerpt":{"rendered":"<p>Spitzenbluse Valenciana women no 74\u00a0 Gr.34 &#8211; 58<\/p>\n<p>&nbsp;<\/p>\n","protected":false},"featured_media":3606,"template":"","meta":{"_acf_changed":false,"inline_featured_image":false},"product_brand":[],"product_cat":[358],"product_tag":[],"class_list":{"0":"post-3604","1":"product","2":"type-product","3":"status-publish","4":"has-post-thumbnail","6":"product_cat-buecher-schnittmuster","8":"first","9":"instock","10":"taxable","11":"shipping-taxable","12":"purchasable","13":"product-type-simple"},"acf":[],"yoast_head":"<!-- This site is optimized with the Yoast SEO plugin v24.4 - https:\/\/yoast.com\/wordpress\/plugins\/seo\/ -->\n<title>Spitzenbluse Valenciana women no 74 - CREA Fil<\/title>\n<meta name=\"robots\" content=\"index, follow, max-snippet:-1, max-image-preview:large, max-video-preview:-1\" \/>\n<link rel=\"canonical\" href=\"https:\/\/www.creafil.lu\/de\/product\/spitzenbluse-valenciana-no-74\/\" \/>\n<meta property=\"og:locale\" content=\"de_DE\" \/>\n<meta property=\"og:type\" content=\"article\" \/>\n<meta property=\"og:title\" content=\"Spitzenbluse Valenciana women no 74 - CREA Fil\" \/>\n<meta property=\"og:description\" content=\"Spitzenbluse Valenciana women no 74\u00a0 Gr.34 - 58  &nbsp;\" \/>\n<meta property=\"og:url\" content=\"https:\/\/www.creafil.lu\/de\/product\/spitzenbluse-valenciana-no-74\/\" \/>\n<meta property=\"og:site_name\" content=\"CREA Fil\" \/>\n<meta property=\"article:modified_time\" content=\"2024-06-14T12:05:09+00:00\" \/>\n<meta property=\"og:image\" content=\"https:\/\/www.creafil.lu\/wp-content\/uploads\/2024\/06\/Titelbild_lw74_Valenciana_RGB_Kopie_ml.jpg\" \/>\n\t<meta property=\"og:image:width\" content=\"707\" \/>\n\t<meta property=\"og:image:height\" content=\"1000\" \/>\n\t<meta property=\"og:image:type\" content=\"image\/jpeg\" \/>\n<meta name=\"twitter:card\" content=\"summary_large_image\" \/>\n<meta name=\"twitter:label1\" content=\"Gesch\u00e4tzte Lesezeit\" \/>\n\t<meta name=\"twitter:data1\" content=\"2\u00a0Minuten\" \/>\n<script type=\"application\/ld+json\" class=\"yoast-schema-graph\">{\"@context\":\"https:\/\/schema.org\",\"@graph\":[{\"@type\":\"WebPage\",\"@id\":\"https:\/\/www.creafil.lu\/de\/product\/spitzenbluse-valenciana-no-74\/\",\"url\":\"https:\/\/www.creafil.lu\/de\/product\/spitzenbluse-valenciana-no-74\/\",\"name\":\"Spitzenbluse Valenciana women no 74 - CREA Fil\",\"isPartOf\":{\"@id\":\"https:\/\/www.creafil.lu\/de\/#website\"},\"primaryImageOfPage\":{\"@id\":\"https:\/\/www.creafil.lu\/de\/product\/spitzenbluse-valenciana-no-74\/#primaryimage\"},\"image\":{\"@id\":\"https:\/\/www.creafil.lu\/de\/product\/spitzenbluse-valenciana-no-74\/#primaryimage\"},\"thumbnailUrl\":\"https:\/\/www.creafil.lu\/wp-content\/uploads\/2024\/06\/Titelbild_lw74_Valenciana_RGB_Kopie_ml.jpg\",\"datePublished\":\"2024-06-14T12:00:23+00:00\",\"dateModified\":\"2024-06-14T12:05:09+00:00\",\"breadcrumb\":{\"@id\":\"https:\/\/www.creafil.lu\/de\/product\/spitzenbluse-valenciana-no-74\/#breadcrumb\"},\"inLanguage\":\"de\",\"potentialAction\":[{\"@type\":\"ReadAction\",\"target\":[\"https:\/\/www.creafil.lu\/de\/product\/spitzenbluse-valenciana-no-74\/\"]}]},{\"@type\":\"ImageObject\",\"inLanguage\":\"de\",\"@id\":\"https:\/\/www.creafil.lu\/de\/product\/spitzenbluse-valenciana-no-74\/#primaryimage\",\"url\":\"https:\/\/www.creafil.lu\/wp-content\/uploads\/2024\/06\/Titelbild_lw74_Valenciana_RGB_Kopie_ml.jpg\",\"contentUrl\":\"https:\/\/www.creafil.lu\/wp-content\/uploads\/2024\/06\/Titelbild_lw74_Valenciana_RGB_Kopie_ml.jpg\",\"width\":707,\"height\":1000},{\"@type\":\"BreadcrumbList\",\"@id\":\"https:\/\/www.creafil.lu\/de\/product\/spitzenbluse-valenciana-no-74\/#breadcrumb\",\"itemListElement\":[{\"@type\":\"ListItem\",\"position\":1,\"name\":\"Home\",\"item\":\"https:\/\/www.creafil.lu\/de\/\"},{\"@type\":\"ListItem\",\"position\":2,\"name\":\"Shop\",\"item\":\"https:\/\/www.creafil.lu\/de\/shop\/\"},{\"@type\":\"ListItem\",\"position\":3,\"name\":\"Spitzenbluse Valenciana women no 74\"}]},{\"@type\":\"WebSite\",\"@id\":\"https:\/\/www.creafil.lu\/de\/#website\",\"url\":\"https:\/\/www.creafil.lu\/de\/\",\"name\":\"CREA Fil\",\"description\":\"Magasin\",\"potentialAction\":[{\"@type\":\"SearchAction\",\"target\":{\"@type\":\"EntryPoint\",\"urlTemplate\":\"https:\/\/www.creafil.lu\/de\/?s={search_term_string}\"},\"query-input\":{\"@type\":\"PropertyValueSpecification\",\"valueRequired\":true,\"valueName\":\"search_term_string\"}}],\"inLanguage\":\"de\"}]}<\/script>\n<!-- \/ Yoast SEO plugin. -->","yoast_head_json":{"title":"Spitzenbluse Valenciana women no 74 - CREA Fil","robots":{"index":"index","follow":"follow","max-snippet":"max-snippet:-1","max-image-preview":"max-image-preview:large","max-video-preview":"max-video-preview:-1"},"canonical":"https:\/\/www.creafil.lu\/de\/product\/spitzenbluse-valenciana-no-74\/","og_locale":"de_DE","og_type":"article","og_title":"Spitzenbluse Valenciana women no 74 - CREA Fil","og_description":"Spitzenbluse Valenciana women no 74\u00a0 Gr.34 - 58  &nbsp;","og_url":"https:\/\/www.creafil.lu\/de\/product\/spitzenbluse-valenciana-no-74\/","og_site_name":"CREA Fil","article_modified_time":"2024-06-14T12:05:09+00:00","og_image":[{"width":707,"height":1000,"url":"https:\/\/www.creafil.lu\/wp-content\/uploads\/2024\/06\/Titelbild_lw74_Valenciana_RGB_Kopie_ml.jpg","type":"image\/jpeg"}],"twitter_card":"summary_large_image","twitter_misc":{"Gesch\u00e4tzte Lesezeit":"2\u00a0Minuten"},"schema":{"@context":"https:\/\/schema.org","@graph":[{"@type":"WebPage","@id":"https:\/\/www.creafil.lu\/de\/product\/spitzenbluse-valenciana-no-74\/","url":"https:\/\/www.creafil.lu\/de\/product\/spitzenbluse-valenciana-no-74\/","name":"Spitzenbluse Valenciana women no 74 - CREA Fil","isPartOf":{"@id":"https:\/\/www.creafil.lu\/de\/#website"},"primaryImageOfPage":{"@id":"https:\/\/www.creafil.lu\/de\/product\/spitzenbluse-valenciana-no-74\/#primaryimage"},"image":{"@id":"https:\/\/www.creafil.lu\/de\/product\/spitzenbluse-valenciana-no-74\/#primaryimage"},"thumbnailUrl":"https:\/\/www.creafil.lu\/wp-content\/uploads\/2024\/06\/Titelbild_lw74_Valenciana_RGB_Kopie_ml.jpg","datePublished":"2024-06-14T12:00:23+00:00","dateModified":"2024-06-14T12:05:09+00:00","breadcrumb":{"@id":"https:\/\/www.creafil.lu\/de\/product\/spitzenbluse-valenciana-no-74\/#breadcrumb"},"inLanguage":"de","potentialAction":[{"@type":"ReadAction","target":["https:\/\/www.creafil.lu\/de\/product\/spitzenbluse-valenciana-no-74\/"]}]},{"@type":"ImageObject","inLanguage":"de","@id":"https:\/\/www.creafil.lu\/de\/product\/spitzenbluse-valenciana-no-74\/#primaryimage","url":"https:\/\/www.creafil.lu\/wp-content\/uploads\/2024\/06\/Titelbild_lw74_Valenciana_RGB_Kopie_ml.jpg","contentUrl":"https:\/\/www.creafil.lu\/wp-content\/uploads\/2024\/06\/Titelbild_lw74_Valenciana_RGB_Kopie_ml.jpg","width":707,"height":1000},{"@type":"BreadcrumbList","@id":"https:\/\/www.creafil.lu\/de\/product\/spitzenbluse-valenciana-no-74\/#breadcrumb","itemListElement":[{"@type":"ListItem","position":1,"name":"Home","item":"https:\/\/www.creafil.lu\/de\/"},{"@type":"ListItem","position":2,"name":"Shop","item":"https:\/\/www.creafil.lu\/de\/shop\/"},{"@type":"ListItem","position":3,"name":"Spitzenbluse Valenciana women no 74"}]},{"@type":"WebSite","@id":"https:\/\/www.creafil.lu\/de\/#website","url":"https:\/\/www.creafil.lu\/de\/","name":"CREA Fil","description":"Magasin","potentialAction":[{"@type":"SearchAction","target":{"@type":"EntryPoint","urlTemplate":"https:\/\/www.creafil.lu\/de\/?s={search_term_string}"},"query-input":{"@type":"PropertyValueSpecification","valueRequired":true,"valueName":"search_term_string"}}],"inLanguage":"de"}]}},"_links":{"self":[{"href":"https:\/\/www.creafil.lu\/de\/wp-json\/wp\/v2\/product\/3604","targetHints":{"allow":["GET"]}}],"collection":[{"href":"https:\/\/www.creafil.lu\/de\/wp-json\/wp\/v2\/product"}],"about":[{"href":"https:\/\/www.creafil.lu\/de\/wp-json\/wp\/v2\/types\/product"}],"wp:featuredmedia":[{"embeddable":true,"href":"https:\/\/www.creafil.lu\/de\/wp-json\/wp\/v2\/media\/3606"}],"wp:attachment":[{"href":"https:\/\/www.creafil.lu\/de\/wp-json\/wp\/v2\/media?parent=3604"}],"wp:term":[{"taxonomy":"product_brand","embeddable":true,"href":"https:\/\/www.creafil.lu\/de\/wp-json\/wp\/v2\/product_brand?post=3604"},{"taxonomy":"product_cat","embeddable":true,"href":"https:\/\/www.creafil.lu\/de\/wp-json\/wp\/v2\/product_cat?post=3604"},{"taxonomy":"product_tag","embeddable":true,"href":"https:\/\/www.creafil.lu\/de\/wp-json\/wp\/v2\/product_tag?post=3604"}],"curies":[{"name":"wp","href":"https:\/\/api.w.org\/{rel}","templated":true}]}}