{"id":3594,"date":"2024-06-14T11:50:19","date_gmt":"2024-06-14T11:50:19","guid":{"rendered":"https:\/\/www.creafil.lu\/?post_type=product&#038;p=3594"},"modified":"2024-06-14T11:54:33","modified_gmt":"2024-06-14T11:54:33","slug":"bluse-violeta-no-84","status":"publish","type":"product","link":"https:\/\/www.creafil.lu\/de\/product\/bluse-violeta-no-84\/","title":{"rendered":"Bluse &#8222;Violeta&#8220; women no 84"},"content":{"rendered":"<p>Die lillesol women No.84 Bluse \u201eVioleta\u201d ist eine leicht tailliert geschnittene Bluse, die durch die verschiedenen \u00c4rmelvarianten ganz unterschiedlich erscheint. Der extraweit geschnittene \u00c4rmel wird am Saum mit einem Gummiband gerafft oder gesmokt, wodurch die Bluse besonders elegant erscheint.<br \/>\nDer schmale \u00c4rmel hingegen kann in verschiedenen L\u00e4ngen mit oder ohne Manschette gen\u00e4ht werden und verleiht der Bluse einen klassischen Look.<\/p>\n<p>Ein besonderer Hingucker ist der raffinierte R\u00fcschenkragen, wer es weniger verspielt mag, kann auch einen einfachen V-Ausschnitt ohne R\u00fcsche n\u00e4hen. F\u00fcr eine optimale Passform enth\u00e4lt die Bluse Brustabn\u00e4her. Das R\u00fcckenteil wird mit einer Passe gen\u00e4ht.<\/p>\n<p>Als Bonus enth\u00e4lt dieses Schnittmuster noch eine Anleitung, wie eine zus\u00e4tzliche Kellerfalte ins R\u00fcckenteil gen\u00e4ht werden kann.<\/p>\n<p>Du liebst unsere Sommerbluse Lavina, hast Dir aber schon immer eine Variante mit langen \u00c4rmeln und ohne Puff\u00e4rmel gew\u00fcnscht? Dann kommt nun Violeta f\u00fcr Dich! Da die Schnittkonstruktion im Bereich der Schultern und des Armausschnittes bei \u00e4rmellosen bzw. gepufften \u00c4rmeln eine andere ist, als bei normal eingesetzten \u00c4rmeln, w\u00e4re hier ein einfaches \u00c4rmel-Add-On bei Lavina nicht m\u00f6glich gewesen. Damit wir Euren Wunsch erf\u00fcllen k\u00f6nnen, haben wir die Bluse neu konstruiert und zwei verschiedene lange \u00c4rmel daf\u00fcr entworfen, die glatt in den Armausschnitt eingesetzt werden und hier nicht gepufft sind.<\/p>\n<p>Stoffempfehlung:\u00a0leichte Stoffe aus Webware, wie z.B. Viskose, Javanaise, Crepe, Batist, Leinen, klassische Hemdenstoffe etc.<\/p>\n<p>Das Papier-Schnittmuster\u00a0enth\u00e4lt eine farbig gedruckte DinA4-Brosch\u00fcre mit\u00a0Schritt-f\u00fcr-Schritt-Fotoanleitung, Angaben zum Stoffverbrauch &amp; N\u00e4hhinweisen sowie\u00a0alle Schnittmuster f\u00fcr die\u00a0Gr\u00f6\u00dfen\u00a034 &#8211; 58\u00a0auf einem farbigen Gro\u00dfformat-Bogen. Als Extra liegt dem Schnittmuster eine Maxi-Karteikarte f\u00fcr individuelle N\u00e4hnotizen bei.<\/p>\n<p>Die Schnittteile dieses Schnittmusters k\u00f6nnen direkt ausgeschnitten werden. Ein Abpausen &#8211; wie normalerweise bei Schnittb\u00f6gen \u00fcblich &#8211; ist nicht notwendig, da die Schnittteile nicht \u00fcberlappen.<br \/>\nWir empfehlen Dir jedoch, trotzdem immer die Schnittteile abzupausen, damit Dir der Schnittbogen erhalten bleibt und Du ggf. sp\u00e4ter auch nochmal andere Gr\u00f6\u00dfen n\u00e4hen kannst.<\/p>\n<p>F\u00fcr dieses Schnittmuster gibt es eine Video-N\u00e4hanleitung:\u00a0<a href=\"https:\/\/youtu.be\/sNUpzhuPfP0\" data-link-type=\"external\" data-type=\"linkpicker\">https:\/\/youtu.be\/sNUpzhuPfP0<\/a><\/p>\n","protected":false},"excerpt":{"rendered":"<p>Bluse Violeta no 84 Gr.34 &#8211; 58<\/p>\n<p>&nbsp;<\/p>\n","protected":false},"featured_media":3596,"template":"","meta":{"_acf_changed":false,"inline_featured_image":false},"product_brand":[],"product_cat":[358],"product_tag":[],"class_list":{"0":"post-3594","1":"product","2":"type-product","3":"status-publish","4":"has-post-thumbnail","6":"product_cat-buecher-schnittmuster","8":"first","9":"instock","10":"taxable","11":"shipping-taxable","12":"purchasable","13":"product-type-simple"},"acf":[],"yoast_head":"<!-- This site is optimized with the Yoast SEO plugin v24.4 - https:\/\/yoast.com\/wordpress\/plugins\/seo\/ -->\n<title>Bluse &quot;Violeta&quot; women no 84 - CREA Fil<\/title>\n<meta name=\"robots\" content=\"index, follow, max-snippet:-1, max-image-preview:large, max-video-preview:-1\" \/>\n<link rel=\"canonical\" href=\"https:\/\/www.creafil.lu\/de\/product\/bluse-violeta-no-84\/\" \/>\n<meta property=\"og:locale\" content=\"de_DE\" \/>\n<meta property=\"og:type\" content=\"article\" \/>\n<meta property=\"og:title\" content=\"Bluse &quot;Violeta&quot; women no 84 - CREA Fil\" \/>\n<meta property=\"og:description\" content=\"Bluse Violeta no 84 Gr.34 - 58  &nbsp;\" \/>\n<meta property=\"og:url\" content=\"https:\/\/www.creafil.lu\/de\/product\/bluse-violeta-no-84\/\" \/>\n<meta property=\"og:site_name\" content=\"CREA Fil\" \/>\n<meta property=\"article:modified_time\" content=\"2024-06-14T11:54:33+00:00\" \/>\n<meta property=\"og:image\" content=\"https:\/\/www.creafil.lu\/wp-content\/uploads\/2024\/06\/Titelbild_lw84_RGB_Kopie_ml.jpg\" \/>\n\t<meta property=\"og:image:width\" content=\"707\" \/>\n\t<meta property=\"og:image:height\" content=\"1000\" \/>\n\t<meta property=\"og:image:type\" content=\"image\/jpeg\" \/>\n<meta name=\"twitter:card\" content=\"summary_large_image\" \/>\n<meta name=\"twitter:label1\" content=\"Gesch\u00e4tzte Lesezeit\" \/>\n\t<meta name=\"twitter:data1\" content=\"2\u00a0Minuten\" \/>\n<script type=\"application\/ld+json\" class=\"yoast-schema-graph\">{\"@context\":\"https:\/\/schema.org\",\"@graph\":[{\"@type\":\"WebPage\",\"@id\":\"https:\/\/www.creafil.lu\/de\/product\/bluse-violeta-no-84\/\",\"url\":\"https:\/\/www.creafil.lu\/de\/product\/bluse-violeta-no-84\/\",\"name\":\"Bluse \\\"Violeta\\\" women no 84 - CREA Fil\",\"isPartOf\":{\"@id\":\"https:\/\/www.creafil.lu\/de\/#website\"},\"primaryImageOfPage\":{\"@id\":\"https:\/\/www.creafil.lu\/de\/product\/bluse-violeta-no-84\/#primaryimage\"},\"image\":{\"@id\":\"https:\/\/www.creafil.lu\/de\/product\/bluse-violeta-no-84\/#primaryimage\"},\"thumbnailUrl\":\"https:\/\/www.creafil.lu\/wp-content\/uploads\/2024\/06\/Titelbild_lw84_RGB_Kopie_ml.jpg\",\"datePublished\":\"2024-06-14T11:50:19+00:00\",\"dateModified\":\"2024-06-14T11:54:33+00:00\",\"breadcrumb\":{\"@id\":\"https:\/\/www.creafil.lu\/de\/product\/bluse-violeta-no-84\/#breadcrumb\"},\"inLanguage\":\"de\",\"potentialAction\":[{\"@type\":\"ReadAction\",\"target\":[\"https:\/\/www.creafil.lu\/de\/product\/bluse-violeta-no-84\/\"]}]},{\"@type\":\"ImageObject\",\"inLanguage\":\"de\",\"@id\":\"https:\/\/www.creafil.lu\/de\/product\/bluse-violeta-no-84\/#primaryimage\",\"url\":\"https:\/\/www.creafil.lu\/wp-content\/uploads\/2024\/06\/Titelbild_lw84_RGB_Kopie_ml.jpg\",\"contentUrl\":\"https:\/\/www.creafil.lu\/wp-content\/uploads\/2024\/06\/Titelbild_lw84_RGB_Kopie_ml.jpg\",\"width\":707,\"height\":1000},{\"@type\":\"BreadcrumbList\",\"@id\":\"https:\/\/www.creafil.lu\/de\/product\/bluse-violeta-no-84\/#breadcrumb\",\"itemListElement\":[{\"@type\":\"ListItem\",\"position\":1,\"name\":\"Home\",\"item\":\"https:\/\/www.creafil.lu\/de\/\"},{\"@type\":\"ListItem\",\"position\":2,\"name\":\"Shop\",\"item\":\"https:\/\/www.creafil.lu\/de\/shop\/\"},{\"@type\":\"ListItem\",\"position\":3,\"name\":\"Bluse &#8222;Violeta&#8220; women no 84\"}]},{\"@type\":\"WebSite\",\"@id\":\"https:\/\/www.creafil.lu\/de\/#website\",\"url\":\"https:\/\/www.creafil.lu\/de\/\",\"name\":\"CREA Fil\",\"description\":\"Magasin\",\"potentialAction\":[{\"@type\":\"SearchAction\",\"target\":{\"@type\":\"EntryPoint\",\"urlTemplate\":\"https:\/\/www.creafil.lu\/de\/?s={search_term_string}\"},\"query-input\":{\"@type\":\"PropertyValueSpecification\",\"valueRequired\":true,\"valueName\":\"search_term_string\"}}],\"inLanguage\":\"de\"}]}<\/script>\n<!-- \/ Yoast SEO plugin. -->","yoast_head_json":{"title":"Bluse \"Violeta\" women no 84 - CREA Fil","robots":{"index":"index","follow":"follow","max-snippet":"max-snippet:-1","max-image-preview":"max-image-preview:large","max-video-preview":"max-video-preview:-1"},"canonical":"https:\/\/www.creafil.lu\/de\/product\/bluse-violeta-no-84\/","og_locale":"de_DE","og_type":"article","og_title":"Bluse \"Violeta\" women no 84 - CREA Fil","og_description":"Bluse Violeta no 84 Gr.34 - 58  &nbsp;","og_url":"https:\/\/www.creafil.lu\/de\/product\/bluse-violeta-no-84\/","og_site_name":"CREA Fil","article_modified_time":"2024-06-14T11:54:33+00:00","og_image":[{"width":707,"height":1000,"url":"https:\/\/www.creafil.lu\/wp-content\/uploads\/2024\/06\/Titelbild_lw84_RGB_Kopie_ml.jpg","type":"image\/jpeg"}],"twitter_card":"summary_large_image","twitter_misc":{"Gesch\u00e4tzte Lesezeit":"2\u00a0Minuten"},"schema":{"@context":"https:\/\/schema.org","@graph":[{"@type":"WebPage","@id":"https:\/\/www.creafil.lu\/de\/product\/bluse-violeta-no-84\/","url":"https:\/\/www.creafil.lu\/de\/product\/bluse-violeta-no-84\/","name":"Bluse \"Violeta\" women no 84 - CREA Fil","isPartOf":{"@id":"https:\/\/www.creafil.lu\/de\/#website"},"primaryImageOfPage":{"@id":"https:\/\/www.creafil.lu\/de\/product\/bluse-violeta-no-84\/#primaryimage"},"image":{"@id":"https:\/\/www.creafil.lu\/de\/product\/bluse-violeta-no-84\/#primaryimage"},"thumbnailUrl":"https:\/\/www.creafil.lu\/wp-content\/uploads\/2024\/06\/Titelbild_lw84_RGB_Kopie_ml.jpg","datePublished":"2024-06-14T11:50:19+00:00","dateModified":"2024-06-14T11:54:33+00:00","breadcrumb":{"@id":"https:\/\/www.creafil.lu\/de\/product\/bluse-violeta-no-84\/#breadcrumb"},"inLanguage":"de","potentialAction":[{"@type":"ReadAction","target":["https:\/\/www.creafil.lu\/de\/product\/bluse-violeta-no-84\/"]}]},{"@type":"ImageObject","inLanguage":"de","@id":"https:\/\/www.creafil.lu\/de\/product\/bluse-violeta-no-84\/#primaryimage","url":"https:\/\/www.creafil.lu\/wp-content\/uploads\/2024\/06\/Titelbild_lw84_RGB_Kopie_ml.jpg","contentUrl":"https:\/\/www.creafil.lu\/wp-content\/uploads\/2024\/06\/Titelbild_lw84_RGB_Kopie_ml.jpg","width":707,"height":1000},{"@type":"BreadcrumbList","@id":"https:\/\/www.creafil.lu\/de\/product\/bluse-violeta-no-84\/#breadcrumb","itemListElement":[{"@type":"ListItem","position":1,"name":"Home","item":"https:\/\/www.creafil.lu\/de\/"},{"@type":"ListItem","position":2,"name":"Shop","item":"https:\/\/www.creafil.lu\/de\/shop\/"},{"@type":"ListItem","position":3,"name":"Bluse &#8222;Violeta&#8220; women no 84"}]},{"@type":"WebSite","@id":"https:\/\/www.creafil.lu\/de\/#website","url":"https:\/\/www.creafil.lu\/de\/","name":"CREA Fil","description":"Magasin","potentialAction":[{"@type":"SearchAction","target":{"@type":"EntryPoint","urlTemplate":"https:\/\/www.creafil.lu\/de\/?s={search_term_string}"},"query-input":{"@type":"PropertyValueSpecification","valueRequired":true,"valueName":"search_term_string"}}],"inLanguage":"de"}]}},"_links":{"self":[{"href":"https:\/\/www.creafil.lu\/de\/wp-json\/wp\/v2\/product\/3594","targetHints":{"allow":["GET"]}}],"collection":[{"href":"https:\/\/www.creafil.lu\/de\/wp-json\/wp\/v2\/product"}],"about":[{"href":"https:\/\/www.creafil.lu\/de\/wp-json\/wp\/v2\/types\/product"}],"wp:featuredmedia":[{"embeddable":true,"href":"https:\/\/www.creafil.lu\/de\/wp-json\/wp\/v2\/media\/3596"}],"wp:attachment":[{"href":"https:\/\/www.creafil.lu\/de\/wp-json\/wp\/v2\/media?parent=3594"}],"wp:term":[{"taxonomy":"product_brand","embeddable":true,"href":"https:\/\/www.creafil.lu\/de\/wp-json\/wp\/v2\/product_brand?post=3594"},{"taxonomy":"product_cat","embeddable":true,"href":"https:\/\/www.creafil.lu\/de\/wp-json\/wp\/v2\/product_cat?post=3594"},{"taxonomy":"product_tag","embeddable":true,"href":"https:\/\/www.creafil.lu\/de\/wp-json\/wp\/v2\/product_tag?post=3594"}],"curies":[{"name":"wp","href":"https:\/\/api.w.org\/{rel}","templated":true}]}}