{"id":3584,"date":"2024-06-14T11:35:19","date_gmt":"2024-06-14T11:35:19","guid":{"rendered":"https:\/\/www.creafil.lu\/?post_type=product&#038;p=3584"},"modified":"2024-06-14T11:39:48","modified_gmt":"2024-06-14T11:39:48","slug":"jerseykleid-shirt-women-no-36","status":"publish","type":"product","link":"https:\/\/www.creafil.lu\/de\/product\/jerseykleid-shirt-women-no-36\/","title":{"rendered":"Jerseykleid &#038; Shirt women no 36"},"content":{"rendered":"<p>Das lillesol women No.36 Jerseykleid- und Shirt ist ein leicht zu n\u00e4hender Basic-Schnitt f\u00fcr ein Kleid mit geraffter Taille, das wahlweise mit Gummizug oder Tunnelzug gen\u00e4ht werden kann. Ebenso l\u00e4sst sich ein schlichtes Basic-Shirt aus dem Schnittmuster n\u00e4hen.<\/p>\n<p>Zur Auswahl steht ein V-Ausschnitt oder ein Rundhals-Ausschnitt. Das Schnittmuster enth\u00e4lt eingesetzte und \u00fcberschnittene \u00c4rmel in kurz und lang sowie eine \u00e4rmellose Variante.<\/p>\n<p>Ab Gr\u00f6\u00dfe 42 sind Brustabn\u00e4her im Schnittmuster enthalten.<\/p>\n<p>Stoffempfehlung:\u00a0dehnbare Stoffe wie Jersey, Viskose Jersey, Sommersweat etc.; das Kleid sitzt am sch\u00f6nsten, wenn leichte, flie\u00dfende Stoffe verwendet werden<\/p>\n<p>&nbsp;<\/p>\n<p>F\u00fcr dieses Schnittmuster gibt es eine Video-Anleitung:\u00a0<a href=\"https:\/\/youtu.be\/8WsceYoU7Go\" data-link-type=\"external\" data-type=\"linkpicker\">https:\/\/youtu.be\/8WsceYoU7Go<\/a><\/p>\n","protected":false},"excerpt":{"rendered":"<p>Jerseykleid &amp; Shirt women no 36<\/p>\n<p>&nbsp;<\/p>\n","protected":false},"featured_media":3586,"template":"","meta":{"_acf_changed":false,"inline_featured_image":false},"product_brand":[],"product_cat":[358],"product_tag":[],"class_list":{"0":"post-3584","1":"product","2":"type-product","3":"status-publish","4":"has-post-thumbnail","6":"product_cat-buecher-schnittmuster","8":"first","9":"instock","10":"taxable","11":"shipping-taxable","12":"purchasable","13":"product-type-simple"},"acf":[],"yoast_head":"<!-- This site is optimized with the Yoast SEO plugin v24.4 - https:\/\/yoast.com\/wordpress\/plugins\/seo\/ -->\n<title>Jerseykleid &amp; Shirt women no 36 - CREA Fil<\/title>\n<meta name=\"robots\" content=\"index, follow, max-snippet:-1, max-image-preview:large, max-video-preview:-1\" \/>\n<link rel=\"canonical\" href=\"https:\/\/www.creafil.lu\/de\/product\/jerseykleid-shirt-women-no-36\/\" \/>\n<meta property=\"og:locale\" content=\"de_DE\" \/>\n<meta property=\"og:type\" content=\"article\" \/>\n<meta property=\"og:title\" content=\"Jerseykleid &amp; Shirt women no 36 - CREA Fil\" \/>\n<meta property=\"og:description\" content=\"Jerseykleid &amp; Shirt women no 36  &nbsp;\" \/>\n<meta property=\"og:url\" content=\"https:\/\/www.creafil.lu\/de\/product\/jerseykleid-shirt-women-no-36\/\" \/>\n<meta property=\"og:site_name\" content=\"CREA Fil\" \/>\n<meta property=\"article:modified_time\" content=\"2024-06-14T11:39:48+00:00\" \/>\n<meta property=\"og:image\" content=\"https:\/\/www.creafil.lu\/wp-content\/uploads\/2024\/06\/Titelbild_lw36_neu_schwarz_technische_zeichnung_ml.jpg\" \/>\n\t<meta property=\"og:image:width\" content=\"707\" \/>\n\t<meta property=\"og:image:height\" content=\"1000\" \/>\n\t<meta property=\"og:image:type\" content=\"image\/jpeg\" \/>\n<meta name=\"twitter:card\" content=\"summary_large_image\" \/>\n<meta name=\"twitter:label1\" content=\"Gesch\u00e4tzte Lesezeit\" \/>\n\t<meta name=\"twitter:data1\" content=\"1\u00a0Minute\" \/>\n<script type=\"application\/ld+json\" class=\"yoast-schema-graph\">{\"@context\":\"https:\/\/schema.org\",\"@graph\":[{\"@type\":\"WebPage\",\"@id\":\"https:\/\/www.creafil.lu\/de\/product\/jerseykleid-shirt-women-no-36\/\",\"url\":\"https:\/\/www.creafil.lu\/de\/product\/jerseykleid-shirt-women-no-36\/\",\"name\":\"Jerseykleid & Shirt women no 36 - CREA Fil\",\"isPartOf\":{\"@id\":\"https:\/\/www.creafil.lu\/de\/#website\"},\"primaryImageOfPage\":{\"@id\":\"https:\/\/www.creafil.lu\/de\/product\/jerseykleid-shirt-women-no-36\/#primaryimage\"},\"image\":{\"@id\":\"https:\/\/www.creafil.lu\/de\/product\/jerseykleid-shirt-women-no-36\/#primaryimage\"},\"thumbnailUrl\":\"https:\/\/www.creafil.lu\/wp-content\/uploads\/2024\/06\/Titelbild_lw36_neu_schwarz_technische_zeichnung_ml.jpg\",\"datePublished\":\"2024-06-14T11:35:19+00:00\",\"dateModified\":\"2024-06-14T11:39:48+00:00\",\"breadcrumb\":{\"@id\":\"https:\/\/www.creafil.lu\/de\/product\/jerseykleid-shirt-women-no-36\/#breadcrumb\"},\"inLanguage\":\"de\",\"potentialAction\":[{\"@type\":\"ReadAction\",\"target\":[\"https:\/\/www.creafil.lu\/de\/product\/jerseykleid-shirt-women-no-36\/\"]}]},{\"@type\":\"ImageObject\",\"inLanguage\":\"de\",\"@id\":\"https:\/\/www.creafil.lu\/de\/product\/jerseykleid-shirt-women-no-36\/#primaryimage\",\"url\":\"https:\/\/www.creafil.lu\/wp-content\/uploads\/2024\/06\/Titelbild_lw36_neu_schwarz_technische_zeichnung_ml.jpg\",\"contentUrl\":\"https:\/\/www.creafil.lu\/wp-content\/uploads\/2024\/06\/Titelbild_lw36_neu_schwarz_technische_zeichnung_ml.jpg\",\"width\":707,\"height\":1000},{\"@type\":\"BreadcrumbList\",\"@id\":\"https:\/\/www.creafil.lu\/de\/product\/jerseykleid-shirt-women-no-36\/#breadcrumb\",\"itemListElement\":[{\"@type\":\"ListItem\",\"position\":1,\"name\":\"Home\",\"item\":\"https:\/\/www.creafil.lu\/de\/\"},{\"@type\":\"ListItem\",\"position\":2,\"name\":\"Shop\",\"item\":\"https:\/\/www.creafil.lu\/de\/shop\/\"},{\"@type\":\"ListItem\",\"position\":3,\"name\":\"Jerseykleid &#038; Shirt women no 36\"}]},{\"@type\":\"WebSite\",\"@id\":\"https:\/\/www.creafil.lu\/de\/#website\",\"url\":\"https:\/\/www.creafil.lu\/de\/\",\"name\":\"CREA Fil\",\"description\":\"Magasin\",\"potentialAction\":[{\"@type\":\"SearchAction\",\"target\":{\"@type\":\"EntryPoint\",\"urlTemplate\":\"https:\/\/www.creafil.lu\/de\/?s={search_term_string}\"},\"query-input\":{\"@type\":\"PropertyValueSpecification\",\"valueRequired\":true,\"valueName\":\"search_term_string\"}}],\"inLanguage\":\"de\"}]}<\/script>\n<!-- \/ Yoast SEO plugin. -->","yoast_head_json":{"title":"Jerseykleid & Shirt women no 36 - CREA Fil","robots":{"index":"index","follow":"follow","max-snippet":"max-snippet:-1","max-image-preview":"max-image-preview:large","max-video-preview":"max-video-preview:-1"},"canonical":"https:\/\/www.creafil.lu\/de\/product\/jerseykleid-shirt-women-no-36\/","og_locale":"de_DE","og_type":"article","og_title":"Jerseykleid & Shirt women no 36 - CREA Fil","og_description":"Jerseykleid &amp; Shirt women no 36  &nbsp;","og_url":"https:\/\/www.creafil.lu\/de\/product\/jerseykleid-shirt-women-no-36\/","og_site_name":"CREA Fil","article_modified_time":"2024-06-14T11:39:48+00:00","og_image":[{"width":707,"height":1000,"url":"https:\/\/www.creafil.lu\/wp-content\/uploads\/2024\/06\/Titelbild_lw36_neu_schwarz_technische_zeichnung_ml.jpg","type":"image\/jpeg"}],"twitter_card":"summary_large_image","twitter_misc":{"Gesch\u00e4tzte Lesezeit":"1\u00a0Minute"},"schema":{"@context":"https:\/\/schema.org","@graph":[{"@type":"WebPage","@id":"https:\/\/www.creafil.lu\/de\/product\/jerseykleid-shirt-women-no-36\/","url":"https:\/\/www.creafil.lu\/de\/product\/jerseykleid-shirt-women-no-36\/","name":"Jerseykleid & Shirt women no 36 - CREA Fil","isPartOf":{"@id":"https:\/\/www.creafil.lu\/de\/#website"},"primaryImageOfPage":{"@id":"https:\/\/www.creafil.lu\/de\/product\/jerseykleid-shirt-women-no-36\/#primaryimage"},"image":{"@id":"https:\/\/www.creafil.lu\/de\/product\/jerseykleid-shirt-women-no-36\/#primaryimage"},"thumbnailUrl":"https:\/\/www.creafil.lu\/wp-content\/uploads\/2024\/06\/Titelbild_lw36_neu_schwarz_technische_zeichnung_ml.jpg","datePublished":"2024-06-14T11:35:19+00:00","dateModified":"2024-06-14T11:39:48+00:00","breadcrumb":{"@id":"https:\/\/www.creafil.lu\/de\/product\/jerseykleid-shirt-women-no-36\/#breadcrumb"},"inLanguage":"de","potentialAction":[{"@type":"ReadAction","target":["https:\/\/www.creafil.lu\/de\/product\/jerseykleid-shirt-women-no-36\/"]}]},{"@type":"ImageObject","inLanguage":"de","@id":"https:\/\/www.creafil.lu\/de\/product\/jerseykleid-shirt-women-no-36\/#primaryimage","url":"https:\/\/www.creafil.lu\/wp-content\/uploads\/2024\/06\/Titelbild_lw36_neu_schwarz_technische_zeichnung_ml.jpg","contentUrl":"https:\/\/www.creafil.lu\/wp-content\/uploads\/2024\/06\/Titelbild_lw36_neu_schwarz_technische_zeichnung_ml.jpg","width":707,"height":1000},{"@type":"BreadcrumbList","@id":"https:\/\/www.creafil.lu\/de\/product\/jerseykleid-shirt-women-no-36\/#breadcrumb","itemListElement":[{"@type":"ListItem","position":1,"name":"Home","item":"https:\/\/www.creafil.lu\/de\/"},{"@type":"ListItem","position":2,"name":"Shop","item":"https:\/\/www.creafil.lu\/de\/shop\/"},{"@type":"ListItem","position":3,"name":"Jerseykleid &#038; Shirt women no 36"}]},{"@type":"WebSite","@id":"https:\/\/www.creafil.lu\/de\/#website","url":"https:\/\/www.creafil.lu\/de\/","name":"CREA Fil","description":"Magasin","potentialAction":[{"@type":"SearchAction","target":{"@type":"EntryPoint","urlTemplate":"https:\/\/www.creafil.lu\/de\/?s={search_term_string}"},"query-input":{"@type":"PropertyValueSpecification","valueRequired":true,"valueName":"search_term_string"}}],"inLanguage":"de"}]}},"_links":{"self":[{"href":"https:\/\/www.creafil.lu\/de\/wp-json\/wp\/v2\/product\/3584","targetHints":{"allow":["GET"]}}],"collection":[{"href":"https:\/\/www.creafil.lu\/de\/wp-json\/wp\/v2\/product"}],"about":[{"href":"https:\/\/www.creafil.lu\/de\/wp-json\/wp\/v2\/types\/product"}],"wp:featuredmedia":[{"embeddable":true,"href":"https:\/\/www.creafil.lu\/de\/wp-json\/wp\/v2\/media\/3586"}],"wp:attachment":[{"href":"https:\/\/www.creafil.lu\/de\/wp-json\/wp\/v2\/media?parent=3584"}],"wp:term":[{"taxonomy":"product_brand","embeddable":true,"href":"https:\/\/www.creafil.lu\/de\/wp-json\/wp\/v2\/product_brand?post=3584"},{"taxonomy":"product_cat","embeddable":true,"href":"https:\/\/www.creafil.lu\/de\/wp-json\/wp\/v2\/product_cat?post=3584"},{"taxonomy":"product_tag","embeddable":true,"href":"https:\/\/www.creafil.lu\/de\/wp-json\/wp\/v2\/product_tag?post=3584"}],"curies":[{"name":"wp","href":"https:\/\/api.w.org\/{rel}","templated":true}]}}