{"id":3559,"date":"2024-06-14T11:07:40","date_gmt":"2024-06-14T11:07:40","guid":{"rendered":"https:\/\/www.creafil.lu\/?post_type=product&#038;p=3559"},"modified":"2024-06-14T11:13:00","modified_gmt":"2024-06-14T11:13:00","slug":"jacke-sierra-women-no-33","status":"publish","type":"product","link":"https:\/\/www.creafil.lu\/de\/product\/jacke-sierra-women-no-33\/","title":{"rendered":"Jacke &#8222;Sierra&#8220; Women no.33"},"content":{"rendered":"<p>Die lillesol women No.33 Jacke \u201eSierra\u201c wird aus elastischen Stoffen, wie Jacquard, Sweat o.\u00e4. gen\u00e4ht und eignet sich sehr gut f\u00fcr die \u00dcbergangszeit als Drau\u00dfenjacke, aber genauso in der kalten Jahreszeit als Cardigan zum Dr\u00fcberziehen.<\/p>\n<p>Die Jacke kann mit einem auff\u00e4lligen, dekorativen Kragen oder mit einer sportlichen Kapuze gen\u00e4ht werden, sie sitzt leicht tailliert und wird etwas mittig versetzt geschlossen. Ob hier eine klassische Knopfleiste gen\u00e4ht wird, ein einzelner Knopf oder eine dekorative Brosche verwendet wird, f\u00fcr den Verschluss sind der Kreativit\u00e4t keine Grenzen gesetzt.<\/p>\n<p>Stoffempfehlung: elastischer Sweat oder Fleece, Jacquard, Sommersweat oder andere dickere elastische Stoffe; f\u00fcr die optionalen B\u00fcndchen kann der gleiche Stoff verwendet werden wie f\u00fcr die Jacke, alternativ B\u00fcndchenstoff<\/p>\n<p>Zu diesem Schnitt gibt es eine Videoanleitung:\u00a0<a href=\"https:\/\/youtu.be\/qA7me8jlaGk?fbclid=IwAR3Gb_vJW4cPCWwPutDrKkjIEqwpypQNmj6GmZZjO4BO_nOEXp7RT8cAh3Y\" target=\"_blank\" rel=\"nofollow noopener\" data-lynx-mode=\"hover\" data-lynx-uri=\"https:\/\/l.facebook.com\/l.php?u=https%3A%2F%2Fyoutu.be%2FqA7me8jlaGk%3Ffbclid%3DIwAR3Gb_vJW4cPCWwPutDrKkjIEqwpypQNmj6GmZZjO4BO_nOEXp7RT8cAh3Y&amp;h=AT0QC-Wct2eLMUGO3DlMk8sXj3s_sZYBVvhDuJaq3k6GYuhWn4eRymbtWN1iDAMzk5xwsiDYL-eF2YbJohjlRmVz4TsryA57f-JXlPm9Ksbr34DHcR8aeoe5nwwRvl5iVt5dvCAUOTktt6njbS35EA\">https:\/\/youtu.be\/qA7me8jlaGk<\/a><\/p>\n","protected":false},"excerpt":{"rendered":"<p>Jacke Sierra women no 33<\/p>\n<p>&nbsp;<\/p>\n","protected":false},"featured_media":3561,"template":"","meta":{"_acf_changed":false,"inline_featured_image":false},"product_brand":[],"product_cat":[358],"product_tag":[],"class_list":{"0":"post-3559","1":"product","2":"type-product","3":"status-publish","4":"has-post-thumbnail","6":"product_cat-buecher-schnittmuster","8":"first","9":"instock","10":"taxable","11":"shipping-taxable","12":"purchasable","13":"product-type-simple"},"acf":[],"yoast_head":"<!-- This site is optimized with the Yoast SEO plugin v24.4 - https:\/\/yoast.com\/wordpress\/plugins\/seo\/ -->\n<title>Jacke &quot;Sierra&quot; Women no.33 - CREA Fil<\/title>\n<meta name=\"robots\" content=\"index, follow, max-snippet:-1, max-image-preview:large, max-video-preview:-1\" \/>\n<link rel=\"canonical\" href=\"https:\/\/www.creafil.lu\/de\/product\/jacke-sierra-women-no-33\/\" \/>\n<meta property=\"og:locale\" content=\"de_DE\" \/>\n<meta property=\"og:type\" content=\"article\" \/>\n<meta property=\"og:title\" content=\"Jacke &quot;Sierra&quot; Women no.33 - CREA Fil\" \/>\n<meta property=\"og:description\" content=\"Jacke Sierra women no 33  &nbsp;\" \/>\n<meta property=\"og:url\" content=\"https:\/\/www.creafil.lu\/de\/product\/jacke-sierra-women-no-33\/\" \/>\n<meta property=\"og:site_name\" content=\"CREA Fil\" \/>\n<meta property=\"article:modified_time\" content=\"2024-06-14T11:13:00+00:00\" \/>\n<meta property=\"og:image\" content=\"https:\/\/www.creafil.lu\/wp-content\/uploads\/2024\/06\/Titelbild_schwarzes_logo_lw33_Jacke_Sierra_RGB_Kopie_ml.jpg\" \/>\n\t<meta property=\"og:image:width\" content=\"707\" \/>\n\t<meta property=\"og:image:height\" content=\"1000\" \/>\n\t<meta property=\"og:image:type\" content=\"image\/jpeg\" \/>\n<meta name=\"twitter:card\" content=\"summary_large_image\" \/>\n<meta name=\"twitter:label1\" content=\"Gesch\u00e4tzte Lesezeit\" \/>\n\t<meta name=\"twitter:data1\" content=\"1\u00a0Minute\" \/>\n<script type=\"application\/ld+json\" class=\"yoast-schema-graph\">{\"@context\":\"https:\/\/schema.org\",\"@graph\":[{\"@type\":\"WebPage\",\"@id\":\"https:\/\/www.creafil.lu\/de\/product\/jacke-sierra-women-no-33\/\",\"url\":\"https:\/\/www.creafil.lu\/de\/product\/jacke-sierra-women-no-33\/\",\"name\":\"Jacke \\\"Sierra\\\" Women no.33 - CREA Fil\",\"isPartOf\":{\"@id\":\"https:\/\/www.creafil.lu\/de\/#website\"},\"primaryImageOfPage\":{\"@id\":\"https:\/\/www.creafil.lu\/de\/product\/jacke-sierra-women-no-33\/#primaryimage\"},\"image\":{\"@id\":\"https:\/\/www.creafil.lu\/de\/product\/jacke-sierra-women-no-33\/#primaryimage\"},\"thumbnailUrl\":\"https:\/\/www.creafil.lu\/wp-content\/uploads\/2024\/06\/Titelbild_schwarzes_logo_lw33_Jacke_Sierra_RGB_Kopie_ml.jpg\",\"datePublished\":\"2024-06-14T11:07:40+00:00\",\"dateModified\":\"2024-06-14T11:13:00+00:00\",\"breadcrumb\":{\"@id\":\"https:\/\/www.creafil.lu\/de\/product\/jacke-sierra-women-no-33\/#breadcrumb\"},\"inLanguage\":\"de\",\"potentialAction\":[{\"@type\":\"ReadAction\",\"target\":[\"https:\/\/www.creafil.lu\/de\/product\/jacke-sierra-women-no-33\/\"]}]},{\"@type\":\"ImageObject\",\"inLanguage\":\"de\",\"@id\":\"https:\/\/www.creafil.lu\/de\/product\/jacke-sierra-women-no-33\/#primaryimage\",\"url\":\"https:\/\/www.creafil.lu\/wp-content\/uploads\/2024\/06\/Titelbild_schwarzes_logo_lw33_Jacke_Sierra_RGB_Kopie_ml.jpg\",\"contentUrl\":\"https:\/\/www.creafil.lu\/wp-content\/uploads\/2024\/06\/Titelbild_schwarzes_logo_lw33_Jacke_Sierra_RGB_Kopie_ml.jpg\",\"width\":707,\"height\":1000},{\"@type\":\"BreadcrumbList\",\"@id\":\"https:\/\/www.creafil.lu\/de\/product\/jacke-sierra-women-no-33\/#breadcrumb\",\"itemListElement\":[{\"@type\":\"ListItem\",\"position\":1,\"name\":\"Home\",\"item\":\"https:\/\/www.creafil.lu\/de\/\"},{\"@type\":\"ListItem\",\"position\":2,\"name\":\"Shop\",\"item\":\"https:\/\/www.creafil.lu\/de\/shop\/\"},{\"@type\":\"ListItem\",\"position\":3,\"name\":\"Jacke &#8222;Sierra&#8220; Women no.33\"}]},{\"@type\":\"WebSite\",\"@id\":\"https:\/\/www.creafil.lu\/de\/#website\",\"url\":\"https:\/\/www.creafil.lu\/de\/\",\"name\":\"CREA Fil\",\"description\":\"Magasin\",\"potentialAction\":[{\"@type\":\"SearchAction\",\"target\":{\"@type\":\"EntryPoint\",\"urlTemplate\":\"https:\/\/www.creafil.lu\/de\/?s={search_term_string}\"},\"query-input\":{\"@type\":\"PropertyValueSpecification\",\"valueRequired\":true,\"valueName\":\"search_term_string\"}}],\"inLanguage\":\"de\"}]}<\/script>\n<!-- \/ Yoast SEO plugin. -->","yoast_head_json":{"title":"Jacke \"Sierra\" Women no.33 - CREA Fil","robots":{"index":"index","follow":"follow","max-snippet":"max-snippet:-1","max-image-preview":"max-image-preview:large","max-video-preview":"max-video-preview:-1"},"canonical":"https:\/\/www.creafil.lu\/de\/product\/jacke-sierra-women-no-33\/","og_locale":"de_DE","og_type":"article","og_title":"Jacke \"Sierra\" Women no.33 - CREA Fil","og_description":"Jacke Sierra women no 33  &nbsp;","og_url":"https:\/\/www.creafil.lu\/de\/product\/jacke-sierra-women-no-33\/","og_site_name":"CREA Fil","article_modified_time":"2024-06-14T11:13:00+00:00","og_image":[{"width":707,"height":1000,"url":"https:\/\/www.creafil.lu\/wp-content\/uploads\/2024\/06\/Titelbild_schwarzes_logo_lw33_Jacke_Sierra_RGB_Kopie_ml.jpg","type":"image\/jpeg"}],"twitter_card":"summary_large_image","twitter_misc":{"Gesch\u00e4tzte Lesezeit":"1\u00a0Minute"},"schema":{"@context":"https:\/\/schema.org","@graph":[{"@type":"WebPage","@id":"https:\/\/www.creafil.lu\/de\/product\/jacke-sierra-women-no-33\/","url":"https:\/\/www.creafil.lu\/de\/product\/jacke-sierra-women-no-33\/","name":"Jacke \"Sierra\" Women no.33 - CREA Fil","isPartOf":{"@id":"https:\/\/www.creafil.lu\/de\/#website"},"primaryImageOfPage":{"@id":"https:\/\/www.creafil.lu\/de\/product\/jacke-sierra-women-no-33\/#primaryimage"},"image":{"@id":"https:\/\/www.creafil.lu\/de\/product\/jacke-sierra-women-no-33\/#primaryimage"},"thumbnailUrl":"https:\/\/www.creafil.lu\/wp-content\/uploads\/2024\/06\/Titelbild_schwarzes_logo_lw33_Jacke_Sierra_RGB_Kopie_ml.jpg","datePublished":"2024-06-14T11:07:40+00:00","dateModified":"2024-06-14T11:13:00+00:00","breadcrumb":{"@id":"https:\/\/www.creafil.lu\/de\/product\/jacke-sierra-women-no-33\/#breadcrumb"},"inLanguage":"de","potentialAction":[{"@type":"ReadAction","target":["https:\/\/www.creafil.lu\/de\/product\/jacke-sierra-women-no-33\/"]}]},{"@type":"ImageObject","inLanguage":"de","@id":"https:\/\/www.creafil.lu\/de\/product\/jacke-sierra-women-no-33\/#primaryimage","url":"https:\/\/www.creafil.lu\/wp-content\/uploads\/2024\/06\/Titelbild_schwarzes_logo_lw33_Jacke_Sierra_RGB_Kopie_ml.jpg","contentUrl":"https:\/\/www.creafil.lu\/wp-content\/uploads\/2024\/06\/Titelbild_schwarzes_logo_lw33_Jacke_Sierra_RGB_Kopie_ml.jpg","width":707,"height":1000},{"@type":"BreadcrumbList","@id":"https:\/\/www.creafil.lu\/de\/product\/jacke-sierra-women-no-33\/#breadcrumb","itemListElement":[{"@type":"ListItem","position":1,"name":"Home","item":"https:\/\/www.creafil.lu\/de\/"},{"@type":"ListItem","position":2,"name":"Shop","item":"https:\/\/www.creafil.lu\/de\/shop\/"},{"@type":"ListItem","position":3,"name":"Jacke &#8222;Sierra&#8220; Women no.33"}]},{"@type":"WebSite","@id":"https:\/\/www.creafil.lu\/de\/#website","url":"https:\/\/www.creafil.lu\/de\/","name":"CREA Fil","description":"Magasin","potentialAction":[{"@type":"SearchAction","target":{"@type":"EntryPoint","urlTemplate":"https:\/\/www.creafil.lu\/de\/?s={search_term_string}"},"query-input":{"@type":"PropertyValueSpecification","valueRequired":true,"valueName":"search_term_string"}}],"inLanguage":"de"}]}},"_links":{"self":[{"href":"https:\/\/www.creafil.lu\/de\/wp-json\/wp\/v2\/product\/3559","targetHints":{"allow":["GET"]}}],"collection":[{"href":"https:\/\/www.creafil.lu\/de\/wp-json\/wp\/v2\/product"}],"about":[{"href":"https:\/\/www.creafil.lu\/de\/wp-json\/wp\/v2\/types\/product"}],"wp:featuredmedia":[{"embeddable":true,"href":"https:\/\/www.creafil.lu\/de\/wp-json\/wp\/v2\/media\/3561"}],"wp:attachment":[{"href":"https:\/\/www.creafil.lu\/de\/wp-json\/wp\/v2\/media?parent=3559"}],"wp:term":[{"taxonomy":"product_brand","embeddable":true,"href":"https:\/\/www.creafil.lu\/de\/wp-json\/wp\/v2\/product_brand?post=3559"},{"taxonomy":"product_cat","embeddable":true,"href":"https:\/\/www.creafil.lu\/de\/wp-json\/wp\/v2\/product_cat?post=3559"},{"taxonomy":"product_tag","embeddable":true,"href":"https:\/\/www.creafil.lu\/de\/wp-json\/wp\/v2\/product_tag?post=3559"}],"curies":[{"name":"wp","href":"https:\/\/api.w.org\/{rel}","templated":true}]}}