{"id":3501,"date":"2024-06-13T13:26:54","date_gmt":"2024-06-13T13:26:54","guid":{"rendered":"https:\/\/www.creafil.lu\/?post_type=product&#038;p=3501"},"modified":"2024-06-13T13:37:50","modified_gmt":"2024-06-13T13:37:50","slug":"elena-damen","status":"publish","type":"product","link":"https:\/\/www.creafil.lu\/de\/product\/elena-damen\/","title":{"rendered":"Elena Damen"},"content":{"rendered":"<p>F\u00fcr Damen in Gr\u00f6\u00dfe 32-58.<\/p>\n<p>Elena ist ein luftiger Begleiter f\u00fcr den Fr\u00fchling. Die Bluse ist schnell gen\u00e4ht und \u00fcberzeugt durch den l\u00e4ssigen Look. Dank der Kellerfalte im R\u00fcckenteil f\u00e4llt der Stoff angenehm locker und umschmeichelt deine Figur.<\/p>\n<p>Materialliste:<\/p>\n<p>\u2013 Webware, Viskosejersey, Jersey, Voile, Tencel, Musselin und andere leicht flie\u00dfende Stoffe<\/p>\n<p>\u2013 Vlieseline H180\/H200<\/p>\n<div>\n<p>Eine Nahtzugabe von 1 cm ist bereits im Schnitt enthalten.<\/p>\n<\/div>\n<p>Dieses Set enth\u00e4lt :<\/p>\n<ul>\n<li>alle Schnittmusterteile in Farbe auf einem Gro\u00dfdruckformatpapierschnittmuster \u2013 Bogen<\/li>\n<li>gefaltet als DIN-A4<\/li>\n<li>verpackt im Druckverschluss \u2013 Beutel<\/li>\n<li>gedruckte Kurzanleitung<\/li>\n<li>Schritt f\u00fcr Schritt \u2013 Bildanleitung zum Download<\/li>\n<\/ul>\n","protected":false},"excerpt":{"rendered":"<p>Elena Damen Gr. 32 &#8211; 58<\/p>\n","protected":false},"featured_media":3504,"template":"","meta":{"_acf_changed":false,"inline_featured_image":false},"product_brand":[],"product_cat":[358],"product_tag":[],"class_list":{"0":"post-3501","1":"product","2":"type-product","3":"status-publish","4":"has-post-thumbnail","6":"product_cat-buecher-schnittmuster","8":"first","9":"instock","10":"taxable","11":"shipping-taxable","12":"purchasable","13":"product-type-simple"},"acf":[],"yoast_head":"<!-- This site is optimized with the Yoast SEO plugin v24.4 - https:\/\/yoast.com\/wordpress\/plugins\/seo\/ -->\n<title>Elena Damen - CREA Fil<\/title>\n<meta name=\"robots\" content=\"index, follow, max-snippet:-1, max-image-preview:large, max-video-preview:-1\" \/>\n<link rel=\"canonical\" href=\"https:\/\/www.creafil.lu\/de\/product\/elena-damen\/\" \/>\n<meta property=\"og:locale\" content=\"de_DE\" \/>\n<meta property=\"og:type\" content=\"article\" \/>\n<meta property=\"og:title\" content=\"Elena Damen - CREA Fil\" \/>\n<meta property=\"og:description\" content=\"Elena Damen Gr. 32 - 58\" \/>\n<meta property=\"og:url\" content=\"https:\/\/www.creafil.lu\/de\/product\/elena-damen\/\" \/>\n<meta property=\"og:site_name\" content=\"CREA Fil\" \/>\n<meta property=\"article:modified_time\" content=\"2024-06-13T13:37:50+00:00\" \/>\n<meta property=\"og:image\" content=\"https:\/\/www.creafil.lu\/wp-content\/uploads\/2024\/06\/Elena-Damen-Titel-1-1444x2048-1.jpg\" \/>\n\t<meta property=\"og:image:width\" content=\"1444\" \/>\n\t<meta property=\"og:image:height\" content=\"2048\" \/>\n\t<meta property=\"og:image:type\" content=\"image\/jpeg\" \/>\n<meta name=\"twitter:card\" content=\"summary_large_image\" \/>\n<meta name=\"twitter:label1\" content=\"Gesch\u00e4tzte Lesezeit\" \/>\n\t<meta name=\"twitter:data1\" content=\"1\u00a0Minute\" \/>\n<script type=\"application\/ld+json\" class=\"yoast-schema-graph\">{\"@context\":\"https:\/\/schema.org\",\"@graph\":[{\"@type\":\"WebPage\",\"@id\":\"https:\/\/www.creafil.lu\/de\/product\/elena-damen\/\",\"url\":\"https:\/\/www.creafil.lu\/de\/product\/elena-damen\/\",\"name\":\"Elena Damen - CREA Fil\",\"isPartOf\":{\"@id\":\"https:\/\/www.creafil.lu\/de\/#website\"},\"primaryImageOfPage\":{\"@id\":\"https:\/\/www.creafil.lu\/de\/product\/elena-damen\/#primaryimage\"},\"image\":{\"@id\":\"https:\/\/www.creafil.lu\/de\/product\/elena-damen\/#primaryimage\"},\"thumbnailUrl\":\"https:\/\/www.creafil.lu\/wp-content\/uploads\/2024\/06\/Elena-Damen-Titel-1-1444x2048-1.jpg\",\"datePublished\":\"2024-06-13T13:26:54+00:00\",\"dateModified\":\"2024-06-13T13:37:50+00:00\",\"breadcrumb\":{\"@id\":\"https:\/\/www.creafil.lu\/de\/product\/elena-damen\/#breadcrumb\"},\"inLanguage\":\"de\",\"potentialAction\":[{\"@type\":\"ReadAction\",\"target\":[\"https:\/\/www.creafil.lu\/de\/product\/elena-damen\/\"]}]},{\"@type\":\"ImageObject\",\"inLanguage\":\"de\",\"@id\":\"https:\/\/www.creafil.lu\/de\/product\/elena-damen\/#primaryimage\",\"url\":\"https:\/\/www.creafil.lu\/wp-content\/uploads\/2024\/06\/Elena-Damen-Titel-1-1444x2048-1.jpg\",\"contentUrl\":\"https:\/\/www.creafil.lu\/wp-content\/uploads\/2024\/06\/Elena-Damen-Titel-1-1444x2048-1.jpg\",\"width\":1444,\"height\":2048},{\"@type\":\"BreadcrumbList\",\"@id\":\"https:\/\/www.creafil.lu\/de\/product\/elena-damen\/#breadcrumb\",\"itemListElement\":[{\"@type\":\"ListItem\",\"position\":1,\"name\":\"Home\",\"item\":\"https:\/\/www.creafil.lu\/de\/\"},{\"@type\":\"ListItem\",\"position\":2,\"name\":\"Shop\",\"item\":\"https:\/\/www.creafil.lu\/de\/shop\/\"},{\"@type\":\"ListItem\",\"position\":3,\"name\":\"Elena Damen\"}]},{\"@type\":\"WebSite\",\"@id\":\"https:\/\/www.creafil.lu\/de\/#website\",\"url\":\"https:\/\/www.creafil.lu\/de\/\",\"name\":\"CREA Fil\",\"description\":\"Magasin\",\"potentialAction\":[{\"@type\":\"SearchAction\",\"target\":{\"@type\":\"EntryPoint\",\"urlTemplate\":\"https:\/\/www.creafil.lu\/de\/?s={search_term_string}\"},\"query-input\":{\"@type\":\"PropertyValueSpecification\",\"valueRequired\":true,\"valueName\":\"search_term_string\"}}],\"inLanguage\":\"de\"}]}<\/script>\n<!-- \/ Yoast SEO plugin. -->","yoast_head_json":{"title":"Elena Damen - CREA Fil","robots":{"index":"index","follow":"follow","max-snippet":"max-snippet:-1","max-image-preview":"max-image-preview:large","max-video-preview":"max-video-preview:-1"},"canonical":"https:\/\/www.creafil.lu\/de\/product\/elena-damen\/","og_locale":"de_DE","og_type":"article","og_title":"Elena Damen - CREA Fil","og_description":"Elena Damen Gr. 32 - 58","og_url":"https:\/\/www.creafil.lu\/de\/product\/elena-damen\/","og_site_name":"CREA Fil","article_modified_time":"2024-06-13T13:37:50+00:00","og_image":[{"width":1444,"height":2048,"url":"https:\/\/www.creafil.lu\/wp-content\/uploads\/2024\/06\/Elena-Damen-Titel-1-1444x2048-1.jpg","type":"image\/jpeg"}],"twitter_card":"summary_large_image","twitter_misc":{"Gesch\u00e4tzte Lesezeit":"1\u00a0Minute"},"schema":{"@context":"https:\/\/schema.org","@graph":[{"@type":"WebPage","@id":"https:\/\/www.creafil.lu\/de\/product\/elena-damen\/","url":"https:\/\/www.creafil.lu\/de\/product\/elena-damen\/","name":"Elena Damen - CREA Fil","isPartOf":{"@id":"https:\/\/www.creafil.lu\/de\/#website"},"primaryImageOfPage":{"@id":"https:\/\/www.creafil.lu\/de\/product\/elena-damen\/#primaryimage"},"image":{"@id":"https:\/\/www.creafil.lu\/de\/product\/elena-damen\/#primaryimage"},"thumbnailUrl":"https:\/\/www.creafil.lu\/wp-content\/uploads\/2024\/06\/Elena-Damen-Titel-1-1444x2048-1.jpg","datePublished":"2024-06-13T13:26:54+00:00","dateModified":"2024-06-13T13:37:50+00:00","breadcrumb":{"@id":"https:\/\/www.creafil.lu\/de\/product\/elena-damen\/#breadcrumb"},"inLanguage":"de","potentialAction":[{"@type":"ReadAction","target":["https:\/\/www.creafil.lu\/de\/product\/elena-damen\/"]}]},{"@type":"ImageObject","inLanguage":"de","@id":"https:\/\/www.creafil.lu\/de\/product\/elena-damen\/#primaryimage","url":"https:\/\/www.creafil.lu\/wp-content\/uploads\/2024\/06\/Elena-Damen-Titel-1-1444x2048-1.jpg","contentUrl":"https:\/\/www.creafil.lu\/wp-content\/uploads\/2024\/06\/Elena-Damen-Titel-1-1444x2048-1.jpg","width":1444,"height":2048},{"@type":"BreadcrumbList","@id":"https:\/\/www.creafil.lu\/de\/product\/elena-damen\/#breadcrumb","itemListElement":[{"@type":"ListItem","position":1,"name":"Home","item":"https:\/\/www.creafil.lu\/de\/"},{"@type":"ListItem","position":2,"name":"Shop","item":"https:\/\/www.creafil.lu\/de\/shop\/"},{"@type":"ListItem","position":3,"name":"Elena Damen"}]},{"@type":"WebSite","@id":"https:\/\/www.creafil.lu\/de\/#website","url":"https:\/\/www.creafil.lu\/de\/","name":"CREA Fil","description":"Magasin","potentialAction":[{"@type":"SearchAction","target":{"@type":"EntryPoint","urlTemplate":"https:\/\/www.creafil.lu\/de\/?s={search_term_string}"},"query-input":{"@type":"PropertyValueSpecification","valueRequired":true,"valueName":"search_term_string"}}],"inLanguage":"de"}]}},"_links":{"self":[{"href":"https:\/\/www.creafil.lu\/de\/wp-json\/wp\/v2\/product\/3501","targetHints":{"allow":["GET"]}}],"collection":[{"href":"https:\/\/www.creafil.lu\/de\/wp-json\/wp\/v2\/product"}],"about":[{"href":"https:\/\/www.creafil.lu\/de\/wp-json\/wp\/v2\/types\/product"}],"wp:featuredmedia":[{"embeddable":true,"href":"https:\/\/www.creafil.lu\/de\/wp-json\/wp\/v2\/media\/3504"}],"wp:attachment":[{"href":"https:\/\/www.creafil.lu\/de\/wp-json\/wp\/v2\/media?parent=3501"}],"wp:term":[{"taxonomy":"product_brand","embeddable":true,"href":"https:\/\/www.creafil.lu\/de\/wp-json\/wp\/v2\/product_brand?post=3501"},{"taxonomy":"product_cat","embeddable":true,"href":"https:\/\/www.creafil.lu\/de\/wp-json\/wp\/v2\/product_cat?post=3501"},{"taxonomy":"product_tag","embeddable":true,"href":"https:\/\/www.creafil.lu\/de\/wp-json\/wp\/v2\/product_tag?post=3501"}],"curies":[{"name":"wp","href":"https:\/\/api.w.org\/{rel}","templated":true}]}}