{"id":3453,"date":"2024-06-13T08:00:13","date_gmt":"2024-06-13T08:00:13","guid":{"rendered":"https:\/\/www.creafil.lu\/?post_type=product&#038;p=3453"},"modified":"2024-06-13T09:02:21","modified_gmt":"2024-06-13T09:02:21","slug":"windbreaker-kinder","status":"publish","type":"product","link":"https:\/\/www.creafil.lu\/de\/product\/windbreaker-kinder\/","title":{"rendered":"Windbreaker Kinder"},"content":{"rendered":"<p>74-164<\/p>\n<p>Ein Windbreaker wird klassisch aus einem d\u00fcnnen, winddichten Stoff gen\u00e4ht, um \u2013 wie der Name schon sagt \u2013 den Wind abzuhalten.<br \/>\nDabei sitzt er locker, damit er bequem als oberste Kleidungsschicht angezogen werden kann. Du kannst ihn aus d\u00fcnnen Regenmantelstoffen,<br \/>\naber auch aus Softshell oder Mantelstoffen n\u00e4hen. Er ist komplett gef\u00fcttert, kann aber auch ohne Futter gen\u00e4ht werden.<br \/>\nSelbstverst\u00e4ndlich ist im Schnitt die typische Bauchtasche enthalten, optional kannst du zus\u00e4tzlich seitliche Eingrifftaschen einn\u00e4hen.<\/p>\n<p>&nbsp;<\/p>\n<p><strong><i>Zu diesem Schnittmuster gibt es in ein detailliertes N\u00e4h-Video auf dem Fadenk\u00e4fer-YouTube Kanal!<\/i><\/strong><\/p>\n<p>Eine Nahtzugabe von 1 cm ist bereits im Schnitt enthalten.<br \/>\nZu diesem Schnittmuster gibt es ein detailliertes N\u00e4h-Video auf dem Fadenk\u00e4fer YouTube-Kanal<\/p>\n<p>&nbsp;<\/p>\n<p>Dieses Set enth\u00e4lt :<\/p>\n<ul>\n<li>alle Schnittmusterteile in Farbe auf einem Gro\u00dfdruckformatpapierschnittmuster \u2013 Bogen<\/li>\n<li>gefaltet als DIN-A4<\/li>\n<li>verpackt im Druckverschluss \u2013 Beutel<\/li>\n<li>gedruckte Kurzanleitung<\/li>\n<li>Schritt f\u00fcr Schritt \u2013 Bildanleitung zum Download<\/li>\n<\/ul>\n","protected":false},"excerpt":{"rendered":"<p>Windbreaker Kinder 74 &#8211; 164<\/p>\n","protected":false},"featured_media":3456,"template":"","meta":{"_acf_changed":false,"inline_featured_image":false},"product_brand":[],"product_cat":[358],"product_tag":[],"class_list":{"0":"post-3453","1":"product","2":"type-product","3":"status-publish","4":"has-post-thumbnail","6":"product_cat-buecher-schnittmuster","8":"first","9":"instock","10":"taxable","11":"shipping-taxable","12":"purchasable","13":"product-type-simple"},"acf":[],"yoast_head":"<!-- This site is optimized with the Yoast SEO plugin v24.4 - https:\/\/yoast.com\/wordpress\/plugins\/seo\/ -->\n<title>Windbreaker Kinder - CREA Fil<\/title>\n<meta name=\"robots\" content=\"index, follow, max-snippet:-1, max-image-preview:large, max-video-preview:-1\" \/>\n<link rel=\"canonical\" href=\"https:\/\/www.creafil.lu\/de\/product\/windbreaker-kinder\/\" \/>\n<meta property=\"og:locale\" content=\"de_DE\" \/>\n<meta property=\"og:type\" content=\"article\" \/>\n<meta property=\"og:title\" content=\"Windbreaker Kinder - CREA Fil\" \/>\n<meta property=\"og:description\" content=\"Windbreaker Kinder 74 - 164\" \/>\n<meta property=\"og:url\" content=\"https:\/\/www.creafil.lu\/de\/product\/windbreaker-kinder\/\" \/>\n<meta property=\"og:site_name\" content=\"CREA Fil\" \/>\n<meta property=\"article:modified_time\" content=\"2024-06-13T09:02:21+00:00\" \/>\n<meta property=\"og:image\" content=\"https:\/\/www.creafil.lu\/wp-content\/uploads\/2024\/06\/Windbreaker-Kinder-Titel-002-480x690-1.png\" \/>\n\t<meta property=\"og:image:width\" content=\"480\" \/>\n\t<meta property=\"og:image:height\" content=\"690\" \/>\n\t<meta property=\"og:image:type\" content=\"image\/png\" \/>\n<meta name=\"twitter:card\" content=\"summary_large_image\" \/>\n<meta name=\"twitter:label1\" content=\"Gesch\u00e4tzte Lesezeit\" \/>\n\t<meta name=\"twitter:data1\" content=\"1\u00a0Minute\" \/>\n<script type=\"application\/ld+json\" class=\"yoast-schema-graph\">{\"@context\":\"https:\/\/schema.org\",\"@graph\":[{\"@type\":\"WebPage\",\"@id\":\"https:\/\/www.creafil.lu\/de\/product\/windbreaker-kinder\/\",\"url\":\"https:\/\/www.creafil.lu\/de\/product\/windbreaker-kinder\/\",\"name\":\"Windbreaker Kinder - CREA Fil\",\"isPartOf\":{\"@id\":\"https:\/\/www.creafil.lu\/de\/#website\"},\"primaryImageOfPage\":{\"@id\":\"https:\/\/www.creafil.lu\/de\/product\/windbreaker-kinder\/#primaryimage\"},\"image\":{\"@id\":\"https:\/\/www.creafil.lu\/de\/product\/windbreaker-kinder\/#primaryimage\"},\"thumbnailUrl\":\"https:\/\/www.creafil.lu\/wp-content\/uploads\/2024\/06\/Windbreaker-Kinder-Titel-002-480x690-1.png\",\"datePublished\":\"2024-06-13T08:00:13+00:00\",\"dateModified\":\"2024-06-13T09:02:21+00:00\",\"breadcrumb\":{\"@id\":\"https:\/\/www.creafil.lu\/de\/product\/windbreaker-kinder\/#breadcrumb\"},\"inLanguage\":\"de\",\"potentialAction\":[{\"@type\":\"ReadAction\",\"target\":[\"https:\/\/www.creafil.lu\/de\/product\/windbreaker-kinder\/\"]}]},{\"@type\":\"ImageObject\",\"inLanguage\":\"de\",\"@id\":\"https:\/\/www.creafil.lu\/de\/product\/windbreaker-kinder\/#primaryimage\",\"url\":\"https:\/\/www.creafil.lu\/wp-content\/uploads\/2024\/06\/Windbreaker-Kinder-Titel-002-480x690-1.png\",\"contentUrl\":\"https:\/\/www.creafil.lu\/wp-content\/uploads\/2024\/06\/Windbreaker-Kinder-Titel-002-480x690-1.png\",\"width\":480,\"height\":690},{\"@type\":\"BreadcrumbList\",\"@id\":\"https:\/\/www.creafil.lu\/de\/product\/windbreaker-kinder\/#breadcrumb\",\"itemListElement\":[{\"@type\":\"ListItem\",\"position\":1,\"name\":\"Home\",\"item\":\"https:\/\/www.creafil.lu\/de\/\"},{\"@type\":\"ListItem\",\"position\":2,\"name\":\"Shop\",\"item\":\"https:\/\/www.creafil.lu\/de\/shop\/\"},{\"@type\":\"ListItem\",\"position\":3,\"name\":\"Windbreaker Kinder\"}]},{\"@type\":\"WebSite\",\"@id\":\"https:\/\/www.creafil.lu\/de\/#website\",\"url\":\"https:\/\/www.creafil.lu\/de\/\",\"name\":\"CREA Fil\",\"description\":\"Magasin\",\"potentialAction\":[{\"@type\":\"SearchAction\",\"target\":{\"@type\":\"EntryPoint\",\"urlTemplate\":\"https:\/\/www.creafil.lu\/de\/?s={search_term_string}\"},\"query-input\":{\"@type\":\"PropertyValueSpecification\",\"valueRequired\":true,\"valueName\":\"search_term_string\"}}],\"inLanguage\":\"de\"}]}<\/script>\n<!-- \/ Yoast SEO plugin. -->","yoast_head_json":{"title":"Windbreaker Kinder - CREA Fil","robots":{"index":"index","follow":"follow","max-snippet":"max-snippet:-1","max-image-preview":"max-image-preview:large","max-video-preview":"max-video-preview:-1"},"canonical":"https:\/\/www.creafil.lu\/de\/product\/windbreaker-kinder\/","og_locale":"de_DE","og_type":"article","og_title":"Windbreaker Kinder - CREA Fil","og_description":"Windbreaker Kinder 74 - 164","og_url":"https:\/\/www.creafil.lu\/de\/product\/windbreaker-kinder\/","og_site_name":"CREA Fil","article_modified_time":"2024-06-13T09:02:21+00:00","og_image":[{"width":480,"height":690,"url":"https:\/\/www.creafil.lu\/wp-content\/uploads\/2024\/06\/Windbreaker-Kinder-Titel-002-480x690-1.png","type":"image\/png"}],"twitter_card":"summary_large_image","twitter_misc":{"Gesch\u00e4tzte Lesezeit":"1\u00a0Minute"},"schema":{"@context":"https:\/\/schema.org","@graph":[{"@type":"WebPage","@id":"https:\/\/www.creafil.lu\/de\/product\/windbreaker-kinder\/","url":"https:\/\/www.creafil.lu\/de\/product\/windbreaker-kinder\/","name":"Windbreaker Kinder - CREA Fil","isPartOf":{"@id":"https:\/\/www.creafil.lu\/de\/#website"},"primaryImageOfPage":{"@id":"https:\/\/www.creafil.lu\/de\/product\/windbreaker-kinder\/#primaryimage"},"image":{"@id":"https:\/\/www.creafil.lu\/de\/product\/windbreaker-kinder\/#primaryimage"},"thumbnailUrl":"https:\/\/www.creafil.lu\/wp-content\/uploads\/2024\/06\/Windbreaker-Kinder-Titel-002-480x690-1.png","datePublished":"2024-06-13T08:00:13+00:00","dateModified":"2024-06-13T09:02:21+00:00","breadcrumb":{"@id":"https:\/\/www.creafil.lu\/de\/product\/windbreaker-kinder\/#breadcrumb"},"inLanguage":"de","potentialAction":[{"@type":"ReadAction","target":["https:\/\/www.creafil.lu\/de\/product\/windbreaker-kinder\/"]}]},{"@type":"ImageObject","inLanguage":"de","@id":"https:\/\/www.creafil.lu\/de\/product\/windbreaker-kinder\/#primaryimage","url":"https:\/\/www.creafil.lu\/wp-content\/uploads\/2024\/06\/Windbreaker-Kinder-Titel-002-480x690-1.png","contentUrl":"https:\/\/www.creafil.lu\/wp-content\/uploads\/2024\/06\/Windbreaker-Kinder-Titel-002-480x690-1.png","width":480,"height":690},{"@type":"BreadcrumbList","@id":"https:\/\/www.creafil.lu\/de\/product\/windbreaker-kinder\/#breadcrumb","itemListElement":[{"@type":"ListItem","position":1,"name":"Home","item":"https:\/\/www.creafil.lu\/de\/"},{"@type":"ListItem","position":2,"name":"Shop","item":"https:\/\/www.creafil.lu\/de\/shop\/"},{"@type":"ListItem","position":3,"name":"Windbreaker Kinder"}]},{"@type":"WebSite","@id":"https:\/\/www.creafil.lu\/de\/#website","url":"https:\/\/www.creafil.lu\/de\/","name":"CREA Fil","description":"Magasin","potentialAction":[{"@type":"SearchAction","target":{"@type":"EntryPoint","urlTemplate":"https:\/\/www.creafil.lu\/de\/?s={search_term_string}"},"query-input":{"@type":"PropertyValueSpecification","valueRequired":true,"valueName":"search_term_string"}}],"inLanguage":"de"}]}},"_links":{"self":[{"href":"https:\/\/www.creafil.lu\/de\/wp-json\/wp\/v2\/product\/3453","targetHints":{"allow":["GET"]}}],"collection":[{"href":"https:\/\/www.creafil.lu\/de\/wp-json\/wp\/v2\/product"}],"about":[{"href":"https:\/\/www.creafil.lu\/de\/wp-json\/wp\/v2\/types\/product"}],"wp:featuredmedia":[{"embeddable":true,"href":"https:\/\/www.creafil.lu\/de\/wp-json\/wp\/v2\/media\/3456"}],"wp:attachment":[{"href":"https:\/\/www.creafil.lu\/de\/wp-json\/wp\/v2\/media?parent=3453"}],"wp:term":[{"taxonomy":"product_brand","embeddable":true,"href":"https:\/\/www.creafil.lu\/de\/wp-json\/wp\/v2\/product_brand?post=3453"},{"taxonomy":"product_cat","embeddable":true,"href":"https:\/\/www.creafil.lu\/de\/wp-json\/wp\/v2\/product_cat?post=3453"},{"taxonomy":"product_tag","embeddable":true,"href":"https:\/\/www.creafil.lu\/de\/wp-json\/wp\/v2\/product_tag?post=3453"}],"curies":[{"name":"wp","href":"https:\/\/api.w.org\/{rel}","templated":true}]}}