{"id":3409,"date":"2024-06-12T08:59:30","date_gmt":"2024-06-12T08:59:30","guid":{"rendered":"https:\/\/www.creafil.lu\/?post_type=product&#038;p=3409"},"modified":"2025-03-31T07:58:21","modified_gmt":"2025-03-31T07:58:21","slug":"bernina-b480","status":"publish","type":"product","link":"https:\/\/www.creafil.lu\/de\/product\/bernina-b480\/","title":{"rendered":"BERNINA B480"},"content":{"rendered":"<p>Dank des automatischen Fadenabschneiders sparen Sie Zeit f\u00fcr kreative Ideen und m\u00fcssen Ihre F\u00e4den nicht mehr manuell schneiden.<br \/>\nDie Grundeinstellung l\u00e4sst sich individuell anpassen, sodass jeder Stich mit dem optimalen N\u00e4hfussdruck gen\u00e4ht werden kann.<br \/>\nDer verl\u00e4ngerte Freiarm bietet rund 18 cm rechts der Nadel f\u00fcr Projekte, Quilts und noch mehr kreative Freiheit.<br \/>\nDer N\u00e4hberater ist jederzeit f\u00fcr Sie da und beantwortet Ihre Fragen direkt am Bildschirm. Mit den Multifunktionskn\u00f6pfen lassen sich Einstellungen leicht anpassen.<\/p>\n<p>Dank des BERNINA Freihandsystems (FHS) k\u00f6nnen Sie den N\u00e4hfuss per Kniehebel anheben oder absenken. Ihre H\u00e4nde sichern dabei das<\/p>\n<p>Der BERNINA Greifer n\u00e4ht mit einer Geschwindigkeit von bis zu 900 Stichen pro Minute. F\u00fcr schnelle, pr\u00e4zise Resultate.<\/p>\n","protected":false},"excerpt":{"rendered":"<h2>BERNINA 480<\/h2>\n<h3>Perfektion, Geschwindigkeit und Komfort<\/h3>\n<div class=\"product-desc\">\n<ul>\n<li class=\"berninaicon-arrow-rt\">9 mm Stichbreite f\u00fcr wundersch\u00f6ne Stiche<\/li>\n<li class=\"berninaicon-arrow-rt\">Jumbo-Unterfadenspule f\u00fcr langes N\u00e4hen<\/li>\n<li class=\"berninaicon-arrow-rt\">Faden schneiden auf Knopfdruck<\/li>\n<li class=\"berninaicon-arrow-rt\">Perfekter N\u00e4hfussdruck f\u00fcr jedes Material<\/li>\n<li class=\"berninaicon-arrow-rt\">Einfaches Einf\u00e4deln spart wertvolle Zeit<\/li>\n<\/ul>\n<\/div>\n<div class=\"product-btns ng-scope no-prices\"><\/div>\n","protected":false},"featured_media":3413,"template":"","meta":{"_acf_changed":false,"inline_featured_image":false},"product_brand":[],"product_cat":[72],"product_tag":[],"class_list":{"0":"post-3409","1":"product","2":"type-product","3":"status-publish","4":"has-post-thumbnail","6":"product_cat-naehmaschine","8":"first","9":"instock","10":"sale","11":"featured","12":"taxable","13":"shipping-taxable","14":"purchasable","15":"product-type-simple"},"acf":[],"yoast_head":"<!-- This site is optimized with the Yoast SEO plugin v24.4 - https:\/\/yoast.com\/wordpress\/plugins\/seo\/ -->\n<title>BERNINA B480 - CREA Fil<\/title>\n<meta name=\"robots\" content=\"index, follow, max-snippet:-1, max-image-preview:large, max-video-preview:-1\" \/>\n<link rel=\"canonical\" href=\"https:\/\/www.creafil.lu\/de\/product\/bernina-b480\/\" \/>\n<meta property=\"og:locale\" content=\"de_DE\" \/>\n<meta property=\"og:type\" content=\"article\" \/>\n<meta property=\"og:title\" content=\"BERNINA B480 - CREA Fil\" \/>\n<meta property=\"og:description\" content=\"BERNINA 480 Perfektion, Geschwindigkeit und Komfort    9 mm Stichbreite f\u00fcr wundersch\u00f6ne Stiche  Jumbo-Unterfadenspule f\u00fcr langes N\u00e4hen  Faden schneiden auf Knopfdruck  Perfekter N\u00e4hfussdruck f\u00fcr jedes Material  Einfaches Einf\u00e4deln spart wertvolle Zeit\" \/>\n<meta property=\"og:url\" content=\"https:\/\/www.creafil.lu\/de\/product\/bernina-b480\/\" \/>\n<meta property=\"og:site_name\" content=\"CREA Fil\" \/>\n<meta property=\"article:modified_time\" content=\"2025-03-31T07:58:21+00:00\" \/>\n<meta property=\"og:image\" content=\"https:\/\/www.creafil.lu\/wp-content\/uploads\/2024\/06\/B480.jpg\" \/>\n\t<meta property=\"og:image:width\" content=\"2200\" \/>\n\t<meta property=\"og:image:height\" content=\"1500\" \/>\n\t<meta property=\"og:image:type\" content=\"image\/jpeg\" \/>\n<meta name=\"twitter:card\" content=\"summary_large_image\" \/>\n<meta name=\"twitter:label1\" content=\"Gesch\u00e4tzte Lesezeit\" \/>\n\t<meta name=\"twitter:data1\" content=\"1\u00a0Minute\" \/>\n<script type=\"application\/ld+json\" class=\"yoast-schema-graph\">{\"@context\":\"https:\/\/schema.org\",\"@graph\":[{\"@type\":\"WebPage\",\"@id\":\"https:\/\/www.creafil.lu\/de\/product\/bernina-b480\/\",\"url\":\"https:\/\/www.creafil.lu\/de\/product\/bernina-b480\/\",\"name\":\"BERNINA B480 - CREA Fil\",\"isPartOf\":{\"@id\":\"https:\/\/www.creafil.lu\/de\/#website\"},\"primaryImageOfPage\":{\"@id\":\"https:\/\/www.creafil.lu\/de\/product\/bernina-b480\/#primaryimage\"},\"image\":{\"@id\":\"https:\/\/www.creafil.lu\/de\/product\/bernina-b480\/#primaryimage\"},\"thumbnailUrl\":\"https:\/\/www.creafil.lu\/wp-content\/uploads\/2024\/06\/B480.jpg\",\"datePublished\":\"2024-06-12T08:59:30+00:00\",\"dateModified\":\"2025-03-31T07:58:21+00:00\",\"breadcrumb\":{\"@id\":\"https:\/\/www.creafil.lu\/de\/product\/bernina-b480\/#breadcrumb\"},\"inLanguage\":\"de\",\"potentialAction\":[{\"@type\":\"ReadAction\",\"target\":[\"https:\/\/www.creafil.lu\/de\/product\/bernina-b480\/\"]}]},{\"@type\":\"ImageObject\",\"inLanguage\":\"de\",\"@id\":\"https:\/\/www.creafil.lu\/de\/product\/bernina-b480\/#primaryimage\",\"url\":\"https:\/\/www.creafil.lu\/wp-content\/uploads\/2024\/06\/B480.jpg\",\"contentUrl\":\"https:\/\/www.creafil.lu\/wp-content\/uploads\/2024\/06\/B480.jpg\",\"width\":2200,\"height\":1500},{\"@type\":\"BreadcrumbList\",\"@id\":\"https:\/\/www.creafil.lu\/de\/product\/bernina-b480\/#breadcrumb\",\"itemListElement\":[{\"@type\":\"ListItem\",\"position\":1,\"name\":\"Home\",\"item\":\"https:\/\/www.creafil.lu\/de\/\"},{\"@type\":\"ListItem\",\"position\":2,\"name\":\"Shop\",\"item\":\"https:\/\/www.creafil.lu\/de\/shop\/\"},{\"@type\":\"ListItem\",\"position\":3,\"name\":\"BERNINA B480\"}]},{\"@type\":\"WebSite\",\"@id\":\"https:\/\/www.creafil.lu\/de\/#website\",\"url\":\"https:\/\/www.creafil.lu\/de\/\",\"name\":\"CREA Fil\",\"description\":\"Magasin\",\"potentialAction\":[{\"@type\":\"SearchAction\",\"target\":{\"@type\":\"EntryPoint\",\"urlTemplate\":\"https:\/\/www.creafil.lu\/de\/?s={search_term_string}\"},\"query-input\":{\"@type\":\"PropertyValueSpecification\",\"valueRequired\":true,\"valueName\":\"search_term_string\"}}],\"inLanguage\":\"de\"}]}<\/script>\n<!-- \/ Yoast SEO plugin. -->","yoast_head_json":{"title":"BERNINA B480 - CREA Fil","robots":{"index":"index","follow":"follow","max-snippet":"max-snippet:-1","max-image-preview":"max-image-preview:large","max-video-preview":"max-video-preview:-1"},"canonical":"https:\/\/www.creafil.lu\/de\/product\/bernina-b480\/","og_locale":"de_DE","og_type":"article","og_title":"BERNINA B480 - CREA Fil","og_description":"BERNINA 480 Perfektion, Geschwindigkeit und Komfort    9 mm Stichbreite f\u00fcr wundersch\u00f6ne Stiche  Jumbo-Unterfadenspule f\u00fcr langes N\u00e4hen  Faden schneiden auf Knopfdruck  Perfekter N\u00e4hfussdruck f\u00fcr jedes Material  Einfaches Einf\u00e4deln spart wertvolle Zeit","og_url":"https:\/\/www.creafil.lu\/de\/product\/bernina-b480\/","og_site_name":"CREA Fil","article_modified_time":"2025-03-31T07:58:21+00:00","og_image":[{"width":2200,"height":1500,"url":"https:\/\/www.creafil.lu\/wp-content\/uploads\/2024\/06\/B480.jpg","type":"image\/jpeg"}],"twitter_card":"summary_large_image","twitter_misc":{"Gesch\u00e4tzte Lesezeit":"1\u00a0Minute"},"schema":{"@context":"https:\/\/schema.org","@graph":[{"@type":"WebPage","@id":"https:\/\/www.creafil.lu\/de\/product\/bernina-b480\/","url":"https:\/\/www.creafil.lu\/de\/product\/bernina-b480\/","name":"BERNINA B480 - CREA Fil","isPartOf":{"@id":"https:\/\/www.creafil.lu\/de\/#website"},"primaryImageOfPage":{"@id":"https:\/\/www.creafil.lu\/de\/product\/bernina-b480\/#primaryimage"},"image":{"@id":"https:\/\/www.creafil.lu\/de\/product\/bernina-b480\/#primaryimage"},"thumbnailUrl":"https:\/\/www.creafil.lu\/wp-content\/uploads\/2024\/06\/B480.jpg","datePublished":"2024-06-12T08:59:30+00:00","dateModified":"2025-03-31T07:58:21+00:00","breadcrumb":{"@id":"https:\/\/www.creafil.lu\/de\/product\/bernina-b480\/#breadcrumb"},"inLanguage":"de","potentialAction":[{"@type":"ReadAction","target":["https:\/\/www.creafil.lu\/de\/product\/bernina-b480\/"]}]},{"@type":"ImageObject","inLanguage":"de","@id":"https:\/\/www.creafil.lu\/de\/product\/bernina-b480\/#primaryimage","url":"https:\/\/www.creafil.lu\/wp-content\/uploads\/2024\/06\/B480.jpg","contentUrl":"https:\/\/www.creafil.lu\/wp-content\/uploads\/2024\/06\/B480.jpg","width":2200,"height":1500},{"@type":"BreadcrumbList","@id":"https:\/\/www.creafil.lu\/de\/product\/bernina-b480\/#breadcrumb","itemListElement":[{"@type":"ListItem","position":1,"name":"Home","item":"https:\/\/www.creafil.lu\/de\/"},{"@type":"ListItem","position":2,"name":"Shop","item":"https:\/\/www.creafil.lu\/de\/shop\/"},{"@type":"ListItem","position":3,"name":"BERNINA B480"}]},{"@type":"WebSite","@id":"https:\/\/www.creafil.lu\/de\/#website","url":"https:\/\/www.creafil.lu\/de\/","name":"CREA Fil","description":"Magasin","potentialAction":[{"@type":"SearchAction","target":{"@type":"EntryPoint","urlTemplate":"https:\/\/www.creafil.lu\/de\/?s={search_term_string}"},"query-input":{"@type":"PropertyValueSpecification","valueRequired":true,"valueName":"search_term_string"}}],"inLanguage":"de"}]}},"_links":{"self":[{"href":"https:\/\/www.creafil.lu\/de\/wp-json\/wp\/v2\/product\/3409","targetHints":{"allow":["GET"]}}],"collection":[{"href":"https:\/\/www.creafil.lu\/de\/wp-json\/wp\/v2\/product"}],"about":[{"href":"https:\/\/www.creafil.lu\/de\/wp-json\/wp\/v2\/types\/product"}],"wp:featuredmedia":[{"embeddable":true,"href":"https:\/\/www.creafil.lu\/de\/wp-json\/wp\/v2\/media\/3413"}],"wp:attachment":[{"href":"https:\/\/www.creafil.lu\/de\/wp-json\/wp\/v2\/media?parent=3409"}],"wp:term":[{"taxonomy":"product_brand","embeddable":true,"href":"https:\/\/www.creafil.lu\/de\/wp-json\/wp\/v2\/product_brand?post=3409"},{"taxonomy":"product_cat","embeddable":true,"href":"https:\/\/www.creafil.lu\/de\/wp-json\/wp\/v2\/product_cat?post=3409"},{"taxonomy":"product_tag","embeddable":true,"href":"https:\/\/www.creafil.lu\/de\/wp-json\/wp\/v2\/product_tag?post=3409"}],"curies":[{"name":"wp","href":"https:\/\/api.w.org\/{rel}","templated":true}]}}