{"id":2997,"date":"2024-04-22T12:50:32","date_gmt":"2024-04-22T12:50:32","guid":{"rendered":"https:\/\/www.creafil.lu\/product\/bluse-violeta-nr-84-women\/"},"modified":"2024-04-29T07:33:37","modified_gmt":"2024-04-29T07:33:37","slug":"bluse-violeta-nr-84-women","status":"publish","type":"product","link":"https:\/\/www.creafil.lu\/de\/product\/bluse-violeta-nr-84-women\/","title":{"rendered":"Blouse Violeta nr 84 Women"},"content":{"rendered":"<div class=\"w-full text-token-text-primary\" dir=\"auto\" data-testid=\"conversation-turn-2\">\n<div class=\"px-4 py-2 justify-center text-base md:gap-6 m-auto\">\n<div class=\"flex flex-1 text-base mx-auto gap-3 juice:gap-4 juice:md:gap-6 md:px-5 lg:px-1 xl:px-5 md:max-w-3xl lg:max-w-[40rem] xl:max-w-[48rem]\">\n<div class=\"flex-shrink-0 flex flex-col relative items-end\">\n<div>\n<div class=\"pt-0.5\">\n<div class=\"gizmo-shadow-stroke flex h-6 w-6 items-center justify-center overflow-hidden rounded-full\">\n<p>La blouse Lillesol Women No.84 &#8222;Violeta&#8220; est une blouse l\u00e9g\u00e8rement ajust\u00e9e qui prend une apparence diff\u00e9rente en fonction de la variation de manches choisie. La manche large peut \u00eatre resserr\u00e9e ou fronc\u00e9e au niveau de l&#8217;ourlet avec un \u00e9lastique, donnant \u00e0 la blouse une apparence particuli\u00e8rement \u00e9l\u00e9gante. En revanche, la manche \u00e9troite peut \u00eatre cousue \u00e0 diff\u00e9rentes longueurs avec ou sans poignet, conf\u00e9rant \u00e0 la blouse un look classique.<\/p>\n<p>Un point fort est le col \u00e0 volants sophistiqu\u00e9. Pour ceux qui pr\u00e9f\u00e8rent un style moins ludique, un simple d\u00e9collet\u00e9 en V sans volants peut \u00e9galement \u00eatre r\u00e9alis\u00e9. La blouse comporte des pinces poitrine pour un ajustement optimal, et le panneau arri\u00e8re est cousu avec une empi\u00e8cement.<\/p>\n<p>En bonus, ce patron comprend des instructions sur la mani\u00e8re d&#8217;ajouter un pli suppl\u00e9mentaire au panneau arri\u00e8re.<\/p>\n<p>Si vous aimez notre blouse d&#8217;\u00e9t\u00e9 Lavina mais avez toujours souhait\u00e9 une version \u00e0 manches longues et sans manches bouffantes, alors Violeta est faite pour vous ! \u00c9tant donn\u00e9 que la construction du patron pour les manches sans manches ou bouffantes diff\u00e8re de celle des manches mont\u00e9es habituelles, un simple ajout de manches pour Lavina n&#8217;aurait pas \u00e9t\u00e9 r\u00e9alisable. Pour r\u00e9pondre \u00e0 votre souhait, nous avons repens\u00e9 la blouse et cr\u00e9\u00e9 deux manches longues diff\u00e9rentes qui s&#8217;int\u00e8grent parfaitement dans l&#8217;emmanchure sans effet bouffant.<\/p>\n<p>Recommandation de tissu : Tissus l\u00e9gers tiss\u00e9s tels que la viscose, le javanais, la cr\u00eape, la batiste, le lin, les tissus de chemise classiques, etc.<\/p>\n<p>Le patron papier comprend un livret couleur A4 avec des instructions \u00e9tape par \u00e9tape illustr\u00e9es, les besoins en tissu, des conseils de couture et toutes les pi\u00e8ces du patron pour les tailles 34 \u00e0 58 sur une grande feuille format couleur. De plus, le patron comprend une maxi carte index pour des notes de couture personnalis\u00e9es.<\/p>\n<p>Les pi\u00e8ces du patron de couture peuvent \u00eatre d\u00e9coup\u00e9es directement sans trac\u00e9, car elles ne se chevauchent pas comme les patrons conventionnels. Cependant, nous recommandons toujours de tracer les pi\u00e8ces pour pr\u00e9server la feuille de patron et permettre la couture d&#8217;autres tailles \u00e0 l&#8217;avenir.<\/p>\n<\/div>\n<\/div>\n<\/div>\n<\/div>\n<\/div>\n<\/div>\n<\/div>\n<div class=\"w-full text-token-text-primary\" dir=\"auto\" data-testid=\"conversation-turn-3\">\n<div class=\"px-4 py-2 justify-center text-base md:gap-6 m-auto\">\n<div class=\"flex flex-1 text-base mx-auto gap-3 juice:gap-4 juice:md:gap-6 md:px-5 lg:px-1 xl:px-5 md:max-w-3xl lg:max-w-[40rem] xl:max-w-[48rem]\">\n<div class=\"flex-shrink-0 flex flex-col relative items-end\">\n<div>\n<div class=\"pt-0.5\">\n<div class=\"gizmo-bot-avatar flex h-6 w-6 items-center justify-center overflow-hidden rounded-full\">\n<div class=\"relative p-1 rounded-sm flex items-center justify-center bg-token-main-surface-primary text-token-text-primary h-6 w-6\"><\/div>\n<\/div>\n<\/div>\n<\/div>\n<\/div>\n<div class=\"relative flex w-full flex-col agent-turn\">\n<div class=\"flex-col gap-1 md:gap-3\">\n<div class=\"flex flex-grow flex-col max-w-full\">\n<div class=\"min-h-[20px] text-message flex flex-col items-start gap-3 whitespace-pre-wrap break-words [.text-message+&amp;]:mt-5 overflow-x-auto\" dir=\"auto\" data-message-author-role=\"assistant\" data-message-id=\"b1445d42-0bc2-47d1-bdf6-eb9c4b9931a6\">\n<div class=\"markdown prose w-full break-words dark:prose-invert light\">\n<p>&nbsp;<\/p>\n<p>&nbsp;<\/p>\n<\/div>\n<\/div>\n<\/div>\n<\/div>\n<\/div>\n<\/div>\n<\/div>\n<\/div>\n<p><a href=\"https:\/\/youtu.be\/sNUpzhuPfP0\">https:\/\/youtu.be\/sNUpzhuPfP0<\/a><\/p>\n","protected":false},"excerpt":{"rendered":"<p>Bluse Violeta nr84<\/p>\n<p>&nbsp;<\/p>\n","protected":false},"featured_media":2992,"template":"","meta":{"_acf_changed":false,"inline_featured_image":false},"product_brand":[],"product_cat":[354],"product_tag":[],"class_list":{"0":"post-2997","1":"product","2":"type-product","3":"status-publish","4":"has-post-thumbnail","6":"product_cat-livres-patrons","8":"first","9":"instock","10":"taxable","11":"shipping-taxable","12":"purchasable","13":"product-type-simple"},"acf":[],"yoast_head":"<!-- This site is optimized with the Yoast SEO plugin v24.4 - https:\/\/yoast.com\/wordpress\/plugins\/seo\/ -->\n<title>Blouse Violeta nr 84 Women - CREA Fil<\/title>\n<meta name=\"robots\" content=\"index, follow, max-snippet:-1, max-image-preview:large, max-video-preview:-1\" \/>\n<link rel=\"canonical\" href=\"https:\/\/www.creafil.lu\/de\/product\/bluse-violeta-nr-84-women\/\" \/>\n<meta property=\"og:locale\" content=\"de_DE\" \/>\n<meta property=\"og:type\" content=\"article\" \/>\n<meta property=\"og:title\" content=\"Blouse Violeta nr 84 Women - CREA Fil\" \/>\n<meta property=\"og:description\" content=\"Bluse Violeta nr84  &nbsp;\" \/>\n<meta property=\"og:url\" content=\"https:\/\/www.creafil.lu\/de\/product\/bluse-violeta-nr-84-women\/\" \/>\n<meta property=\"og:site_name\" content=\"CREA Fil\" \/>\n<meta property=\"article:modified_time\" content=\"2024-04-29T07:33:37+00:00\" \/>\n<meta property=\"og:image\" content=\"https:\/\/www.creafil.lu\/wp-content\/uploads\/2024\/04\/Titelbild_lw84_RGB_Kopie_ml.jpg\" \/>\n\t<meta property=\"og:image:width\" content=\"707\" \/>\n\t<meta property=\"og:image:height\" content=\"1000\" \/>\n\t<meta property=\"og:image:type\" content=\"image\/jpeg\" \/>\n<meta name=\"twitter:card\" content=\"summary_large_image\" \/>\n<meta name=\"twitter:label1\" content=\"Gesch\u00e4tzte Lesezeit\" \/>\n\t<meta name=\"twitter:data1\" content=\"2\u00a0Minuten\" \/>\n<script type=\"application\/ld+json\" class=\"yoast-schema-graph\">{\"@context\":\"https:\/\/schema.org\",\"@graph\":[{\"@type\":\"WebPage\",\"@id\":\"https:\/\/www.creafil.lu\/de\/product\/bluse-violeta-nr-84-women\/\",\"url\":\"https:\/\/www.creafil.lu\/de\/product\/bluse-violeta-nr-84-women\/\",\"name\":\"Blouse Violeta nr 84 Women - CREA Fil\",\"isPartOf\":{\"@id\":\"https:\/\/www.creafil.lu\/de\/#website\"},\"primaryImageOfPage\":{\"@id\":\"https:\/\/www.creafil.lu\/de\/product\/bluse-violeta-nr-84-women\/#primaryimage\"},\"image\":{\"@id\":\"https:\/\/www.creafil.lu\/de\/product\/bluse-violeta-nr-84-women\/#primaryimage\"},\"thumbnailUrl\":\"https:\/\/www.creafil.lu\/wp-content\/uploads\/2024\/04\/Titelbild_lw84_RGB_Kopie_ml.jpg\",\"datePublished\":\"2024-04-22T12:50:32+00:00\",\"dateModified\":\"2024-04-29T07:33:37+00:00\",\"breadcrumb\":{\"@id\":\"https:\/\/www.creafil.lu\/de\/product\/bluse-violeta-nr-84-women\/#breadcrumb\"},\"inLanguage\":\"de\",\"potentialAction\":[{\"@type\":\"ReadAction\",\"target\":[\"https:\/\/www.creafil.lu\/de\/product\/bluse-violeta-nr-84-women\/\"]}]},{\"@type\":\"ImageObject\",\"inLanguage\":\"de\",\"@id\":\"https:\/\/www.creafil.lu\/de\/product\/bluse-violeta-nr-84-women\/#primaryimage\",\"url\":\"https:\/\/www.creafil.lu\/wp-content\/uploads\/2024\/04\/Titelbild_lw84_RGB_Kopie_ml.jpg\",\"contentUrl\":\"https:\/\/www.creafil.lu\/wp-content\/uploads\/2024\/04\/Titelbild_lw84_RGB_Kopie_ml.jpg\",\"width\":707,\"height\":1000},{\"@type\":\"BreadcrumbList\",\"@id\":\"https:\/\/www.creafil.lu\/de\/product\/bluse-violeta-nr-84-women\/#breadcrumb\",\"itemListElement\":[{\"@type\":\"ListItem\",\"position\":1,\"name\":\"Home\",\"item\":\"https:\/\/www.creafil.lu\/de\/\"},{\"@type\":\"ListItem\",\"position\":2,\"name\":\"Shop\",\"item\":\"https:\/\/www.creafil.lu\/de\/shop\/\"},{\"@type\":\"ListItem\",\"position\":3,\"name\":\"Blouse Violeta nr 84 Women\"}]},{\"@type\":\"WebSite\",\"@id\":\"https:\/\/www.creafil.lu\/de\/#website\",\"url\":\"https:\/\/www.creafil.lu\/de\/\",\"name\":\"CREA Fil\",\"description\":\"Magasin\",\"potentialAction\":[{\"@type\":\"SearchAction\",\"target\":{\"@type\":\"EntryPoint\",\"urlTemplate\":\"https:\/\/www.creafil.lu\/de\/?s={search_term_string}\"},\"query-input\":{\"@type\":\"PropertyValueSpecification\",\"valueRequired\":true,\"valueName\":\"search_term_string\"}}],\"inLanguage\":\"de\"}]}<\/script>\n<!-- \/ Yoast SEO plugin. -->","yoast_head_json":{"title":"Blouse Violeta nr 84 Women - CREA Fil","robots":{"index":"index","follow":"follow","max-snippet":"max-snippet:-1","max-image-preview":"max-image-preview:large","max-video-preview":"max-video-preview:-1"},"canonical":"https:\/\/www.creafil.lu\/de\/product\/bluse-violeta-nr-84-women\/","og_locale":"de_DE","og_type":"article","og_title":"Blouse Violeta nr 84 Women - CREA Fil","og_description":"Bluse Violeta nr84  &nbsp;","og_url":"https:\/\/www.creafil.lu\/de\/product\/bluse-violeta-nr-84-women\/","og_site_name":"CREA Fil","article_modified_time":"2024-04-29T07:33:37+00:00","og_image":[{"width":707,"height":1000,"url":"https:\/\/www.creafil.lu\/wp-content\/uploads\/2024\/04\/Titelbild_lw84_RGB_Kopie_ml.jpg","type":"image\/jpeg"}],"twitter_card":"summary_large_image","twitter_misc":{"Gesch\u00e4tzte Lesezeit":"2\u00a0Minuten"},"schema":{"@context":"https:\/\/schema.org","@graph":[{"@type":"WebPage","@id":"https:\/\/www.creafil.lu\/de\/product\/bluse-violeta-nr-84-women\/","url":"https:\/\/www.creafil.lu\/de\/product\/bluse-violeta-nr-84-women\/","name":"Blouse Violeta nr 84 Women - CREA Fil","isPartOf":{"@id":"https:\/\/www.creafil.lu\/de\/#website"},"primaryImageOfPage":{"@id":"https:\/\/www.creafil.lu\/de\/product\/bluse-violeta-nr-84-women\/#primaryimage"},"image":{"@id":"https:\/\/www.creafil.lu\/de\/product\/bluse-violeta-nr-84-women\/#primaryimage"},"thumbnailUrl":"https:\/\/www.creafil.lu\/wp-content\/uploads\/2024\/04\/Titelbild_lw84_RGB_Kopie_ml.jpg","datePublished":"2024-04-22T12:50:32+00:00","dateModified":"2024-04-29T07:33:37+00:00","breadcrumb":{"@id":"https:\/\/www.creafil.lu\/de\/product\/bluse-violeta-nr-84-women\/#breadcrumb"},"inLanguage":"de","potentialAction":[{"@type":"ReadAction","target":["https:\/\/www.creafil.lu\/de\/product\/bluse-violeta-nr-84-women\/"]}]},{"@type":"ImageObject","inLanguage":"de","@id":"https:\/\/www.creafil.lu\/de\/product\/bluse-violeta-nr-84-women\/#primaryimage","url":"https:\/\/www.creafil.lu\/wp-content\/uploads\/2024\/04\/Titelbild_lw84_RGB_Kopie_ml.jpg","contentUrl":"https:\/\/www.creafil.lu\/wp-content\/uploads\/2024\/04\/Titelbild_lw84_RGB_Kopie_ml.jpg","width":707,"height":1000},{"@type":"BreadcrumbList","@id":"https:\/\/www.creafil.lu\/de\/product\/bluse-violeta-nr-84-women\/#breadcrumb","itemListElement":[{"@type":"ListItem","position":1,"name":"Home","item":"https:\/\/www.creafil.lu\/de\/"},{"@type":"ListItem","position":2,"name":"Shop","item":"https:\/\/www.creafil.lu\/de\/shop\/"},{"@type":"ListItem","position":3,"name":"Blouse Violeta nr 84 Women"}]},{"@type":"WebSite","@id":"https:\/\/www.creafil.lu\/de\/#website","url":"https:\/\/www.creafil.lu\/de\/","name":"CREA Fil","description":"Magasin","potentialAction":[{"@type":"SearchAction","target":{"@type":"EntryPoint","urlTemplate":"https:\/\/www.creafil.lu\/de\/?s={search_term_string}"},"query-input":{"@type":"PropertyValueSpecification","valueRequired":true,"valueName":"search_term_string"}}],"inLanguage":"de"}]}},"_links":{"self":[{"href":"https:\/\/www.creafil.lu\/de\/wp-json\/wp\/v2\/product\/2997","targetHints":{"allow":["GET"]}}],"collection":[{"href":"https:\/\/www.creafil.lu\/de\/wp-json\/wp\/v2\/product"}],"about":[{"href":"https:\/\/www.creafil.lu\/de\/wp-json\/wp\/v2\/types\/product"}],"wp:featuredmedia":[{"embeddable":true,"href":"https:\/\/www.creafil.lu\/de\/wp-json\/wp\/v2\/media\/2992"}],"wp:attachment":[{"href":"https:\/\/www.creafil.lu\/de\/wp-json\/wp\/v2\/media?parent=2997"}],"wp:term":[{"taxonomy":"product_brand","embeddable":true,"href":"https:\/\/www.creafil.lu\/de\/wp-json\/wp\/v2\/product_brand?post=2997"},{"taxonomy":"product_cat","embeddable":true,"href":"https:\/\/www.creafil.lu\/de\/wp-json\/wp\/v2\/product_cat?post=2997"},{"taxonomy":"product_tag","embeddable":true,"href":"https:\/\/www.creafil.lu\/de\/wp-json\/wp\/v2\/product_tag?post=2997"}],"curies":[{"name":"wp","href":"https:\/\/api.w.org\/{rel}","templated":true}]}}