{"id":2987,"date":"2024-04-22T12:50:32","date_gmt":"2024-04-22T12:50:32","guid":{"rendered":"https:\/\/www.creafil.lu\/?post_type=product&#038;p=2987"},"modified":"2024-04-24T12:43:36","modified_gmt":"2024-04-24T12:43:36","slug":"jogginghose-jogga-nr-85-women","status":"publish","type":"product","link":"https:\/\/www.creafil.lu\/de\/product\/jogginghose-jogga-nr-85-women\/","title":{"rendered":"Jogginghose JOGGA Nr. 85 Women"},"content":{"rendered":"<p>Die lillesol women No.85 Jogginghose \u201eJogga\u201c ist ein tolles Basic-Schnittmuster f\u00fcr eine l\u00e4ssig bequeme Hose aus Sweat und anderen elastischen Stoffen.<br \/>\nDer Bund kann wahlweise mit 4cm breitem Gummiband, mit 1cm schmalem Gummiband und Kordeloder B\u00fcndchenware gen\u00e4ht werden.<\/p>\n<p>Das Fu\u00dfb\u00fcndchen wird je nach Belieben mit breitem Gummiband, B\u00fcndchenware oder einfach ges\u00e4umt gen\u00e4ht. Die Jogginghose kann mit oder ohne Taschen gen\u00e4ht werden. Nat\u00fcrlich kann die Hose f\u00fcr den Sport auch gek\u00fcrzt und als Shorts getragen werden.<\/p>\n<p>Stoffempfehlung: dehnbare Stoffe wie z.B. Sweat<\/p>\n<p>Das Papier-Schnittmuster enth\u00e4lt eine farbig gedruckte DinA4-Brosch\u00fcre mit Schritt-f\u00fcr-Schritt-Fotoanleitung, Angaben zum Stoffverbrauch &amp; N\u00e4hhinweisen sowie alle Schnittmuster f\u00fcr die Gr\u00f6\u00dfen 34 &#8211; 58 auf einem farbigen Gro\u00dfformat-Bogen. Als Extra liegt dem Schnittmuster eine Maxi-Karteikarte f\u00fcr individuelle N\u00e4hnotizen bei.<\/p>\n<p>Die Schnittteile dieses Schnittmusters k\u00f6nnen direkt ausgeschnitten werden. Ein Abpausen &#8211; wie normalerweise bei Schnittb\u00f6gen \u00fcblich &#8211; ist nicht notwendig, da die Schnittteile nicht \u00fcberlappen.<br \/>\nWir empfehlen Dir jedoch, trotzdem immer die Schnittteile abzupausen, damit Dir der Schnittbogen erhalten bleibt und Du ggf. sp\u00e4ter auch nochmal andere Gr\u00f6\u00dfen n\u00e4hen kannst.<\/p>\n<p>F\u00fcr dieses Schnittmuster gibt es eine Video-N\u00e4hanleitung: <a href=\"https:\/\/youtu.be\/wRDQNzEgf-M\">https:\/\/youtu.be\/wRDQNzEgf-M<\/a><\/p>\n","protected":false},"excerpt":{"rendered":"<p>Jogginghose JOGGA Nr 85 Women<\/p>\n<p>&nbsp;<\/p>\n","protected":false},"featured_media":3008,"template":"","meta":{"_acf_changed":false,"inline_featured_image":false},"product_brand":[],"product_cat":[358],"product_tag":[],"class_list":{"0":"post-2987","1":"product","2":"type-product","3":"status-publish","4":"has-post-thumbnail","6":"product_cat-buecher-schnittmuster","8":"first","9":"instock","10":"taxable","11":"shipping-taxable","12":"purchasable","13":"product-type-simple"},"acf":[],"yoast_head":"<!-- This site is optimized with the Yoast SEO plugin v24.4 - https:\/\/yoast.com\/wordpress\/plugins\/seo\/ -->\n<title>Jogginghose JOGGA Nr. 85 Women - CREA Fil<\/title>\n<meta name=\"robots\" content=\"index, follow, max-snippet:-1, max-image-preview:large, max-video-preview:-1\" \/>\n<link rel=\"canonical\" href=\"https:\/\/www.creafil.lu\/de\/product\/jogginghose-jogga-nr-85-women\/\" \/>\n<meta property=\"og:locale\" content=\"de_DE\" \/>\n<meta property=\"og:type\" content=\"article\" \/>\n<meta property=\"og:title\" content=\"Jogginghose JOGGA Nr. 85 Women - CREA Fil\" \/>\n<meta property=\"og:description\" content=\"Jogginghose JOGGA Nr 85 Women  &nbsp;\" \/>\n<meta property=\"og:url\" content=\"https:\/\/www.creafil.lu\/de\/product\/jogginghose-jogga-nr-85-women\/\" \/>\n<meta property=\"og:site_name\" content=\"CREA Fil\" \/>\n<meta property=\"article:modified_time\" content=\"2024-04-24T12:43:36+00:00\" \/>\n<meta property=\"og:image\" content=\"https:\/\/www.creafil.lu\/wp-content\/uploads\/2024\/04\/Titelbild_lw85_RGB_ml.jpg\" \/>\n\t<meta property=\"og:image:width\" content=\"707\" \/>\n\t<meta property=\"og:image:height\" content=\"1000\" \/>\n\t<meta property=\"og:image:type\" content=\"image\/jpeg\" \/>\n<meta name=\"twitter:card\" content=\"summary_large_image\" \/>\n<meta name=\"twitter:label1\" content=\"Gesch\u00e4tzte Lesezeit\" \/>\n\t<meta name=\"twitter:data1\" content=\"1\u00a0Minute\" \/>\n<script type=\"application\/ld+json\" class=\"yoast-schema-graph\">{\"@context\":\"https:\/\/schema.org\",\"@graph\":[{\"@type\":\"WebPage\",\"@id\":\"https:\/\/www.creafil.lu\/de\/product\/jogginghose-jogga-nr-85-women\/\",\"url\":\"https:\/\/www.creafil.lu\/de\/product\/jogginghose-jogga-nr-85-women\/\",\"name\":\"Jogginghose JOGGA Nr. 85 Women - CREA Fil\",\"isPartOf\":{\"@id\":\"https:\/\/www.creafil.lu\/de\/#website\"},\"primaryImageOfPage\":{\"@id\":\"https:\/\/www.creafil.lu\/de\/product\/jogginghose-jogga-nr-85-women\/#primaryimage\"},\"image\":{\"@id\":\"https:\/\/www.creafil.lu\/de\/product\/jogginghose-jogga-nr-85-women\/#primaryimage\"},\"thumbnailUrl\":\"https:\/\/www.creafil.lu\/wp-content\/uploads\/2024\/04\/Titelbild_lw85_RGB_ml.jpg\",\"datePublished\":\"2024-04-22T12:50:32+00:00\",\"dateModified\":\"2024-04-24T12:43:36+00:00\",\"breadcrumb\":{\"@id\":\"https:\/\/www.creafil.lu\/de\/product\/jogginghose-jogga-nr-85-women\/#breadcrumb\"},\"inLanguage\":\"de\",\"potentialAction\":[{\"@type\":\"ReadAction\",\"target\":[\"https:\/\/www.creafil.lu\/de\/product\/jogginghose-jogga-nr-85-women\/\"]}]},{\"@type\":\"ImageObject\",\"inLanguage\":\"de\",\"@id\":\"https:\/\/www.creafil.lu\/de\/product\/jogginghose-jogga-nr-85-women\/#primaryimage\",\"url\":\"https:\/\/www.creafil.lu\/wp-content\/uploads\/2024\/04\/Titelbild_lw85_RGB_ml.jpg\",\"contentUrl\":\"https:\/\/www.creafil.lu\/wp-content\/uploads\/2024\/04\/Titelbild_lw85_RGB_ml.jpg\",\"width\":707,\"height\":1000},{\"@type\":\"BreadcrumbList\",\"@id\":\"https:\/\/www.creafil.lu\/de\/product\/jogginghose-jogga-nr-85-women\/#breadcrumb\",\"itemListElement\":[{\"@type\":\"ListItem\",\"position\":1,\"name\":\"Home\",\"item\":\"https:\/\/www.creafil.lu\/de\/\"},{\"@type\":\"ListItem\",\"position\":2,\"name\":\"Shop\",\"item\":\"https:\/\/www.creafil.lu\/de\/shop\/\"},{\"@type\":\"ListItem\",\"position\":3,\"name\":\"Jogginghose JOGGA Nr. 85 Women\"}]},{\"@type\":\"WebSite\",\"@id\":\"https:\/\/www.creafil.lu\/de\/#website\",\"url\":\"https:\/\/www.creafil.lu\/de\/\",\"name\":\"CREA Fil\",\"description\":\"Magasin\",\"potentialAction\":[{\"@type\":\"SearchAction\",\"target\":{\"@type\":\"EntryPoint\",\"urlTemplate\":\"https:\/\/www.creafil.lu\/de\/?s={search_term_string}\"},\"query-input\":{\"@type\":\"PropertyValueSpecification\",\"valueRequired\":true,\"valueName\":\"search_term_string\"}}],\"inLanguage\":\"de\"}]}<\/script>\n<!-- \/ Yoast SEO plugin. -->","yoast_head_json":{"title":"Jogginghose JOGGA Nr. 85 Women - CREA Fil","robots":{"index":"index","follow":"follow","max-snippet":"max-snippet:-1","max-image-preview":"max-image-preview:large","max-video-preview":"max-video-preview:-1"},"canonical":"https:\/\/www.creafil.lu\/de\/product\/jogginghose-jogga-nr-85-women\/","og_locale":"de_DE","og_type":"article","og_title":"Jogginghose JOGGA Nr. 85 Women - CREA Fil","og_description":"Jogginghose JOGGA Nr 85 Women  &nbsp;","og_url":"https:\/\/www.creafil.lu\/de\/product\/jogginghose-jogga-nr-85-women\/","og_site_name":"CREA Fil","article_modified_time":"2024-04-24T12:43:36+00:00","og_image":[{"width":707,"height":1000,"url":"https:\/\/www.creafil.lu\/wp-content\/uploads\/2024\/04\/Titelbild_lw85_RGB_ml.jpg","type":"image\/jpeg"}],"twitter_card":"summary_large_image","twitter_misc":{"Gesch\u00e4tzte Lesezeit":"1\u00a0Minute"},"schema":{"@context":"https:\/\/schema.org","@graph":[{"@type":"WebPage","@id":"https:\/\/www.creafil.lu\/de\/product\/jogginghose-jogga-nr-85-women\/","url":"https:\/\/www.creafil.lu\/de\/product\/jogginghose-jogga-nr-85-women\/","name":"Jogginghose JOGGA Nr. 85 Women - CREA Fil","isPartOf":{"@id":"https:\/\/www.creafil.lu\/de\/#website"},"primaryImageOfPage":{"@id":"https:\/\/www.creafil.lu\/de\/product\/jogginghose-jogga-nr-85-women\/#primaryimage"},"image":{"@id":"https:\/\/www.creafil.lu\/de\/product\/jogginghose-jogga-nr-85-women\/#primaryimage"},"thumbnailUrl":"https:\/\/www.creafil.lu\/wp-content\/uploads\/2024\/04\/Titelbild_lw85_RGB_ml.jpg","datePublished":"2024-04-22T12:50:32+00:00","dateModified":"2024-04-24T12:43:36+00:00","breadcrumb":{"@id":"https:\/\/www.creafil.lu\/de\/product\/jogginghose-jogga-nr-85-women\/#breadcrumb"},"inLanguage":"de","potentialAction":[{"@type":"ReadAction","target":["https:\/\/www.creafil.lu\/de\/product\/jogginghose-jogga-nr-85-women\/"]}]},{"@type":"ImageObject","inLanguage":"de","@id":"https:\/\/www.creafil.lu\/de\/product\/jogginghose-jogga-nr-85-women\/#primaryimage","url":"https:\/\/www.creafil.lu\/wp-content\/uploads\/2024\/04\/Titelbild_lw85_RGB_ml.jpg","contentUrl":"https:\/\/www.creafil.lu\/wp-content\/uploads\/2024\/04\/Titelbild_lw85_RGB_ml.jpg","width":707,"height":1000},{"@type":"BreadcrumbList","@id":"https:\/\/www.creafil.lu\/de\/product\/jogginghose-jogga-nr-85-women\/#breadcrumb","itemListElement":[{"@type":"ListItem","position":1,"name":"Home","item":"https:\/\/www.creafil.lu\/de\/"},{"@type":"ListItem","position":2,"name":"Shop","item":"https:\/\/www.creafil.lu\/de\/shop\/"},{"@type":"ListItem","position":3,"name":"Jogginghose JOGGA Nr. 85 Women"}]},{"@type":"WebSite","@id":"https:\/\/www.creafil.lu\/de\/#website","url":"https:\/\/www.creafil.lu\/de\/","name":"CREA Fil","description":"Magasin","potentialAction":[{"@type":"SearchAction","target":{"@type":"EntryPoint","urlTemplate":"https:\/\/www.creafil.lu\/de\/?s={search_term_string}"},"query-input":{"@type":"PropertyValueSpecification","valueRequired":true,"valueName":"search_term_string"}}],"inLanguage":"de"}]}},"_links":{"self":[{"href":"https:\/\/www.creafil.lu\/de\/wp-json\/wp\/v2\/product\/2987","targetHints":{"allow":["GET"]}}],"collection":[{"href":"https:\/\/www.creafil.lu\/de\/wp-json\/wp\/v2\/product"}],"about":[{"href":"https:\/\/www.creafil.lu\/de\/wp-json\/wp\/v2\/types\/product"}],"wp:featuredmedia":[{"embeddable":true,"href":"https:\/\/www.creafil.lu\/de\/wp-json\/wp\/v2\/media\/3008"}],"wp:attachment":[{"href":"https:\/\/www.creafil.lu\/de\/wp-json\/wp\/v2\/media?parent=2987"}],"wp:term":[{"taxonomy":"product_brand","embeddable":true,"href":"https:\/\/www.creafil.lu\/de\/wp-json\/wp\/v2\/product_brand?post=2987"},{"taxonomy":"product_cat","embeddable":true,"href":"https:\/\/www.creafil.lu\/de\/wp-json\/wp\/v2\/product_cat?post=2987"},{"taxonomy":"product_tag","embeddable":true,"href":"https:\/\/www.creafil.lu\/de\/wp-json\/wp\/v2\/product_tag?post=2987"}],"curies":[{"name":"wp","href":"https:\/\/api.w.org\/{rel}","templated":true}]}}