{"id":2818,"date":"2024-03-27T10:10:04","date_gmt":"2024-03-27T10:10:04","guid":{"rendered":"https:\/\/www.creafil.lu\/?post_type=product&#038;p=2818"},"modified":"2024-03-27T10:10:28","modified_gmt":"2024-03-27T10:10:28","slug":"marabu-acryl-color","status":"publish","type":"product","link":"https:\/\/www.creafil.lu\/de\/product\/marabu-acryl-color\/","title":{"rendered":"Marabu Acryl Color"},"content":{"rendered":"<p>Cremige Acrylfarbe auf Wasserbasis mit ausgewogenem Farbspektrum: Seidenmatte Farbt\u00f6ne erg\u00e4nzt um ganz besondere Metallic- und Glittert\u00f6ne. Farbt\u00f6ne sind untereinander mischbar, wasserverd\u00fcnnbar, gut vermalbar, schnell trocknend, lichtecht, wasserfest. Zum Auftragen mit Pinsel, Farbrolle, Schwamm. Hervorragend zum Freihandmalen, Schablonieren, Stempeln, Musterrollen. Ideal zur Einbindung in Mixed Media Projekte und Art Journaling. Anwendung auf Leinwand, Papier, Holz.<\/p>\n","protected":false},"excerpt":{"rendered":"<p>Cremige Acrylfarbe auf Wasserbasis mit ausgewogenem Farbspektrum: Seidenmatte Farbt\u00f6ne erg\u00e4nzt um ganz besondere Metallic- und Glittert\u00f6ne. Farbt\u00f6ne sind untereinander mischbar, wasserverd\u00fcnnbar, gut vermalbar, schnell trocknend, lichtecht, wasserfest. Zum Auftragen mit Pinsel, Farbrolle, Schwamm. Hervorragend zum Freihandmalen, Schablonieren, Stempeln, Musterrollen. Ideal zur Einbindung in Mixed Media Projekte und Art Journaling. Anwendung auf Leinwand, Papier, Holz.<\/p>\n","protected":false},"featured_media":2839,"template":"","meta":{"_acf_changed":false,"inline_featured_image":false},"product_brand":[],"product_cat":[74],"product_tag":[],"class_list":{"0":"post-2818","1":"product","2":"type-product","3":"status-publish","4":"has-post-thumbnail","6":"product_cat-basteln-diy","8":"first","9":"instock","10":"taxable","11":"shipping-taxable","12":"purchasable","13":"product-type-variable","14":"has-default-attributes","15":"wvs-archive-product-wrapper"},"acf":[],"yoast_head":"<!-- This site is optimized with the Yoast SEO plugin v24.4 - https:\/\/yoast.com\/wordpress\/plugins\/seo\/ -->\n<title>Marabu Acryl Color - CREA Fil<\/title>\n<meta name=\"robots\" content=\"index, follow, max-snippet:-1, max-image-preview:large, max-video-preview:-1\" \/>\n<link rel=\"canonical\" href=\"https:\/\/www.creafil.lu\/de\/product\/marabu-acryl-color\/\" \/>\n<meta property=\"og:locale\" content=\"de_DE\" \/>\n<meta property=\"og:type\" content=\"article\" \/>\n<meta property=\"og:title\" content=\"Marabu Acryl Color - CREA Fil\" \/>\n<meta property=\"og:description\" content=\"Cremige Acrylfarbe auf Wasserbasis mit ausgewogenem Farbspektrum: Seidenmatte Farbt\u00f6ne erg\u00e4nzt um ganz besondere Metallic- und Glittert\u00f6ne. Farbt\u00f6ne sind untereinander mischbar, wasserverd\u00fcnnbar, gut vermalbar, schnell trocknend, lichtecht, wasserfest. Zum Auftragen mit Pinsel, Farbrolle, Schwamm. Hervorragend zum Freihandmalen, Schablonieren, Stempeln, Musterrollen. Ideal zur Einbindung in Mixed Media Projekte und Art Journaling. Anwendung auf Leinwand, Papier, Holz.\" \/>\n<meta property=\"og:url\" content=\"https:\/\/www.creafil.lu\/de\/product\/marabu-acryl-color\/\" \/>\n<meta property=\"og:site_name\" content=\"CREA Fil\" \/>\n<meta property=\"article:modified_time\" content=\"2024-03-27T10:10:28+00:00\" \/>\n<meta property=\"og:image\" content=\"https:\/\/www.creafil.lu\/wp-content\/uploads\/2024\/03\/marabu-acryl-color-01-0r-1018x1018-1.jpg\" \/>\n\t<meta property=\"og:image:width\" content=\"1018\" \/>\n\t<meta property=\"og:image:height\" content=\"1018\" \/>\n\t<meta property=\"og:image:type\" content=\"image\/jpeg\" \/>\n<meta name=\"twitter:card\" content=\"summary_large_image\" \/>\n<script type=\"application\/ld+json\" class=\"yoast-schema-graph\">{\"@context\":\"https:\/\/schema.org\",\"@graph\":[{\"@type\":\"WebPage\",\"@id\":\"https:\/\/www.creafil.lu\/de\/product\/marabu-acryl-color\/\",\"url\":\"https:\/\/www.creafil.lu\/de\/product\/marabu-acryl-color\/\",\"name\":\"Marabu Acryl Color - CREA Fil\",\"isPartOf\":{\"@id\":\"https:\/\/www.creafil.lu\/de\/#website\"},\"primaryImageOfPage\":{\"@id\":\"https:\/\/www.creafil.lu\/de\/product\/marabu-acryl-color\/#primaryimage\"},\"image\":{\"@id\":\"https:\/\/www.creafil.lu\/de\/product\/marabu-acryl-color\/#primaryimage\"},\"thumbnailUrl\":\"https:\/\/www.creafil.lu\/wp-content\/uploads\/2024\/03\/marabu-acryl-color-01-0r-1018x1018-1.jpg\",\"datePublished\":\"2024-03-27T10:10:04+00:00\",\"dateModified\":\"2024-03-27T10:10:28+00:00\",\"breadcrumb\":{\"@id\":\"https:\/\/www.creafil.lu\/de\/product\/marabu-acryl-color\/#breadcrumb\"},\"inLanguage\":\"de\",\"potentialAction\":[{\"@type\":\"ReadAction\",\"target\":[\"https:\/\/www.creafil.lu\/de\/product\/marabu-acryl-color\/\"]}]},{\"@type\":\"ImageObject\",\"inLanguage\":\"de\",\"@id\":\"https:\/\/www.creafil.lu\/de\/product\/marabu-acryl-color\/#primaryimage\",\"url\":\"https:\/\/www.creafil.lu\/wp-content\/uploads\/2024\/03\/marabu-acryl-color-01-0r-1018x1018-1.jpg\",\"contentUrl\":\"https:\/\/www.creafil.lu\/wp-content\/uploads\/2024\/03\/marabu-acryl-color-01-0r-1018x1018-1.jpg\",\"width\":1018,\"height\":1018,\"caption\":\"Marabu Acryl Color OR - 12010050-084\"},{\"@type\":\"BreadcrumbList\",\"@id\":\"https:\/\/www.creafil.lu\/de\/product\/marabu-acryl-color\/#breadcrumb\",\"itemListElement\":[{\"@type\":\"ListItem\",\"position\":1,\"name\":\"Home\",\"item\":\"https:\/\/www.creafil.lu\/de\/\"},{\"@type\":\"ListItem\",\"position\":2,\"name\":\"Shop\",\"item\":\"https:\/\/www.creafil.lu\/de\/shop\/\"},{\"@type\":\"ListItem\",\"position\":3,\"name\":\"Marabu Acryl Color\"}]},{\"@type\":\"WebSite\",\"@id\":\"https:\/\/www.creafil.lu\/de\/#website\",\"url\":\"https:\/\/www.creafil.lu\/de\/\",\"name\":\"CREA Fil\",\"description\":\"Magasin\",\"potentialAction\":[{\"@type\":\"SearchAction\",\"target\":{\"@type\":\"EntryPoint\",\"urlTemplate\":\"https:\/\/www.creafil.lu\/de\/?s={search_term_string}\"},\"query-input\":{\"@type\":\"PropertyValueSpecification\",\"valueRequired\":true,\"valueName\":\"search_term_string\"}}],\"inLanguage\":\"de\"}]}<\/script>\n<!-- \/ Yoast SEO plugin. -->","yoast_head_json":{"title":"Marabu Acryl Color - CREA Fil","robots":{"index":"index","follow":"follow","max-snippet":"max-snippet:-1","max-image-preview":"max-image-preview:large","max-video-preview":"max-video-preview:-1"},"canonical":"https:\/\/www.creafil.lu\/de\/product\/marabu-acryl-color\/","og_locale":"de_DE","og_type":"article","og_title":"Marabu Acryl Color - CREA Fil","og_description":"Cremige Acrylfarbe auf Wasserbasis mit ausgewogenem Farbspektrum: Seidenmatte Farbt\u00f6ne erg\u00e4nzt um ganz besondere Metallic- und Glittert\u00f6ne. Farbt\u00f6ne sind untereinander mischbar, wasserverd\u00fcnnbar, gut vermalbar, schnell trocknend, lichtecht, wasserfest. Zum Auftragen mit Pinsel, Farbrolle, Schwamm. Hervorragend zum Freihandmalen, Schablonieren, Stempeln, Musterrollen. Ideal zur Einbindung in Mixed Media Projekte und Art Journaling. Anwendung auf Leinwand, Papier, Holz.","og_url":"https:\/\/www.creafil.lu\/de\/product\/marabu-acryl-color\/","og_site_name":"CREA Fil","article_modified_time":"2024-03-27T10:10:28+00:00","og_image":[{"width":1018,"height":1018,"url":"https:\/\/www.creafil.lu\/wp-content\/uploads\/2024\/03\/marabu-acryl-color-01-0r-1018x1018-1.jpg","type":"image\/jpeg"}],"twitter_card":"summary_large_image","schema":{"@context":"https:\/\/schema.org","@graph":[{"@type":"WebPage","@id":"https:\/\/www.creafil.lu\/de\/product\/marabu-acryl-color\/","url":"https:\/\/www.creafil.lu\/de\/product\/marabu-acryl-color\/","name":"Marabu Acryl Color - CREA Fil","isPartOf":{"@id":"https:\/\/www.creafil.lu\/de\/#website"},"primaryImageOfPage":{"@id":"https:\/\/www.creafil.lu\/de\/product\/marabu-acryl-color\/#primaryimage"},"image":{"@id":"https:\/\/www.creafil.lu\/de\/product\/marabu-acryl-color\/#primaryimage"},"thumbnailUrl":"https:\/\/www.creafil.lu\/wp-content\/uploads\/2024\/03\/marabu-acryl-color-01-0r-1018x1018-1.jpg","datePublished":"2024-03-27T10:10:04+00:00","dateModified":"2024-03-27T10:10:28+00:00","breadcrumb":{"@id":"https:\/\/www.creafil.lu\/de\/product\/marabu-acryl-color\/#breadcrumb"},"inLanguage":"de","potentialAction":[{"@type":"ReadAction","target":["https:\/\/www.creafil.lu\/de\/product\/marabu-acryl-color\/"]}]},{"@type":"ImageObject","inLanguage":"de","@id":"https:\/\/www.creafil.lu\/de\/product\/marabu-acryl-color\/#primaryimage","url":"https:\/\/www.creafil.lu\/wp-content\/uploads\/2024\/03\/marabu-acryl-color-01-0r-1018x1018-1.jpg","contentUrl":"https:\/\/www.creafil.lu\/wp-content\/uploads\/2024\/03\/marabu-acryl-color-01-0r-1018x1018-1.jpg","width":1018,"height":1018,"caption":"Marabu Acryl Color OR - 12010050-084"},{"@type":"BreadcrumbList","@id":"https:\/\/www.creafil.lu\/de\/product\/marabu-acryl-color\/#breadcrumb","itemListElement":[{"@type":"ListItem","position":1,"name":"Home","item":"https:\/\/www.creafil.lu\/de\/"},{"@type":"ListItem","position":2,"name":"Shop","item":"https:\/\/www.creafil.lu\/de\/shop\/"},{"@type":"ListItem","position":3,"name":"Marabu Acryl Color"}]},{"@type":"WebSite","@id":"https:\/\/www.creafil.lu\/de\/#website","url":"https:\/\/www.creafil.lu\/de\/","name":"CREA Fil","description":"Magasin","potentialAction":[{"@type":"SearchAction","target":{"@type":"EntryPoint","urlTemplate":"https:\/\/www.creafil.lu\/de\/?s={search_term_string}"},"query-input":{"@type":"PropertyValueSpecification","valueRequired":true,"valueName":"search_term_string"}}],"inLanguage":"de"}]}},"_links":{"self":[{"href":"https:\/\/www.creafil.lu\/de\/wp-json\/wp\/v2\/product\/2818","targetHints":{"allow":["GET"]}}],"collection":[{"href":"https:\/\/www.creafil.lu\/de\/wp-json\/wp\/v2\/product"}],"about":[{"href":"https:\/\/www.creafil.lu\/de\/wp-json\/wp\/v2\/types\/product"}],"wp:featuredmedia":[{"embeddable":true,"href":"https:\/\/www.creafil.lu\/de\/wp-json\/wp\/v2\/media\/2839"}],"wp:attachment":[{"href":"https:\/\/www.creafil.lu\/de\/wp-json\/wp\/v2\/media?parent=2818"}],"wp:term":[{"taxonomy":"product_brand","embeddable":true,"href":"https:\/\/www.creafil.lu\/de\/wp-json\/wp\/v2\/product_brand?post=2818"},{"taxonomy":"product_cat","embeddable":true,"href":"https:\/\/www.creafil.lu\/de\/wp-json\/wp\/v2\/product_cat?post=2818"},{"taxonomy":"product_tag","embeddable":true,"href":"https:\/\/www.creafil.lu\/de\/wp-json\/wp\/v2\/product_tag?post=2818"}],"curies":[{"name":"wp","href":"https:\/\/api.w.org\/{rel}","templated":true}]}}